{"id":151,"date":"2024-09-05T10:24:54","date_gmt":"2024-09-05T10:24:54","guid":{"rendered":"https:\/\/psona.io\/?page_id=151"},"modified":"2024-10-02T10:16:41","modified_gmt":"2024-10-02T10:16:41","slug":"conditions-de-paiement-recurrent","status":"publish","type":"page","link":"https:\/\/psna1.com\/tr\/conditions-de-paiement-recurrent\/","title":{"rendered":"Yinelenen \u00f6deme ko\u015fullar\u0131"},"content":{"rendered":"<p>[et_pb_section fb_built=&#8221;1&#8243; custom_padding_last_edited=&#8221;on|tablet&#8221; admin_label=&#8221;Header&#8221; _builder_version=&#8221;4.27.0&#8243; custom_margin=&#8221;0px||0px||true|false&#8221; custom_padding=&#8221;0px||0px||true|false&#8221; custom_padding_tablet=&#8221;||||true|false&#8221; custom_padding_phone=&#8221;||||true|false&#8221; locked=&#8221;off&#8221; global_colors_info=&#8221;{}&#8221;][et_pb_row use_custom_gutter=&#8221;on&#8221; gutter_width=&#8221;1&#8243; custom_padding_last_edited=&#8221;on|phone&#8221; _builder_version=&#8221;4.27.0&#8243; width=&#8221;95%&#8221; custom_margin=&#8221;||||true|false&#8221; custom_padding=&#8221;150px||150px||true|true&#8221; custom_padding_tablet=&#8221;80px||80px||true|false&#8221; custom_padding_phone=&#8221;60px||60px||true|false&#8221; border_radii=&#8221;on|50px|50px|50px|50px&#8221; global_colors_info=&#8221;{}&#8221; background_color=&#8221;RGBA(255,255,255,0)&#8221; background_size=&#8221;initial&#8221; background_position=&#8221;top_left&#8221; background_repeat=&#8221;repeat&#8221;][et_pb_column type=&#8221;4_4&#8243; _builder_version=&#8221;4.27.0&#8243; custom_padding=&#8221;|||&#8221; global_colors_info=&#8221;{}&#8221; custom_padding__hover=&#8221;|||&#8221; custom_css_main_element_last_edited=&#8221;on|phone&#8221;][et_pb_text module_class=&#8221;title-header&#8221; _builder_version=&#8221;4.27.0&#8243; background_size=&#8221;initial&#8221; background_position=&#8221;top_left&#8221; background_repeat=&#8221;repeat&#8221; width=&#8221;72%&#8221; width_tablet=&#8221;70%&#8221; width_phone=&#8221;68.5%&#8221; width_last_edited=&#8221;on|tablet&#8221; module_alignment=&#8221;center&#8221; custom_margin=&#8221;0px||0px||false|false&#8221; custom_margin_tablet=&#8221;0px||0px||false|false&#8221; custom_margin_phone=&#8221;0px||0px||false|false&#8221; custom_margin_last_edited=&#8221;on|tablet&#8221; custom_padding=&#8221;0px||0px||true|false&#8221; hover_enabled=&#8221;0&#8243; header_font_size_tablet=&#8221;50px&#8221; header_font_size_phone=&#8221;40px&#8221; global_colors_info=&#8221;{}&#8221; header_text_align=&#8221;center&#8221; sticky_enabled=&#8221;0&#8243;]<\/p>\n<h1>Yinelenen \u00f6deme ko\u015fullar\u0131<\/h1>\n<p>&nbsp;<\/p>\n<p><!-- \/divi:paragraph --><\/p>\n<p>[\/et_pb_text][\/et_pb_column][\/et_pb_row][\/et_pb_section][et_pb_section fb_built=&#8221;1&#8243; _builder_version=&#8221;4.27.0&#8243; _module_preset=&#8221;default&#8221; global_colors_info=&#8221;{}&#8221;][et_pb_row _builder_version=&#8221;4.27.0&#8243; _module_preset=&#8221;default&#8221; global_colors_info=&#8221;{}&#8221;][et_pb_column type=&#8221;4_4&#8243; _builder_version=&#8221;4.27.0&#8243; _module_preset=&#8221;default&#8221; global_colors_info=&#8221;{}&#8221;][et_pb_text _builder_version=&#8221;4.27.0&#8243; _module_preset=&#8221;default&#8221; header_2_text_align=&#8221;center&#8221; global_colors_info=&#8221;{}&#8221;]<\/p>\n<h2>Abonelik ko\u015fullar\u0131<\/h2>\n<p>Y\u00fcr\u00fcrl\u00fc\u011fe giri\u015f: 30 Mart 2023<\/p>\n<p><strong>CLICKBUSTER LTD<\/strong><br \/><strong>63-66 Hatton Garden<\/strong><br \/><strong>Londra EC1N 8LE<\/strong><br \/><strong>\u015eirket numaras\u0131 13014667<\/strong><br \/><strong>KDV numaras\u0131 GB 363 9346 71<\/strong><\/p>\n<p>PSNA1 hizmetlerine abone olmak size a\u015fa\u011f\u0131daki avantajlara eri\u015fim sa\u011flar:<\/p>\n<ul>\n<li>S\u0131n\u0131rs\u0131z test<\/li>\n<li>T\u00fcm test sonu\u00e7lar\u0131n\u0131n saklanmas\u0131<\/li>\n<li>Testler aras\u0131 kar\u015f\u0131la\u015ft\u0131rmalar<\/li>\n<li>E-posta ile g\u00f6nderilen sonu\u00e7lar<\/li>\n<\/ul>\n<p>Abonelik, KDV dahil 0,5 \u20ac promosyon fiyat\u0131yla 24 saat boyunca \u00fcye alan\u0131na eri\u015fim sa\u011flar. Bu deneme s\u00fcresinin sonunda, ayl\u0131k 47,5 \u20ac (KDV dahil) olan ayl\u0131k abonelik ge\u00e7erli olacakt\u0131r. \u00d6deme, her ay y\u0131ld\u00f6n\u00fcm\u00fc tarihinde kredi kart\u0131n\u0131zdan otomatik olarak \u00e7ekilecektir.<\/p>\n<p>Aboneli\u011finizi istedi\u011finiz zaman ve ko\u015fulsuz olarak do\u011frudan bu sayfa \u00fczerinden iptal edebilirsiniz: <a rel=\"noopener\" target=\"_new\" href=\"https:\/\/psna1.com\/tr\/se-desabonner\/\">https:\/\/psna1.com\/se-desabonner<\/a><\/p>\n<p>Aboneli\u011finizi iptal etmek i\u00e7in l\u00fctfen M\u00fc\u015fteri Hizmetlerimizle e-posta yoluyla ileti\u015fime ge\u00e7in <a rel=\"noopener\">contact.psona@gmail.com<\/a>veya bu ba\u011flant\u0131y\u0131 takip ederek ileti\u015fim formumuz arac\u0131l\u0131\u011f\u0131yla bize ula\u015fabilirsiniz: <a rel=\"noopener\" target=\"_new\" href=\"https:\/\/psna1.com\/tr\/contact-en\/\">https:\/\/psna1.com\/contact-en\/<\/a><\/p>\n<p>PSNA1 m\u00fc\u015fteri bilgilerini yeniden satmaz; ki\u015fisel veriler yaln\u0131zca m\u00fc\u015fterilerle ileti\u015fim kurmak ve onlara istenen d\u00fczeyde hizmet sunmak amac\u0131yla kullan\u0131l\u0131r.<\/p>\n<p>PSNA1, PCI DSS g\u00fcvenlik standartlar\u0131na uygun \u00f6deme hizmeti sa\u011flay\u0131c\u0131lar\u0131 kullan\u0131r.<\/p>\n<p>[\/et_pb_text][\/et_pb_column][\/et_pb_row][\/et_pb_section]<\/p>","protected":false},"excerpt":{"rendered":"<p>Conditions de paiement r\u00e9current &nbsp; Termes d&#8217;abonnement Entry into force: March 30th, 2023 CLICKBUSTER LTD63-66 Hatton GardenLondon EC1N 8LECompany number 13014667VAT number GB 363 9346 71 Souscrire aux services de PSNA1 vous donne acc\u00e8s aux avantages suivants : Tests illimit\u00e9s Stockage de tous les r\u00e9sultats de test Comparaisons entre tests R\u00e9sultats envoy\u00e9s par email L&#8217;abonnement [&hellip;]<\/p>","protected":false},"author":1,"featured_media":0,"parent":0,"menu_order":0,"comment_status":"closed","ping_status":"closed","template":"","meta":{"_et_pb_use_builder":"on","_et_pb_old_content":"<!-- wp:divi\/placeholder \/-->","_et_gb_content_width":"","inline_featured_image":false,"footnotes":""},"class_list":["post-151","page","type-page","status-publish","hentry"],"_links":{"self":[{"href":"https:\/\/psna1.com\/tr\/wp-json\/wp\/v2\/pages\/151","targetHints":{"allow":["GET"]}}],"collection":[{"href":"https:\/\/psna1.com\/tr\/wp-json\/wp\/v2\/pages"}],"about":[{"href":"https:\/\/psna1.com\/tr\/wp-json\/wp\/v2\/types\/page"}],"author":[{"embeddable":true,"href":"https:\/\/psna1.com\/tr\/wp-json\/wp\/v2\/users\/1"}],"replies":[{"embeddable":true,"href":"https:\/\/psna1.com\/tr\/wp-json\/wp\/v2\/comments?post=151"}],"version-history":[{"count":6,"href":"https:\/\/psna1.com\/tr\/wp-json\/wp\/v2\/pages\/151\/revisions"}],"predecessor-version":[{"id":869,"href":"https:\/\/psna1.com\/tr\/wp-json\/wp\/v2\/pages\/151\/revisions\/869"}],"wp:attachment":[{"href":"https:\/\/psna1.com\/tr\/wp-json\/wp\/v2\/media?parent=151"}],"curies":[{"name":"wp","href":"https:\/\/api.w.org\/{rel}","templated":true}]}}