{"id":149,"date":"2024-09-05T10:24:38","date_gmt":"2024-09-05T10:24:38","guid":{"rendered":"https:\/\/psona.io\/?page_id=149"},"modified":"2024-10-02T10:18:01","modified_gmt":"2024-10-02T10:18:01","slug":"mentions-legales","status":"publish","type":"page","link":"https:\/\/psna1.com\/tr\/mentions-legales\/","title":{"rendered":"Yasal bilgiler"},"content":{"rendered":"<p>[et_pb_section fb_built=&#8221;1&#8243; custom_padding_last_edited=&#8221;on|tablet&#8221; admin_label=&#8221;Header&#8221; _builder_version=&#8221;4.27.0&#8243; custom_margin=&#8221;0px||0px||true|false&#8221; custom_padding=&#8221;0px||0px||true|false&#8221; custom_padding_tablet=&#8221;||||true|false&#8221; custom_padding_phone=&#8221;||||true|false&#8221; locked=&#8221;off&#8221; global_colors_info=&#8221;{}&#8221;][et_pb_row use_custom_gutter=&#8221;on&#8221; gutter_width=&#8221;1&#8243; custom_padding_last_edited=&#8221;on|phone&#8221; _builder_version=&#8221;4.27.0&#8243; width=&#8221;95%&#8221; custom_margin=&#8221;||||true|false&#8221; custom_padding=&#8221;150px||150px||true|true&#8221; custom_padding_tablet=&#8221;80px||80px||true|false&#8221; custom_padding_phone=&#8221;60px||60px||true|false&#8221; border_radii=&#8221;on|50px|50px|50px|50px&#8221; global_colors_info=&#8221;{}&#8221; background_color=&#8221;RGBA(255,255,255,0)&#8221; background_size=&#8221;initial&#8221; background_position=&#8221;top_left&#8221; background_repeat=&#8221;repeat&#8221;][et_pb_column type=&#8221;4_4&#8243; _builder_version=&#8221;4.27.0&#8243; custom_padding=&#8221;|||&#8221; global_colors_info=&#8221;{}&#8221; custom_padding__hover=&#8221;|||&#8221; custom_css_main_element_last_edited=&#8221;on|phone&#8221;][et_pb_text module_class=&#8221;title-header&#8221; _builder_version=&#8221;4.27.0&#8243; background_size=&#8221;initial&#8221; background_position=&#8221;top_left&#8221; background_repeat=&#8221;repeat&#8221; width=&#8221;72%&#8221; width_tablet=&#8221;70%&#8221; width_phone=&#8221;68.5%&#8221; width_last_edited=&#8221;on|tablet&#8221; module_alignment=&#8221;center&#8221; custom_margin=&#8221;0px||0px||false|false&#8221; custom_margin_tablet=&#8221;0px||0px||false|false&#8221; custom_margin_phone=&#8221;0px||0px||false|false&#8221; custom_margin_last_edited=&#8221;on|tablet&#8221; custom_padding=&#8221;0px||0px||true|false&#8221; hover_enabled=&#8221;0&#8243; header_font_size_tablet=&#8221;50px&#8221; header_font_size_phone=&#8221;40px&#8221; global_colors_info=&#8221;{}&#8221; text_orientation=&#8221;center&#8221; sticky_enabled=&#8221;0&#8243;]<\/p>\n<h1>Yasal bilgiler<\/h1>\n<p><!-- \/divi:paragraph --><\/p>\n<p>[\/et_pb_text][\/et_pb_column][\/et_pb_row][\/et_pb_section][et_pb_section fb_built=&#8221;1&#8243; _builder_version=&#8221;4.27.0&#8243; _module_preset=&#8221;default&#8221; global_colors_info=&#8221;{}&#8221;][et_pb_row _builder_version=&#8221;4.27.0&#8243; _module_preset=&#8221;default&#8221; global_colors_info=&#8221;{}&#8221;][et_pb_column type=&#8221;4_4&#8243; _builder_version=&#8221;4.27.0&#8243; _module_preset=&#8221;default&#8221; global_colors_info=&#8221;{}&#8221;][et_pb_text _builder_version=&#8221;4.27.0&#8243; _module_preset=&#8221;default&#8221; header_2_text_align=&#8221;center&#8221; global_colors_info=&#8221;{}&#8221;]<\/p>\n<h2>\u00d6ns\u00f6z<\/h2>\n<p>Y\u00fcr\u00fcrl\u00fc\u011fe giri\u015f: 30 Mart 2023<\/p>\n<p><strong>CLICKBUSTER LTD<\/strong><br \/><strong>63-66 Hatton Garden<\/strong><br \/><strong>Londra EC1N 8LE<\/strong><br \/><strong>\u015eirket numaras\u0131 13014667<\/strong><br \/><strong>KDV numaras\u0131 GB 363 9346 71<\/strong><\/p>\n<p>Sitemizde gezinmeye devam edin <a rel=\"noopener\" target=\"_new\" href=\"https:\/\/psna1.com\/tr\/\">https:\/\/psna1.com\/<\/a> (bundan b\u00f6yle \"Site\" olarak an\u0131lacakt\u0131r), Site ziyaret\u00e7ilerinin (bundan b\u00f6yle \"Kullan\u0131c\u0131(lar)\" olarak an\u0131lacakt\u0131r) a\u015fa\u011f\u0131daki h\u00fck\u00fcmleri ve Genel Kullan\u0131m H\u00fck\u00fcm ve Ko\u015fullar\u0131n\u0131 (bundan b\u00f6yle \"GKK\" olarak an\u0131lacakt\u0131r) \u00e7ekincesiz olarak kabul etti\u011fini ima eder. Sitemizin i\u015flevlerini kullanmadan \u00f6nce, Kullan\u0131c\u0131 bu H\u00fck\u00fcm ve Ko\u015fullar\u0131 okudu\u011funu ve kabul etti\u011fini onaylar.<\/p>\n<p>T&amp;C'lerimizin mevcut \u00e7evrimi\u00e7i s\u00fcr\u00fcm\u00fc, biz yeni bir s\u00fcr\u00fcmle de\u011fi\u015ftirene kadar Sitenin kullan\u0131m s\u00fcresi boyunca ge\u00e7erli olan tek s\u00fcr\u00fcmd\u00fcr.<\/p>\n<p>Site, bu ko\u015fullar\u0131 istedi\u011fi zaman de\u011fi\u015ftirme hakk\u0131n\u0131 sakl\u0131 tutan CLICKBUSTER LTD (bundan b\u00f6yle \"Sat\u0131c\u0131\" olarak an\u0131lacakt\u0131r) taraf\u0131ndan y\u00f6netilmektedir. K\u015eK'n\u0131n de\u011fi\u015ftirilmesinden sonra Sitemizin herhangi bir \u015fekilde kullan\u0131lmas\u0131, yeni s\u00fcr\u00fcm\u00fcn Kullan\u0131c\u0131 taraf\u0131ndan geri al\u0131namaz bir \u015fekilde kabul edildi\u011fi anlam\u0131na gelir. K\u015eK ile uyu\u015fmazl\u0131k durumunda, Kullan\u0131c\u0131 Sitemizi kullanmay\u0131 b\u0131rakmaya davet edilir.<\/p>\n<p>[\/et_pb_text][et_pb_text _builder_version=&#8221;4.27.0&#8243; _module_preset=&#8221;default&#8221; header_2_text_align=&#8221;center&#8221; global_colors_info=&#8221;{}&#8221;]<\/p>\n<h2>MADDE 1 - TANIMLAR<\/h2>\n<p>Sitemizde, a\u015fa\u011f\u0131daki Terimler a\u015fa\u011f\u0131daki anlama sahiptir:<\/p>\n<p>\"\u0130\u00e7erik\": Sitemizdeki bilgileri olu\u015fturan (metin, resim, video, algoritma, yaz\u0131l\u0131m, widget vb.) ve i\u015flev g\u00f6rmesini, Kullan\u0131c\u0131lar\u0131 bilgilendirmesini ve hizmetlerimizi sunmas\u0131n\u0131 sa\u011flayan t\u00fcm unsurlar\u0131 ifade eder;<\/p>\n<p>\"Fikri m\u00fclkiyet haklar\u0131\": Kullan\u0131c\u0131 taraf\u0131ndan Siteye ba\u015fvuruldu\u011fu s\u0131rada ge\u00e7erli olan 2000 tarihli Telif Hakk\u0131 ve \u0130lgili Haklar Yasas\u0131 ile korunan t\u00fcm fikri m\u00fclkiyet haklar\u0131 ve ilgili haklar\u0131 (telif hakk\u0131, ticari marka haklar\u0131, patent haklar\u0131, ticari isimler, veri tabanlar\u0131, vb;<\/p>\n<p>\"\u00d6zellikler\": Sitemiz arac\u0131l\u0131\u011f\u0131yla Kullan\u0131c\u0131lar\u0131m\u0131z\u0131n kullan\u0131m\u0131na sunulan t\u00fcm i\u015flevleri ifade eder;<\/p>\n<p>\"Site\": Siteyi ifade eder <a rel=\"noopener\" target=\"_new\" href=\"https:\/\/psna1.com\/tr\/\">https:\/\/psna1.com\/<\/a> Sat\u0131c\u0131 taraf\u0131ndan i\u015fletilen ve Kullan\u0131c\u0131lar\u0131n kullan\u0131m\u0131na sunulan;<\/p>\n<p>\"Kullan\u0131c\u0131\": Sitemizi kullanan ve i\u00e7eri\u011fine eri\u015fimi olan herhangi bir ki\u015fiyi ifade eder.<\/p>\n<p>[\/et_pb_text][et_pb_text _builder_version=&#8221;4.27.0&#8243; _module_preset=&#8221;default&#8221; header_2_text_align=&#8221;center&#8221; global_colors_info=&#8221;{}&#8221;]<\/p>\n<h2>MADDE 2 - Yasal bilgiler<\/h2>\n<p>Ki\u015fisel verilerin i\u015flenmesi ve bu t\u00fcr verilerin serbest dola\u015f\u0131m\u0131 ile ilgili olarak bireylerin korunmas\u0131na ili\u015fkin 27 Nisan 2016 tarihli Avrupa Parlamentosu ve Konseyi Y\u00f6netmeli\u011fi [AB] 2018\/679 uyar\u0131nca, Sitemizin Kullan\u0131c\u0131s\u0131, olu\u015fturulmas\u0131nda ve izlenmesinde yer alan taraflar\u0131n kimli\u011fi hakk\u0131nda bilgilendirilir:<\/p>\n<p>Yay\u0131n y\u00f6netmeni: Carlo Ela <a rel=\"noopener\">contact.psona@gmail.com<\/a> .<\/p>\n<p>Ev sahibi: Scaleway, 8 rue de la Ville l'\u00c9v\u00eaque, 75008 Paris ; <a rel=\"noopener\" target=\"_new\" href=\"https:\/\/www.scaleway.com\/\">https:\/\/www.scaleway.com\/<\/a><\/p>\n<p>Geli\u015ftirici: CLICKBUSTER LTD<\/p>\n<p>Veri Koruma G\u00f6revlisi: Carlo Ela <a rel=\"noopener\">contact.psona@gmail.com<\/a>.<\/p>\n<p>[\/et_pb_text][et_pb_text _builder_version=&#8221;4.27.0&#8243; _module_preset=&#8221;default&#8221; header_2_text_align=&#8221;center&#8221; global_colors_info=&#8221;{}&#8221;]<\/p>\n<h2>MADDE 3 - Ki\u015fisel verilerin korunmas\u0131<\/h2>\n<p>Sitemizi kullanmak i\u00e7in, Kullan\u0131c\u0131 ile ilgili belirli ki\u015fisel verileri i\u015fleyece\u011fiz. Bu i\u015fleme, 2018 Veri Koruma Yasas\u0131 ve a\u015fa\u011f\u0131daki ba\u011flant\u0131da bulunan Veri Koruma Politikas\u0131 uyar\u0131nca ger\u00e7ekle\u015ftirilir:<\/p>\n<p><a rel=\"noopener\" target=\"_new\" href=\"https:\/\/psna1.com\/tr\/privacy-police\/\">https:\/\/psna1.com\/privacy-police\/<\/a><\/p>\n<p>[\/et_pb_text][et_pb_text _builder_version=&#8221;4.27.0&#8243; _module_preset=&#8221;default&#8221; header_2_text_align=&#8221;center&#8221; global_colors_info=&#8221;{}&#8221;]<\/p>\n<h2>MADDE 4 - Saha eri\u015fimi<\/h2>\n<div class=\"group\/conversation-turn relative flex w-full min-w-0 flex-col agent-turn\">\n<div class=\"flex-col gap-1 md:gap-3\">\n<div class=\"flex max-w-full flex-col flex-grow\">\n<div data-message-author-role=\"assistant\" data-message-id=\"1921b6bd-7e01-40ec-81aa-bce2a7802030\" dir=\"auto\" class=\"min-h-[20px] text-message flex w-full flex-col items-end gap-2 whitespace-normal break-words [.text-message+&amp;]:mt-5\">\n<div class=\"flex w-full flex-col gap-1 empty:hidden first:pt-[3px]\">\n<div class=\"markdown prose w-full break-words dark:prose-invert dark\">\n<p>Site'ye eri\u015fim ve Site'nin kullan\u0131m\u0131 tamamen ki\u015fisel kullan\u0131m i\u00e7indir. Kullan\u0131c\u0131, Siteyi veya burada yer alan bilgi veya verileri ticari, siyasi veya reklam ama\u00e7l\u0131 olarak veya \u00f6zellikle istenmeyen e-postalar\u0131n g\u00f6nderilmesi gibi herhangi bir ticari talep i\u00e7in kullanmamay\u0131 taahh\u00fct eder.<\/p>\n<p>Siteye eri\u015fim yeti\u015fkinler i\u00e7indir. Sat\u0131c\u0131, \u00f6zellikle \u00e7evrimi\u00e7i sipari\u015f hizmetlerini kullanman\u0131z halinde, ya\u015f\u0131n\u0131z\u0131 kan\u0131tlaman\u0131z\u0131 talep etme hakk\u0131n\u0131 sakl\u0131 tutar. Sat\u0131c\u0131, re\u015fit olmayan ki\u015filerin Siteye eri\u015fimi veya Kullan\u0131c\u0131lar taraf\u0131ndan Sitede verilen hatal\u0131 veya yan\u0131lt\u0131c\u0131 bilgilerden sorumlu tutulamaz.<\/p>\n<p>Kullan\u0131c\u0131lar, Siteye eri\u015fim i\u00e7in gereken BT ve telekom\u00fcnikasyon kaynaklar\u0131n\u0131n kurulumundan bizzat sorumludur. Site \u00fczerinden \u0130nternet eri\u015fimi ile ilgili telekom\u00fcnikasyon masraflar\u0131n\u0131 kendileri kar\u015f\u0131layacakt\u0131r.<\/p>\n<\/div>\n<\/div>\n<\/div>\n<\/div>\n<\/div>\n<\/div>\n<p>[\/et_pb_text][et_pb_text _builder_version=&#8221;4.27.0&#8243; _module_preset=&#8221;default&#8221; header_2_text_align=&#8221;center&#8221; global_colors_info=&#8221;{}&#8221;]<\/p>\n<h2>MADDE 5 - Sunulan hizmetlerin tan\u0131m\u0131<\/h2>\n<p>M\u00fcmk\u00fcn oldu\u011funca do\u011fru bilgi sa\u011flamaya \u00e7al\u0131\u015f\u0131yoruz, ancak herhangi bir eksiklik, yanl\u0131\u015fl\u0131k veya bilgilerin g\u00fcncellenmemesinden sorumlu tutulamay\u0131z. Sitede verilen t\u00fcm bilgiler yaln\u0131zca bilgi ama\u00e7l\u0131d\u0131r ve kapsaml\u0131 de\u011fildir. \u00c7evrimi\u00e7i hale getirilmesinden bu yana yap\u0131lm\u0131\u015f olabilecek de\u011fi\u015fikliklere tabi olarak sa\u011flanmaktad\u0131r.<\/p>\n<p>[\/et_pb_text][et_pb_text _builder_version=&#8221;4.27.0&#8243; _module_preset=&#8221;default&#8221; header_2_text_align=&#8221;center&#8221; global_colors_info=&#8221;{}&#8221;]<\/p>\n<h2>MADDE 6 - Fikri m\u00fclkiyet<\/h2>\n<p><strong>6.1 Web sitemiz<\/strong><\/p>\n<p>T\u00fcm ticari markalar, foto\u011fraflar, metinler, yorumlar, ill\u00fcstrasyonlar, hareketli veya hareketsiz g\u00f6r\u00fcnt\u00fcler, video dizileri, sesler ve Siteyi i\u015fletmek i\u00e7in kullan\u0131labilecek t\u00fcm bilgisayar uygulamalar\u0131 ve daha genel olarak Sitede \u00e7o\u011falt\u0131lan veya kullan\u0131lan t\u00fcm unsurlar, fikri m\u00fclkiyetle ilgili y\u00fcr\u00fcrl\u00fckteki yasalar taraf\u0131ndan korunmaktad\u0131r.<\/p>\n<p>Bunlar Sat\u0131c\u0131n\u0131n veya ticari ortaklar\u0131n\u0131n tam ve b\u00fct\u00fcn m\u00fclkiyetidir. Yay\u0131nc\u0131n\u0131n \u00f6nceden yaz\u0131l\u0131 izni olmaks\u0131z\u0131n, bilgisayar uygulamalar\u0131 da dahil olmak \u00fczere, bu unsurlar\u0131n tamam\u0131n\u0131n veya bir k\u0131sm\u0131n\u0131n herhangi bir \u015fekilde \u00e7o\u011falt\u0131lmas\u0131, temsili, kullan\u0131m\u0131 veya uyarlanmas\u0131 kesinlikle yasakt\u0131r. Yay\u0131nc\u0131n\u0131n, Kullan\u0131c\u0131 taraf\u0131ndan s\u00f6z konusu izinsiz kullan\u0131m\u0131n fark\u0131na var\u0131r varmaz yasal i\u015flem ba\u015flatmamas\u0131, s\u00f6z konusu kullan\u0131m\u0131n kabul edildi\u011fi veya yasal i\u015flem ba\u015flatma hakk\u0131ndan feragat edildi\u011fi anlam\u0131na gelmez. Kullan\u0131c\u0131n\u0131n \u015funlar\u0131 yapmas\u0131 kesinlikle yasakt\u0131r:<\/p>\n<p>- \u0130\u00e7eri\u011fin ve\/veya Sitenin tamam\u0131n\u0131 veya bir k\u0131sm\u0131n\u0131 herhangi bir yolla kal\u0131c\u0131 veya ge\u00e7ici olarak kopyalamak, \u00e7o\u011faltmak, temsil etmek, yay\u0131nlamak, da\u011f\u0131tmak veya yay\u0131nlamak; - \u0130\u00e7erikten ve\/veya Siteden t\u00fcretilmi\u015f eserler olu\u015fturmak; - \u0130\u00e7eri\u011fin ve\/veya Sitenin tamam\u0131n\u0131 veya bir k\u0131sm\u0131n\u0131 de\u011fi\u015ftirmek, terc\u00fcme etmek, uyarlamak veya d\u00fczenlemek; - Siteyi par\u00e7alar\u0131na ay\u0131rmak, kaynak koda d\u00f6n\u00fc\u015ft\u00fcrmek veya tersine m\u00fchendislik yapmak.<\/p>\n<p>Her hal\u00fckarda, Kullan\u0131c\u0131 Siteyi kullan\u0131m\u0131ndan tek ba\u015f\u0131na sorumludur. Sitenin veya i\u00e7erdi\u011fi unsurlardan herhangi birinin izinsiz kullan\u0131m\u0131 2000 tarihli Veri Koruma Yasas\u0131n\u0131n ihlali olarak kabul edilecektir.<\/p>\n<p><strong>6.2 Markam\u0131z<\/strong><\/p>\n<p>Sat\u0131c\u0131n\u0131n ve CLICKBUSTER LTD'nin s\u00f6zl\u00fc ve g\u00f6rsel ticari markalar\u0131 (logo) korunmaktad\u0131r. Sat\u0131c\u0131n\u0131n veya ortaklar\u0131n\u0131n yaz\u0131l\u0131 izni olmadan, herhangi bir ortamda, \u00fcr\u00fcn veya hizmetleri tan\u0131tmak amac\u0131yla veya ticari ama\u00e7larla kullan\u0131lmas\u0131, Sat\u0131c\u0131 taraf\u0131ndan Kullan\u0131c\u0131ya ve\/veya sorumlu \u00fc\u00e7\u00fcnc\u00fc taraflara kar\u015f\u0131 cezai ve hukuki i\u015flem ba\u015flat\u0131lmas\u0131 nedeniyle yasakt\u0131r.<\/p>\n<p><strong>6.3 \u0130\u00e7erik<\/strong><\/p>\n<p>\u0130\u00e7eri\u011fe Site \u00fczerinden serbest\u00e7e eri\u015filebilir. \u0130\u00e7eri\u011fin \u00e7evrimi\u00e7i olarak yerle\u015ftirilmesi, Sat\u0131c\u0131n\u0131n ve katk\u0131da bulunanlar\u0131n tam ve eksiksiz m\u00fclkiyeti olarak kalan i\u00e7eri\u011fin telif hakk\u0131n\u0131n veya m\u00fclkiyetinin devredilmesini sa\u011flamaz.<\/p>\n<p>Hi\u00e7bir Kullan\u0131c\u0131, telif hakk\u0131 ve fikri m\u00fclkiyet haklar\u0131n\u0131n uygulanmas\u0131na ayk\u0131r\u0131 veya fikri m\u00fclkiyet haklar\u0131yla ilgili di\u011fer Birle\u015fik Krall\u0131k veya uluslararas\u0131 yasalara ayk\u0131r\u0131 herhangi bir eylemde bulunamaz veya bulunmayacakt\u0131r. Sat\u0131c\u0131 ve katk\u0131da bulunanlar, bu KK'n\u0131n herhangi bir ihlali i\u00e7in herhangi bir Kullan\u0131c\u0131ya dava a\u00e7ma hakk\u0131n\u0131 sakl\u0131 tutar.<\/p>\n<p>[\/et_pb_text][et_pb_text _builder_version=&#8221;4.27.0&#8243; _module_preset=&#8221;default&#8221; header_2_text_align=&#8221;center&#8221; global_colors_info=&#8221;{}&#8221;]<\/p>\n<h2>MADDE 7 - Site y\u00f6netimi<\/h2>\n<p>Sitemiz normalde Kullan\u0131c\u0131lar taraf\u0131ndan her zaman eri\u015filebilir durumdad\u0131r. Sitenin d\u00fczg\u00fcn bir \u015fekilde y\u00f6netilmesini sa\u011flamak i\u00e7in, Sat\u0131c\u0131 herhangi bir zamanda :<\/p>\n<p>- \u00d6nceden haber vererek veya vermeden ve kendi takdirine ba\u011fl\u0131 olarak herhangi bir nedenle Sitenin tamam\u0131na veya bir k\u0131sm\u0131na eri\u015fimi ask\u0131ya almak, kesmek veya s\u0131n\u0131rlamak; - \u00d6nceden haber vererek veya vermeden ve kendi takdirine ba\u011fl\u0131 olarak herhangi bir nedenle \u00e7al\u0131\u015fmas\u0131n\u0131 aksatabilecek herhangi bir bilgiyi silmek; - G\u00fcncellemeleri ger\u00e7ekle\u015ftirmek i\u00e7in Siteyi ask\u0131ya almak.<\/p>\n<p>Sat\u0131c\u0131, Kullan\u0131c\u0131lar\u0131 m\u00fcdahalelerin tarih ve saatleri konusunda \u00f6nceden bilgilendirmek i\u00e7in elinden geleni yapacakt\u0131r, ancak bunun yap\u0131lmamas\u0131 durumunda sorumlu tutulamaz.<\/p>\n<p>[\/et_pb_text][et_pb_text _builder_version=&#8221;4.27.0&#8243; _module_preset=&#8221;default&#8221; header_2_text_align=&#8221;center&#8221; global_colors_info=&#8221;{}&#8221;]<\/p>\n<h2>MADDE 8 - Sorumluluklar<\/h2>\n<p><strong>8.1 Siteye Eri\u015fim<\/strong><\/p>\n<p>Sat\u0131c\u0131, Sitenin haftan\u0131n 7 g\u00fcn\u00fc, g\u00fcn\u00fcn 24 saati eri\u015filebilir olmas\u0131n\u0131 sa\u011flamak i\u00e7in elinden geleni yapmay\u0131 taahh\u00fct eder. Bununla birlikte, Sat\u0131c\u0131, Sitenin s\u00fcrekli kullan\u0131labilirli\u011fi ve eri\u015filebilirli\u011fi konusunda hi\u00e7bir taahh\u00fctte bulunmaz ve Sitenin hatas\u0131z oldu\u011funu garanti etmez. Sat\u0131c\u0131, Siteye veya i\u015flevlerinden herhangi birine eri\u015fimi engelleyen bir ar\u0131za, ar\u0131za, zorluk veya kesinti durumunda sorumlu tutulamaz.<\/p>\n<p>\u0130nternet a\u011f\u0131n\u0131n, telefon hatlar\u0131n\u0131n veya bilgisayar ve telefon ekipmanlar\u0131n\u0131n, \u00f6zellikle a\u011f t\u0131kan\u0131kl\u0131\u011f\u0131 nedeniyle, sunucuya eri\u015fimi engelleyecek \u015fekilde ar\u0131zalanmas\u0131 durumunda Sat\u0131c\u0131 ve ev sahibi sorumlu tutulamaz.<\/p>\n<p>Kullan\u0131c\u0131lara kar\u015f\u0131 yasal i\u015flem ba\u015flat\u0131lmas\u0131 durumunda Sat\u0131c\u0131 sorumlu tutulamaz:<\/p>\n<p>- Site'nin veya \u0130nternet \u00fczerinden eri\u015filebilen di\u011fer herhangi bir hizmetin kullan\u0131m\u0131 sonucunda; - Kullan\u0131c\u0131'n\u0131n bu KUE'ye uymamas\u0131 sonucunda.<\/p>\n<p><strong>8.2 Kullan\u0131lan ekipman<\/strong><\/p>\n<p>Kullan\u0131c\u0131 taraf\u0131ndan Siteye eri\u015fmek i\u00e7in kullan\u0131lan ba\u011flant\u0131 ekipman\u0131 tamamen ve t\u00fcm\u00fcyle kendi sorumlulu\u011fundad\u0131r. Ekipmanlar\u0131n\u0131 ve kendi verilerini korumak i\u00e7in t\u00fcm uygun \u00f6nlemleri almak Kullan\u0131c\u0131n\u0131n sorumlulu\u011fundad\u0131r. Kullan\u0131c\u0131, Siteye yeni, vir\u00fcss\u00fcz ekipman ve yeni g\u00fcncellenmi\u015f bir taray\u0131c\u0131 kullanarak eri\u015fmeyi taahh\u00fct eder.<\/p>\n<p>Sat\u0131c\u0131, Kullan\u0131c\u0131lar\u0131n, \u00fc\u00e7\u00fcnc\u00fc taraflar\u0131n ve\/veya ekipmanlar\u0131n\u0131n Siteye ba\u011flanmalar\u0131 veya Siteyi kullanmalar\u0131 sonucunda meydana gelen herhangi bir zarardan sorumlu olmayacakt\u0131r ve Kullan\u0131c\u0131lar bu konuda Sat\u0131c\u0131ya kar\u015f\u0131 herhangi bir dava a\u00e7maktan feragat ederler.<\/p>\n<p>Sat\u0131c\u0131, Sitenin kullan\u0131m\u0131ndan kaynaklanan dolayl\u0131 zararlardan (i\u015f kayb\u0131 veya f\u0131rsat kayb\u0131 gibi) sorumlu tutulamaz.<\/p>\n<p>[\/et_pb_text][et_pb_text _builder_version=&#8221;4.27.0&#8243; _module_preset=&#8221;default&#8221; header_2_text_align=&#8221;center&#8221; global_colors_info=&#8221;{}&#8221;]<\/p>\n<h2>MADDE 9 - \u00dcR\u00dcN VE HI\u0307ZMETLERI\u0307N FOTO\u011eRAFLARI VE TEMSI\u0307LI\u0307<\/h2>\n<p>Sitedeki foto\u011fraflar, a\u00e7\u0131klamalar\u0131yla birlikte, s\u00f6zle\u015fmeye dayal\u0131 de\u011fildir ve Sat\u0131c\u0131 i\u00e7in ba\u011flay\u0131c\u0131 de\u011fildir.<\/p>\n<p>[\/et_pb_text][et_pb_text _builder_version=&#8221;4.27.0&#8243; _module_preset=&#8221;default&#8221; header_2_text_align=&#8221;center&#8221; global_colors_info=&#8221;{}&#8221;]<\/p>\n<h2>MADDE 10 - Hiper metin ba\u011flant\u0131lar\u0131<\/h2>\n<p>Kullan\u0131c\u0131 taraf\u0131ndan Web Sitesinin tamam\u0131na veya bir k\u0131sm\u0131na herhangi bir hipermetin ba\u011flant\u0131s\u0131 kurulmas\u0131na, CLICKBUSTER LTD'nin a\u015fa\u011f\u0131daki adresten e-posta ile talep edilecek \u00f6nceden yaz\u0131l\u0131 iznine tabi olarak izin verilir: <a rel=\"noopener\">contact.psona@gmail.com<\/a>.<\/p>\n<p>Sat\u0131c\u0131, karar\u0131n\u0131 herhangi bir \u015fekilde gerek\u00e7elendirmek zorunda olmaks\u0131z\u0131n bu izni reddetmekte serbesttir. Sat\u0131c\u0131n\u0131n izin vermesi halinde, bu izin her hal\u00fckarda ge\u00e7icidir ve karar\u0131n\u0131 gerek\u00e7elendirme y\u00fck\u00fcml\u00fcl\u00fc\u011f\u00fc olmaks\u0131z\u0131n herhangi bir zamanda geri \u00e7ekilebilir. Her durumda, herhangi bir ba\u011flant\u0131 markan\u0131n talebi \u00fczerine kald\u0131r\u0131lmal\u0131d\u0131r.<\/p>\n<p>Site, Sat\u0131c\u0131n\u0131n izniyle kurulan di\u011fer sitelere bir dizi hipermetin ba\u011flant\u0131s\u0131 i\u00e7ermektedir. Ancak, \u015firketimiz bu \u015fekilde ziyaret edilen sitelerin i\u00e7eri\u011fini kontrol etme konumunda de\u011fildir ve bu nedenle bu konuda hi\u00e7bir sorumluluk kabul etmeyecektir.<\/p>\n<p>[\/et_pb_text][et_pb_text _builder_version=&#8221;4.27.0&#8243; _module_preset=&#8221;default&#8221; header_2_text_align=&#8221;center&#8221; global_colors_info=&#8221;{}&#8221;]<\/p>\n<h2>MADDE 11 - K\u0131smi h\u00fck\u00fcms\u00fczl\u00fck<\/h2>\n<p>Bu genel h\u00fck\u00fcm ve ko\u015fullar\u0131n bir veya daha fazla maddesinin ge\u00e7ici olarak uygulanmamas\u0131, hi\u00e7bir ko\u015fulda CLICKBUSTER LTD'nin s\u00f6z konusu maddelerden herhangi birinden yararlanmaktan feragat etti\u011fi \u015feklinde yorumlanamaz.<\/p>\n<p>Bu h\u00fck\u00fcm ve ko\u015fullar\u0131n bir veya daha fazla h\u00fckm\u00fcn\u00fcn yasa, y\u00f6netmelik veya nihai bir mahkeme karar\u0131 ile h\u00fck\u00fcms\u00fcz veya uygulanamaz ilan edilmesi halinde, di\u011fer h\u00fck\u00fcmler tam olarak y\u00fcr\u00fcrl\u00fckte kalacak ve tam olarak uygulanmaya devam edecektir.<\/p>\n<p>[\/et_pb_text][et_pb_text _builder_version=&#8221;4.27.0&#8243; _module_preset=&#8221;default&#8221; header_2_text_align=&#8221;center&#8221; global_colors_info=&#8221;{}&#8221;]<\/p>\n<h2>MADDE 12 - Dil<\/h2>\n<p>Bu GCU'nun bir veya daha fazla dile terc\u00fcme edilmesi halinde terc\u00fcme dili \u0130ngilizce olacakt\u0131r.<\/p>\n<p>[\/et_pb_text][et_pb_text _builder_version=&#8221;4.27.0&#8243; _module_preset=&#8221;default&#8221; header_2_text_align=&#8221;center&#8221; custom_css_free_form=&#8221;selector table, selector td, selector tr, selector th {||  border:1px solid;||  border-color:#034833 !important;||}&#8221; global_colors_info=&#8221;{}&#8221;]<\/p>\n<h2>MADDE 13 - Uygulanacak hukuk<\/h2>\n<p>Bu Site H\u00fck\u00fcm ve Ko\u015fullar\u0131 \u0130ngiliz yasalar\u0131na tabidir ve bir anla\u015fmazl\u0131k durumunda, bir yasa metninden veya belirli bir d\u00fczenlemeden kaynaklanan \u00f6zel bir yarg\u0131 yetkisi atf\u0131na tabi olarak, ola\u011fan mahkemelerin m\u00fcnhas\u0131r yarg\u0131 yetkisine tabidir.<\/p>\n<p>[\/et_pb_text][et_pb_text _builder_version=&#8221;4.27.0&#8243; _module_preset=&#8221;default&#8221; header_2_text_align=&#8221;center&#8221; custom_css_free_form=&#8221;selector table, selector td, selector tr, selector th {||  border:1px solid;||  border-color:#034833 !important;||}&#8221; global_colors_info=&#8221;{}&#8221;]<\/p>\n<h2>MADDE 14 - Bize ula\u015f\u0131n<\/h2>\n<p>Sitede sunulan Hizmetler veya Sitenin kendisi ile ilgili her t\u00fcrl\u00fc soru veya bilgi i\u00e7in Kullan\u0131c\u0131 a\u015fa\u011f\u0131daki adrese mesaj b\u0131rakabilir: contact.psona@gmail.com.<\/p>\n<p>[\/et_pb_text][\/et_pb_column][\/et_pb_row][\/et_pb_section]<\/p>","protected":false},"excerpt":{"rendered":"<p>Mentions l\u00e9gales Preamble Entry into force: March 30th, 2023 CLICKBUSTER LTD63-66 Hatton GardenLondon EC1N 8LECompany number 13014667VAT number GB 363 9346 71 La navigation continue sur notre Site https:\/\/psna1.com\/ (ci-apr\u00e8s le \u00ab Site \u00bb) implique que les visiteurs du Site (ci-apr\u00e8s l&#8217;\u00ab Utilisateur(s) \u00bb) acceptent sans r\u00e9serve les dispositions et Conditions G\u00e9n\u00e9rales d&#8217;Utilisation qui suivent [&hellip;]<\/p>","protected":false},"author":1,"featured_media":0,"parent":0,"menu_order":0,"comment_status":"closed","ping_status":"closed","template":"","meta":{"_et_pb_use_builder":"on","_et_pb_old_content":"<!-- wp:divi\/placeholder \/-->","_et_gb_content_width":"","inline_featured_image":false,"footnotes":""},"class_list":["post-149","page","type-page","status-publish","hentry"],"_links":{"self":[{"href":"https:\/\/psna1.com\/tr\/wp-json\/wp\/v2\/pages\/149","targetHints":{"allow":["GET"]}}],"collection":[{"href":"https:\/\/psna1.com\/tr\/wp-json\/wp\/v2\/pages"}],"about":[{"href":"https:\/\/psna1.com\/tr\/wp-json\/wp\/v2\/types\/page"}],"author":[{"embeddable":true,"href":"https:\/\/psna1.com\/tr\/wp-json\/wp\/v2\/users\/1"}],"replies":[{"embeddable":true,"href":"https:\/\/psna1.com\/tr\/wp-json\/wp\/v2\/comments?post=149"}],"version-history":[{"count":6,"href":"https:\/\/psna1.com\/tr\/wp-json\/wp\/v2\/pages\/149\/revisions"}],"predecessor-version":[{"id":870,"href":"https:\/\/psna1.com\/tr\/wp-json\/wp\/v2\/pages\/149\/revisions\/870"}],"wp:attachment":[{"href":"https:\/\/psna1.com\/tr\/wp-json\/wp\/v2\/media?parent=149"}],"curies":[{"name":"wp","href":"https:\/\/api.w.org\/{rel}","templated":true}]}}