{"id":142,"date":"2024-09-05T10:23:34","date_gmt":"2024-09-05T10:23:34","guid":{"rendered":"https:\/\/psona.io\/?page_id=142"},"modified":"2024-10-03T13:37:21","modified_gmt":"2024-10-03T13:37:21","slug":"comment-ca-marche","status":"publish","type":"page","link":"https:\/\/psna1.com\/tr\/comment-ca-marche\/","title":{"rendered":"Nas\u0131l \u00e7al\u0131\u015f\u0131r"},"content":{"rendered":"<p>[et_pb_section fb_built=&#8221;1&#8243; custom_padding_last_edited=&#8221;on|tablet&#8221; admin_label=&#8221;Header&#8221; _builder_version=&#8221;4.27.0&#8243; custom_margin=&#8221;0px||0px||true|false&#8221; custom_padding=&#8221;0px||0px||true|false&#8221; custom_padding_tablet=&#8221;||||true|false&#8221; custom_padding_phone=&#8221;||||true|false&#8221; locked=&#8221;off&#8221; global_colors_info=&#8221;{}&#8221;][et_pb_row use_custom_gutter=&#8221;on&#8221; gutter_width=&#8221;1&#8243; custom_padding_last_edited=&#8221;on|phone&#8221; _builder_version=&#8221;4.27.0&#8243; background_color=&#8221;RGBA(255,255,255,0)&#8221; background_size=&#8221;initial&#8221; background_position=&#8221;top_left&#8221; background_repeat=&#8221;repeat&#8221; width=&#8221;95%&#8221; custom_margin=&#8221;||||true|false&#8221; custom_padding=&#8221;150px||50px||false|true&#8221; custom_padding_tablet=&#8221;80px||80px||true|false&#8221; custom_padding_phone=&#8221;60px||60px||true|false&#8221; border_radii=&#8221;on|50px|50px|50px|50px&#8221; global_colors_info=&#8221;{}&#8221;][et_pb_column type=&#8221;4_4&#8243; _builder_version=&#8221;4.27.0&#8243; custom_padding=&#8221;|||&#8221; global_colors_info=&#8221;{}&#8221; custom_padding__hover=&#8221;|||&#8221; custom_css_main_element_last_edited=&#8221;on|phone&#8221;][et_pb_text module_class=&#8221;title-header&#8221; _builder_version=&#8221;4.27.0&#8243; background_size=&#8221;initial&#8221; background_position=&#8221;top_left&#8221; background_repeat=&#8221;repeat&#8221; text_orientation=&#8221;center&#8221; width=&#8221;72%&#8221; width_tablet=&#8221;70%&#8221; width_phone=&#8221;68.5%&#8221; width_last_edited=&#8221;on|tablet&#8221; module_alignment=&#8221;center&#8221; custom_margin=&#8221;0px||0px||false|false&#8221; custom_margin_tablet=&#8221;0px||0px||false|false&#8221; custom_margin_phone=&#8221;0px||0px||false|false&#8221; custom_margin_last_edited=&#8221;on|tablet&#8221; custom_padding=&#8221;0px||0px||true|false&#8221; header_font_size_tablet=&#8221;50px&#8221; header_font_size_phone=&#8221;40px&#8221; global_colors_info=&#8221;{}&#8221;]<\/p>\n<h1>Nas\u0131l \u00e7al\u0131\u015f\u0131yor?<\/h1>\n<p><!-- \/divi:paragraph --><\/p>\n<p>[\/et_pb_text][\/et_pb_column][\/et_pb_row][et_pb_row column_structure=&#8221;1_3,1_3,1_3&#8243; make_equal=&#8221;on&#8221; module_id=&#8221;how-row&#8221; _builder_version=&#8221;4.27.0&#8243; _module_preset=&#8221;default&#8221; width=&#8221;68.5%&#8221; width_tablet=&#8221;68.5%&#8221; width_phone=&#8221;85%&#8221; width_last_edited=&#8221;on|phone&#8221; global_colors_info=&#8221;{}&#8221;][et_pb_column type=&#8221;1_3&#8243; _builder_version=&#8221;4.27.0&#8243; _module_preset=&#8221;default&#8221; background_color=&#8221;#FFFFFF&#8221; custom_padding=&#8221;30px|40px|30px|40px|true|true&#8221; border_radii=&#8221;on|20px|20px|20px|20px&#8221; global_colors_info=&#8221;{}&#8221;][et_pb_text _builder_version=&#8221;4.27.0&#8243; _module_preset=&#8221;default&#8221; text_font=&#8221;|700|||||||&#8221; text_text_color=&#8221;#000000&#8243; text_font_size=&#8221;45px&#8221; custom_margin=&#8221;20px||40px||false|false&#8221; global_colors_info=&#8221;{}&#8221;]<\/p>\n<p>01<\/p>\n<p>[\/et_pb_text][et_pb_text _builder_version=&#8221;4.27.0&#8243; _module_preset=&#8221;default&#8221; text_font=&#8221;|700|||||||&#8221; text_text_color=&#8221;#111214&#8243; text_font_size=&#8221;22px&#8221; custom_margin=&#8221;||20px||false|false&#8221; custom_padding=&#8221;||||false|false&#8221; global_colors_info=&#8221;{}&#8221;]<\/p>\n<p>Testi ger\u00e7ekle\u015ftirin<\/p>\n<p>[\/et_pb_text][et_pb_text _builder_version=&#8221;4.27.0&#8243; _module_preset=&#8221;default&#8221; text_text_color=&#8221;#111214&#8243; text_line_height=&#8221;1.8em&#8221; custom_margin=&#8221;0px||||false|false&#8221; custom_padding=&#8221;0px||||false|false&#8221; global_colors_info=&#8221;{}&#8221;]<\/p>\n<p>Amac\u0131m\u0131z bu testin m\u00fcmk\u00fcn oldu\u011funca g\u00fcvenilir ve kapsaml\u0131 olmas\u0131n\u0131 sa\u011flamakt\u0131r. Bu ama\u00e7la, l\u00fctfen sorular\u0131 d\u00fcr\u00fcst\u00e7e yan\u0131tlay\u0131n ve m\u00fcmk\u00fcn oldu\u011funca tarafs\u0131z cevaplar vermekten ka\u00e7\u0131n\u0131n. Sorular\u0131 yan\u0131tlama konusundaki kararl\u0131l\u0131\u011f\u0131n\u0131z daha do\u011fru sonu\u00e7lar elde etmemize yard\u0131mc\u0131 olacakt\u0131r.<\/p>\n<p>[\/et_pb_text][et_pb_button button_url=&#8221;@ET-DC@eyJkeW5hbWljIjp0cnVlLCJjb250ZW50IjoicG9zdF9saW5rX3VybF9wYWdlIiwic2V0dGluZ3MiOnsicG9zdF9pZCI6IjQ4In19@&#8221; button_text=&#8221;Passer le test&#8221; button_alignment=&#8221;center&#8221; module_class=&#8221;green-btn&#8221; _builder_version=&#8221;4.27.0&#8243; _dynamic_attributes=&#8221;button_url&#8221; _module_preset=&#8221;default&#8221; button_text_size=&#8221;16px&#8221; button_text_color=&#8221;#FFFFFF&#8221; button_bg_use_color_gradient=&#8221;on&#8221; button_bg_color_gradient_stops=&#8221;#e39309 0%|#f15959 100%&#8221; button_border_width=&#8221;0px&#8221; button_border_color=&#8221;#FFFFFF&#8221; button_icon_color=&#8221;#FFFFFF&#8221; custom_padding=&#8221;10px|75px|10px|45px|true|false&#8221; hover_enabled=&#8221;0&#8243; locked=&#8221;off&#8221; global_colors_info=&#8221;{}&#8221; button_bg_color__hover=&#8221;#53a018&#8243; button_bg_color__hover_enabled=&#8221;off|hover&#8221; sticky_enabled=&#8221;0&#8243;][\/et_pb_button][\/et_pb_column][et_pb_column type=&#8221;1_3&#8243; _builder_version=&#8221;4.27.0&#8243; _module_preset=&#8221;default&#8221; background_color=&#8221;#FFFFFF&#8221; custom_padding=&#8221;30px|40px|30px|40px|true|true&#8221; border_radii=&#8221;on|20px|20px|20px|20px&#8221; global_colors_info=&#8221;{}&#8221;][et_pb_text _builder_version=&#8221;4.27.0&#8243; _module_preset=&#8221;default&#8221; text_font=&#8221;|700|||||||&#8221; text_text_color=&#8221;#000000&#8243; text_font_size=&#8221;45px&#8221; custom_margin=&#8221;20px||40px||false|false&#8221; locked=&#8221;off&#8221; global_colors_info=&#8221;{}&#8221;]<\/p>\n<p>02<\/p>\n<p>[\/et_pb_text][et_pb_text _builder_version=&#8221;4.27.0&#8243; _module_preset=&#8221;default&#8221; text_font=&#8221;|700|||||||&#8221; text_text_color=&#8221;#111214&#8243; text_font_size=&#8221;22px&#8221; custom_margin=&#8221;||20px||false|false&#8221; custom_padding=&#8221;||||false|false&#8221; global_colors_info=&#8221;{}&#8221;]<\/p>\n<p>Sonu\u00e7lar\u0131n\u0131za eri\u015fin<\/p>\n<p>[\/et_pb_text][et_pb_text _builder_version=&#8221;4.27.0&#8243; _module_preset=&#8221;default&#8221; text_text_color=&#8221;#111214&#8243; text_line_height=&#8221;1.8em&#8221; custom_margin=&#8221;0px||||false|false&#8221; custom_padding=&#8221;0px||||false|false&#8221; global_colors_info=&#8221;{}&#8221;]<\/p>\n<p>Sonu\u00e7lar\u0131n\u0131z\u0131 almak i\u00e7in banka bilgilerinizi girmeniz ve testin sonundaki talimatlar\u0131 takip etmeniz yeterlidir.<br \/>Sonu\u00e7lar\u0131n\u0131z\u0131 hesab\u0131n\u0131zda g\u00f6r\u00fcnt\u00fcleyin veya e-posta ile al\u0131n. Aboneli\u011finiz s\u00fcresince teste birka\u00e7 kez girebilirsiniz!<\/p>\n<p>[\/et_pb_text][\/et_pb_column][et_pb_column type=&#8221;1_3&#8243; _builder_version=&#8221;4.27.0&#8243; _module_preset=&#8221;default&#8221; background_color=&#8221;#FFFFFF&#8221; custom_padding=&#8221;30px|40px|30px|40px|true|true&#8221; border_radii=&#8221;on|20px|20px|20px|20px&#8221; global_colors_info=&#8221;{}&#8221;][et_pb_text _builder_version=&#8221;4.27.0&#8243; _module_preset=&#8221;default&#8221; text_font=&#8221;|700|||||||&#8221; text_text_color=&#8221;#000000&#8243; text_font_size=&#8221;45px&#8221; custom_margin=&#8221;20px||40px||false|false&#8221; locked=&#8221;off&#8221; global_colors_info=&#8221;{}&#8221;]<\/p>\n<p>03<\/p>\n<p>[\/et_pb_text][et_pb_text _builder_version=&#8221;4.27.0&#8243; _module_preset=&#8221;default&#8221; text_font=&#8221;|700|||||||&#8221; text_text_color=&#8221;#111214&#8243; text_font_size=&#8221;22px&#8221; custom_margin=&#8221;||20px||false|false&#8221; custom_padding=&#8221;||||false|false&#8221; global_colors_info=&#8221;{}&#8221;]<\/p>\n<p>Ve sonra.<\/p>\n<p>[\/et_pb_text][et_pb_text _builder_version=&#8221;4.27.0&#8243; _module_preset=&#8221;default&#8221; text_text_color=&#8221;#111214&#8243; text_line_height=&#8221;1.8em&#8221; custom_margin=&#8221;0px||||false|false&#8221; custom_padding=&#8221;0px||||false|false&#8221; custom_css_free_form=&#8221;selector p {||  padding-bottom:0px;||}||selector p:has(span) {||  margin-left:20px;||}&#8221; global_colors_info=&#8221;{}&#8221;]<\/p>\n<p>\u0130ki se\u00e7ene\u011finiz var:<\/p>\n<p><span>Birincisi, 24 saat i\u00e7inde abonelikten \u00e7\u0131kmakt\u0131r. Bu durumda, 0,50 \u20ac tutar\u0131nda bir \u00fccret tahsil edilecek ve bu s\u00fcreden sonra art\u0131k s\u0131nava giremeyeceksiniz.<br \/>\u0130kinci se\u00e7enek ise aboneli\u011finizi devam ettirmektir. \u0130lk 24 saatin ard\u0131ndan, 47,50 \u20ac bor\u00e7land\u0131r\u0131lacaks\u0131n\u0131z ve testi istedi\u011finiz s\u0131kl\u0131kta tekrarlama se\u00e7ene\u011fiyle birlikte bir ay boyunca teste eri\u015febileceksiniz.<\/span><\/p>\n<p>[\/et_pb_text][\/et_pb_column][\/et_pb_row][\/et_pb_section][et_pb_section fb_built=&#8221;1&#8243; admin_label=&#8221;Big Five&#8221; _builder_version=&#8221;4.27.0&#8243; _module_preset=&#8221;default&#8221; background_color=&#8221;#FFFFFF&#8221; width=&#8221;95%&#8221; module_alignment=&#8221;center&#8221; custom_margin=&#8221;50px||||false|false&#8221; custom_padding=&#8221;50px||50px||true|false&#8221; border_radii=&#8221;on|50px|50px|50px|50px&#8221; global_colors_info=&#8221;{}&#8221;][et_pb_row module_class=&#8221;card-row-title&#8221; _builder_version=&#8221;4.27.0&#8243; _module_preset=&#8221;default&#8221; global_colors_info=&#8221;{}&#8221;][et_pb_column type=&#8221;4_4&#8243; _builder_version=&#8221;4.27.0&#8243; _module_preset=&#8221;default&#8221; global_colors_info=&#8221;{}&#8221;][et_pb_text _builder_version=&#8221;4.27.0&#8243; _module_preset=&#8221;default&#8221; width=&#8221;40%&#8221; width_tablet=&#8221;100%&#8221; width_phone=&#8221;100%&#8221; width_last_edited=&#8221;on|tablet&#8221; global_colors_info=&#8221;{}&#8221;]<\/p>\n<h2>Be\u015f ana test alan\u0131<\/h2>\n<p>[\/et_pb_text][\/et_pb_column][\/et_pb_row][et_pb_row column_structure=\u201d1_5,1_5,1_5,1_5,1_5\u2033 module_id=\u201dcustom-card-row\u201d _builder_version=\u201d4.27.0\u2033 _module_preset=\u201ddefault\u201d horizontal_offset=\u201d-55px\u201d horizontal_offset_tablet=\u201d0px\u201d horizontal_offset_phone=\u201d0px\u201d horizontal_offset_last_edited=\u201don|tablet\u201d position_origin_a_tablet=\u201d\u201d position_origin_a_phone=\u201d\u201d position_origin_a_last_edited=\u201don|desktop\u201d position_origin_f_tablet=\u201d\u201d position_origin_f_phone=\u201d\u201d position_origin_f_last_edited=\u201don|desktop\u201d position_origin_r_tablet=\u201d\u201d position_origin_r_phone=\u201d\u201d position_origin_r_last_edited=\u201don|desktop\u201d positioning_tablet=\u201d\u201d positioning_phone=\u201d\u201d positioning_last_edited=\u201don|tablet\u201d global_colors_info=\u201d{}\u201d custom_css_main_element_last_edited=\u201don|phone\u201d custom_css_main_element_tablet=\u201ddisplay:flex;||flex-direction:row;||justify-content:center;\u201d custom_css_main_element_phone=\u201ddisplay:inherit;\u201d][et_pb_column type=\u201d1_5\u2033 _builder_version=\u201d4.27.0\u2033 _module_preset=\u201ddefault\u201d global_colors_info=\u201d{}\u201d][lwp_divi_flipbox front_background_color=\u201dRGBA(255,255,255,0)\u201d back_body=\u201d\"<\/p>\n<p style=\"%22text-align:\" center; font-size: 20px; padding-bottom: 10px;%22><strong>A\u00e7\u0131k fikirlilik<\/strong><\/p>\n<p>Bir ki\u015finin yeni \u015feylere ve deneyimlere a\u00e7\u0131kl\u0131k d\u00fczeyini g\u00f6sterir.<\/p>\n<p><a class=\"%22flip-button%22\" href=\"\/tr\/%22https:\/\/psna1.com\/ouverture-desprit\/%22\/\">Daha fazlas\u0131n\u0131 \u00f6\u011frenin<\/a><\/p>\n<p>&#8221; back_src=&#8221;https:\/\/psna1.com\/wp-content\/uploads\/2024\/10\/Psona_OpenMindless.svg&#8221; back_background_color=&#8221;#FFFFFF&#8221; flip_card_animation=&#8221;flip_left&#8221; flip_card_3d_effect=&#8221;off&#8221; _builder_version=&#8221;4.27.0&#8243; _module_preset=&#8221;default&#8221; front-body_font=&#8221;||||||||&#8221; back-body_text_color=&#8221;#FFFFFF&#8221; back-body_font_size=&#8221;16px&#8221; back-body_line_height=&#8221;30px&#8221; custom_button=&#8221;on&#8221; button_text_size=&#8221;14px&#8221; button_text_color=&#8221;#FFFFFF&#8221; button_bg_color=&#8221;RGBA(255,255,255,0)&#8221; button_border_width=&#8221;1px&#8221; button_border_color=&#8221;#FFFFFF&#8221; button_border_radius=&#8221;999px&#8221; button_font=&#8221;|600|||||||&#8221; button_use_icon=&#8221;off&#8221; module_alignment=&#8221;left&#8221; custom_css_free_form=&#8221;selector .flip_box_front {||  background:center \/ contain no-repeat url(%22https:\/\/psna1.com\/wp-content\/uploads\/2024\/10\/01.svg%22);||}||||selector .flip-button {||  display:block;||  color:white;||  border:1px solid white;||  font-size:14px;||  font-weight:700;||  border-radius:999px;||  width:180px;||  text-align:center;||  margin:0 auto;||  padding:5px 0;||}&#8221; custom_css_flip_box=&#8221;width:18vw;&#8221; custom_css_back_body=&#8221;background:linear-gradient(#E39309,#F15959);||border-radius:20px;||padding:20px 40px;&#8221; custom_css_back_image=&#8221;margin-bottom:0px;&#8221; custom_css_back_button=&#8221;display:none !important;&#8221; border_radii=&#8221;on|20px|20px|20px|20px&#8221; global_colors_info=&#8221;{}&#8221; custom_css_flip_box_last_edited=&#8221;on|tablet&#8221; custom_css_flip_box_phone=&#8221;width:100%;&#8221; custom_css_flip_box_tablet=&#8221;width:100%;&#8221; custom_css_back_body_last_edited=&#8221;on|desktop&#8221; custom_css_back_body_tablet=&#8221;background:linear-gradient(#E39309,#F15959);||border-radius:20px;||padding:20px 30px;&#8221; custom_css_back_body_phone=&#8221;background:linear-gradient(#E39309,#F15959);||border-radius:20px;||padding:20px 30px;&#8221;][\/lwp_divi_flipbox][\/et_pb_column][et_pb_column type=&#8221;1_5&#8243; _builder_version=&#8221;4.27.0&#8243; _module_preset=&#8221;default&#8221; global_colors_info=&#8221;{}&#8221;][lwp_divi_flipbox front_background_color=&#8221;RGBA(255,255,255,0)&#8221; back_body=&#8221;<\/p>\n<p style=\"%22text-align:\" center; font-size: 20px; padding-bottom: 10px;%22><strong>D\u0131\u015fad\u00f6n\u00fckl\u00fck<\/strong><\/p>\n<p>Sosyalle\u015fmeye ve yeni uyaranlar aramaya y\u00f6nelik g\u00fc\u00e7l\u00fc bir e\u011filimle belirginle\u015fen bir ki\u015filik \u00f6zelli\u011fi.<\/p>\n<p><a class=\"%22flip-button%22\" href=\"\/tr\/%22https:\/\/psna1.com\/extraversion\/%22\/\">Daha fazlas\u0131n\u0131 \u00f6\u011frenin<\/a><\/p>\n<p>&#8221; back_src=&#8221;https:\/\/psna1.com\/wp-content\/uploads\/2024\/10\/Psona_Extraversion.svg&#8221; back_background_color=&#8221;#FFFFFF&#8221; flip_card_animation=&#8221;flip_left&#8221; flip_card_3d_effect=&#8221;off&#8221; _builder_version=&#8221;4.27.0&#8243; _module_preset=&#8221;default&#8221; front-body_font=&#8221;||||||||&#8221; back-body_text_color=&#8221;#FFFFFF&#8221; back-body_font_size=&#8221;16px&#8221; back-body_line_height=&#8221;30px&#8221; custom_button=&#8221;on&#8221; button_text_size=&#8221;14px&#8221; button_text_color=&#8221;#FFFFFF&#8221; button_bg_color=&#8221;RGBA(255,255,255,0)&#8221; button_border_width=&#8221;1px&#8221; button_border_color=&#8221;#FFFFFF&#8221; button_border_radius=&#8221;999px&#8221; button_font=&#8221;|600|||||||&#8221; button_use_icon=&#8221;off&#8221; module_alignment=&#8221;center&#8221; custom_css_free_form=&#8221;selector .flip_box_front {||  background:center \/ contain no-repeat url(%22https:\/\/psna1.com\/wp-content\/uploads\/2024\/10\/02.svg%22);||}||||selector .flip-button {||  display:block;||  color:white;||  border:1px solid white;||  font-size:14px;||  font-weight:700;||  border-radius:999px;||  width:180px;||  text-align:center;||  margin:0 auto;||  padding:5px 0;||  transition: all 0.3s ease-in-out;||}||||selector .flip-button:hover {||  background:white !important;||  transition: all 0.3s ease-in-out;||  color:#111214 !important;||}&#8221; custom_css_flip_box=&#8221;width:18vw;&#8221; custom_css_back_body=&#8221;background:linear-gradient(#E39309,#F15959);||border-radius:20px;||padding:20px 40px;&#8221; custom_css_back_image=&#8221;margin-bottom:0px;&#8221; custom_css_back_button=&#8221;display:none !important;&#8221; border_radii=&#8221;on|20px|20px|20px|20px&#8221; global_colors_info=&#8221;{}&#8221; custom_css_flip_box_last_edited=&#8221;on|tablet&#8221; custom_css_flip_box_phone=&#8221;width:100%;&#8221; custom_css_flip_box_tablet=&#8221;width:100%;&#8221; custom_css_back_body_last_edited=&#8221;on|desktop&#8221; custom_css_back_body_tablet=&#8221;background:linear-gradient(#E39309,#F15959);||border-radius:20px;||padding:20px 30px;&#8221; custom_css_back_body_phone=&#8221;background:linear-gradient(#E39309,#F15959);||border-radius:20px;||padding:20px 30px;&#8221;][\/lwp_divi_flipbox][\/et_pb_column][et_pb_column type=&#8221;1_5&#8243; _builder_version=&#8221;4.27.0&#8243; _module_preset=&#8221;default&#8221; global_colors_info=&#8221;{}&#8221;][lwp_divi_flipbox front_background_color=&#8221;RGBA(255,255,255,0)&#8221; back_body=&#8221;<\/p>\n<p style=\"%22text-align:\" center; font-size: 20px; padding-bottom: 10px;%22><strong>Mesleki sorumluluk duygusu<\/strong><\/p>\n<p>\u0130\u015f ve meslekte \u00f6zen.<\/p>\n<p><a class=\"%22flip-button%22\" href=\"\/tr\/%22https:\/\/psna1.com\/sens-des-responsabilites-professionnelles\/%22\/\">Daha fazlas\u0131n\u0131 \u00f6\u011frenin<\/a><\/p>\n<p>&#8221; back_src=&#8221;https:\/\/psna1.com\/wp-content\/uploads\/2024\/10\/Psona_ProfessionalSense.svg&#8221; back_background_color=&#8221;#FFFFFF&#8221; flip_card_animation=&#8221;flip_left&#8221; flip_card_3d_effect=&#8221;off&#8221; _builder_version=&#8221;4.27.0&#8243; _module_preset=&#8221;default&#8221; front-body_font=&#8221;||||||||&#8221; back-body_text_color=&#8221;#FFFFFF&#8221; back-body_font_size=&#8221;16px&#8221; back-body_line_height=&#8221;30px&#8221; custom_button=&#8221;on&#8221; button_text_size=&#8221;14px&#8221; button_text_color=&#8221;#FFFFFF&#8221; button_bg_color=&#8221;RGBA(255,255,255,0)&#8221; button_border_width=&#8221;1px&#8221; button_border_color=&#8221;#FFFFFF&#8221; button_border_radius=&#8221;999px&#8221; button_font=&#8221;|600|||||||&#8221; button_use_icon=&#8221;off&#8221; module_alignment=&#8221;center&#8221; custom_css_free_form=&#8221;selector .flip_box_front {||  background:center \/ contain no-repeat url(%22https:\/\/psna1.com\/wp-content\/uploads\/2024\/10\/03.svg%22);||}||||selector .flip-button {||  display:block;||  color:white;||  border:1px solid white;||  font-size:14px;||  font-weight:700;||  border-radius:999px;||  width:180px;||  text-align:center;||  margin:0 auto;||  padding:5px 0;||}&#8221; custom_css_flip_box=&#8221;width:18vw;&#8221; custom_css_back_body=&#8221;background:linear-gradient(#E39309,#F15959);||border-radius:20px;||padding:20px 40px;&#8221; custom_css_back_image=&#8221;margin-bottom:0px;&#8221; custom_css_back_button=&#8221;display:none !important;&#8221; border_radii=&#8221;on|20px|20px|20px|20px&#8221; global_colors_info=&#8221;{}&#8221; custom_css_flip_box_last_edited=&#8221;on|tablet&#8221; custom_css_flip_box_phone=&#8221;width:100%;&#8221; custom_css_flip_box_tablet=&#8221;width:100%;&#8221; custom_css_back_body_last_edited=&#8221;on|desktop&#8221; custom_css_back_body_tablet=&#8221;background:linear-gradient(#E39309,#F15959);||border-radius:20px;||padding:20px 30px;&#8221; custom_css_back_body_phone=&#8221;background:linear-gradient(#E39309,#F15959);||border-radius:20px;||padding:20px 30px;&#8221;][\/lwp_divi_flipbox][\/et_pb_column][et_pb_column type=&#8221;1_5&#8243; _builder_version=&#8221;4.27.0&#8243; _module_preset=&#8221;default&#8221; global_colors_info=&#8221;{}&#8221;][lwp_divi_flipbox front_background_color=&#8221;RGBA(255,255,255,0)&#8221; back_body=&#8221;<\/p>\n<p style=\"%22text-align:\" center; font-size: 20px; padding-bottom: 10px;%22><strong>Sosyallik<\/strong><\/p>\n<p>Sosyallik, tak\u0131m ruhunu, sosyal etkile\u015fimi ve ba\u015fkalar\u0131yla iyi ge\u00e7inme becerisini \u00f6l\u00e7er.<\/p>\n<p><a class=\"%22flip-button%22\" href=\"\/tr\/%22https:\/\/psna1.com\/sociabilite\/%22\/\">Daha fazlas\u0131n\u0131 \u00f6\u011frenin<\/a><\/p>\n<p>&#8221; back_src=&#8221;https:\/\/psna1.com\/wp-content\/uploads\/2024\/10\/Psona_Neuroticism.svg&#8221; back_background_color=&#8221;#FFFFFF&#8221; flip_card_animation=&#8221;flip_left&#8221; flip_card_3d_effect=&#8221;off&#8221; _builder_version=&#8221;4.27.0&#8243; _module_preset=&#8221;default&#8221; front-body_font=&#8221;||||||||&#8221; back-body_text_color=&#8221;#FFFFFF&#8221; back-body_font_size=&#8221;16px&#8221; back-body_line_height=&#8221;30px&#8221; custom_button=&#8221;on&#8221; button_text_size=&#8221;14px&#8221; button_text_color=&#8221;#FFFFFF&#8221; button_bg_color=&#8221;RGBA(255,255,255,0)&#8221; button_border_width=&#8221;1px&#8221; button_border_color=&#8221;#FFFFFF&#8221; button_border_radius=&#8221;999px&#8221; button_font=&#8221;|600|||||||&#8221; button_use_icon=&#8221;off&#8221; module_alignment=&#8221;center&#8221; custom_css_free_form=&#8221;selector .flip_box_front {||  background:center \/ contain no-repeat url(%22https:\/\/psna1.com\/wp-content\/uploads\/2024\/10\/04.svg%22);||}||||selector .flip-button {||  display:block;||  color:white;||  border:1px solid white;||  font-size:14px;||  font-weight:700;||  border-radius:999px;||  width:180px;||  text-align:center;||  margin:0 auto;||  padding:5px 0;||}&#8221; custom_css_flip_box=&#8221;width:18vw;&#8221; custom_css_back_body=&#8221;background:linear-gradient(#E39309,#F15959);||border-radius:20px;||padding:20px 40px;&#8221; custom_css_back_image=&#8221;margin-bottom:0px;&#8221; custom_css_back_button=&#8221;display:none !important;&#8221; border_radii=&#8221;on|20px|20px|20px|20px&#8221; global_colors_info=&#8221;{}&#8221; custom_css_flip_box_last_edited=&#8221;on|tablet&#8221; custom_css_flip_box_phone=&#8221;width:100%;&#8221; custom_css_flip_box_tablet=&#8221;width:100%;&#8221; custom_css_back_body_last_edited=&#8221;on|phone&#8221; custom_css_back_body_tablet=&#8221;background:linear-gradient(#E39309,#F15959);||border-radius:20px;||padding:20px 30px;&#8221; custom_css_back_body_phone=&#8221;background:linear-gradient(#E39309,#F15959);||border-radius:20px;||padding:20px 30px;&#8221;][\/lwp_divi_flipbox][\/et_pb_column][et_pb_column type=&#8221;1_5&#8243; _builder_version=&#8221;4.27.0&#8243; _module_preset=&#8221;default&#8221; global_colors_info=&#8221;{}&#8221;][lwp_divi_flipbox front_background_color=&#8221;RGBA(255,255,255,0)&#8221; back_body=&#8221;<\/p>\n<p style=\"%22text-align:\" center; font-size: 20px; padding-bottom: 10px;%22><strong>Nevrotiklik<\/strong><\/p>\n<p>Nevrotiklik d\u00fczeyi y\u00fcksek olan bir ki\u015fi olumsuz duygular hissetme e\u011filimindedir.<\/p>\n<p><a class=\"%22flip-button%22\" href=\"\/tr\/%22https:\/\/psna1.com\/nevrotisme\/%22\/\">Daha fazlas\u0131n\u0131 \u00f6\u011frenin<\/a><\/p>\n<p>&#8221; back_src=&#8221;https:\/\/psna1.com\/wp-content\/uploads\/2024\/10\/Psona_Sociability.svg&#8221; back_background_color=&#8221;#FFFFFF&#8221; flip_card_animation=&#8221;flip_left&#8221; flip_card_3d_effect=&#8221;off&#8221; _builder_version=&#8221;4.27.0&#8243; _module_preset=&#8221;default&#8221; front-body_font=&#8221;||||||||&#8221; back-body_text_color=&#8221;#FFFFFF&#8221; back-body_font_size=&#8221;16px&#8221; back-body_line_height=&#8221;30px&#8221; custom_button=&#8221;on&#8221; button_text_size=&#8221;14px&#8221; button_text_color=&#8221;#FFFFFF&#8221; button_bg_color=&#8221;RGBA(255,255,255,0)&#8221; button_border_width=&#8221;1px&#8221; button_border_color=&#8221;#FFFFFF&#8221; button_border_radius=&#8221;999px&#8221; button_font=&#8221;|600|||||||&#8221; button_use_icon=&#8221;off&#8221; module_alignment=&#8221;center&#8221; custom_css_free_form=&#8221;selector .flip_box_front {||  background:center \/ contain no-repeat url(%22https:\/\/psna1.com\/wp-content\/uploads\/2024\/10\/05.svg%22);||}||||selector .flip-button {||  display:block;||  color:white;||  border:1px solid white;||  font-size:14px;||  font-weight:700;||  border-radius:999px;||  width:180px;||  text-align:center;||  margin:0 auto;||  padding:5px 0;||}||||&#8221; custom_css_flip_box=&#8221;width:18vw;||&#8221; custom_css_back_body=&#8221;background:linear-gradient(#E39309,#F15959);||border-radius:20px;||padding:20px 40px;&#8221; custom_css_back_image=&#8221;margin-bottom:0px;&#8221; custom_css_back_button=&#8221;display:none !important;&#8221; border_radii=&#8221;on|20px|20px|20px|20px&#8221; global_colors_info=&#8221;{}&#8221; custom_css_flip_box_last_edited=&#8221;on|tablet&#8221; custom_css_flip_box_phone=&#8221;width:100%;&#8221; custom_css_flip_box_tablet=&#8221;width:100%;&#8221; custom_css_back_body_last_edited=&#8221;on|phone&#8221; custom_css_back_body_tablet=&#8221;background:linear-gradient(#E39309,#F15959);||border-radius:20px;||padding:20px 30px;&#8221; custom_css_back_body_phone=&#8221;background:linear-gradient(#E39309,#F15959);||border-radius:20px;||padding:20px 30px;&#8221;][\/lwp_divi_flipbox][\/et_pb_column][\/et_pb_row][\/et_pb_section]<\/p>","protected":false},"excerpt":{"rendered":"<p>Comment \u00e7a marche ? 01Effectuer le testNotre objectif est de garantir la fiabilit\u00e9 et l&#8217;exhaustivit\u00e9 maximales de ce test. Pour cela, veuillez r\u00e9pondre aux questions avec honn\u00eatet\u00e9 et \u00e9viter autant que possible les r\u00e9ponses neutres. Votre engagement dans les r\u00e9ponses permettra d&#8217;obtenir des r\u00e9sultats plus pr\u00e9cis.02Acc\u00e9der \u00e0 vos r\u00e9sultatsPour vos r\u00e9sultats, il vous faudra simplement [&hellip;]<\/p>","protected":false},"author":1,"featured_media":0,"parent":0,"menu_order":0,"comment_status":"closed","ping_status":"closed","template":"","meta":{"_et_pb_use_builder":"on","_et_pb_old_content":"<!-- wp:divi\/placeholder \/-->","_et_gb_content_width":"","inline_featured_image":false,"footnotes":""},"class_list":["post-142","page","type-page","status-publish","hentry"],"_links":{"self":[{"href":"https:\/\/psna1.com\/tr\/wp-json\/wp\/v2\/pages\/142","targetHints":{"allow":["GET"]}}],"collection":[{"href":"https:\/\/psna1.com\/tr\/wp-json\/wp\/v2\/pages"}],"about":[{"href":"https:\/\/psna1.com\/tr\/wp-json\/wp\/v2\/types\/page"}],"author":[{"embeddable":true,"href":"https:\/\/psna1.com\/tr\/wp-json\/wp\/v2\/users\/1"}],"replies":[{"embeddable":true,"href":"https:\/\/psna1.com\/tr\/wp-json\/wp\/v2\/comments?post=142"}],"version-history":[{"count":10,"href":"https:\/\/psna1.com\/tr\/wp-json\/wp\/v2\/pages\/142\/revisions"}],"predecessor-version":[{"id":916,"href":"https:\/\/psna1.com\/tr\/wp-json\/wp\/v2\/pages\/142\/revisions\/916"}],"wp:attachment":[{"href":"https:\/\/psna1.com\/tr\/wp-json\/wp\/v2\/media?parent=142"}],"curies":[{"name":"wp","href":"https:\/\/api.w.org\/{rel}","templated":true}]}}