{"id":138,"date":"2024-09-05T10:22:57","date_gmt":"2024-09-05T10:22:57","guid":{"rendered":"https:\/\/psona.io\/?page_id=138"},"modified":"2024-10-03T13:19:29","modified_gmt":"2024-10-03T13:19:29","slug":"a-propos","status":"publish","type":"page","link":"https:\/\/psna1.com\/tr\/a-propos\/","title":{"rendered":"Hakk\u0131m\u0131zda"},"content":{"rendered":"<p>[et_pb_section fb_built=&#8221;1&#8243; custom_padding_last_edited=&#8221;on|tablet&#8221; admin_label=&#8221;Header&#8221; _builder_version=&#8221;4.27.0&#8243; custom_margin=&#8221;0px||0px||true|false&#8221; custom_padding=&#8221;0px||0px||true|false&#8221; custom_padding_tablet=&#8221;||||true|false&#8221; custom_padding_phone=&#8221;||||true|false&#8221; custom_css_before=&#8221;content:%22%22;||display:block;||position:absolute;||width:900px;||height:700px;||background:url(&#8216;https:\/\/psna1.com\/wp-content\/uploads\/2024\/10\/Groupe-425.svg&#8217;);||background-size:cover;||background-repeat:no-repeat;||bottom:150px;||left:135px;&#8221; locked=&#8221;off&#8221; global_colors_info=&#8221;{}&#8221; custom_css_before_last_edited=&#8221;on|phone&#8221; custom_css_before_tablet=&#8221;content:%22%22;||display:block;||position:absolute;||width:900px;||height:700px;||background:url(&#8216;https:\/\/psna1.com\/wp-content\/uploads\/2024\/10\/Groupe-425.svg&#8217;);||background-size:cover;||background-repeat:no-repeat;||bottom:10px;||left:-200px;&#8221; custom_css_before_phone=&#8221;display:none;&#8221;][et_pb_row column_structure=&#8221;1_2,1_2&#8243; use_custom_gutter=&#8221;on&#8221; gutter_width=&#8221;1&#8243; custom_padding_last_edited=&#8221;on|phone&#8221; _builder_version=&#8221;4.27.0&#8243; background_color=&#8221;RGBA(255,255,255,0)&#8221; background_size=&#8221;initial&#8221; background_position=&#8221;top_left&#8221; background_repeat=&#8221;repeat&#8221; width=&#8221;95%&#8221; custom_margin=&#8221;||||true|false&#8221; custom_padding=&#8221;150px||150px||true|true&#8221; custom_padding_tablet=&#8221;80px||80px||true|false&#8221; custom_padding_phone=&#8221;60px||60px||true|false&#8221; border_radii=&#8221;on|50px|50px|50px|50px&#8221; global_colors_info=&#8221;{}&#8221;][et_pb_column type=&#8221;1_2&#8243; _builder_version=&#8221;4.27.0&#8243; custom_padding=&#8221;|||&#8221; global_colors_info=&#8221;{}&#8221; custom_padding__hover=&#8221;|||&#8221; custom_css_main_element_last_edited=&#8221;on|phone&#8221;][et_pb_text module_class=&#8221;title-header&#8221; _builder_version=&#8221;4.27.0&#8243; background_size=&#8221;initial&#8221; background_position=&#8221;top_left&#8221; background_repeat=&#8221;repeat&#8221; width=&#8221;72%&#8221; width_tablet=&#8221;70%&#8221; width_phone=&#8221;68.5%&#8221; width_last_edited=&#8221;on|tablet&#8221; module_alignment=&#8221;center&#8221; custom_margin=&#8221;0px||0px||false|false&#8221; custom_margin_tablet=&#8221;0px||0px||false|false&#8221; custom_margin_phone=&#8221;0px||0px||false|false&#8221; custom_margin_last_edited=&#8221;on|tablet&#8221; custom_padding=&#8221;0px||0px||true|false&#8221; header_font_size_tablet=&#8221;50px&#8221; header_font_size_phone=&#8221;40px&#8221; global_colors_info=&#8221;{}&#8221;]<\/p>\n<h1>Hakk\u0131m\u0131zda<\/h1>\n<p><!-- \/divi:paragraph --><\/p>\n<p>[\/et_pb_text][\/et_pb_column][et_pb_column type=&#8221;1_2&#8243; _builder_version=&#8221;4.27.0&#8243; custom_padding=&#8221;|||&#8221; global_colors_info=&#8221;{}&#8221; custom_padding__hover=&#8221;|||&#8221; custom_css_main_element_last_edited=&#8221;on|phone&#8221;][et_pb_text _builder_version=&#8221;4.27.0&#8243; _module_preset=&#8221;default&#8221; header_4_font=&#8221;|700|||||||&#8221; header_4_text_color=&#8221;#000000&#8243; header_4_font_size=&#8221;20px&#8221; background_color=&#8221;#FFFFFF&#8221; width=&#8221;80%&#8221; width_tablet=&#8221;70%&#8221; width_phone=&#8221;80%&#8221; width_last_edited=&#8221;on|tablet&#8221; custom_margin_tablet=&#8221;50px||||false|false&#8221; custom_margin_phone=&#8221;50px||||false|false&#8221; custom_margin_last_edited=&#8221;on|tablet&#8221; custom_padding=&#8221;30px|40px|30px|40px|true|true&#8221; module_alignment_tablet=&#8221;center&#8221; module_alignment_phone=&#8221;center&#8221; module_alignment_last_edited=&#8221;on|tablet&#8221; custom_css_free_form=&#8221;selector h4 {||  margin-bottom:5px;||}&#8221; border_radii=&#8221;on|20px|20px|20px|20px&#8221; global_colors_info=&#8221;{}&#8221;]<\/p>\n<p><img loading=\"lazy\" decoding=\"async\" src=\"https:\/\/psna1.com\/wp-content\/uploads\/2024\/10\/Groupe-416.svg\" width=\"70\" height=\"70\" alt=\"\" class=\"wp-image-810 alignleft size-thumbnail\" \/><\/p>\n<h4><\/h4>\n<p>&nbsp;<\/p>\n<h4>30 soru<\/h4>\n<p>Sadece birka\u00e7 dakika i\u00e7inde, ki\u015fili\u011finizin derinlemesine analizi i\u00e7in gerekli t\u00fcm hususlar\u0131 ele alaca\u011f\u0131z.<\/p>\n<p>[\/et_pb_text][et_pb_text _builder_version=&#8221;4.27.0&#8243; _module_preset=&#8221;default&#8221; header_4_font=&#8221;|700|||||||&#8221; header_4_text_color=&#8221;#000000&#8243; header_4_font_size=&#8221;20px&#8221; background_color=&#8221;#FFFFFF&#8221; width=&#8221;80%&#8221; width_tablet=&#8221;70%&#8221; width_phone=&#8221;80%&#8221; width_last_edited=&#8221;on|tablet&#8221; custom_margin=&#8221;30px||||false|false&#8221; custom_margin_tablet=&#8221;50px||||false|false&#8221; custom_margin_phone=&#8221;50px||||false|false&#8221; custom_margin_last_edited=&#8221;on|tablet&#8221; custom_padding=&#8221;30px|40px|30px|40px|true|true&#8221; module_alignment_tablet=&#8221;center&#8221; module_alignment_phone=&#8221;center&#8221; module_alignment_last_edited=&#8221;on|tablet&#8221; custom_css_free_form=&#8221;selector h4 {||  margin-bottom:5px;||}&#8221; border_radii=&#8221;on|20px|20px|20px|20px&#8221; global_colors_info=&#8221;{}&#8221;]<\/p>\n<p><img loading=\"lazy\" decoding=\"async\" src=\"https:\/\/psna1.com\/wp-content\/uploads\/2024\/10\/Groupe-418.svg\" width=\"50\" height=\"50\" alt=\"\" class=\"wp-image-811 alignnone size-thumbnail\" \/><\/p>\n<h4>Bilimsel olarak tan\u0131nm\u0131\u015f<\/h4>\n<p>Ki\u015filik testlerimiz do\u011fru ve g\u00fcvenilir sonu\u00e7lar vermektedir. Lewis Goldberg, Costa ve McCrae gibi \u00f6nde gelen psikologlar taraf\u0131ndan onaylanm\u0131\u015ft\u0131r.<\/p>\n<p>[\/et_pb_text][et_pb_text _builder_version=&#8221;4.27.0&#8243; _module_preset=&#8221;default&#8221; header_4_font=&#8221;|700|||||||&#8221; header_4_text_color=&#8221;#000000&#8243; header_4_font_size=&#8221;20px&#8221; background_color=&#8221;#FFFFFF&#8221; width=&#8221;80%&#8221; width_tablet=&#8221;70%&#8221; width_phone=&#8221;80%&#8221; width_last_edited=&#8221;on|tablet&#8221; custom_margin=&#8221;30px||||false|false&#8221; custom_margin_tablet=&#8221;50px||||false|false&#8221; custom_margin_phone=&#8221;50px||||false|false&#8221; custom_margin_last_edited=&#8221;on|tablet&#8221; custom_padding=&#8221;30px|40px|30px|40px|true|true&#8221; module_alignment_tablet=&#8221;center&#8221; module_alignment_phone=&#8221;center&#8221; module_alignment_last_edited=&#8221;on|tablet&#8221; custom_css_free_form=&#8221;selector h4 {||  margin-bottom:5px;||}&#8221; border_radii=&#8221;on|20px|20px|20px|20px&#8221; global_colors_info=&#8221;{}&#8221;]<\/p>\n<p><img loading=\"lazy\" decoding=\"async\" src=\"https:\/\/psna1.com\/wp-content\/uploads\/2024\/10\/Groupe-420.svg\" width=\"60\" height=\"60\" alt=\"\" class=\"wp-image-812 alignnone size-thumbnail\" \/><\/p>\n<h4>Anl\u0131k sonu\u00e7lar<\/h4>\n<p>Test tamamland\u0131ktan sonra sonu\u00e7lar\u0131n\u0131z\u0131 hemen alacaks\u0131n\u0131z.<\/p>\n<p>[\/et_pb_text][\/et_pb_column][\/et_pb_row][\/et_pb_section][et_pb_section fb_built=&#8221;1&#8243; admin_label=&#8221;The project&#8221; _builder_version=&#8221;4.27.0&#8243; _module_preset=&#8221;default&#8221; custom_margin=&#8221;0px||0px||true|false&#8221; custom_padding=&#8221;0px||0px||true|false&#8221; global_colors_info=&#8221;{}&#8221;][et_pb_row column_structure=&#8221;2_5,3_5&#8243; make_equal=&#8221;on&#8221; _builder_version=&#8221;4.27.0&#8243; _module_preset=&#8221;default&#8221; width=&#8221;68.5%&#8221; global_colors_info=&#8221;{}&#8221;][et_pb_column type=&#8221;2_5&#8243; _builder_version=&#8221;4.27.0&#8243; _module_preset=&#8221;default&#8221; global_colors_info=&#8221;{}&#8221;][et_pb_image src=&#8221;https:\/\/psna1.com\/wp-content\/uploads\/2024\/10\/Groupe-432.svg&#8221; title_text=&#8221;Groupe 432&#8243; _builder_version=&#8221;4.27.0&#8243; _module_preset=&#8221;default&#8221; global_colors_info=&#8221;{}&#8221;][\/et_pb_image][\/et_pb_column][et_pb_column type=&#8221;3_5&#8243; _builder_version=&#8221;4.27.0&#8243; _module_preset=&#8221;default&#8221; custom_css_main_element=&#8221;display:flex;||flex-direction:column;||justify-content:center;||&#8221; global_colors_info=&#8221;{}&#8221;][et_pb_text _builder_version=&#8221;4.27.0&#8243; _module_preset=&#8221;default&#8221; header_5_font=&#8221;|600||on|||||&#8221; header_5_text_color=&#8221;#16171a&#8221; header_5_font_size=&#8221;18px&#8221; header_5_letter_spacing=&#8221;1px&#8221; custom_margin=&#8221;||0px||false|false&#8221; custom_padding=&#8221;||0px||false|false&#8221; locked=&#8221;off&#8221; global_colors_info=&#8221;{}&#8221;]<\/p>\n<h5>Ki\u015filiklerin incelenmesi i\u00e7in<\/h5>\n<p>[\/et_pb_text][et_pb_text _builder_version=&#8221;4.27.0&#8243; _module_preset=&#8221;default&#8221; header_2_text_color=&#8221;#000000&#8243; custom_margin=&#8221;||0px||false|false&#8221; custom_padding=&#8221;||0px||false|false&#8221; locked=&#8221;off&#8221; global_colors_info=&#8221;{}&#8221;]<\/p>\n<h2>Proje<\/h2>\n<p>[\/et_pb_text][et_pb_text _builder_version=&#8221;4.27.0&#8243; _module_preset=&#8221;default&#8221; text_line_height=&#8221;1.8em&#8221; width=&#8221;100%&#8221; width_tablet=&#8221;75%&#8221; width_phone=&#8221;100%&#8221; width_last_edited=&#8221;on|desktop&#8221; custom_margin=&#8221;0px||||false|false&#8221; custom_padding=&#8221;0px||||false|false&#8221; global_colors_info=&#8221;{}&#8221;]<\/p>\n<p>Bu projenin amac\u0131, kendinizi daha iyi anlaman\u0131z ve ayd\u0131nlanm\u0131\u015f ki\u015fisel geli\u015fiminiz i\u00e7in g\u00fc\u00e7l\u00fc y\u00f6nlerinizi ve geli\u015fim alanlar\u0131n\u0131z\u0131 vurgulayarak ki\u015fili\u011finizin kesin bir analizini sa\u011flamakt\u0131r. Ayr\u0131ca adaylar\u0131 h\u0131zl\u0131 ve etkili bir \u015fekilde de\u011ferlendirmek i\u00e7in kurumsal i\u015fe al\u0131mlarda da kullan\u0131labilir.<\/p>\n<p>Test, bir ki\u015finin ki\u015fili\u011fini tan\u0131mlayan be\u015f temel psikolojik ilkeye dayanmaktad\u0131r ve g\u00fcvenilirlik ve inan\u0131l\u0131rl\u0131\u011f\u0131 garanti eden bilimsel olarak onaylanm\u0131\u015ft\u0131r.<\/p>\n<p>[\/et_pb_text][\/et_pb_column][\/et_pb_row][\/et_pb_section][et_pb_section fb_built=&#8221;1&#8243; custom_padding_last_edited=&#8221;on|phone&#8221; admin_label=&#8221;The Company&#8221; _builder_version=&#8221;4.27.0&#8243; _module_preset=&#8221;default&#8221; custom_margin_tablet=&#8221;&#8221; custom_margin_phone=&#8221;||0px||false|false&#8221; custom_margin_last_edited=&#8221;on|phone&#8221; custom_padding_tablet=&#8221;&#8221; custom_padding_phone=&#8221;||10px||false|false&#8221; global_colors_info=&#8221;{}&#8221;][et_pb_row column_structure=&#8221;2_3,1_3&#8243; use_custom_gutter=&#8221;on&#8221; gutter_width=&#8221;1&#8243; make_equal=&#8221;on&#8221; module_class=&#8221;about-us-row&#8221; _builder_version=&#8221;4.27.0&#8243; _module_preset=&#8221;default&#8221; width=&#8221;68.5%&#8221; global_colors_info=&#8221;{}&#8221;][et_pb_column type=&#8221;2_3&#8243; module_class=&#8221;col-right&#8221; _builder_version=&#8221;4.27.0&#8243; _module_preset=&#8221;default&#8221; global_colors_info=&#8221;{}&#8221;][et_pb_text _builder_version=&#8221;4.27.0&#8243; _module_preset=&#8221;default&#8221; text_line_height=&#8221;1.8em&#8221; header_4_font=&#8221;|700|||||||&#8221; header_4_text_color=&#8221;#034833&#8243; header_4_font_size=&#8221;20px&#8221; background_color=&#8221;#FFFFFF&#8221; width_tablet=&#8221;100%&#8221; width_phone=&#8221;100%&#8221; width_last_edited=&#8221;on|desktop&#8221; custom_margin=&#8221;0px||0px||true|false&#8221; custom_padding=&#8221;60px|60px|60px|60px|true|true&#8221; custom_padding_tablet=&#8221;60px|60px|60px|60px|true|true&#8221; custom_padding_phone=&#8221;|30px||30px|true|true&#8221; custom_padding_last_edited=&#8221;on|phone&#8221; border_radii=&#8221;on|20px|20px|20px|20px&#8221; global_colors_info=&#8221;{}&#8221;]<\/p>\n<h4>\u015eirket<\/h4>\n<p>Hem test i\u00e7eri\u011fi hem de kullan\u0131c\u0131 deneyimi a\u00e7\u0131s\u0131ndan size y\u00fcksek kaliteli bir hizmet sunmay\u0131 taahh\u00fct ediyoruz. Amac\u0131m\u0131z, ki\u015fisel geli\u015fim veya i\u015fe al\u0131m s\u00fcre\u00e7lerinizde size destek olmakt\u0131r. Herhangi bir sorunuz olursa l\u00fctfen bizimle ileti\u015fime ge\u00e7mekten \u00e7ekinmeyin.<\/p>\n<p><a class=\"contact-btn\" href=\"https:\/\/psna1.com\/tr\/contact\/\">Bize ula\u015f\u0131n<\/a><\/p>\n<p>[\/et_pb_text][et_pb_text _builder_version=&#8221;4.27.0&#8243; _module_preset=&#8221;default&#8221; width=&#8221;100%&#8221; global_colors_info=&#8221;{}&#8221;]<\/p>\n<div class=\"about-row\">\n<div class=\"values\">\n<p><span class=\"title\">De\u011ferlerimiz<\/span><\/p>\n<ul>\n<li>G\u00fcven<\/li>\n<li>G\u00fcvenilirlik<\/li>\n<li>Performans\u00a0<\/li>\n<\/ul>\n<\/div>\n<div class=\"experiences\">\n<p><span class=\"title\">Bizim deneyimimiz<\/span><\/p>\n<ul>\n<li>100.000'in \u00fczerinde test ger\u00e7ekle\u015ftirildi<\/li>\n<li>Sertifikal\u0131 sa\u011fl\u0131k uzmanlar\u0131ndan destek<\/li>\n<li>T\u00fcm testlerin belgelendirilmesi<\/li>\n<\/ul>\n<\/div>\n<\/div>\n<p>[\/et_pb_text][\/et_pb_column][et_pb_column type=&#8221;1_3&#8243; module_class=&#8221;col-left&#8221; disabled_on=&#8221;on|on|off&#8221; _builder_version=&#8221;4.27.0&#8243; _module_preset=&#8221;default&#8221; custom_padding_tablet=&#8221;||40px||false|false&#8221; custom_padding_phone=&#8221;||40px||false|false&#8221; custom_padding_last_edited=&#8221;on|tablet&#8221; global_colors_info=&#8221;{}&#8221; custom_css_main_element_last_edited=&#8221;on|tablet&#8221;][et_pb_image src=&#8221;https:\/\/psna1.com\/wp-content\/uploads\/2024\/10\/Image-About.svg&#8221; title_text=&#8221;Image-About&#8221; _builder_version=&#8221;4.27.0&#8243; _module_preset=&#8221;default&#8221; global_colors_info=&#8221;{}&#8221;][\/et_pb_image][\/et_pb_column][\/et_pb_row][\/et_pb_section][et_pb_section fb_built=&#8221;1&#8243; admin_label=&#8221;Test&#8221; _builder_version=&#8221;4.27.0&#8243; _module_preset=&#8221;default&#8221; custom_margin=&#8221;0px||0px||true|false&#8221; custom_padding=&#8221;30px||30px||true|false&#8221; locked=&#8221;off&#8221; global_colors_info=&#8221;{}&#8221;][et_pb_row column_structure=&#8221;1_2,1_2&#8243; module_class=&#8221;test-row&#8221; _builder_version=&#8221;4.27.0&#8243; _module_preset=&#8221;default&#8221; width=&#8221;75%&#8221; global_colors_info=&#8221;{}&#8221;][et_pb_column type=&#8221;1_2&#8243; module_class=&#8221;image-col&#8221; _builder_version=&#8221;4.27.0&#8243; _module_preset=&#8221;default&#8221; global_colors_info=&#8221;{}&#8221;][et_pb_image src=&#8221;https:\/\/psna1.com\/wp-content\/uploads\/2024\/10\/image-dfdf.svg&#8221; title_text=&#8221;image-dfdf&#8221; align=&#8221;center&#8221; _builder_version=&#8221;4.27.0&#8243; _module_preset=&#8221;default&#8221; width_tablet=&#8221;75%&#8221; width_phone=&#8221;95%&#8221; width_last_edited=&#8221;on|tablet&#8221; module_alignment_tablet=&#8221;left&#8221; module_alignment_phone=&#8221;left&#8221; module_alignment_last_edited=&#8221;on|tablet&#8221; global_colors_info=&#8221;{}&#8221;][\/et_pb_image][\/et_pb_column][et_pb_column type=&#8221;1_2&#8243; _builder_version=&#8221;4.27.0&#8243; _module_preset=&#8221;default&#8221; global_colors_info=&#8221;{}&#8221;][et_pb_text _builder_version=&#8221;4.27.0&#8243; _module_preset=&#8221;default&#8221; custom_margin=&#8221;0px||20px||false|false&#8221; custom_margin_tablet=&#8221;0px||20px||false|false&#8221; custom_margin_phone=&#8221;0px||20px||false|false&#8221; custom_margin_last_edited=&#8221;on|tablet&#8221; custom_padding=&#8221;||0px||false|false&#8221; global_colors_info=&#8221;{}&#8221;]<\/p>\n<h2>Testimiz<\/h2>\n<p>[\/et_pb_text][et_pb_text _builder_version=\u201d4.27.0\u2033 _module_preset=\u201ddefault\u201d custom_css_free_form=\u201dselector li::marker {|| color:#E39309;||}|selector li {|| margin-left:20px;||}\u201d global_colors_info=\u201d{}\u201d]<\/p>\n<p>Bu test, kendinizi daha iyi anlayabilmeniz ve se\u00e7ti\u011finiz alanda ilerleyebilmeniz i\u00e7in ki\u015fili\u011finizin, g\u00fc\u00e7l\u00fc ve zay\u0131f y\u00f6nlerinizin kesin bir de\u011ferlendirmesini yapmak \u00fczere tasarlanm\u0131\u015ft\u0131r.<\/p>\n<p>Be\u015f temel alan etraf\u0131nda yap\u0131land\u0131r\u0131lm\u0131\u015ft\u0131r:<\/p>\n<ul>\n<li>Sosyallik<\/li>\n<li>Profesyonel sorumluluk duygusu<\/li>\n<li>D\u0131\u015fad\u00f6n\u00fckl\u00fck<\/li>\n<li>A\u00e7\u0131k fikirlilik<\/li>\n<li>Nevrotiklik\/do\u011fal tepkiler<\/li>\n<\/ul>\n<p><strong><span style=\"text-decoration: underline; text-underline-offset: 5px;\">Premium aboneler i\u00e7in :<\/span><\/strong><\/p>\n<p><span><\/span><\/p>\n<div>\n<ul>\n<li>30 ila 180 soru aras\u0131nda de\u011fi\u015fen \u00f6zel derinlemesine testlere eri\u015fim.<\/li>\n<li>\"Hesab\u0131m\" alan\u0131ndan sonu\u00e7lar\u0131n\u0131z\u0131n eksiksiz bir ge\u00e7mi\u015fine eri\u015fim.<\/li>\n<li>Testlerimizin s\u0131n\u0131rs\u0131z kullan\u0131m\u0131.<\/li>\n<\/ul>\n<\/div>\n<p>[\/et_pb_text][et_pb_button button_url=&#8221;@ET-DC@eyJkeW5hbWljIjp0cnVlLCJjb250ZW50IjoicG9zdF9saW5rX3VybF9wYWdlIiwic2V0dGluZ3MiOnsicG9zdF9pZCI6IjE0MiJ9fQ==@&#8221; button_text=&#8221;Comment \u00e7a marche&#8221; module_class=&#8221;green-btn&#8221; _builder_version=&#8221;4.27.0&#8243; _dynamic_attributes=&#8221;button_url&#8221; _module_preset=&#8221;default&#8221; button_text_size=&#8221;16px&#8221; button_text_color=&#8221;#FFFFFF&#8221; button_bg_use_color_gradient=&#8221;on&#8221; button_bg_color_gradient_stops=&#8221;#e39309 0%|#f15959 100%&#8221; button_border_width=&#8221;0px&#8221; button_border_color=&#8221;#FFFFFF&#8221; button_icon_color=&#8221;#FFFFFF&#8221; hover_enabled=&#8221;0&#8243; global_colors_info=&#8221;{}&#8221; button_bg_color__hover_enabled=&#8221;off|hover&#8221; button_bg_color__hover=&#8221;#53a018&#8243; button_bg_enable_color__hover=&#8221;on&#8221; sticky_enabled=&#8221;0&#8243;][\/et_pb_button][\/et_pb_column][\/et_pb_row][\/et_pb_section][et_pb_section fb_built=&#8221;1&#8243; admin_label=&#8221;The Reviews&#8221; _builder_version=&#8221;4.27.0&#8243; _module_preset=&#8221;default&#8221; global_colors_info=&#8221;{}&#8221;][et_pb_row column_structure=&#8221;1_3,1_3,1_3&#8243; use_custom_gutter=&#8221;on&#8221; gutter_width=&#8221;2&#8243; make_equal=&#8221;on&#8221; _builder_version=&#8221;4.27.0&#8243; _module_preset=&#8221;default&#8221; width=&#8221;55%&#8221; width_tablet=&#8221;55%&#8221; width_phone=&#8221;80%&#8221; width_last_edited=&#8221;on|phone&#8221; global_colors_info=&#8221;{}&#8221;][et_pb_column type=&#8221;1_3&#8243; _builder_version=&#8221;4.27.0&#8243; _module_preset=&#8221;default&#8221; background_color=&#8221;#FFFFFF&#8221; custom_padding=&#8221;40px|40px|40px|40px|true|true&#8221; border_radii=&#8221;on|20px|20px|20px|20px&#8221; border_width_all=&#8221;1px&#8221; border_color_all=&#8221;#e3dbd8&#8243; global_colors_info=&#8221;{}&#8221;][et_pb_image src=&#8221;https:\/\/psna1.com\/wp-content\/uploads\/2024\/09\/Icon-Review.svg&#8221; title_text=&#8221;Icon-Review&#8221; align_tablet=&#8221;center&#8221; align_phone=&#8221;center&#8221; align_last_edited=&#8221;on|tablet&#8221; _builder_version=&#8221;4.27.0&#8243; _module_preset=&#8221;default&#8221; custom_margin=&#8221;||0px||false|false&#8221; custom_padding=&#8221;||20px||false|false&#8221; global_colors_info=&#8221;{}&#8221;][\/et_pb_image][et_pb_text _builder_version=&#8221;4.27.0&#8243; _module_preset=&#8221;default&#8221; header_text_align=&#8221;left&#8221; header_4_font=&#8221;|700|||||||&#8221; header_4_text_align=&#8221;left&#8221; header_4_text_color=&#8221;#111214&#8243; header_4_font_size=&#8221;22px&#8221; text_orientation=&#8221;center&#8221; custom_margin=&#8221;0px||0px||true|false&#8221; custom_padding=&#8221;0px||||false|false&#8221; header_4_text_align_tablet=&#8221;center&#8221; header_4_text_align_phone=&#8221;center&#8221; header_4_text_align_last_edited=&#8221;on|desktop&#8221; custom_css_free_form=&#8221;selector h4 {||  margin-bottom:20px;||}&#8221; global_colors_info=&#8221;{}&#8221;]<\/p>\n<h4>Jeanne, 36 ya\u015f\u0131nda<\/h4>\n<p>\"Kapsaml\u0131 ve eksiksiz bir test\".<\/p>\n<p>[\/et_pb_text][\/et_pb_column][et_pb_column type=&#8221;1_3&#8243; _builder_version=&#8221;4.27.0&#8243; _module_preset=&#8221;default&#8221; background_color=&#8221;#FFFFFF&#8221; custom_padding=&#8221;40px|40px|40px|40px|true|true&#8221; border_radii=&#8221;on|20px|20px|20px|20px&#8221; border_width_all=&#8221;1px&#8221; border_color_all=&#8221;#e3dbd8&#8243; global_colors_info=&#8221;{}&#8221;][et_pb_image src=&#8221;https:\/\/psna1.com\/wp-content\/uploads\/2024\/09\/Icon_Review2.svg&#8221; title_text=&#8221;Icon_Review2&#8243; align_tablet=&#8221;center&#8221; align_phone=&#8221;center&#8221; align_last_edited=&#8221;on|tablet&#8221; _builder_version=&#8221;4.27.0&#8243; _module_preset=&#8221;default&#8221; custom_margin=&#8221;||0px||false|false&#8221; custom_padding=&#8221;||20px||false|false&#8221; global_colors_info=&#8221;{}&#8221;][\/et_pb_image][et_pb_text _builder_version=&#8221;4.27.0&#8243; _module_preset=&#8221;default&#8221; header_text_align=&#8221;left&#8221; header_4_font=&#8221;|700|||||||&#8221; header_4_text_align=&#8221;left&#8221; header_4_text_color=&#8221;#111214&#8243; header_4_font_size=&#8221;22px&#8221; text_orientation=&#8221;center&#8221; custom_margin=&#8221;0px||0px||true|false&#8221; custom_padding=&#8221;0px||||false|false&#8221; header_4_text_align_tablet=&#8221;center&#8221; header_4_text_align_phone=&#8221;center&#8221; header_4_text_align_last_edited=&#8221;on|desktop&#8221; custom_css_free_form=&#8221;selector h4 {||  margin-bottom:20px;||}&#8221; global_colors_info=&#8221;{}&#8221;]<\/p>\n<h4>Nicolas, 27 ya\u015f\u0131nda<\/h4>\n<p>\"Belirtildi\u011fi gibi, h\u0131zl\u0131 ve verimli\"<\/p>\n<p>[\/et_pb_text][\/et_pb_column][et_pb_column type=&#8221;1_3&#8243; _builder_version=&#8221;4.27.0&#8243; _module_preset=&#8221;default&#8221; background_color=&#8221;#FFFFFF&#8221; custom_padding=&#8221;40px|40px|40px|40px|true|true&#8221; border_radii=&#8221;on|20px|20px|20px|20px&#8221; border_width_all=&#8221;1px&#8221; border_color_all=&#8221;#e3dbd8&#8243; global_colors_info=&#8221;{}&#8221;][et_pb_image src=&#8221;https:\/\/psna1.com\/wp-content\/uploads\/2024\/09\/Icon-Review.svg&#8221; title_text=&#8221;Icon-Review&#8221; align_tablet=&#8221;center&#8221; align_phone=&#8221;center&#8221; align_last_edited=&#8221;on|tablet&#8221; _builder_version=&#8221;4.27.0&#8243; _module_preset=&#8221;default&#8221; custom_margin=&#8221;||0px||false|false&#8221; custom_padding=&#8221;||20px||false|false&#8221; global_colors_info=&#8221;{}&#8221;][\/et_pb_image][et_pb_text _builder_version=&#8221;4.27.0&#8243; _module_preset=&#8221;default&#8221; header_text_align=&#8221;left&#8221; header_4_font=&#8221;|700|||||||&#8221; header_4_text_align=&#8221;left&#8221; header_4_text_color=&#8221;#111214&#8243; header_4_font_size=&#8221;22px&#8221; text_orientation=&#8221;center&#8221; custom_margin=&#8221;0px||0px||true|false&#8221; custom_padding=&#8221;0px||||false|false&#8221; header_4_text_align_tablet=&#8221;center&#8221; header_4_text_align_phone=&#8221;center&#8221; header_4_text_align_last_edited=&#8221;on|desktop&#8221; custom_css_free_form=&#8221;selector h4 {||  margin-bottom:20px;||}&#8221; global_colors_info=&#8221;{}&#8221;]<\/p>\n<h4>Jessica, 38 ya\u015f\u0131nda<\/h4>\n<p>\"Nitelikli bir test<\/p>\n<p>[\/et_pb_text][\/et_pb_column][\/et_pb_row][\/et_pb_section]<\/p>","protected":false},"excerpt":{"rendered":"<p>\u00c0 propos &nbsp; 30 questions En quelques minutes, nous abordons tous les aspects indispensables pour une analyse approfondie de votre personnalit\u00e9. Scientifiquement reconnu Nos tests de personnalit\u00e9 fournissent des r\u00e9sultats pr\u00e9cis et fiables. Ils sont valid\u00e9s par des psychologues renomm\u00e9s, notamment Lewis Goldberg, ainsi que Costa et McCrae. R\u00e9sultat imm\u00e9diats Une fois le test termin\u00e9, [&hellip;]<\/p>","protected":false},"author":1,"featured_media":0,"parent":0,"menu_order":0,"comment_status":"closed","ping_status":"closed","template":"","meta":{"_et_pb_use_builder":"on","_et_pb_old_content":"<!-- wp:divi\/placeholder \/-->","_et_gb_content_width":"","inline_featured_image":false,"footnotes":""},"class_list":["post-138","page","type-page","status-publish","hentry"],"_links":{"self":[{"href":"https:\/\/psna1.com\/tr\/wp-json\/wp\/v2\/pages\/138","targetHints":{"allow":["GET"]}}],"collection":[{"href":"https:\/\/psna1.com\/tr\/wp-json\/wp\/v2\/pages"}],"about":[{"href":"https:\/\/psna1.com\/tr\/wp-json\/wp\/v2\/types\/page"}],"author":[{"embeddable":true,"href":"https:\/\/psna1.com\/tr\/wp-json\/wp\/v2\/users\/1"}],"replies":[{"embeddable":true,"href":"https:\/\/psna1.com\/tr\/wp-json\/wp\/v2\/comments?post=138"}],"version-history":[{"count":26,"href":"https:\/\/psna1.com\/tr\/wp-json\/wp\/v2\/pages\/138\/revisions"}],"predecessor-version":[{"id":911,"href":"https:\/\/psna1.com\/tr\/wp-json\/wp\/v2\/pages\/138\/revisions\/911"}],"wp:attachment":[{"href":"https:\/\/psna1.com\/tr\/wp-json\/wp\/v2\/media?parent=138"}],"curies":[{"name":"wp","href":"https:\/\/api.w.org\/{rel}","templated":true}]}}