{"id":149,"date":"2024-09-05T10:24:38","date_gmt":"2024-09-05T10:24:38","guid":{"rendered":"https:\/\/psona.io\/?page_id=149"},"modified":"2024-10-02T10:18:01","modified_gmt":"2024-10-02T10:18:01","slug":"mentions-legales","status":"publish","type":"page","link":"https:\/\/psna1.com\/sv\/mentions-legales\/","title":{"rendered":"Juridisk information"},"content":{"rendered":"<p>[et_pb_section fb_built=&#8221;1&#8243; custom_padding_last_edited=&#8221;on|tablet&#8221; admin_label=&#8221;Header&#8221; _builder_version=&#8221;4.27.0&#8243; custom_margin=&#8221;0px||0px||true|false&#8221; custom_padding=&#8221;0px||0px||true|false&#8221; custom_padding_tablet=&#8221;||||true|false&#8221; custom_padding_phone=&#8221;||||true|false&#8221; locked=&#8221;off&#8221; global_colors_info=&#8221;{}&#8221;][et_pb_row use_custom_gutter=&#8221;on&#8221; gutter_width=&#8221;1&#8243; custom_padding_last_edited=&#8221;on|phone&#8221; _builder_version=&#8221;4.27.0&#8243; width=&#8221;95%&#8221; custom_margin=&#8221;||||true|false&#8221; custom_padding=&#8221;150px||150px||true|true&#8221; custom_padding_tablet=&#8221;80px||80px||true|false&#8221; custom_padding_phone=&#8221;60px||60px||true|false&#8221; border_radii=&#8221;on|50px|50px|50px|50px&#8221; global_colors_info=&#8221;{}&#8221; background_color=&#8221;RGBA(255,255,255,0)&#8221; background_size=&#8221;initial&#8221; background_position=&#8221;top_left&#8221; background_repeat=&#8221;repeat&#8221;][et_pb_column type=&#8221;4_4&#8243; _builder_version=&#8221;4.27.0&#8243; custom_padding=&#8221;|||&#8221; global_colors_info=&#8221;{}&#8221; custom_padding__hover=&#8221;|||&#8221; custom_css_main_element_last_edited=&#8221;on|phone&#8221;][et_pb_text module_class=&#8221;title-header&#8221; _builder_version=&#8221;4.27.0&#8243; background_size=&#8221;initial&#8221; background_position=&#8221;top_left&#8221; background_repeat=&#8221;repeat&#8221; width=&#8221;72%&#8221; width_tablet=&#8221;70%&#8221; width_phone=&#8221;68.5%&#8221; width_last_edited=&#8221;on|tablet&#8221; module_alignment=&#8221;center&#8221; custom_margin=&#8221;0px||0px||false|false&#8221; custom_margin_tablet=&#8221;0px||0px||false|false&#8221; custom_margin_phone=&#8221;0px||0px||false|false&#8221; custom_margin_last_edited=&#8221;on|tablet&#8221; custom_padding=&#8221;0px||0px||true|false&#8221; hover_enabled=&#8221;0&#8243; header_font_size_tablet=&#8221;50px&#8221; header_font_size_phone=&#8221;40px&#8221; global_colors_info=&#8221;{}&#8221; text_orientation=&#8221;center&#8221; sticky_enabled=&#8221;0&#8243;]<\/p>\n<h1>Juridisk information<\/h1>\n<p><!-- \/divi:paragraph --><\/p>\n<p>[\/et_pb_text][\/et_pb_column][\/et_pb_row][\/et_pb_section][et_pb_section fb_built=&#8221;1&#8243; _builder_version=&#8221;4.27.0&#8243; _module_preset=&#8221;default&#8221; global_colors_info=&#8221;{}&#8221;][et_pb_row _builder_version=&#8221;4.27.0&#8243; _module_preset=&#8221;default&#8221; global_colors_info=&#8221;{}&#8221;][et_pb_column type=&#8221;4_4&#8243; _builder_version=&#8221;4.27.0&#8243; _module_preset=&#8221;default&#8221; global_colors_info=&#8221;{}&#8221;][et_pb_text _builder_version=&#8221;4.27.0&#8243; _module_preset=&#8221;default&#8221; header_2_text_align=&#8221;center&#8221; global_colors_info=&#8221;{}&#8221;]<\/p>\n<h2>Inledning<\/h2>\n<p>Ikrafttr\u00e4dande: 30 mars 2023<\/p>\n<p><strong>CLICKBUSTER LTD<\/strong><br \/><strong>63-66 Hatton Garden<\/strong><br \/><strong>London EC1N 8LE<\/strong><br \/><strong>F\u00f6retagsnummer 13014667<\/strong><br \/><strong>Momsregistreringsnummer GB 363 9346 71<\/strong><\/p>\n<p>Fortsatt surfning p\u00e5 v\u00e5r webbplats <a rel=\"noopener\" target=\"_new\" href=\"https:\/\/psna1.com\/sv\/\">https:\/\/psna1.com\/<\/a> (nedan kallad \"Webbplatsen\") f\u00f6ruts\u00e4tter att bes\u00f6kare p\u00e5 Webbplatsen (nedan kallad \"Anv\u00e4ndare\") utan f\u00f6rbeh\u00e5ll accepterar f\u00f6ljande best\u00e4mmelser och Allm\u00e4nna villkor f\u00f6r anv\u00e4ndning (nedan kallade \"Allm\u00e4nna villkor\"). Innan anv\u00e4ndaren anv\u00e4nder funktionerna p\u00e5 v\u00e5r webbplats bekr\u00e4ftar han eller hon att han eller hon har l\u00e4st och godk\u00e4nt dessa villkor.<\/p>\n<p>Den aktuella onlineversionen av v\u00e5ra villkor \u00e4r den enda version som g\u00e4ller under anv\u00e4ndningsperioden av webbplatsen, tills vi ers\u00e4tter den med en ny version.<\/p>\n<p>Webbplatsen hanteras av CLICKBUSTER LTD (nedan kallad \"S\u00e4ljaren\"), som f\u00f6rbeh\u00e5ller sig r\u00e4tten att n\u00e4r som helst \u00e4ndra dessa villkor. All anv\u00e4ndning av v\u00e5r webbplats efter \u00e4ndring av AVB inneb\u00e4r o\u00e5terkalleligt godk\u00e4nnande av anv\u00e4ndaren av den nya versionen. I h\u00e4ndelse av oenighet med v\u00e5ra allm\u00e4nna villkor uppmanas anv\u00e4ndaren att sluta anv\u00e4nda v\u00e5r webbplats.<\/p>\n<p>[\/et_pb_text][et_pb_text _builder_version=&#8221;4.27.0&#8243; _module_preset=&#8221;default&#8221; header_2_text_align=&#8221;center&#8221; global_colors_info=&#8221;{}&#8221;]<\/p>\n<h2>ARTIKEL 1 - DEFINITIONER<\/h2>\n<p>P\u00e5 v\u00e5r webbplats har villkoren nedan f\u00f6ljande inneb\u00f6rd:<\/p>\n<p>\"Inneh\u00e5ll\": avser alla element som utg\u00f6r informationen p\u00e5 v\u00e5r webbplats (text, bilder, videor, algoritmer, programvara, widgets etc.) och som g\u00f6r det m\u00f6jligt f\u00f6r den att fungera, informera anv\u00e4ndare och presentera v\u00e5ra tj\u00e4nster;<\/p>\n<p>\"Immateriella r\u00e4ttigheter\": avser alla immateriella r\u00e4ttigheter och n\u00e4rst\u00e5ende r\u00e4ttigheter (upphovsr\u00e4tt, varum\u00e4rkesr\u00e4ttigheter, patentr\u00e4ttigheter, handelsnamn, databaser etc.) som skyddas av Copyright and Related Rights Act 2000, som \u00e4r till\u00e4mplig vid tidpunkten f\u00f6r anv\u00e4ndarens konsultation av webbplatsen;<\/p>\n<p>\"Funktioner\": avser alla de funktioner som g\u00f6rs tillg\u00e4ngliga f\u00f6r v\u00e5ra anv\u00e4ndare via v\u00e5r webbplats;<\/p>\n<p>\"Webbplatsen\": avser webbplatsen <a rel=\"noopener\" target=\"_new\" href=\"https:\/\/psna1.com\/sv\/\">https:\/\/psna1.com\/<\/a> som drivs av S\u00e4ljaren och g\u00f6rs tillg\u00e4nglig f\u00f6r Anv\u00e4ndare;<\/p>\n<p>\"Anv\u00e4ndare\": avser varje person som anv\u00e4nder v\u00e5r webbplats och har tillg\u00e5ng till dess inneh\u00e5ll.<\/p>\n<p>[\/et_pb_text][et_pb_text _builder_version=&#8221;4.27.0&#8243; _module_preset=&#8221;default&#8221; header_2_text_align=&#8221;center&#8221; global_colors_info=&#8221;{}&#8221;]<\/p>\n<h2>ARTIKEL 2 - R\u00e4ttslig information<\/h2>\n<p>I enlighet med Europaparlamentets och r\u00e5dets f\u00f6rordning [EU] 2018\/679 av den 27 april 2016 om skydd f\u00f6r enskilda personer med avseende p\u00e5 behandling av personuppgifter och om det fria fl\u00f6det av s\u00e5dana uppgifter informeras anv\u00e4ndaren av v\u00e5r webbplats om identiteten p\u00e5 de parter som \u00e4r involverade i skapandet och \u00f6vervakningen av den:<\/p>\n<p>Redaktionell chef: Carlo Ela <a rel=\"noopener\">contact.psona@gmail.com<\/a> .<\/p>\n<p>V\u00e4rd: Scaleway, 8 rue de la Ville l'\u00c9v\u00eaque, 75008 Paris ; <a rel=\"noopener\" target=\"_new\" href=\"https:\/\/www.scaleway.com\/\">https:\/\/www.scaleway.com\/<\/a><\/p>\n<p>Utvecklare: CLICKBUSTER LTD<\/p>\n<p>Dataskyddsombud: Carlo Ela <a rel=\"noopener\">contact.psona@gmail.com<\/a>.<\/p>\n<p>[\/et_pb_text][et_pb_text _builder_version=&#8221;4.27.0&#8243; _module_preset=&#8221;default&#8221; header_2_text_align=&#8221;center&#8221; global_colors_info=&#8221;{}&#8221;]<\/p>\n<h2>ARTIKEL 3 - Skydd av personuppgifter<\/h2>\n<p>F\u00f6r att du ska kunna anv\u00e4nda v\u00e5r webbplats kommer vi att behandla vissa personuppgifter om dig som anv\u00e4ndare. Denna behandling sker i enlighet med dataskyddslagen 2018 och den dataskyddspolicy som finns tillg\u00e4nglig p\u00e5 f\u00f6ljande l\u00e4nk:<\/p>\n<p><a rel=\"noopener\" target=\"_new\" href=\"https:\/\/psna1.com\/sv\/privacy-police\/\">https:\/\/psna1.com\/privacy-police\/<\/a><\/p>\n<p>[\/et_pb_text][et_pb_text _builder_version=&#8221;4.27.0&#8243; _module_preset=&#8221;default&#8221; header_2_text_align=&#8221;center&#8221; global_colors_info=&#8221;{}&#8221;]<\/p>\n<h2>ARTIKEL 4 - Tilltr\u00e4de till webbplatsen<\/h2>\n<div class=\"group\/conversation-turn relative flex w-full min-w-0 flex-col agent-turn\">\n<div class=\"flex-col gap-1 md:gap-3\">\n<div class=\"flex max-w-full flex-col flex-grow\">\n<div data-message-author-role=\"assistant\" data-message-id=\"1921b6bd-7e01-40ec-81aa-bce2a7802030\" dir=\"auto\" class=\"min-h-[20px] text-message flex w-full flex-col items-end gap-2 whitespace-normal break-words [.text-message+&amp;]:mt-5\">\n<div class=\"flex w-full flex-col gap-1 empty:hidden first:pt-[3px]\">\n<div class=\"markdown prose w-full break-words dark:prose-invert dark\">\n<p>Tillg\u00e5ng till och anv\u00e4ndning av webbplatsen \u00e4r f\u00f6rbeh\u00e5llen strikt personligt bruk. Anv\u00e4ndaren f\u00f6rbinder sig att inte anv\u00e4nda webbplatsen, eller den information eller de uppgifter som finns d\u00e4r, f\u00f6r kommersiella, politiska eller reklam\u00e4ndam\u00e5l eller f\u00f6r n\u00e5gon form av kommersiell uppmaning, i synnerhet inte f\u00f6r att skicka o\u00f6nskad e-post.<\/p>\n<p>Tillg\u00e5ng till webbplatsen \u00e4r reserverad f\u00f6r vuxna. S\u00e4ljaren f\u00f6rbeh\u00e5ller sig r\u00e4tten att beg\u00e4ra bevis p\u00e5 \u00e5lder, s\u00e4rskilt om du anv\u00e4nder onlinebest\u00e4llningstj\u00e4nsterna. S\u00e4ljaren kan inte h\u00e5llas ansvarig f\u00f6r minder\u00e5rigas tillg\u00e5ng till webbplatsen eller f\u00f6r felaktig eller vilseledande information som tillhandah\u00e5lls av anv\u00e4ndare p\u00e5 webbplatsen.<\/p>\n<p>Anv\u00e4ndarna \u00e4r personligen ansvariga f\u00f6r att installera de IT- och telekommunikationsresurser som kr\u00e4vs f\u00f6r att f\u00e5 tillg\u00e5ng till webbplatsen. De ska st\u00e5 f\u00f6r de telekommunikationskostnader som \u00e4r f\u00f6rknippade med Internet\u00e5tkomst via webbplatsen.<\/p>\n<\/div>\n<\/div>\n<\/div>\n<\/div>\n<\/div>\n<\/div>\n<p>[\/et_pb_text][et_pb_text _builder_version=&#8221;4.27.0&#8243; _module_preset=&#8221;default&#8221; header_2_text_align=&#8221;center&#8221; global_colors_info=&#8221;{}&#8221;]<\/p>\n<h2>ARTIKEL 5 - Beskrivning av de tj\u00e4nster som tillhandah\u00e5lls<\/h2>\n<p>Vi str\u00e4var efter att tillhandah\u00e5lla information som \u00e4r s\u00e5 korrekt som m\u00f6jligt, men vi kan inte h\u00e5llas ansvariga f\u00f6r eventuella utel\u00e4mnanden, felaktigheter eller underl\u00e5tenhet att uppdatera information. All information som tillhandah\u00e5lls p\u00e5 Webbplatsen ges endast i informationssyfte och \u00e4r inte utt\u00f6mmande. Den tillhandah\u00e5lls med f\u00f6rbeh\u00e5ll f\u00f6r eventuella \u00e4ndringar som kan ha gjorts sedan den lades ut p\u00e5 n\u00e4tet.<\/p>\n<p>[\/et_pb_text][et_pb_text _builder_version=&#8221;4.27.0&#8243; _module_preset=&#8221;default&#8221; header_2_text_align=&#8221;center&#8221; global_colors_info=&#8221;{}&#8221;]<\/p>\n<h2>ARTIKEL 6 - Immateriella r\u00e4ttigheter<\/h2>\n<p><strong>6.1 V\u00e5r webbplats<\/strong><\/p>\n<p>Alla varum\u00e4rken, fotografier, texter, kommentarer, illustrationer, animerade bilder eller stillbilder, videosekvenser, ljud, liksom alla datorprogram som kan anv\u00e4ndas f\u00f6r att driva webbplatsen och, mer allm\u00e4nt, alla element som reproduceras eller anv\u00e4nds p\u00e5 webbplatsen, skyddas av g\u00e4llande immaterialr\u00e4ttslig lagstiftning.<\/p>\n<p>De \u00e4r helt och h\u00e5llet s\u00e4ljarens eller dess kommersiella partners egendom. All reproduktion, representation, anv\u00e4ndning eller anpassning, i vilken form som helst, av hela eller delar av dessa element, inklusive datorprogram, utan f\u00f6reg\u00e5ende skriftligt medgivande fr\u00e5n utgivaren, \u00e4r str\u00e4ngt f\u00f6rbjuden. Det faktum att utgivaren inte vidtar r\u00e4ttsliga \u00e5tg\u00e4rder s\u00e5 snart utgivaren f\u00e5r k\u00e4nnedom om s\u00e5dan otill\u00e5ten anv\u00e4ndning av anv\u00e4ndaren inneb\u00e4r inte att utgivaren accepterar s\u00e5dan anv\u00e4ndning eller avst\u00e5r fr\u00e5n r\u00e4tten att vidta r\u00e4ttsliga \u00e5tg\u00e4rder. Det \u00e4r str\u00e4ngt f\u00f6rbjudet f\u00f6r Anv\u00e4ndaren att :<\/p>\n<p>- Kopiera, reproducera, representera, s\u00e4nda, distribuera eller publicera, permanent eller tillf\u00e4lligt, hela eller delar av inneh\u00e5llet och\/eller webbplatsen p\u00e5 n\u00e5got s\u00e4tt; - Skapa verk som h\u00e4rr\u00f6r fr\u00e5n inneh\u00e5llet och\/eller webbplatsen; - Modifiera, \u00f6vers\u00e4tta, anpassa eller arrangera hela eller delar av inneh\u00e5llet och\/eller webbplatsen; - Demontera, dekompilera eller bak\u00e5tutveckla webbplatsen.<\/p>\n<p>Under alla omst\u00e4ndigheter \u00e4r anv\u00e4ndarna ensamma ansvariga f\u00f6r sin anv\u00e4ndning av webbplatsen. All obeh\u00f6rig anv\u00e4ndning av webbplatsen eller av n\u00e5got av de element som den inneh\u00e5ller kommer att anses utg\u00f6ra ett brott mot Data Protection Act 2000.<\/p>\n<p><strong>6.2 V\u00e5rt varum\u00e4rke<\/strong><\/p>\n<p>De verbala och visuella varum\u00e4rkena (logotyp) f\u00f6r s\u00e4ljaren och CLICKBUSTER LTD \u00e4r skyddade. Det \u00e4r f\u00f6rbjudet att anv\u00e4nda dem utan skriftligt tillst\u00e5nd fr\u00e5n s\u00e4ljaren eller dess partner, p\u00e5 vilket medium som helst, i syfte att marknadsf\u00f6ra produkter eller tj\u00e4nster eller i kommersiellt syfte, vid \u00e4ventyr av att s\u00e4ljaren vidtar straffr\u00e4ttsliga och civilr\u00e4ttsliga \u00e5tg\u00e4rder mot anv\u00e4ndaren och\/eller de tredje parter som \u00e4r ansvariga.<\/p>\n<p><strong>6.3 Inneh\u00e5ll<\/strong><\/p>\n<p>Inneh\u00e5llet \u00e4r fritt tillg\u00e4ngligt p\u00e5 Webbplatsen. Att placera inneh\u00e5ll online inneb\u00e4r inte n\u00e5gon \u00f6verf\u00f6ring av upphovsr\u00e4tt eller \u00e4gander\u00e4tt till inneh\u00e5llet, som f\u00f6rblir s\u00e4ljarens och bidragsgivarnas fulla och fullst\u00e4ndiga egendom.<\/p>\n<p>Ingen anv\u00e4ndare f\u00e5r, eller ska, vidta \u00e5tg\u00e4rder som strider mot uppr\u00e4tth\u00e5llandet av upphovsr\u00e4tt och immateriella r\u00e4ttigheter, eller som strider mot n\u00e5gon annan brittisk eller internationell lag som r\u00f6r immateriella r\u00e4ttigheter. S\u00e4ljaren och dess bidragsgivare f\u00f6rbeh\u00e5ller sig r\u00e4tten att \u00e5tala varje anv\u00e4ndare f\u00f6r brott mot dessa anv\u00e4ndarvillkor.<\/p>\n<p>[\/et_pb_text][et_pb_text _builder_version=&#8221;4.27.0&#8243; _module_preset=&#8221;default&#8221; header_2_text_align=&#8221;center&#8221; global_colors_info=&#8221;{}&#8221;]<\/p>\n<h2>ARTIKEL 7 - Platsf\u00f6rvaltning<\/h2>\n<p>V\u00e5r Webbplats \u00e4r normalt tillg\u00e4nglig f\u00f6r Anv\u00e4ndare vid alla tidpunkter. F\u00f6r att s\u00e4kerst\u00e4lla en korrekt hantering av Webbplatsen f\u00f6rbeh\u00e5ller sig S\u00e4ljaren r\u00e4tten att n\u00e4r som helst :<\/p>\n<p>- Avbryta, avbryta eller begr\u00e4nsa \u00e5tkomsten till hela eller delar av webbplatsen, oavsett anledning, med eller utan f\u00f6reg\u00e5ende meddelande och efter eget gottfinnande; - Ta bort all information som kan st\u00f6ra dess funktion, oavsett anledning, med eller utan f\u00f6reg\u00e5ende meddelande och efter eget gottfinnande; - Avbryta webbplatsen f\u00f6r att genomf\u00f6ra uppdateringar.<\/p>\n<p>S\u00e4ljaren kommer att g\u00f6ra sitt b\u00e4sta f\u00f6r att informera Anv\u00e4ndarna om datum och tider f\u00f6r interventioner i f\u00f6rv\u00e4g, men kan inte h\u00e5llas ansvarig om s\u00e5 inte sker.<\/p>\n<p>[\/et_pb_text][et_pb_text _builder_version=&#8221;4.27.0&#8243; _module_preset=&#8221;default&#8221; header_2_text_align=&#8221;center&#8221; global_colors_info=&#8221;{}&#8221;]<\/p>\n<h2>ARTIKEL 8 - Ansvarsomr\u00e5den<\/h2>\n<p><strong>8.1 Tillg\u00e5ng till webbplatsen<\/strong><\/p>\n<p>S\u00e4ljaren \u00e5tar sig att g\u00f6ra sitt yttersta f\u00f6r att s\u00e4kerst\u00e4lla att Webbplatsen \u00e4r tillg\u00e4nglig 24 timmar om dygnet, 7 dagar i veckan. S\u00e4ljaren g\u00f6r dock inga utf\u00e4stelser om att Webbplatsen ska vara st\u00e4ndigt tillg\u00e4nglig och \u00e5tkomlig och garanterar inte att Webbplatsen \u00e4r felfri. S\u00e4ljaren kan inte h\u00e5llas ansvarig om det skulle uppst\u00e5 ett fel, en funktionsst\u00f6rning, en sv\u00e5righet eller ett avbrott i driften som f\u00f6rhindrar \u00e5tkomst till webbplatsen eller n\u00e5gon av dess funktioner.<\/p>\n<p>S\u00e4ljaren och v\u00e4rden kan inte h\u00e5llas ansvariga i h\u00e4ndelse av funktionsfel i Internet-n\u00e4tverket, telefonlinjer eller dator- och telefonutrustning, s\u00e4rskilt p\u00e5 grund av \u00f6verbelastning av n\u00e4tverket, vilket f\u00f6rhindrar \u00e5tkomst till servern.<\/p>\n<p>S\u00e4ljaren kan inte h\u00e5llas ansvarig i h\u00e4ndelse av r\u00e4ttsliga f\u00f6rfaranden mot anv\u00e4ndare:<\/p>\n<p>- Som ett resultat av anv\u00e4ndningen av Webbplatsen eller n\u00e5gon annan tj\u00e4nst som \u00e4r tillg\u00e4nglig via Internet; - Som ett resultat av Anv\u00e4ndarens underl\u00e5tenhet att f\u00f6lja dessa allm\u00e4nna villkor.<\/p>\n<p><strong>8.2 Utrustning som anv\u00e4nds<\/strong><\/p>\n<p>Den anslutningsutrustning som Anv\u00e4ndaren anv\u00e4nder f\u00f6r att f\u00e5 tillg\u00e5ng till Webbplatsen \u00e4r Anv\u00e4ndarens fulla och hela ansvar. Det \u00e4r Anv\u00e4ndarens ansvar att vidta alla l\u00e4mpliga \u00e5tg\u00e4rder f\u00f6r att skydda sin utrustning och sina egna uppgifter. Anv\u00e4ndaren f\u00f6rbinder sig att g\u00e5 in p\u00e5 webbplatsen med ny, virusfri utrustning och med en nyligen uppdaterad webbl\u00e4sare.<\/p>\n<p>S\u00e4ljaren \u00e4r inte ansvarig f\u00f6r skada som orsakas Anv\u00e4ndare, tredje part och\/eller deras utrustning till f\u00f6ljd av deras anslutning till eller anv\u00e4ndning av Webbplatsen, och Anv\u00e4ndare avst\u00e5r fr\u00e5n alla anspr\u00e5k i detta avseende mot S\u00e4ljaren.<\/p>\n<p>S\u00e4ljaren kan inte h\u00e5llas ansvarig f\u00f6r indirekta skador (s\u00e5som f\u00f6rlust av verksamhet eller f\u00f6rlust av m\u00f6jligheter) som uppst\u00e5r till f\u00f6ljd av anv\u00e4ndningen av webbplatsen.<\/p>\n<p>[\/et_pb_text][et_pb_text _builder_version=&#8221;4.27.0&#8243; _module_preset=&#8221;default&#8221; header_2_text_align=&#8221;center&#8221; global_colors_info=&#8221;{}&#8221;]<\/p>\n<h2>ARTIKEL 9 - FOTOGRAFIER OCH FRAMST\u00c4LLNING AV PRODUKTER OCH TJ\u00c4NSTER<\/h2>\n<p>Fotografierna p\u00e5 webbplatsen, som \u00e5tf\u00f6ljer deras beskrivning, \u00e4r inte avtalsenliga och \u00e4r inte bindande f\u00f6r s\u00e4ljaren.<\/p>\n<p>[\/et_pb_text][et_pb_text _builder_version=&#8221;4.27.0&#8243; _module_preset=&#8221;default&#8221; header_2_text_align=&#8221;center&#8221; global_colors_info=&#8221;{}&#8221;]<\/p>\n<h2>ARTIKEL 10 - Hypertextl\u00e4nkar<\/h2>\n<p>Anv\u00e4ndarens uppr\u00e4ttande av en hypertextl\u00e4nk till hela eller delar av webbplatsen \u00e4r till\u00e5ten, med f\u00f6rbeh\u00e5ll f\u00f6r f\u00f6reg\u00e5ende skriftligt tillst\u00e5nd fr\u00e5n CLICKBUSTER LTD, som kan beg\u00e4ras via e-post fr\u00e5n f\u00f6ljande adress: <a rel=\"noopener\">contact.psona@gmail.com<\/a>.<\/p>\n<p>S\u00e4ljaren har r\u00e4tt att neka detta tillst\u00e5nd utan att p\u00e5 n\u00e5got s\u00e4tt beh\u00f6va motivera sitt beslut. Om s\u00e4ljaren ger sitt tillst\u00e5nd \u00e4r detta tillst\u00e5nd under alla omst\u00e4ndigheter tillf\u00e4lligt och kan \u00e5terkallas n\u00e4r som helst, utan n\u00e5gon skyldighet att motivera sitt beslut. Under alla omst\u00e4ndigheter m\u00e5ste varje l\u00e4nk tas bort p\u00e5 varum\u00e4rkets beg\u00e4ran.<\/p>\n<p>Webbplatsen inneh\u00e5ller ett antal hypertextl\u00e4nkar till andra webbplatser, som har uppr\u00e4ttats med s\u00e4ljarens tillst\u00e5nd. V\u00e5rt f\u00f6retag har dock inte m\u00f6jlighet att kontrollera inneh\u00e5llet p\u00e5 de webbplatser som bes\u00f6ks p\u00e5 detta s\u00e4tt och kommer d\u00e4rf\u00f6r inte att ta n\u00e5got ansvar i detta avseende.<\/p>\n<p>[\/et_pb_text][et_pb_text _builder_version=&#8221;4.27.0&#8243; _module_preset=&#8221;default&#8221; header_2_text_align=&#8221;center&#8221; global_colors_info=&#8221;{}&#8221;]<\/p>\n<h2>ARTIKEL 11 - Delvis ogiltighet<\/h2>\n<p>Den tillf\u00e4lliga icke-till\u00e4mpningen av en eller flera klausuler i dessa allm\u00e4nna villkor f\u00e5r under inga omst\u00e4ndigheter tolkas som ett avst\u00e5ende fr\u00e5n CLICKBUSTER LTD att dra nytta av n\u00e5gon av de n\u00e4mnda klausulerna.<\/p>\n<p>Om en eller flera best\u00e4mmelser i dessa villkor f\u00f6rklaras ogiltiga eller otill\u00e4mpliga enligt lag, f\u00f6rordning eller lagakraftvunnet domstolsbeslut, ska \u00f6vriga best\u00e4mmelser beh\u00e5lla sin fulla kraft och omfattning och forts\u00e4tta att g\u00e4lla i sin helhet.<\/p>\n<p>[\/et_pb_text][et_pb_text _builder_version=&#8221;4.27.0&#8243; _module_preset=&#8221;default&#8221; header_2_text_align=&#8221;center&#8221; global_colors_info=&#8221;{}&#8221;]<\/p>\n<h2>ARTIKEL 12 - Spr\u00e5k<\/h2>\n<p>Om dessa allm\u00e4nna villkor \u00f6vers\u00e4tts till ett eller flera spr\u00e5k, kommer tolkningsspr\u00e5ket att vara engelska.<\/p>\n<p>[\/et_pb_text][et_pb_text _builder_version=&#8221;4.27.0&#8243; _module_preset=&#8221;default&#8221; header_2_text_align=&#8221;center&#8221; custom_css_free_form=&#8221;selector table, selector td, selector tr, selector th {||  border:1px solid;||  border-color:#034833 !important;||}&#8221; global_colors_info=&#8221;{}&#8221;]<\/p>\n<h2>ARTIKEL 13 - Till\u00e4mplig lag<\/h2>\n<p>Dessa webbplatsvillkor regleras av brittisk lag och, i h\u00e4ndelse av tvist, \u00e4r de underkastade de allm\u00e4nna domstolarnas exklusiva jurisdiktion, med f\u00f6rbeh\u00e5ll f\u00f6r en specifik tilldelning av jurisdiktion som h\u00e4rr\u00f6r fr\u00e5n en lagtext eller en s\u00e4rskild best\u00e4mmelse.<\/p>\n<p>[\/et_pb_text][et_pb_text _builder_version=&#8221;4.27.0&#8243; _module_preset=&#8221;default&#8221; header_2_text_align=&#8221;center&#8221; custom_css_free_form=&#8221;selector table, selector td, selector tr, selector th {||  border:1px solid;||  border-color:#034833 !important;||}&#8221; global_colors_info=&#8221;{}&#8221;]<\/p>\n<h2>ARTIKEL 14 - Kontakta oss<\/h2>\n<p>F\u00f6r fr\u00e5gor eller information om de tj\u00e4nster som presenteras p\u00e5 webbplatsen eller om sj\u00e4lva webbplatsen kan anv\u00e4ndaren l\u00e4mna ett meddelande p\u00e5 f\u00f6ljande adress: contact.psona@gmail.com.<\/p>\n<p>[\/et_pb_text][\/et_pb_column][\/et_pb_row][\/et_pb_section]<\/p>","protected":false},"excerpt":{"rendered":"<p>Mentions l\u00e9gales Preamble Entry into force: March 30th, 2023 CLICKBUSTER LTD63-66 Hatton GardenLondon EC1N 8LECompany number 13014667VAT number GB 363 9346 71 La navigation continue sur notre Site https:\/\/psna1.com\/ (ci-apr\u00e8s le \u00ab Site \u00bb) implique que les visiteurs du Site (ci-apr\u00e8s l&#8217;\u00ab Utilisateur(s) \u00bb) acceptent sans r\u00e9serve les dispositions et Conditions G\u00e9n\u00e9rales d&#8217;Utilisation qui suivent [&hellip;]<\/p>","protected":false},"author":1,"featured_media":0,"parent":0,"menu_order":0,"comment_status":"closed","ping_status":"closed","template":"","meta":{"_et_pb_use_builder":"on","_et_pb_old_content":"<!-- wp:divi\/placeholder \/-->","_et_gb_content_width":"","inline_featured_image":false,"footnotes":""},"class_list":["post-149","page","type-page","status-publish","hentry"],"_links":{"self":[{"href":"https:\/\/psna1.com\/sv\/wp-json\/wp\/v2\/pages\/149","targetHints":{"allow":["GET"]}}],"collection":[{"href":"https:\/\/psna1.com\/sv\/wp-json\/wp\/v2\/pages"}],"about":[{"href":"https:\/\/psna1.com\/sv\/wp-json\/wp\/v2\/types\/page"}],"author":[{"embeddable":true,"href":"https:\/\/psna1.com\/sv\/wp-json\/wp\/v2\/users\/1"}],"replies":[{"embeddable":true,"href":"https:\/\/psna1.com\/sv\/wp-json\/wp\/v2\/comments?post=149"}],"version-history":[{"count":6,"href":"https:\/\/psna1.com\/sv\/wp-json\/wp\/v2\/pages\/149\/revisions"}],"predecessor-version":[{"id":870,"href":"https:\/\/psna1.com\/sv\/wp-json\/wp\/v2\/pages\/149\/revisions\/870"}],"wp:attachment":[{"href":"https:\/\/psna1.com\/sv\/wp-json\/wp\/v2\/media?parent=149"}],"curies":[{"name":"wp","href":"https:\/\/api.w.org\/{rel}","templated":true}]}}