{"id":156,"date":"2024-09-05T10:25:15","date_gmt":"2024-09-05T10:25:15","guid":{"rendered":"https:\/\/psona.io\/?page_id=156"},"modified":"2024-10-02T10:19:58","modified_gmt":"2024-10-02T10:19:58","slug":"faq-detaillee","status":"publish","type":"page","link":"https:\/\/psna1.com\/sl\/faq-detaillee\/","title":{"rendered":"Podrobna pogosta vpra\u0161anja"},"content":{"rendered":"<p>[et_pb_section fb_built=&#8221;1&#8243; custom_padding_last_edited=&#8221;on|tablet&#8221; admin_label=&#8221;Header&#8221; _builder_version=&#8221;4.27.0&#8243; custom_margin=&#8221;0px||0px||true|false&#8221; custom_padding=&#8221;0px||0px||true|false&#8221; custom_padding_tablet=&#8221;||||true|false&#8221; custom_padding_phone=&#8221;||||true|false&#8221; locked=&#8221;off&#8221; global_colors_info=&#8221;{}&#8221;][et_pb_row use_custom_gutter=&#8221;on&#8221; gutter_width=&#8221;1&#8243; custom_padding_last_edited=&#8221;on|phone&#8221; _builder_version=&#8221;4.27.0&#8243; width=&#8221;95%&#8221; custom_margin=&#8221;||||true|false&#8221; custom_padding=&#8221;150px||150px||true|true&#8221; custom_padding_tablet=&#8221;80px||80px||true|false&#8221; custom_padding_phone=&#8221;60px||60px||true|false&#8221; border_radii=&#8221;on|50px|50px|50px|50px&#8221; global_colors_info=&#8221;{}&#8221; background_color=&#8221;RGBA(255,255,255,0)&#8221; background_size=&#8221;initial&#8221; background_position=&#8221;top_left&#8221; background_repeat=&#8221;repeat&#8221;][et_pb_column type=&#8221;4_4&#8243; _builder_version=&#8221;4.27.0&#8243; custom_padding=&#8221;|||&#8221; global_colors_info=&#8221;{}&#8221; custom_padding__hover=&#8221;|||&#8221; custom_css_main_element_last_edited=&#8221;on|phone&#8221;][et_pb_text module_class=&#8221;title-header&#8221; _builder_version=&#8221;4.27.0&#8243; background_size=&#8221;initial&#8221; background_position=&#8221;top_left&#8221; background_repeat=&#8221;repeat&#8221; width=&#8221;72%&#8221; width_tablet=&#8221;70%&#8221; width_phone=&#8221;68.5%&#8221; width_last_edited=&#8221;on|tablet&#8221; module_alignment=&#8221;center&#8221; custom_margin=&#8221;0px||0px||false|false&#8221; custom_margin_tablet=&#8221;0px||0px||false|false&#8221; custom_margin_phone=&#8221;0px||0px||false|false&#8221; custom_margin_last_edited=&#8221;on|tablet&#8221; custom_padding=&#8221;0px||0px||true|false&#8221; hover_enabled=&#8221;0&#8243; header_font_size_tablet=&#8221;50px&#8221; header_font_size_phone=&#8221;40px&#8221; global_colors_info=&#8221;{}&#8221; text_orientation=&#8221;center&#8221; sticky_enabled=&#8221;0&#8243;]<\/p>\n<h1>Pogosto zastavljena vpra\u0161anja<\/h1>\n<p><!-- \/divi:paragraph --><\/p>\n<p>[\/et_pb_text][\/et_pb_column][\/et_pb_row][\/et_pb_section][et_pb_section fb_built=&#8221;1&#8243; admin_label=&#8221;The Test&#8221; _builder_version=&#8221;4.27.0&#8243; _module_preset=&#8221;default&#8221; custom_margin=&#8221;0px||||false|false&#8221; custom_padding=&#8221;20px||||false|false&#8221; global_colors_info=&#8221;{}&#8221;][et_pb_row _builder_version=&#8221;4.27.0&#8243; _module_preset=&#8221;default&#8221; width=&#8221;60%&#8221; width_tablet=&#8221;80%&#8221; width_phone=&#8221;80%&#8221; width_last_edited=&#8221;on|phone&#8221; locked=&#8221;off&#8221; global_colors_info=&#8221;{}&#8221;][et_pb_column type=&#8221;4_4&#8243; _builder_version=&#8221;4.27.0&#8243; _module_preset=&#8221;default&#8221; global_colors_info=&#8221;{}&#8221;][et_pb_text _builder_version=&#8221;4.27.0&#8243; _module_preset=&#8221;default&#8221; global_colors_info=&#8221;{}&#8221;]<\/p>\n<h2 style=\"text-align: center;\">Test<\/h2>\n<p>[\/et_pb_text][et_pb_toggle title=&#8221;Qui a con\u00e7u ce test ?&#8221; open_toggle_text_color=&#8221;#111214&#8243; icon_color=&#8221;#fff9f1&#8243; toggle_icon=&#8221;&#xf13a;||fa||900&#8243; use_icon_font_size=&#8221;on&#8221; icon_font_size=&#8221;35px&#8221; open_icon_color=&#8221;#E39309&#8243; open_toggle_icon=&#8221;&#xf139;||fa||900&#8243; open_use_icon_font_size=&#8221;on&#8221; open_icon_font_size=&#8221;35px&#8221; _builder_version=&#8221;4.27.0&#8243; _module_preset=&#8221;default&#8221; title_text_color=&#8221;#111214&#8243; title_font=&#8221;|600|||||||&#8221; title_font_size=&#8221;18px&#8221; closed_title_font=&#8221;|600|||||||&#8221; closed_title_font_size=&#8221;18px&#8221; body_text_color=&#8221;#727272&#8243; width_tablet=&#8221;100%&#8221; width_phone=&#8221;100%&#8221; width_last_edited=&#8221;on|tablet&#8221; custom_padding=&#8221;30px|30px|30px|30px|true|true&#8221; custom_css_toggle_icon=&#8221;padding-right:20px;&#8221; custom_css_toggle_content=&#8221;max-width:90%;&#8221; border_radii=&#8221;on|20px|20px|20px|20px&#8221; border_width_all=&#8221;0px&#8221; border_color_all=&#8221;RGBA(255,255,255,0)&#8221; box_shadow_style=&#8221;preset1&#8243; box_shadow_vertical=&#8221;0px&#8221; box_shadow_blur=&#8221;120px&#8221; box_shadow_color=&#8221;rgba(0,0,0,0.05)&#8221; global_colors_info=&#8221;{}&#8221; custom_css_toggle_icon_last_edited=&#8221;on|tablet&#8221; custom_css_toggle_icon_tablet=&#8221;padding-right:0px;&#8221; custom_css_toggle_icon_phone=&#8221;padding-right:0px;&#8221; background_color=&#8221;#FFFFFF&#8221;]<\/p>\n<p>Koncept tega testa je leta 1981 predstavil Lewis Golberg, nato pa sta ga med letoma 1987 in 1992 razvila Costa in McCrae.<\/p>\n<p>[\/et_pb_toggle][et_pb_toggle title=&#8221;Que mesure ce test ?&#8221; open_toggle_text_color=&#8221;#111214&#8243; icon_color=&#8221;#fff9f1&#8243; toggle_icon=&#8221;&#xf13a;||fa||900&#8243; use_icon_font_size=&#8221;on&#8221; icon_font_size=&#8221;35px&#8221; open_icon_color=&#8221;#E39309&#8243; open_toggle_icon=&#8221;&#xf139;||fa||900&#8243; open_use_icon_font_size=&#8221;on&#8221; open_icon_font_size=&#8221;35px&#8221; _builder_version=&#8221;4.27.0&#8243; _module_preset=&#8221;default&#8221; title_text_color=&#8221;#111214&#8243; title_font=&#8221;|600|||||||&#8221; title_font_size=&#8221;18px&#8221; closed_title_font=&#8221;|600|||||||&#8221; closed_title_font_size=&#8221;18px&#8221; body_text_color=&#8221;#727272&#8243; width_tablet=&#8221;100%&#8221; width_phone=&#8221;100%&#8221; width_last_edited=&#8221;on|tablet&#8221; custom_padding=&#8221;30px|30px|30px|30px|true|true&#8221; custom_css_toggle_icon=&#8221;padding-right:20px;&#8221; custom_css_toggle_content=&#8221;max-width:90%;&#8221; border_radii=&#8221;on|20px|20px|20px|20px&#8221; border_width_all=&#8221;0px&#8221; border_color_all=&#8221;RGBA(255,255,255,0)&#8221; box_shadow_style=&#8221;preset1&#8243; box_shadow_vertical=&#8221;0px&#8221; box_shadow_blur=&#8221;120px&#8221; box_shadow_color=&#8221;rgba(0,0,0,0.05)&#8221; global_colors_info=&#8221;{}&#8221; custom_css_toggle_icon_last_edited=&#8221;on|tablet&#8221; custom_css_toggle_icon_tablet=&#8221;padding-right:0px;&#8221; custom_css_toggle_icon_phone=&#8221;padding-right:0px;&#8221; background_color=&#8221;#FFFFFF&#8221;]<\/p>\n<p>Ta test dolo\u010da psiholo\u0161ki profil osebe na podlagi petih klju\u010dnih osebnostnih lastnosti: odprtosti, ekstravertnosti, ob\u010dutka za odgovornost, dru\u017eabnosti in nevroticizma.<\/p>\n<p>Uporablja se tako za \u0161tudije prebivalstva kot za osebni razvoj.<\/p>\n<p>\u010ce \u017eelite podrobneje raziskati poddomene teh lastnosti in izvedeti ve\u010d o njih, lahko obi\u0161\u010dete stran, namenjeno \"Osebnostim\".<\/p>\n<p>[\/et_pb_toggle][et_pb_toggle title=&#8221;Comment fonctionne-t-il ?&#8221; open_toggle_text_color=&#8221;#111214&#8243; icon_color=&#8221;#fff9f1&#8243; toggle_icon=&#8221;&#xf13a;||fa||900&#8243; use_icon_font_size=&#8221;on&#8221; icon_font_size=&#8221;35px&#8221; open_icon_color=&#8221;#E39309&#8243; open_toggle_icon=&#8221;&#xf139;||fa||900&#8243; open_use_icon_font_size=&#8221;on&#8221; open_icon_font_size=&#8221;35px&#8221; _builder_version=&#8221;4.27.0&#8243; _module_preset=&#8221;default&#8221; title_text_color=&#8221;#111214&#8243; title_font=&#8221;|600|||||||&#8221; title_font_size=&#8221;18px&#8221; closed_title_font=&#8221;|600|||||||&#8221; closed_title_font_size=&#8221;18px&#8221; body_text_color=&#8221;#727272&#8243; width_tablet=&#8221;100%&#8221; width_phone=&#8221;100%&#8221; width_last_edited=&#8221;on|tablet&#8221; custom_padding=&#8221;30px|30px|30px|30px|true|true&#8221; custom_css_toggle_icon=&#8221;padding-right:20px;&#8221; custom_css_toggle_content=&#8221;max-width:90%;&#8221; border_radii=&#8221;on|20px|20px|20px|20px&#8221; border_width_all=&#8221;0px&#8221; border_color_all=&#8221;RGBA(255,255,255,0)&#8221; box_shadow_style=&#8221;preset1&#8243; box_shadow_vertical=&#8221;0px&#8221; box_shadow_blur=&#8221;120px&#8221; box_shadow_color=&#8221;rgba(0,0,0,0.05)&#8221; global_colors_info=&#8221;{}&#8221; custom_css_toggle_icon_last_edited=&#8221;on|tablet&#8221; custom_css_toggle_icon_tablet=&#8221;padding-right:0px;&#8221; custom_css_toggle_icon_phone=&#8221;padding-right:0px;&#8221; background_color=&#8221;#FFFFFF&#8221;]<\/p>\n<p>Test preverja pet glavnih podro\u010dij psiholo\u0161kega modela Big Five, vklju\u010dno z nevroticizmom, poklicno odgovornostjo in odprtostjo.<\/p>\n<p>Ocenjuje odstotek va\u0161ih odgovorov na teh podro\u010djih in na podlagi teh ocen ustvari profil.<\/p>\n<p>Za \u010dim bolj natan\u010dne rezultate vam priporo\u010damo, da na vpra\u0161anja odgovarjate iskreno in se po mo\u017enosti izogibate nevtralnim odgovorom.<\/p>\n<p>[\/et_pb_toggle][et_pb_toggle title=&#8221;Comment puis-je acc\u00e9der \u00e0 mes r\u00e9sultats ?&#8221; open_toggle_text_color=&#8221;#111214&#8243; icon_color=&#8221;#fff9f1&#8243; toggle_icon=&#8221;&#xf13a;||fa||900&#8243; use_icon_font_size=&#8221;on&#8221; icon_font_size=&#8221;35px&#8221; open_icon_color=&#8221;#E39309&#8243; open_toggle_icon=&#8221;&#xf139;||fa||900&#8243; open_use_icon_font_size=&#8221;on&#8221; open_icon_font_size=&#8221;35px&#8221; _builder_version=&#8221;4.27.0&#8243; _module_preset=&#8221;default&#8221; title_text_color=&#8221;#111214&#8243; title_font=&#8221;|600|||||||&#8221; title_font_size=&#8221;18px&#8221; closed_title_font=&#8221;|600|||||||&#8221; closed_title_font_size=&#8221;18px&#8221; body_text_color=&#8221;#727272&#8243; width_tablet=&#8221;100%&#8221; width_phone=&#8221;100%&#8221; width_last_edited=&#8221;on|tablet&#8221; custom_padding=&#8221;30px|30px|30px|30px|true|true&#8221; custom_css_toggle_icon=&#8221;padding-right:20px;&#8221; custom_css_toggle_content=&#8221;max-width:90%;&#8221; border_radii=&#8221;on|20px|20px|20px|20px&#8221; border_width_all=&#8221;0px&#8221; border_color_all=&#8221;RGBA(255,255,255,0)&#8221; box_shadow_style=&#8221;preset1&#8243; box_shadow_vertical=&#8221;0px&#8221; box_shadow_blur=&#8221;120px&#8221; box_shadow_color=&#8221;rgba(0,0,0,0.05)&#8221; global_colors_info=&#8221;{}&#8221; custom_css_toggle_icon_last_edited=&#8221;on|tablet&#8221; custom_css_toggle_icon_tablet=&#8221;padding-right:0px;&#8221; custom_css_toggle_icon_phone=&#8221;padding-right:0px;&#8221; background_color=&#8221;#FFFFFF&#8221;]<\/p>\n<p>Do rezultatov tega testa lahko dostopate prek 24-urne ponudbe ali mese\u010dne naro\u010dnine.<\/p>\n<p>Vsa navodila za opravljanje testa in izbiro ponudbe so podrobno opisana v razdelku \"Kako deluje?\".<\/p>\n<p>[\/et_pb_toggle][et_pb_toggle title=&#8221;En quoi ce test m&#8217;est-il utile ?&#8221; open_toggle_text_color=&#8221;#111214&#8243; icon_color=&#8221;#fff9f1&#8243; toggle_icon=&#8221;&#xf13a;||fa||900&#8243; use_icon_font_size=&#8221;on&#8221; icon_font_size=&#8221;35px&#8221; open_icon_color=&#8221;#E39309&#8243; open_toggle_icon=&#8221;&#xf139;||fa||900&#8243; open_use_icon_font_size=&#8221;on&#8221; open_icon_font_size=&#8221;35px&#8221; _builder_version=&#8221;4.27.0&#8243; _module_preset=&#8221;default&#8221; title_text_color=&#8221;#111214&#8243; title_font=&#8221;|600|||||||&#8221; title_font_size=&#8221;18px&#8221; closed_title_font=&#8221;|600|||||||&#8221; closed_title_font_size=&#8221;18px&#8221; body_text_color=&#8221;#727272&#8243; width_tablet=&#8221;100%&#8221; width_phone=&#8221;100%&#8221; width_last_edited=&#8221;on|tablet&#8221; custom_padding=&#8221;30px|30px|30px|30px|true|true&#8221; custom_css_toggle_icon=&#8221;padding-right:20px;&#8221; custom_css_toggle_content=&#8221;max-width:90%;&#8221; border_radii=&#8221;on|20px|20px|20px|20px&#8221; border_width_all=&#8221;0px&#8221; border_color_all=&#8221;RGBA(255,255,255,0)&#8221; box_shadow_style=&#8221;preset1&#8243; box_shadow_vertical=&#8221;0px&#8221; box_shadow_blur=&#8221;120px&#8221; box_shadow_color=&#8221;rgba(0,0,0,0.05)&#8221; global_colors_info=&#8221;{}&#8221; custom_css_toggle_icon_last_edited=&#8221;on|tablet&#8221; custom_css_toggle_icon_tablet=&#8221;padding-right:0px;&#8221; custom_css_toggle_icon_phone=&#8221;padding-right:0px;&#8221; background_color=&#8221;#FFFFFF&#8221;]<\/p>\n<p>Na osebni ravni je lahko koristen, \u010de se potegujete za slu\u017ebo, \u010de \u017eelite globlje raziskati svojo osebnost ali \u010de i\u0161\u010dete osebnostni razvoj.<\/p>\n<p>Na poklicni ravni lahko ta test uporabite pri razgovorih za slu\u017ebo, za bolj\u0161e razumevanje svojega delovnega okolja ali za demografske \u0161tudije. Ta test je bil na primer uporabljen v predreferendumski \u0161tudiji o referendumu o brexitu.<\/p>\n<p>[\/et_pb_toggle][\/et_pb_column][\/et_pb_row][et_pb_row _builder_version=&#8221;4.27.0&#8243; _module_preset=&#8221;default&#8221; width=&#8221;60%&#8221; width_tablet=&#8221;80%&#8221; width_phone=&#8221;80%&#8221; width_last_edited=&#8221;on|phone&#8221; custom_margin=&#8221;0px||||false|false&#8221; custom_padding=&#8221;20px||||false|false&#8221; locked=&#8221;off&#8221; global_colors_info=&#8221;{}&#8221;][et_pb_column type=&#8221;4_4&#8243; _builder_version=&#8221;4.27.0&#8243; _module_preset=&#8221;default&#8221; global_colors_info=&#8221;{}&#8221;][et_pb_text _builder_version=&#8221;4.27.0&#8243; _module_preset=&#8221;default&#8221; global_colors_info=&#8221;{}&#8221;]<\/p>\n<h2 style=\"text-align: center;\">Naro\u010dnina<\/h2>\n<p>[\/et_pb_text][et_pb_toggle title=&#8221;Comment s&#8217;abonner ?&#8221; open_toggle_text_color=&#8221;#111214&#8243; icon_color=&#8221;#fff9f1&#8243; toggle_icon=&#8221;&#xf13a;||fa||900&#8243; use_icon_font_size=&#8221;on&#8221; icon_font_size=&#8221;35px&#8221; open_icon_color=&#8221;#E39309&#8243; open_toggle_icon=&#8221;&#xf139;||fa||900&#8243; open_use_icon_font_size=&#8221;on&#8221; open_icon_font_size=&#8221;35px&#8221; _builder_version=&#8221;4.27.0&#8243; _module_preset=&#8221;default&#8221; title_text_color=&#8221;#111214&#8243; title_font=&#8221;|600|||||||&#8221; title_font_size=&#8221;18px&#8221; closed_title_font=&#8221;|600|||||||&#8221; closed_title_font_size=&#8221;18px&#8221; body_text_color=&#8221;#727272&#8243; width_tablet=&#8221;100%&#8221; width_phone=&#8221;100%&#8221; width_last_edited=&#8221;on|tablet&#8221; custom_padding=&#8221;30px|30px|30px|30px|true|true&#8221; custom_css_toggle_icon=&#8221;padding-right:20px;&#8221; custom_css_toggle_content=&#8221;max-width:90%;&#8221; border_radii=&#8221;on|20px|20px|20px|20px&#8221; border_width_all=&#8221;0px&#8221; border_color_all=&#8221;RGBA(255,255,255,0)&#8221; box_shadow_style=&#8221;preset1&#8243; box_shadow_vertical=&#8221;0px&#8221; box_shadow_blur=&#8221;120px&#8221; box_shadow_color=&#8221;rgba(0,0,0,0.05)&#8221; global_colors_info=&#8221;{}&#8221; custom_css_toggle_icon_last_edited=&#8221;on|tablet&#8221; custom_css_toggle_icon_tablet=&#8221;padding-right:0px;&#8221; custom_css_toggle_icon_phone=&#8221;padding-right:0px;&#8221; background_color=&#8221;#FFFFFF&#8221;]<\/p>\n<p>Za za\u010detek morate opraviti test. Ob koncu testa se morate za ogled rezultatov naro\u010diti na 24-urno ponudbo za 0,50 EUR. Po preteku 24 ur se naro\u010dnina samodejno spremeni v mese\u010dno naro\u010dnino v vi\u0161ini 47,50 EUR.<\/p>\n<p>\u010ce se \u017eelite izogniti mese\u010dni naro\u010dnini in obdr\u017eati le 24-urno ponudbo, se preprosto odjavite.<\/p>\n<p>Podroben vodnik za izvedbo testa in naro\u010danje na ponudbo najdete na strani \"Kako deluje?\".<\/p>\n<p>[\/et_pb_toggle][et_pb_toggle title=&#8221;Quels services sont compris dans l&#8217;abonnement ?&#8221; open_toggle_text_color=&#8221;#111214&#8243; icon_color=&#8221;#fff9f1&#8243; toggle_icon=&#8221;&#xf13a;||fa||900&#8243; use_icon_font_size=&#8221;on&#8221; icon_font_size=&#8221;35px&#8221; open_icon_color=&#8221;#E39309&#8243; open_toggle_icon=&#8221;&#xf139;||fa||900&#8243; open_use_icon_font_size=&#8221;on&#8221; open_icon_font_size=&#8221;35px&#8221; _builder_version=&#8221;4.27.0&#8243; _module_preset=&#8221;default&#8221; title_text_color=&#8221;#111214&#8243; title_font=&#8221;|600|||||||&#8221; title_font_size=&#8221;18px&#8221; closed_title_font=&#8221;|600|||||||&#8221; closed_title_font_size=&#8221;18px&#8221; body_text_color=&#8221;#727272&#8243; width_tablet=&#8221;100%&#8221; width_phone=&#8221;100%&#8221; width_last_edited=&#8221;on|tablet&#8221; custom_padding=&#8221;30px|30px|30px|30px|true|true&#8221; custom_css_toggle_icon=&#8221;padding-right:20px;&#8221; custom_css_toggle_content=&#8221;max-width:90%;&#8221; border_radii=&#8221;on|20px|20px|20px|20px&#8221; border_width_all=&#8221;0px&#8221; border_color_all=&#8221;RGBA(255,255,255,0)&#8221; box_shadow_style=&#8221;preset1&#8243; box_shadow_vertical=&#8221;0px&#8221; box_shadow_blur=&#8221;120px&#8221; box_shadow_color=&#8221;rgba(0,0,0,0.05)&#8221; global_colors_info=&#8221;{}&#8221; custom_css_toggle_icon_last_edited=&#8221;on|tablet&#8221; custom_css_toggle_icon_tablet=&#8221;padding-right:0px;&#8221; custom_css_toggle_icon_phone=&#8221;padding-right:0px;&#8221; background_color=&#8221;#FFFFFF&#8221;]<\/p>\n<p>Z naro\u010dnino lahko test opravite tolikokrat, kot \u017eelite, zase ali za druge, ter dostopate do rezultatov, jih primerjate in shranite.<\/p>\n<p>[\/et_pb_toggle][et_pb_toggle title=&#8221;Comment puis-je annuler mon abonnement ?&#8221; open_toggle_text_color=&#8221;#111214&#8243; icon_color=&#8221;#fff9f1&#8243; toggle_icon=&#8221;&#xf13a;||fa||900&#8243; use_icon_font_size=&#8221;on&#8221; icon_font_size=&#8221;35px&#8221; open_icon_color=&#8221;#E39309&#8243; open_toggle_icon=&#8221;&#xf139;||fa||900&#8243; open_use_icon_font_size=&#8221;on&#8221; open_icon_font_size=&#8221;35px&#8221; _builder_version=&#8221;4.27.0&#8243; _module_preset=&#8221;default&#8221; title_text_color=&#8221;#111214&#8243; title_font=&#8221;|600|||||||&#8221; title_font_size=&#8221;18px&#8221; closed_title_font=&#8221;|600|||||||&#8221; closed_title_font_size=&#8221;18px&#8221; body_text_color=&#8221;#727272&#8243; width_tablet=&#8221;100%&#8221; width_phone=&#8221;100%&#8221; width_last_edited=&#8221;on|tablet&#8221; custom_padding=&#8221;30px|30px|30px|30px|true|true&#8221; custom_css_toggle_icon=&#8221;padding-right:20px;&#8221; custom_css_toggle_content=&#8221;max-width:90%;&#8221; border_radii=&#8221;on|20px|20px|20px|20px&#8221; border_width_all=&#8221;0px&#8221; border_color_all=&#8221;RGBA(255,255,255,0)&#8221; box_shadow_style=&#8221;preset1&#8243; box_shadow_vertical=&#8221;0px&#8221; box_shadow_blur=&#8221;120px&#8221; box_shadow_color=&#8221;rgba(0,0,0,0.05)&#8221; global_colors_info=&#8221;{}&#8221; custom_css_toggle_icon_last_edited=&#8221;on|tablet&#8221; custom_css_toggle_icon_tablet=&#8221;padding-right:0px;&#8221; custom_css_toggle_icon_phone=&#8221;padding-right:0px;&#8221; background_color=&#8221;#FFFFFF&#8221;]<\/p>\n<p>\u010ce \u017eelite preklicati naro\u010dnino, preprosto kliknite zavihek \"Odjava\" ali vstopite v obmo\u010dje \"Moj ra\u010dun\", vnesite svoj e-po\u0161tni naslov in potrdite svojo zahtevo.<\/p>\n<p>[\/et_pb_toggle][et_pb_toggle title=&#8221;J&#8217;ai omis de me d\u00e9sabonner avant la fin de la p\u00e9riode d&#8217;essai, est-ce que je peux obtenir un remboursement ?&#8221; open_toggle_text_color=&#8221;#111214&#8243; icon_color=&#8221;#fff9f1&#8243; toggle_icon=&#8221;&#xf13a;||fa||900&#8243; use_icon_font_size=&#8221;on&#8221; icon_font_size=&#8221;35px&#8221; open_icon_color=&#8221;#E39309&#8243; open_toggle_icon=&#8221;&#xf139;||fa||900&#8243; open_use_icon_font_size=&#8221;on&#8221; open_icon_font_size=&#8221;35px&#8221; _builder_version=&#8221;4.27.0&#8243; _module_preset=&#8221;default&#8221; title_text_color=&#8221;#111214&#8243; title_font=&#8221;|600|||||||&#8221; title_font_size=&#8221;18px&#8221; closed_title_font=&#8221;|600|||||||&#8221; closed_title_font_size=&#8221;18px&#8221; body_text_color=&#8221;#727272&#8243; width_tablet=&#8221;100%&#8221; width_phone=&#8221;100%&#8221; width_last_edited=&#8221;on|tablet&#8221; custom_padding=&#8221;30px|30px|30px|30px|true|true&#8221; custom_css_toggle_icon=&#8221;padding-right:20px;&#8221; custom_css_toggle_content=&#8221;max-width:90%;&#8221; border_radii=&#8221;on|20px|20px|20px|20px&#8221; border_width_all=&#8221;0px&#8221; border_color_all=&#8221;RGBA(255,255,255,0)&#8221; box_shadow_style=&#8221;preset1&#8243; box_shadow_vertical=&#8221;0px&#8221; box_shadow_blur=&#8221;120px&#8221; box_shadow_color=&#8221;rgba(0,0,0,0.05)&#8221; global_colors_info=&#8221;{}&#8221; custom_css_toggle_icon_last_edited=&#8221;on|tablet&#8221; custom_css_toggle_icon_tablet=&#8221;padding-right:0px;&#8221; custom_css_toggle_icon_phone=&#8221;padding-right:0px;&#8221; background_color=&#8221;#FFFFFF&#8221;]<\/p>\n<p>\u010ce niste preklicali naro\u010dnine, lahko zahtevate povra\u010dilo v 14 dneh od prijave, \u010de na\u0161ih storitev niste uporabljali po 24-urnem poskusnem obdobju.<\/p>\n<p>[\/et_pb_toggle][\/et_pb_column][\/et_pb_row][\/et_pb_section]<\/p>","protected":false},"excerpt":{"rendered":"<p>Foire Aux Questions Le testLe concept de ce test a \u00e9t\u00e9 introduit par Lewis Golberg en 1981, puis d\u00e9velopp\u00e9 par Costa et McCrae entre 1987 et 1992.Ce test permet de d\u00e9terminer le profil psychologique d\u2019une personne en se basant sur cinq traits de personnalit\u00e9 cl\u00e9s : l\u2019ouverture d\u2019esprit, l\u2019extraversion, le sens des responsabilit\u00e9s, la sociabilit\u00e9 [&hellip;]<\/p>","protected":false},"author":1,"featured_media":0,"parent":0,"menu_order":0,"comment_status":"closed","ping_status":"closed","template":"","meta":{"_et_pb_use_builder":"on","_et_pb_old_content":"<!-- wp:divi\/placeholder \/-->","_et_gb_content_width":"","inline_featured_image":false,"footnotes":""},"class_list":["post-156","page","type-page","status-publish","hentry"],"_links":{"self":[{"href":"https:\/\/psna1.com\/sl\/wp-json\/wp\/v2\/pages\/156","targetHints":{"allow":["GET"]}}],"collection":[{"href":"https:\/\/psna1.com\/sl\/wp-json\/wp\/v2\/pages"}],"about":[{"href":"https:\/\/psna1.com\/sl\/wp-json\/wp\/v2\/types\/page"}],"author":[{"embeddable":true,"href":"https:\/\/psna1.com\/sl\/wp-json\/wp\/v2\/users\/1"}],"replies":[{"embeddable":true,"href":"https:\/\/psna1.com\/sl\/wp-json\/wp\/v2\/comments?post=156"}],"version-history":[{"count":5,"href":"https:\/\/psna1.com\/sl\/wp-json\/wp\/v2\/pages\/156\/revisions"}],"predecessor-version":[{"id":873,"href":"https:\/\/psna1.com\/sl\/wp-json\/wp\/v2\/pages\/156\/revisions\/873"}],"wp:attachment":[{"href":"https:\/\/psna1.com\/sl\/wp-json\/wp\/v2\/media?parent=156"}],"curies":[{"name":"wp","href":"https:\/\/api.w.org\/{rel}","templated":true}]}}