{"id":149,"date":"2024-09-05T10:24:38","date_gmt":"2024-09-05T10:24:38","guid":{"rendered":"https:\/\/psona.io\/?page_id=149"},"modified":"2024-10-02T10:18:01","modified_gmt":"2024-10-02T10:18:01","slug":"mentions-legales","status":"publish","type":"page","link":"https:\/\/psna1.com\/sl\/mentions-legales\/","title":{"rendered":"Pravne informacije"},"content":{"rendered":"<p>[et_pb_section fb_built=&#8221;1&#8243; custom_padding_last_edited=&#8221;on|tablet&#8221; admin_label=&#8221;Header&#8221; _builder_version=&#8221;4.27.0&#8243; custom_margin=&#8221;0px||0px||true|false&#8221; custom_padding=&#8221;0px||0px||true|false&#8221; custom_padding_tablet=&#8221;||||true|false&#8221; custom_padding_phone=&#8221;||||true|false&#8221; locked=&#8221;off&#8221; global_colors_info=&#8221;{}&#8221;][et_pb_row use_custom_gutter=&#8221;on&#8221; gutter_width=&#8221;1&#8243; custom_padding_last_edited=&#8221;on|phone&#8221; _builder_version=&#8221;4.27.0&#8243; width=&#8221;95%&#8221; custom_margin=&#8221;||||true|false&#8221; custom_padding=&#8221;150px||150px||true|true&#8221; custom_padding_tablet=&#8221;80px||80px||true|false&#8221; custom_padding_phone=&#8221;60px||60px||true|false&#8221; border_radii=&#8221;on|50px|50px|50px|50px&#8221; global_colors_info=&#8221;{}&#8221; background_color=&#8221;RGBA(255,255,255,0)&#8221; background_size=&#8221;initial&#8221; background_position=&#8221;top_left&#8221; background_repeat=&#8221;repeat&#8221;][et_pb_column type=&#8221;4_4&#8243; _builder_version=&#8221;4.27.0&#8243; custom_padding=&#8221;|||&#8221; global_colors_info=&#8221;{}&#8221; custom_padding__hover=&#8221;|||&#8221; custom_css_main_element_last_edited=&#8221;on|phone&#8221;][et_pb_text module_class=&#8221;title-header&#8221; _builder_version=&#8221;4.27.0&#8243; background_size=&#8221;initial&#8221; background_position=&#8221;top_left&#8221; background_repeat=&#8221;repeat&#8221; width=&#8221;72%&#8221; width_tablet=&#8221;70%&#8221; width_phone=&#8221;68.5%&#8221; width_last_edited=&#8221;on|tablet&#8221; module_alignment=&#8221;center&#8221; custom_margin=&#8221;0px||0px||false|false&#8221; custom_margin_tablet=&#8221;0px||0px||false|false&#8221; custom_margin_phone=&#8221;0px||0px||false|false&#8221; custom_margin_last_edited=&#8221;on|tablet&#8221; custom_padding=&#8221;0px||0px||true|false&#8221; hover_enabled=&#8221;0&#8243; header_font_size_tablet=&#8221;50px&#8221; header_font_size_phone=&#8221;40px&#8221; global_colors_info=&#8221;{}&#8221; text_orientation=&#8221;center&#8221; sticky_enabled=&#8221;0&#8243;]<\/p>\n<h1>Pravne informacije<\/h1>\n<p><!-- \/divi:paragraph --><\/p>\n<p>[\/et_pb_text][\/et_pb_column][\/et_pb_row][\/et_pb_section][et_pb_section fb_built=&#8221;1&#8243; _builder_version=&#8221;4.27.0&#8243; _module_preset=&#8221;default&#8221; global_colors_info=&#8221;{}&#8221;][et_pb_row _builder_version=&#8221;4.27.0&#8243; _module_preset=&#8221;default&#8221; global_colors_info=&#8221;{}&#8221;][et_pb_column type=&#8221;4_4&#8243; _builder_version=&#8221;4.27.0&#8243; _module_preset=&#8221;default&#8221; global_colors_info=&#8221;{}&#8221;][et_pb_text _builder_version=&#8221;4.27.0&#8243; _module_preset=&#8221;default&#8221; header_2_text_align=&#8221;center&#8221; global_colors_info=&#8221;{}&#8221;]<\/p>\n<h2>Preambula<\/h2>\n<p>Za\u010detek veljavnosti: 30. marec 2023<\/p>\n<p><strong>CLICKBUSTER LTD<\/strong><br \/><strong>63-66 Hatton Garden<\/strong><br \/><strong>London EC1N 8LE<\/strong><br \/><strong>\u0160tevilka podjetja 13014667<\/strong><br \/><strong>\u0160tevilka DDV GB 363 9346 71<\/strong><\/p>\n<p>Nadaljnje brskanje po na\u0161em spletnem mestu <a rel=\"noopener\" target=\"_new\" href=\"https:\/\/psna1.com\/sl\/\">https:\/\/psna1.com\/<\/a> (v nadaljevanju \"spletno mesto\") pomeni, da obiskovalci spletnega mesta (v nadaljevanju \"uporabnik(i)\") brez pridr\u017ekov sprejmejo naslednje dolo\u010dbe in splo\u0161ne pogoje uporabe (v nadaljevanju \"SPU\"). Pred kakr\u0161no koli uporabo funkcionalnosti na\u0161ega spletnega mesta uporabnik potrdi, da je prebral te splo\u0161ne pogoje in da jih sprejema.<\/p>\n<p>Trenutna spletna razli\u010dica na\u0161ih pogojev poslovanja je edina razli\u010dica, ki velja v \u010dasu uporabe spletnega mesta, dokler je ne nadomestimo z novo razli\u010dico.<\/p>\n<p>Spletno mesto upravlja dru\u017eba CLICKBUSTER LTD (v nadaljevanju \"prodajalec\"), ki si pridr\u017euje pravico, da te pogoje kadar koli spremeni. Vsaka uporaba na\u0161ega spletnega mesta po spremembi splo\u0161nih pogojev pomeni, da uporabnik nepreklicno sprejema novo razli\u010dico. V primeru nestrinjanja z na\u0161imi Splo\u0161nimi pogoji poslovanja uporabnika pozivamo, da preneha uporabljati na\u0161e spletno mesto.<\/p>\n<p>[\/et_pb_text][et_pb_text _builder_version=&#8221;4.27.0&#8243; _module_preset=&#8221;default&#8221; header_2_text_align=&#8221;center&#8221; global_colors_info=&#8221;{}&#8221;]<\/p>\n<h2>\u010cLEN 1 - OPREDELITVE POJMOV<\/h2>\n<p>Na na\u0161em spletnem mestu imajo spodaj navedeni pogoji naslednji pomen:<\/p>\n<p>\"Vsebina\": se nana\u0161a na vse elemente, ki sestavljajo informacije na na\u0161em spletnem mestu (besedilo, slike, videoposnetki, algoritmi, programska oprema, gradniki itd.) in omogo\u010dajo njegovo delovanje, obve\u0161\u010danje uporabnikov in predstavitev na\u0161ih storitev;<\/p>\n<p>\"Pravice intelektualne lastnine\": pomenijo vse pravice intelektualne lastnine in sorodne pravice (avtorske pravice, pravice blagovnih znamk, patentne pravice, trgovska imena, baze podatkov itd.), kot jih \u0161\u010diti Zakon o avtorskih in sorodnih pravicah iz leta 2000, ki velja v \u010dasu, ko uporabnik obi\u0161\u010de spletno mesto;<\/p>\n<p>\"Funkcije\": se nana\u0161ajo na vse funkcije, ki so uporabnikom na voljo na na\u0161em spletnem mestu;<\/p>\n<p>\"Spletna stran\": se nana\u0161a na spletno stran. <a rel=\"noopener\" target=\"_new\" href=\"https:\/\/psna1.com\/sl\/\">https:\/\/psna1.com\/<\/a> ki jih upravlja prodajalec in so na voljo uporabnikom;<\/p>\n<p>\"Uporabnik\": pomeni vsako osebo, ki uporablja na\u0161e spletno mesto in ima dostop do njegove vsebine.<\/p>\n<p>[\/et_pb_text][et_pb_text _builder_version=&#8221;4.27.0&#8243; _module_preset=&#8221;default&#8221; header_2_text_align=&#8221;center&#8221; global_colors_info=&#8221;{}&#8221;]<\/p>\n<h2>\u010cLEN 2 - Pravne informacije<\/h2>\n<p>V skladu z Uredbo [EU] 2018\/679 Evropskega parlamenta in Sveta z dne 27. aprila 2016 o varstvu posameznikov pri obdelavi osebnih podatkov in o prostem pretoku takih podatkov je uporabnik na\u0161ega spletnega mesta obve\u0161\u010den o identiteti oseb, ki sodelujejo pri njegovem ustvarjanju in spremljanju:<\/p>\n<p>Vodja uredni\u0161tva: Carlo Ela <a rel=\"noopener\">contact.psona@gmail.com<\/a> .<\/p>\n<p>Gostitelj: Scaleway, 8 rue de la Ville l'\u00c9v\u00eaque, 75008 Pariz ; <a rel=\"noopener\" target=\"_new\" href=\"https:\/\/www.scaleway.com\/\">https:\/\/www.scaleway.com\/<\/a><\/p>\n<p>Razvijalec: CLICKBUSTER LTD<\/p>\n<p>Poobla\u0161\u010dena oseba za varstvo podatkov: Carlo Ela <a rel=\"noopener\">contact.psona@gmail.com<\/a>.<\/p>\n<p>[\/et_pb_text][et_pb_text _builder_version=&#8221;4.27.0&#8243; _module_preset=&#8221;default&#8221; header_2_text_align=&#8221;center&#8221; global_colors_info=&#8221;{}&#8221;]<\/p>\n<h2>\u010cLEN 3 - Varstvo osebnih podatkov<\/h2>\n<p>Za uporabo na\u0161ega spletnega mesta bomo obdelali dolo\u010dene osebne podatke o uporabniku. Ta obdelava se izvaja v skladu z Zakonom o varstvu podatkov iz leta 2018 in Pravilnikom o varstvu podatkov, ki je na voljo na naslednji povezavi:<\/p>\n<p><a rel=\"noopener\" target=\"_new\" href=\"https:\/\/psna1.com\/sl\/privacy-police\/\">https:\/\/psna1.com\/privacy-police\/<\/a><\/p>\n<p>[\/et_pb_text][et_pb_text _builder_version=&#8221;4.27.0&#8243; _module_preset=&#8221;default&#8221; header_2_text_align=&#8221;center&#8221; global_colors_info=&#8221;{}&#8221;]<\/p>\n<h2>\u010cLEN 4 - Dostop do lokacije<\/h2>\n<div class=\"group\/conversation-turn relative flex w-full min-w-0 flex-col agent-turn\">\n<div class=\"flex-col gap-1 md:gap-3\">\n<div class=\"flex max-w-full flex-col flex-grow\">\n<div data-message-author-role=\"assistant\" data-message-id=\"1921b6bd-7e01-40ec-81aa-bce2a7802030\" dir=\"auto\" class=\"min-h-[20px] text-message flex w-full flex-col items-end gap-2 whitespace-normal break-words [.text-message+&amp;]:mt-5\">\n<div class=\"flex w-full flex-col gap-1 empty:hidden first:pt-[3px]\">\n<div class=\"markdown prose w-full break-words dark:prose-invert dark\">\n<p>Dostop do spletnega mesta in njegova uporaba sta namenjena izklju\u010dno osebni rabi. Uporabnik se zavezuje, da ne bo uporabljal spletnega mesta ali informacij ali podatkov, ki jih vsebuje, v komercialne, politi\u010dne ali ogla\u0161evalske namene ali za kakr\u0161no koli obliko komercialnega nagovarjanja, zlasti za po\u0161iljanje neza\u017eelene elektronske po\u0161te.<\/p>\n<p>Dostop do spletnega mesta je rezerviran za odrasle. Prodajalec si pridr\u017euje pravico, da zahteva dokazilo o starosti, zlasti \u010de uporabljate storitve spletnega naro\u010danja. Prodajalec ne more biti odgovoren v primeru dostopa do spletnega mesta s strani mladoletnih oseb ali v primeru napa\u010dnih ali zavajajo\u010dih informacij, ki jih uporabniki posredujejo na spletnem mestu.<\/p>\n<p>Uporabniki so osebno odgovorni za vzpostavitev informacijskih in telekomunikacijskih virov, potrebnih za dostop do spletnega mesta. Uporabniki krijejo telekomunikacijske stro\u0161ke, povezane z dostopom do interneta prek spletnega mesta.<\/p>\n<\/div>\n<\/div>\n<\/div>\n<\/div>\n<\/div>\n<\/div>\n<p>[\/et_pb_text][et_pb_text _builder_version=&#8221;4.27.0&#8243; _module_preset=&#8221;default&#8221; header_2_text_align=&#8221;center&#8221; global_colors_info=&#8221;{}&#8221;]<\/p>\n<h2>\u010cLEN 5 - Opis opravljenih storitev<\/h2>\n<p>Prizadevamo si zagotoviti \u010dim bolj to\u010dne informacije, vendar ne moremo biti odgovorni za morebitne izpuste, neto\u010dnosti ali opustitev posodobitve informacij. Vse informacije na spletnem mestu so zgolj informativne in niso iz\u010drpne. Zagotovljene so ob upo\u0161tevanju morebitnih sprememb, ki so bile opravljene po tem, ko so bile objavljene na spletu.<\/p>\n<p>[\/et_pb_text][et_pb_text _builder_version=&#8221;4.27.0&#8243; _module_preset=&#8221;default&#8221; header_2_text_align=&#8221;center&#8221; global_colors_info=&#8221;{}&#8221;]<\/p>\n<h2>\u010cLEN 6 - Intelektualna lastnina<\/h2>\n<p><strong>6.1 Na\u0161a spletna stran<\/strong><\/p>\n<p>Vse blagovne znamke, fotografije, besedila, komentarji, ilustracije, animirane ali nepremi\u010dne slike, video sekvence, zvoki in vsi ra\u010dunalni\u0161ki programi, ki se lahko uporabljajo za delovanje spletnega mesta, ter na splo\u0161no vsi elementi, reproducirani ali uporabljeni na spletnem mestu, so za\u0161\u010diteni z veljavnimi zakoni, ki se nana\u0161ajo na intelektualno lastnino.<\/p>\n<p>V celoti in v celoti so last prodajalca ali njegovih komercialnih partnerjev. Brez predhodnega pisnega soglasja izdajatelja je strogo prepovedano kakr\u0161no koli razmno\u017eevanje, predstavljanje, uporaba ali prilagajanje vseh teh elementov ali njihovega dela, vklju\u010dno z ra\u010dunalni\u0161kimi aplikacijami, v kakr\u0161ni koli obliki. Dejstvo, da zalo\u017enik ne ukrepa po uradni dol\u017enosti takoj, ko izve za tak\u0161no nedovoljeno uporabo s strani uporabnika, ne pomeni strinjanja s tak\u0161no uporabo ali odpovedi pravici do ukrepanja po uradni dol\u017enosti. Uporabniku je strogo prepovedano :<\/p>\n<p>- kopirati, razmno\u017eevati, predstavljati, predvajati, raz\u0161irjati ali objavljati, trajno ali za\u010dasno, celotno vsebino in\/ali spletno stran ali njen del na kakr\u0161en koli na\u010din; - ustvarjati del, ki izhajajo iz vsebine in\/ali spletne strani; - spreminjati, prevajati, prilagajati ali urejati celotno vsebino in\/ali spletno stran ali njen del; - razstavljati, dekompilirati ali izvajati povratnega in\u017eeniringa spletne strani.<\/p>\n<p>V vsakem primeru je uporabnik sam odgovoren za svojo uporabo spletnega mesta. Vsaka nepoobla\u0161\u010dena uporaba spletnega mesta ali katerega koli elementa, ki ga vsebuje, se \u0161teje za kr\u0161itev Zakona o varstvu podatkov iz leta 2000.<\/p>\n<p><strong>6.2 Na\u0161a blagovna znamka<\/strong><\/p>\n<p>Besedne in vizualne blagovne znamke (logotip) prodajalca in dru\u017ebe CLICKBUSTER LTD so za\u0161\u010ditene. Njihova uporaba brez pisnega dovoljenja prodajalca ali njegovih partnerjev na katerem koli mediju za namene promocije izdelkov ali storitev ali v komercialne namene je prepovedana pod gro\u017enjo kazenskih in civilnih postopkov, ki jih prodajalec spro\u017ei proti uporabniku in\/ali odgovornim tretjim osebam.<\/p>\n<p><strong>6.3 Vsebina<\/strong><\/p>\n<p>Vsebina je prosto dostopna na spletnem mestu. Objava vsebine na spletu ne pomeni prenosa avtorskih pravic ali lastni\u0161tva vsebine, ki ostaja v popolni lasti prodajalca in avtorjev.<\/p>\n<p>Noben uporabnik ne sme izvajati dejanj, ki so v nasprotju z uveljavljanjem avtorskih pravic in pravic intelektualne lastnine ali v nasprotju s katero koli drugo zakonodajo Zdru\u017eenega kraljestva ali mednarodno zakonodajo v zvezi s pravicami intelektualne lastnine. Prodajalec in njegovi sodelavci si pridr\u017eujejo pravico, da kazensko preganjajo katerega koli uporabnika zaradi kakr\u0161ne koli kr\u0161itve teh PU.<\/p>\n<p>[\/et_pb_text][et_pb_text _builder_version=&#8221;4.27.0&#8243; _module_preset=&#8221;default&#8221; header_2_text_align=&#8221;center&#8221; global_colors_info=&#8221;{}&#8221;]<\/p>\n<h2>\u010cLEN 7 - Upravljanje lokacije<\/h2>\n<p>Na\u0161e spletno mesto je uporabnikom obi\u010dajno dostopno ves \u010das. Da bi zagotovil ustrezno upravljanje spletnega mesta, si prodajalec pridr\u017euje pravico, da kadar koli :<\/p>\n<p>- iz kakr\u0161nega koli razloga, s predhodnim obvestilom ali brez njega in po lastni presoji za\u010dasno ustavi, prekine ali omeji dostop do celotnega spletnega mesta ali njegovega dela; - iz kakr\u0161nega koli razloga, s predhodnim obvestilom ali brez njega in po lastni presoji izbri\u0161e vse informacije, ki bi lahko motile njegovo delovanje; - za\u010dasno ustavi spletno mesto zaradi izvedbe posodobitev.<\/p>\n<p>Prodajalec si bo prizadeval, da bo uporabnike vnaprej obvestil o datumih in urah intervencij, vendar ne more biti odgovoren, \u010de tega ne bo storil.<\/p>\n<p>[\/et_pb_text][et_pb_text _builder_version=&#8221;4.27.0&#8243; _module_preset=&#8221;default&#8221; header_2_text_align=&#8221;center&#8221; global_colors_info=&#8221;{}&#8221;]<\/p>\n<h2>\u010cLEN 8 - Odgovornosti<\/h2>\n<p><strong>8.1 Dostop do spletnega mesta<\/strong><\/p>\n<p>Prodajalec se zavezuje, da bo storil vse, kar je v njegovi mo\u010di, da zagotovi dostopnost spletnega mesta 24 ur na dan, 7 dni na teden. Vendar se prodajalec ne zavezuje, da bo spletno mesto stalno na voljo in dostopno, ter ne jam\u010di, da je spletno mesto brez napak. Prodajalec ne more biti odgovoren v primeru okvare, nepravilnega delovanja, te\u017eav ali prekinitve delovanja, ki onemogo\u010da dostop do spletnega mesta ali katere koli njegove funkcije.<\/p>\n<p>Prodajalec in gostitelj nista odgovorna za okvare internetnega omre\u017eja, telefonskih linij ali ra\u010dunalni\u0161ke in telefonske opreme, zlasti zaradi preobremenjenosti omre\u017eja, ki onemogo\u010dajo dostop do stre\u017enika.<\/p>\n<p>Prodajalec ni odgovoren v primeru sodnih postopkov proti uporabnikom:<\/p>\n<p>- zaradi uporabe spletnega mesta ali katere koli druge storitve, dostopne prek interneta; - zaradi uporabnikovega neupo\u0161tevanja teh splo\u0161nih pogojev poslovanja.<\/p>\n<p><strong>8.2 Uporabljena oprema<\/strong><\/p>\n<p>Uporabnik je v celoti in v celoti odgovoren za povezovalno opremo, ki jo uporablja za dostop do spletnega mesta. Uporabnik je odgovoren, da sprejme vse ustrezne ukrepe za za\u0161\u010dito svoje opreme in svojih podatkov. Uporabnik se zavezuje, da bo do spletnega mesta dostopal z najnovej\u0161o opremo brez virusov in z nedavno posodobljenim brskalnikom.<\/p>\n<p>Prodajalec ni odgovoren za kakr\u0161no koli \u0161kodo, povzro\u010deno uporabnikom, tretjim osebam in\/ali njihovi opremi zaradi njihove povezave s spletnim mestom ali njegove uporabe, in uporabniki se v zvezi s tem odpovedujejo kakr\u0161nim koli to\u017ebam proti prodajalcu.<\/p>\n<p>Prodajalec ne more biti odgovoren za posredno \u0161kodo (kot je izguba posla ali prilo\u017enosti), ki je posledica uporabe spletnega mesta.<\/p>\n<p>[\/et_pb_text][et_pb_text _builder_version=&#8221;4.27.0&#8243; _module_preset=&#8221;default&#8221; header_2_text_align=&#8221;center&#8221; global_colors_info=&#8221;{}&#8221;]<\/p>\n<h2>\u010cLEN 9 - FOTOGRAFIJE IN PREDSTAVITEV IZDELKOV IN STORITEV<\/h2>\n<p>Fotografije na spletnem mestu, ki spremljajo njihov opis, niso pogodbene in za prodajalca niso zavezujo\u010de.<\/p>\n<p>[\/et_pb_text][et_pb_text _builder_version=&#8221;4.27.0&#8243; _module_preset=&#8221;default&#8221; header_2_text_align=&#8221;center&#8221; global_colors_info=&#8221;{}&#8221;]<\/p>\n<h2>\u010cLEN 10 - Hipertekstovne povezave<\/h2>\n<p>Uporabnik lahko vzpostavi kakr\u0161no koli hipertekstno povezavo do celotne spletne strani ali njenega dela na podlagi predhodnega pisnega dovoljenja dru\u017ebe CLICKBUSTER LTD, ki ga je treba zahtevati po elektronski po\u0161ti na naslednjem naslovu: <a rel=\"noopener\">contact.psona@gmail.com<\/a>.<\/p>\n<p>Prodajalec lahko to dovoljenje zavrne, ne da bi mu bilo treba svojo odlo\u010ditev kakor koli utemeljiti. \u010ce prodajalec izda dovoljenje, je to v vsakem primeru za\u010dasno in ga lahko kadar koli prekli\u010de, ne da bi mu bilo treba svojo odlo\u010ditev utemeljiti. V vsakem primeru je treba vsako povezavo na zahtevo blagovne znamke odstraniti.<\/p>\n<p>Spletno mesto vsebuje \u0161tevilne hipertekstne povezave do drugih spletnih mest, ki so bile vzpostavljene z dovoljenjem prodajalca. Vendar na\u0161e podjetje ne more preverjati vsebine tako obiskanih spletnih mest, zato v zvezi s tem ne prevzema nobene odgovornosti.<\/p>\n<p>[\/et_pb_text][et_pb_text _builder_version=&#8221;4.27.0&#8243; _module_preset=&#8221;default&#8221; header_2_text_align=&#8221;center&#8221; global_colors_info=&#8221;{}&#8221;]<\/p>\n<h2>\u010cLEN 11 - Delna neveljavnost<\/h2>\n<p>Za\u010dasna neuporaba ene ali ve\u010d klavzul teh splo\u0161nih pogojev se v nobenem primeru ne sme razlagati kot opustitev dru\u017ebe CLICKBUSTER LTD, da bi izkoristila katero koli od navedenih klavzul.<\/p>\n<p>\u010ce zakon, predpis ali pravnomo\u010dna sodna odlo\u010dba razglasi eno ali ve\u010d dolo\u010db teh pogojev za neveljavne ali neuporabne, ostale dolo\u010dbe ohranijo svojo polno veljavnost in obseg ter se \u0161e naprej uporabljajo v celoti.<\/p>\n<p>[\/et_pb_text][et_pb_text _builder_version=&#8221;4.27.0&#8243; _module_preset=&#8221;default&#8221; header_2_text_align=&#8221;center&#8221; global_colors_info=&#8221;{}&#8221;]<\/p>\n<h2>12. \u010dlen - Jezik<\/h2>\n<p>\u010ce so ti GCU prevedeni v enega ali ve\u010d jezikov, je jezik tolma\u010denja angle\u0161\u010dina.<\/p>\n<p>[\/et_pb_text][et_pb_text _builder_version=&#8221;4.27.0&#8243; _module_preset=&#8221;default&#8221; header_2_text_align=&#8221;center&#8221; custom_css_free_form=&#8221;selector table, selector td, selector tr, selector th {||  border:1px solid;||  border-color:#034833 !important;||}&#8221; global_colors_info=&#8221;{}&#8221;]<\/p>\n<h2>\u010cLEN 13 - Veljavno pravo<\/h2>\n<p>Te pogoje uporabe spletnega mesta ureja britansko pravo, v primeru spora pa so pod izklju\u010dno pristojnostjo rednih sodi\u0161\u010d, ob upo\u0161tevanju posebne pristojnosti, ki izhaja iz besedila zakona ali dolo\u010denega predpisa.<\/p>\n<p>[\/et_pb_text][et_pb_text _builder_version=&#8221;4.27.0&#8243; _module_preset=&#8221;default&#8221; header_2_text_align=&#8221;center&#8221; custom_css_free_form=&#8221;selector table, selector td, selector tr, selector th {||  border:1px solid;||  border-color:#034833 !important;||}&#8221; global_colors_info=&#8221;{}&#8221;]<\/p>\n<h2>14. \u010dlen - Kontaktirajte nas<\/h2>\n<p>Za kakr\u0161na koli vpra\u0161anja ali informacije v zvezi s storitvami, predstavljenimi na spletnem mestu, ali v zvezi s samim spletnim mestom lahko uporabnik pusti sporo\u010dilo na naslednjem naslovu: contact.psona@gmail.com.<\/p>\n<p>[\/et_pb_text][\/et_pb_column][\/et_pb_row][\/et_pb_section]<\/p>","protected":false},"excerpt":{"rendered":"<p>Mentions l\u00e9gales Preamble Entry into force: March 30th, 2023 CLICKBUSTER LTD63-66 Hatton GardenLondon EC1N 8LECompany number 13014667VAT number GB 363 9346 71 La navigation continue sur notre Site https:\/\/psna1.com\/ (ci-apr\u00e8s le \u00ab Site \u00bb) implique que les visiteurs du Site (ci-apr\u00e8s l&#8217;\u00ab Utilisateur(s) \u00bb) acceptent sans r\u00e9serve les dispositions et Conditions G\u00e9n\u00e9rales d&#8217;Utilisation qui suivent [&hellip;]<\/p>","protected":false},"author":1,"featured_media":0,"parent":0,"menu_order":0,"comment_status":"closed","ping_status":"closed","template":"","meta":{"_et_pb_use_builder":"on","_et_pb_old_content":"<!-- wp:divi\/placeholder \/-->","_et_gb_content_width":"","inline_featured_image":false,"footnotes":""},"class_list":["post-149","page","type-page","status-publish","hentry"],"_links":{"self":[{"href":"https:\/\/psna1.com\/sl\/wp-json\/wp\/v2\/pages\/149","targetHints":{"allow":["GET"]}}],"collection":[{"href":"https:\/\/psna1.com\/sl\/wp-json\/wp\/v2\/pages"}],"about":[{"href":"https:\/\/psna1.com\/sl\/wp-json\/wp\/v2\/types\/page"}],"author":[{"embeddable":true,"href":"https:\/\/psna1.com\/sl\/wp-json\/wp\/v2\/users\/1"}],"replies":[{"embeddable":true,"href":"https:\/\/psna1.com\/sl\/wp-json\/wp\/v2\/comments?post=149"}],"version-history":[{"count":6,"href":"https:\/\/psna1.com\/sl\/wp-json\/wp\/v2\/pages\/149\/revisions"}],"predecessor-version":[{"id":870,"href":"https:\/\/psna1.com\/sl\/wp-json\/wp\/v2\/pages\/149\/revisions\/870"}],"wp:attachment":[{"href":"https:\/\/psna1.com\/sl\/wp-json\/wp\/v2\/media?parent=149"}],"curies":[{"name":"wp","href":"https:\/\/api.w.org\/{rel}","templated":true}]}}