{"id":149,"date":"2024-09-05T10:24:38","date_gmt":"2024-09-05T10:24:38","guid":{"rendered":"https:\/\/psona.io\/?page_id=149"},"modified":"2024-10-02T10:18:01","modified_gmt":"2024-10-02T10:18:01","slug":"mentions-legales","status":"publish","type":"page","link":"https:\/\/psna1.com\/sk\/mentions-legales\/","title":{"rendered":"Pr\u00e1vne inform\u00e1cie"},"content":{"rendered":"<p>[et_pb_section fb_built=&#8221;1&#8243; custom_padding_last_edited=&#8221;on|tablet&#8221; admin_label=&#8221;Header&#8221; _builder_version=&#8221;4.27.0&#8243; custom_margin=&#8221;0px||0px||true|false&#8221; custom_padding=&#8221;0px||0px||true|false&#8221; custom_padding_tablet=&#8221;||||true|false&#8221; custom_padding_phone=&#8221;||||true|false&#8221; locked=&#8221;off&#8221; global_colors_info=&#8221;{}&#8221;][et_pb_row use_custom_gutter=&#8221;on&#8221; gutter_width=&#8221;1&#8243; custom_padding_last_edited=&#8221;on|phone&#8221; _builder_version=&#8221;4.27.0&#8243; width=&#8221;95%&#8221; custom_margin=&#8221;||||true|false&#8221; custom_padding=&#8221;150px||150px||true|true&#8221; custom_padding_tablet=&#8221;80px||80px||true|false&#8221; custom_padding_phone=&#8221;60px||60px||true|false&#8221; border_radii=&#8221;on|50px|50px|50px|50px&#8221; global_colors_info=&#8221;{}&#8221; background_color=&#8221;RGBA(255,255,255,0)&#8221; background_size=&#8221;initial&#8221; background_position=&#8221;top_left&#8221; background_repeat=&#8221;repeat&#8221;][et_pb_column type=&#8221;4_4&#8243; _builder_version=&#8221;4.27.0&#8243; custom_padding=&#8221;|||&#8221; global_colors_info=&#8221;{}&#8221; custom_padding__hover=&#8221;|||&#8221; custom_css_main_element_last_edited=&#8221;on|phone&#8221;][et_pb_text module_class=&#8221;title-header&#8221; _builder_version=&#8221;4.27.0&#8243; background_size=&#8221;initial&#8221; background_position=&#8221;top_left&#8221; background_repeat=&#8221;repeat&#8221; width=&#8221;72%&#8221; width_tablet=&#8221;70%&#8221; width_phone=&#8221;68.5%&#8221; width_last_edited=&#8221;on|tablet&#8221; module_alignment=&#8221;center&#8221; custom_margin=&#8221;0px||0px||false|false&#8221; custom_margin_tablet=&#8221;0px||0px||false|false&#8221; custom_margin_phone=&#8221;0px||0px||false|false&#8221; custom_margin_last_edited=&#8221;on|tablet&#8221; custom_padding=&#8221;0px||0px||true|false&#8221; hover_enabled=&#8221;0&#8243; header_font_size_tablet=&#8221;50px&#8221; header_font_size_phone=&#8221;40px&#8221; global_colors_info=&#8221;{}&#8221; text_orientation=&#8221;center&#8221; sticky_enabled=&#8221;0&#8243;]<\/p>\n<h1>Pr\u00e1vne inform\u00e1cie<\/h1>\n<p><!-- \/divi:paragraph --><\/p>\n<p>[\/et_pb_text][\/et_pb_column][\/et_pb_row][\/et_pb_section][et_pb_section fb_built=&#8221;1&#8243; _builder_version=&#8221;4.27.0&#8243; _module_preset=&#8221;default&#8221; global_colors_info=&#8221;{}&#8221;][et_pb_row _builder_version=&#8221;4.27.0&#8243; _module_preset=&#8221;default&#8221; global_colors_info=&#8221;{}&#8221;][et_pb_column type=&#8221;4_4&#8243; _builder_version=&#8221;4.27.0&#8243; _module_preset=&#8221;default&#8221; global_colors_info=&#8221;{}&#8221;][et_pb_text _builder_version=&#8221;4.27.0&#8243; _module_preset=&#8221;default&#8221; header_2_text_align=&#8221;center&#8221; global_colors_info=&#8221;{}&#8221;]<\/p>\n<h2>Preambula<\/h2>\n<p>Nadobudnutie \u00fa\u010dinnosti: 30. marca 2023<\/p>\n<p><strong>CLICKBUSTER LTD<\/strong><br \/><strong>63-66 Hatton Garden<\/strong><br \/><strong>Lond\u00fdn EC1N 8LE<\/strong><br \/><strong>\u010c\u00edslo spolo\u010dnosti 13014667<\/strong><br \/><strong>\u010c\u00edslo DPH GB 363 9346 71<\/strong><\/p>\n<p>Pokra\u010dovanie prehliadania na na\u0161ej str\u00e1nke <a rel=\"noopener\" target=\"_new\" href=\"https:\/\/psna1.com\/sk\/\">https:\/\/psna1.com\/<\/a> (\u010falej len \"str\u00e1nka\") predpoklad\u00e1, \u017ee n\u00e1v\u0161tevn\u00edci str\u00e1nky (\u010falej len \"pou\u017e\u00edvate\u013e(i)\") bez v\u00fdhrad akceptuj\u00fa nasleduj\u00face ustanovenia a v\u0161eobecn\u00e9 podmienky pou\u017e\u00edvania (\u010falej len \"VOP\"). Pred ak\u00fdmko\u013evek pou\u017eit\u00edm funkci\u00ed na\u0161ej str\u00e1nky pou\u017e\u00edvate\u013e potvrdzuje, \u017ee si pre\u010d\u00edtal tieto V\u0161eobecn\u00e9 podmienky a \u017ee s nimi s\u00fahlas\u00ed.<\/p>\n<p>Aktu\u00e1lna online verzia na\u0161ich VOP je jedinou verziou platnou po\u010das pou\u017e\u00edvania str\u00e1nky, k\u00fdm ju nenahrad\u00edme novou verziou.<\/p>\n<p>Str\u00e1nky spravuje spolo\u010dnos\u0165 CLICKBUSTER LTD (\u010falej len \"pred\u00e1vaj\u00faci\"), ktor\u00e1 si vyhradzuje pr\u00e1vo kedyko\u013evek zmeni\u0165 tieto podmienky. Ak\u00e9ko\u013evek pou\u017e\u00edvanie na\u0161ich str\u00e1nok po \u00faprave VOP znamen\u00e1 neodvolate\u013en\u00fd s\u00fahlas pou\u017e\u00edvate\u013ea s novou verziou. V pr\u00edpade nes\u00fahlasu s na\u0161imi VOP sa Pou\u017e\u00edvate\u013e vyz\u00fdva, aby prestal pou\u017e\u00edva\u0165 na\u0161e str\u00e1nky.<\/p>\n<p>[\/et_pb_text][et_pb_text _builder_version=&#8221;4.27.0&#8243; _module_preset=&#8221;default&#8221; header_2_text_align=&#8221;center&#8221; global_colors_info=&#8221;{}&#8221;]<\/p>\n<h2>\u010cL\u00c1NOK 1 - DEFIN\u00cdCIE<\/h2>\n<p>Na na\u0161ich str\u00e1nkach maj\u00fa ni\u017e\u0161ie uveden\u00e9 pojmy nasleduj\u00faci v\u00fdznam:<\/p>\n<p>\"Obsah\": sa vz\u0165ahuje na v\u0161etky prvky, ktor\u00e9 tvoria inform\u00e1cie na na\u0161ej str\u00e1nke (text, obr\u00e1zky, vide\u00e1, algoritmy, softv\u00e9r, widgety at\u010f.) a umo\u017e\u0148uj\u00fa jej fungovanie, informovanie pou\u017e\u00edvate\u013eov a prezent\u00e1ciu na\u0161ich slu\u017eieb;<\/p>\n<p>\"Pr\u00e1va du\u0161evn\u00e9ho vlastn\u00edctva\": sa vz\u0165ahuj\u00fa na v\u0161etky pr\u00e1va du\u0161evn\u00e9ho vlastn\u00edctva a s\u00favisiace pr\u00e1va (autorsk\u00e9 pr\u00e1va, pr\u00e1va k ochrann\u00fdm zn\u00e1mkam, patentov\u00e9 pr\u00e1va, obchodn\u00e9 n\u00e1zvy, datab\u00e1zy at\u010f.), ktor\u00e9 s\u00fa chr\u00e1nen\u00e9 z\u00e1konom o autorsk\u00fdch pr\u00e1vach a s\u00favisiacich pr\u00e1vach z roku 2000, platn\u00fdm v \u010dase, ke\u010f Pou\u017e\u00edvate\u013e nav\u0161t\u00edvi Str\u00e1nku;<\/p>\n<p>\"Funkcie\": sa vz\u0165ahuj\u00fa na v\u0161etky funkcie, ktor\u00e9 s\u00fa k dispoz\u00edcii na\u0161im pou\u017e\u00edvate\u013eom prostredn\u00edctvom na\u0161ej str\u00e1nky;<\/p>\n<p>\"Str\u00e1nka\": odkazuje na Str\u00e1nku <a rel=\"noopener\" target=\"_new\" href=\"https:\/\/psna1.com\/sk\/\">https:\/\/psna1.com\/<\/a> prev\u00e1dzkovan\u00e9 pred\u00e1vaj\u00facim a spr\u00edstupnen\u00e9 pou\u017e\u00edvate\u013eom;<\/p>\n<p>\"Pou\u017e\u00edvate\u013e\": ozna\u010duje ak\u00fako\u013evek osobu, ktor\u00e1 pou\u017e\u00edva na\u0161u str\u00e1nku a m\u00e1 pr\u00edstup k jej obsahu.<\/p>\n<p>[\/et_pb_text][et_pb_text _builder_version=&#8221;4.27.0&#8243; _module_preset=&#8221;default&#8221; header_2_text_align=&#8221;center&#8221; global_colors_info=&#8221;{}&#8221;]<\/p>\n<h2>\u010cL\u00c1NOK 2 - Pr\u00e1vne inform\u00e1cie<\/h2>\n<p>V s\u00falade s nariaden\u00edm Eur\u00f3pskeho parlamentu a Rady [E\u00da] 2018\/679 z 27. apr\u00edla 2016 o ochrane fyzick\u00fdch os\u00f4b pri sprac\u00favan\u00ed osobn\u00fdch \u00fadajov a o vo\u013enom pohybe tak\u00fdchto \u00fadajov je pou\u017e\u00edvate\u013e na\u0161ej str\u00e1nky informovan\u00fd o toto\u017enosti str\u00e1n zapojen\u00fdch do jej vytv\u00e1rania a monitorovania:<\/p>\n<p>Ved\u00faci redakcie: Carlo Ela <a rel=\"noopener\">contact.psona@gmail.com<\/a> .<\/p>\n<p>Hostite\u013e: Scaleway, 8 rue de la Ville l'\u00c9v\u00eaque, 75008 Par\u00ed\u017e ; <a rel=\"noopener\" target=\"_new\" href=\"https:\/\/www.scaleway.com\/\">https:\/\/www.scaleway.com\/<\/a><\/p>\n<p>V\u00fdvoj\u00e1r: CLICKBUSTER LTD<\/p>\n<p>\u00daradn\u00edk pre ochranu \u00fadajov: Carlo Ela <a rel=\"noopener\">contact.psona@gmail.com<\/a>.<\/p>\n<p>[\/et_pb_text][et_pb_text _builder_version=&#8221;4.27.0&#8243; _module_preset=&#8221;default&#8221; header_2_text_align=&#8221;center&#8221; global_colors_info=&#8221;{}&#8221;]<\/p>\n<h2>\u010cL\u00c1NOK 3 - Ochrana osobn\u00fdch \u00fadajov<\/h2>\n<p>Aby ste mohli pou\u017e\u00edva\u0165 na\u0161e str\u00e1nky, budeme spracov\u00e1va\u0165 ur\u010dit\u00e9 osobn\u00e9 \u00fadaje t\u00fdkaj\u00face sa pou\u017e\u00edvate\u013ea. Toto spracovanie sa vykon\u00e1va v s\u00falade so z\u00e1konom o ochrane \u00fadajov z roku 2018 a so z\u00e1sadami ochrany \u00fadajov, ktor\u00e9 s\u00fa k dispoz\u00edcii na tomto odkaze:<\/p>\n<p><a rel=\"noopener\" target=\"_new\" href=\"https:\/\/psna1.com\/sk\/privacy-police\/\">https:\/\/psna1.com\/privacy-police\/<\/a><\/p>\n<p>[\/et_pb_text][et_pb_text _builder_version=&#8221;4.27.0&#8243; _module_preset=&#8221;default&#8221; header_2_text_align=&#8221;center&#8221; global_colors_info=&#8221;{}&#8221;]<\/p>\n<h2>\u010cL\u00c1NOK 4 - Pr\u00edstup na stavenisko<\/h2>\n<div class=\"group\/conversation-turn relative flex w-full min-w-0 flex-col agent-turn\">\n<div class=\"flex-col gap-1 md:gap-3\">\n<div class=\"flex max-w-full flex-col flex-grow\">\n<div data-message-author-role=\"assistant\" data-message-id=\"1921b6bd-7e01-40ec-81aa-bce2a7802030\" dir=\"auto\" class=\"min-h-[20px] text-message flex w-full flex-col items-end gap-2 whitespace-normal break-words [.text-message+&amp;]:mt-5\">\n<div class=\"flex w-full flex-col gap-1 empty:hidden first:pt-[3px]\">\n<div class=\"markdown prose w-full break-words dark:prose-invert dark\">\n<p>Pr\u00edstup na str\u00e1nku a jej pou\u017e\u00edvanie s\u00fa vyhraden\u00e9 v\u00fdlu\u010dne na osobn\u00e9 pou\u017eitie. Pou\u017e\u00edvate\u013e sa zav\u00e4zuje, \u017ee nebude pou\u017e\u00edva\u0165 str\u00e1nky ani inform\u00e1cie \u010di \u00fadaje na nich obsiahnut\u00e9 na komer\u010dn\u00e9, politick\u00e9 alebo reklamn\u00e9 \u00fa\u010dely alebo na ak\u00fako\u013evek formu komer\u010dn\u00e9ho nab\u00e1dania, najm\u00e4 na zasielanie nevy\u017eiadan\u00fdch e-mailov.<\/p>\n<p>Pr\u00edstup na str\u00e1nku je vyhraden\u00fd pre dospel\u00fdch. Pred\u00e1vaj\u00faci si vyhradzuje pr\u00e1vo po\u017eadova\u0165 doklad o veku, najm\u00e4 ak vyu\u017e\u00edvate slu\u017eby online objedn\u00e1vania. Pred\u00e1vaj\u00faci nenesie zodpovednos\u0165 v pr\u00edpade pr\u00edstupu neplnolet\u00fdch os\u00f4b na str\u00e1nku, ani v pr\u00edpade chybn\u00fdch alebo zav\u00e1dzaj\u00facich inform\u00e1ci\u00ed poskytnut\u00fdch pou\u017e\u00edvate\u013emi na str\u00e1nke.<\/p>\n<p>Pou\u017e\u00edvatelia s\u00fa osobne zodpovedn\u00ed za nastavenie IT a telekomunika\u010dn\u00fdch zdrojov potrebn\u00fdch na pr\u00edstup k lokalite. N\u00e1klady na telekomunika\u010dn\u00e9 slu\u017eby spojen\u00e9 s pr\u00edstupom na internet prostredn\u00edctvom str\u00e1nky zn\u00e1\u0161aj\u00fa sami.<\/p>\n<\/div>\n<\/div>\n<\/div>\n<\/div>\n<\/div>\n<\/div>\n<p>[\/et_pb_text][et_pb_text _builder_version=&#8221;4.27.0&#8243; _module_preset=&#8221;default&#8221; header_2_text_align=&#8221;center&#8221; global_colors_info=&#8221;{}&#8221;]<\/p>\n<h2>\u010cL\u00c1NOK 5 - Opis poskytovan\u00fdch slu\u017eieb<\/h2>\n<p>Sna\u017e\u00edme sa poskytova\u0165 \u010do najpresnej\u0161ie inform\u00e1cie, ale nem\u00f4\u017eeme nies\u0165 zodpovednos\u0165 za ak\u00e9ko\u013evek opomenutia, nepresnosti alebo neaktualizovanie inform\u00e1ci\u00ed. V\u0161etky inform\u00e1cie uveden\u00e9 na str\u00e1nke maj\u00fa len informat\u00edvny charakter a nie s\u00fa vy\u010derp\u00e1vaj\u00face. Poskytuj\u00fa sa s v\u00fdhradou ak\u00fdchko\u013evek zmien, ktor\u00e9 mohli by\u0165 vykonan\u00e9 od ich zverejnenia na internete.<\/p>\n<p>[\/et_pb_text][et_pb_text _builder_version=&#8221;4.27.0&#8243; _module_preset=&#8221;default&#8221; header_2_text_align=&#8221;center&#8221; global_colors_info=&#8221;{}&#8221;]<\/p>\n<h2>\u010cL\u00c1NOK 6 - Du\u0161evn\u00e9 vlastn\u00edctvo<\/h2>\n<p><strong>6.1 Na\u0161a webov\u00e1 str\u00e1nka<\/strong><\/p>\n<p>V\u0161etky ochrann\u00e9 zn\u00e1mky, fotografie, texty, koment\u00e1re, ilustr\u00e1cie, animovan\u00e9 alebo nehybn\u00e9 obr\u00e1zky, videosekvencie, zvuky, ako aj v\u0161etky po\u010d\u00edta\u010dov\u00e9 aplik\u00e1cie, ktor\u00e9 sa m\u00f4\u017eu pou\u017e\u00edva\u0165 na prev\u00e1dzku str\u00e1nky, a v\u0161eobecne v\u0161etky prvky reprodukovan\u00e9 alebo pou\u017e\u00edvan\u00e9 na str\u00e1nke, s\u00fa chr\u00e1nen\u00e9 platn\u00fdmi z\u00e1konmi t\u00fdkaj\u00facimi sa du\u0161evn\u00e9ho vlastn\u00edctva.<\/p>\n<p>S\u00fa \u00fapln\u00fdm a \u00fapln\u00fdm vlastn\u00edctvom pred\u00e1vaj\u00faceho alebo jeho obchodn\u00fdch partnerov. Ak\u00e1ko\u013evek reprodukcia, prezent\u00e1cia, pou\u017eitie alebo adapt\u00e1cia v\u0161etk\u00fdch t\u00fdchto prvkov alebo ich \u010dasti, vr\u00e1tane po\u010d\u00edta\u010dov\u00fdch aplik\u00e1ci\u00ed, v akejko\u013evek forme bez predch\u00e1dzaj\u00faceho p\u00edsomn\u00e9ho s\u00fahlasu vydavate\u013ea je pr\u00edsne zak\u00e1zan\u00e1. Skuto\u010dnos\u0165, \u017ee vydavate\u013e nepodnikne pr\u00e1vne kroky hne\u010f, ako sa dozvie o takomto neopr\u00e1vnenom pou\u017eit\u00ed pou\u017e\u00edvate\u013eom, neznamen\u00e1 s\u00fahlas s tak\u00fdmto pou\u017eit\u00edm ani vzdanie sa pr\u00e1va na podniknutie pr\u00e1vnych krokov. Pou\u017e\u00edvate\u013eovi je pr\u00edsne zak\u00e1zan\u00e9 :<\/p>\n<p>- kop\u00edrova\u0165, reprodukova\u0165, reprezentova\u0165, vysiela\u0165, distribuova\u0165 alebo publikova\u0165, trvalo alebo do\u010dasne, cel\u00fd obsah a\/alebo str\u00e1nky alebo ich \u010das\u0165 ak\u00fdmko\u013evek sp\u00f4sobom; - vytv\u00e1ra\u0165 diela odvoden\u00e9 z obsahu a\/alebo str\u00e1nok; - upravova\u0165, preklada\u0165, prisp\u00f4sobova\u0165 alebo aran\u017eova\u0165 cel\u00fd obsah a\/alebo str\u00e1nky alebo ich \u010das\u0165; - rozobera\u0165, dekompilova\u0165 alebo sp\u00e4tne analyzova\u0165 str\u00e1nky.<\/p>\n<p>Pou\u017e\u00edvatelia s\u00fa v ka\u017edom pr\u00edpade v\u00fdhradne zodpovedn\u00ed za pou\u017e\u00edvanie t\u00fdchto str\u00e1nok. Ak\u00e9ko\u013evek neopr\u00e1vnen\u00e9 pou\u017e\u00edvanie str\u00e1nky alebo ak\u00e9hoko\u013evek jej prvku sa bude pova\u017eova\u0165 za poru\u0161enie z\u00e1kona o ochrane \u00fadajov z roku 2000.<\/p>\n<p><strong>6.2 Na\u0161a zna\u010dka<\/strong><\/p>\n<p>Slovn\u00e9 a vizu\u00e1lne ochrann\u00e9 zn\u00e1mky (logo) pred\u00e1vaj\u00faceho a spolo\u010dnosti CLICKBUSTER LTD s\u00fa chr\u00e1nen\u00e9. Ich pou\u017e\u00edvanie bez p\u00edsomn\u00e9ho s\u00fahlasu pred\u00e1vaj\u00faceho alebo jeho partnerov na akomko\u013evek m\u00e9diu na \u00fa\u010dely propag\u00e1cie v\u00fdrobkov alebo slu\u017eieb alebo na komer\u010dn\u00e9 \u00fa\u010dely je zak\u00e1zan\u00e9 pod hrozbou trestn\u00e9ho a ob\u010dianskopr\u00e1vneho konania zo strany pred\u00e1vaj\u00faceho vo\u010di pou\u017e\u00edvate\u013eovi a\/alebo zodpovedn\u00fdm tret\u00edm osob\u00e1m.<\/p>\n<p><strong>6.3 Obsah<\/strong><\/p>\n<p>Obsah je vo\u013ene pr\u00edstupn\u00fd na str\u00e1nke. Umiestnenie obsahu na internete neznamen\u00e1 prevod autorsk\u00fdch pr\u00e1v alebo vlastn\u00edctva obsahu, ktor\u00fd zost\u00e1va v \u00faplnom a kompletnom vlastn\u00edctve pred\u00e1vaj\u00faceho a prispievate\u013eov.<\/p>\n<p>\u017diadny pou\u017e\u00edvate\u013e nesmie vykon\u00e1va\u0165 \u017eiadne \u010dinnosti, ktor\u00e9 s\u00fa v rozpore s presadzovan\u00edm autorsk\u00fdch pr\u00e1v a pr\u00e1v du\u0161evn\u00e9ho vlastn\u00edctva alebo v rozpore s ak\u00fdmko\u013evek in\u00fdm britsk\u00fdm alebo medzin\u00e1rodn\u00fdm pr\u00e1vom t\u00fdkaj\u00facim sa pr\u00e1v du\u0161evn\u00e9ho vlastn\u00edctva. Pred\u00e1vaj\u00faci a jeho prispievatelia si vyhradzuj\u00fa pr\u00e1vo st\u00edha\u0165 ktor\u00e9hoko\u013evek Pou\u017e\u00edvate\u013ea za ak\u00e9ko\u013evek poru\u0161enie t\u00fdchto PP.<\/p>\n<p>[\/et_pb_text][et_pb_text _builder_version=&#8221;4.27.0&#8243; _module_preset=&#8221;default&#8221; header_2_text_align=&#8221;center&#8221; global_colors_info=&#8221;{}&#8221;]<\/p>\n<h2>\u010cL\u00c1NOK 7 - Spr\u00e1va lokality<\/h2>\n<p>Na\u0161a str\u00e1nka je pou\u017e\u00edvate\u013eom be\u017ene pr\u00edstupn\u00e1 po cel\u00fd \u010das. Na zabezpe\u010denie riadnej spr\u00e1vy Str\u00e1nky si Pred\u00e1vaj\u00faci vyhradzuje pr\u00e1vo kedyko\u013evek :<\/p>\n<p>- pozastavi\u0165, preru\u0161i\u0165 alebo obmedzi\u0165 pr\u00edstup k celej str\u00e1nke alebo jej \u010dasti z ak\u00e9hoko\u013evek d\u00f4vodu, s predch\u00e1dzaj\u00facim ozn\u00e1men\u00edm alebo bez neho a pod\u013ea vlastn\u00e9ho uv\u00e1\u017eenia; - vymaza\u0165 ak\u00e9ko\u013evek inform\u00e1cie, ktor\u00e9 by mohli naru\u0161i\u0165 jej prev\u00e1dzku, z ak\u00e9hoko\u013evek d\u00f4vodu, s predch\u00e1dzaj\u00facim ozn\u00e1men\u00edm alebo bez neho a pod\u013ea vlastn\u00e9ho uv\u00e1\u017eenia; - pozastavi\u0165 str\u00e1nku s cie\u013eom vykona\u0165 aktualiz\u00e1cie.<\/p>\n<p>Predajca urob\u00ed v\u0161etko pre to, aby pou\u017e\u00edvate\u013eov vopred informoval o d\u00e1tumoch a \u010dasoch z\u00e1sahov, ale v pr\u00edpade, \u017ee tak neurob\u00ed, nenesie za to zodpovednos\u0165.<\/p>\n<p>[\/et_pb_text][et_pb_text _builder_version=&#8221;4.27.0&#8243; _module_preset=&#8221;default&#8221; header_2_text_align=&#8221;center&#8221; global_colors_info=&#8221;{}&#8221;]<\/p>\n<h2>\u010cL\u00c1NOK 8 - Zodpovednosti<\/h2>\n<p><strong>8.1 Pr\u00edstup na str\u00e1nku<\/strong><\/p>\n<p>Pred\u00e1vaj\u00faci sa zav\u00e4zuje, \u017ee urob\u00ed v\u0161etko pre to, aby zabezpe\u010dil pr\u00edstupnos\u0165 str\u00e1nky 24 hod\u00edn denne, 7 dn\u00ed v t\u00fd\u017edni. Pred\u00e1vaj\u00faci sa v\u0161ak nezav\u00e4zuje k trvalej dostupnosti a pr\u00edstupnosti str\u00e1nky a nezaru\u010duje, \u017ee str\u00e1nka bude bez ch\u00fdb. Pred\u00e1vaj\u00faci nem\u00f4\u017ee nies\u0165 zodpovednos\u0165 v pr\u00edpade poruchy, nespr\u00e1vneho fungovania, \u0165a\u017ekost\u00ed alebo preru\u0161enia prev\u00e1dzky, ktor\u00e9 br\u00e1nia pr\u00edstupu na Str\u00e1nku alebo k niektorej z jej funkci\u00ed.<\/p>\n<p>Predajca a hostite\u013e nenes\u00fa zodpovednos\u0165 v pr\u00edpade poruchy internetovej siete, telef\u00f3nnych liniek alebo po\u010d\u00edta\u010dov\u00e9ho a telef\u00f3nneho vybavenia, najm\u00e4 v d\u00f4sledku pre\u0165a\u017eenia siete, ktor\u00e9 znemo\u017e\u0148uje pr\u00edstup k serveru.<\/p>\n<p>Pred\u00e1vaj\u00faci nenesie zodpovednos\u0165 v pr\u00edpade s\u00fadneho konania vo\u010di pou\u017e\u00edvate\u013eom:<\/p>\n<p>- v d\u00f4sledku pou\u017e\u00edvania Str\u00e1nky alebo akejko\u013evek inej slu\u017eby dostupnej prostredn\u00edctvom internetu; - v d\u00f4sledku nedodr\u017eania t\u00fdchto VOP zo strany Pou\u017e\u00edvate\u013ea.<\/p>\n<p><strong>8.2 Pou\u017eit\u00e9 vybavenie<\/strong><\/p>\n<p>Pou\u017e\u00edvate\u013e nesie pln\u00fa a \u00fapln\u00fa zodpovednos\u0165 za pripojovacie zariadenie, ktor\u00e9 pou\u017e\u00edva na pr\u00edstup na str\u00e1nku. Pou\u017e\u00edvate\u013e je zodpovedn\u00fd za prijatie v\u0161etk\u00fdch vhodn\u00fdch opatren\u00ed na ochranu svojho zariadenia a vlastn\u00fdch \u00fadajov. Pou\u017e\u00edvate\u013e sa zav\u00e4zuje, \u017ee bude na Str\u00e1nku pristupova\u0165 pomocou najnov\u0161ieho zariadenia bez v\u00edrusov a s ned\u00e1vno aktualizovan\u00fdm prehliada\u010dom.<\/p>\n<p>Predajca nezodpoved\u00e1 za \u017eiadnu \u0161kodu sp\u00f4soben\u00fa pou\u017e\u00edvate\u013eom, tret\u00edm stran\u00e1m a\/alebo ich zariadeniam v d\u00f4sledku ich pripojenia k webovej lokalite alebo jej pou\u017e\u00edvania a pou\u017e\u00edvatelia sa v tejto s\u00favislosti vzd\u00e1vaj\u00fa ak\u00fdchko\u013evek \u017eal\u00f4b vo\u010di predajcovi.<\/p>\n<p>Pred\u00e1vaj\u00faci nenesie zodpovednos\u0165 za nepriame \u0161kody (napr\u00edklad za stratu podnikania alebo stratu pr\u00edle\u017eitost\u00ed), ktor\u00e9 vznikli v d\u00f4sledku pou\u017e\u00edvania t\u00fdchto str\u00e1nok.<\/p>\n<p>[\/et_pb_text][et_pb_text _builder_version=&#8221;4.27.0&#8243; _module_preset=&#8221;default&#8221; header_2_text_align=&#8221;center&#8221; global_colors_info=&#8221;{}&#8221;]<\/p>\n<h2>\u010cL\u00c1NOK 9 - FOTOGRAFIE A PREZENT\u00c1CIA PRODUKTOV A SLU\u017dIEB<\/h2>\n<p>Fotografie na str\u00e1nke, ktor\u00e9 sprev\u00e1dzaj\u00fa ich popis, nemaj\u00fa zmluvn\u00fd charakter a nie s\u00fa pre pred\u00e1vaj\u00faceho z\u00e1v\u00e4zn\u00e9.<\/p>\n<p>[\/et_pb_text][et_pb_text _builder_version=&#8221;4.27.0&#8243; _module_preset=&#8221;default&#8221; header_2_text_align=&#8221;center&#8221; global_colors_info=&#8221;{}&#8221;]<\/p>\n<h2>\u010cL\u00c1NOK 10 - Hypertextov\u00e9 odkazy<\/h2>\n<p>Zriadenie ak\u00e9hoko\u013evek hypertextov\u00e9ho odkazu na cel\u00fa webov\u00fa lokalitu alebo jej \u010das\u0165 pou\u017e\u00edvate\u013eom je povolen\u00e9 na z\u00e1klade predch\u00e1dzaj\u00faceho p\u00edsomn\u00e9ho povolenia spolo\u010dnosti CLICKBUSTER LTD, o ktor\u00e9 je potrebn\u00e9 po\u017eiada\u0165 e-mailom na nasleduj\u00facej adrese: <a rel=\"noopener\">contact.psona@gmail.com<\/a>.<\/p>\n<p>Pred\u00e1vaj\u00faci m\u00f4\u017ee toto povolenie odmietnu\u0165 bez toho, aby musel svoje rozhodnutie akoko\u013evek od\u00f4vodni\u0165. Ak pred\u00e1vaj\u00faci udel\u00ed svoje povolenie, je v ka\u017edom pr\u00edpade do\u010dasn\u00e9 a m\u00f4\u017ee ho kedyko\u013evek odvola\u0165, pri\u010dom nie je povinn\u00fd svoje rozhodnutie od\u00f4vodni\u0165. V ka\u017edom pr\u00edpade mus\u00ed by\u0165 ak\u00fdko\u013evek odkaz na \u017eiados\u0165 zna\u010dky odstr\u00e1nen\u00fd.<\/p>\n<p>Str\u00e1nka obsahuje mno\u017estvo hypertextov\u00fdch odkazov na in\u00e9 str\u00e1nky, ktor\u00e9 boli vytvoren\u00e9 so s\u00fahlasom pred\u00e1vaj\u00faceho. Na\u0161a spolo\u010dnos\u0165 v\u0161ak nie je schopn\u00e1 kontrolova\u0165 obsah takto nav\u0161t\u00edven\u00fdch str\u00e1nok, a preto v tejto s\u00favislosti nenesie \u017eiadnu zodpovednos\u0165.<\/p>\n<p>[\/et_pb_text][et_pb_text _builder_version=&#8221;4.27.0&#8243; _module_preset=&#8221;default&#8221; header_2_text_align=&#8221;center&#8221; global_colors_info=&#8221;{}&#8221;]<\/p>\n<h2>\u010cL\u00c1NOK 11 - \u010ciasto\u010dn\u00e1 neplatnos\u0165<\/h2>\n<p>Do\u010dasn\u00e9 neuplatnenie jedn\u00e9ho alebo viacer\u00fdch ustanoven\u00ed t\u00fdchto v\u0161eobecn\u00fdch podmienok sa v \u017eiadnom pr\u00edpade nem\u00f4\u017ee vyklada\u0165 ako vzdanie sa pr\u00e1va zo strany spolo\u010dnosti CLICKBUSTER LTD vyu\u017ei\u0165 ktor\u00e9ko\u013evek z uveden\u00fdch ustanoven\u00ed.<\/p>\n<p>Ak sa jedno alebo viacero ustanoven\u00ed t\u00fdchto podmienok vyhl\u00e1si za neplatn\u00e9 alebo neuplatnite\u013en\u00e9 na z\u00e1klade z\u00e1kona, nariadenia alebo pr\u00e1voplatn\u00e9ho rozhodnutia s\u00fadu, ostatn\u00e9 ustanovenia si zachov\u00e1vaj\u00fa svoju pln\u00fa platnos\u0165 a rozsah p\u00f4sobnosti a na\u010falej sa uplat\u0148uj\u00fa v plnom rozsahu.<\/p>\n<p>[\/et_pb_text][et_pb_text _builder_version=&#8221;4.27.0&#8243; _module_preset=&#8221;default&#8221; header_2_text_align=&#8221;center&#8221; global_colors_info=&#8221;{}&#8221;]<\/p>\n<h2>\u010cL\u00c1NOK 12 - Jazyk<\/h2>\n<p>Ak s\u00fa tieto V\u0160P prelo\u017een\u00e9 do jedn\u00e9ho alebo viacer\u00fdch jazykov, jazykom tlmo\u010denia bude angli\u010dtina.<\/p>\n<p>[\/et_pb_text][et_pb_text _builder_version=&#8221;4.27.0&#8243; _module_preset=&#8221;default&#8221; header_2_text_align=&#8221;center&#8221; custom_css_free_form=&#8221;selector table, selector td, selector tr, selector th {||  border:1px solid;||  border-color:#034833 !important;||}&#8221; global_colors_info=&#8221;{}&#8221;]<\/p>\n<h2>\u010cL\u00c1NOK 13 - Uplatnite\u013en\u00e9 pr\u00e1vo<\/h2>\n<p>Tieto Podmienky pou\u017e\u00edvania str\u00e1nok sa riadia britsk\u00fdm pr\u00e1vom a v pr\u00edpade sporu podliehaj\u00fa v\u00fdlu\u010dnej pr\u00e1vomoci v\u0161eobecn\u00fdch s\u00fadov, s v\u00fdhradou osobitn\u00e9ho ur\u010denia pr\u00e1vomoci vypl\u00fdvaj\u00faceho z textu z\u00e1kona alebo osobitn\u00e9ho predpisu.<\/p>\n<p>[\/et_pb_text][et_pb_text _builder_version=&#8221;4.27.0&#8243; _module_preset=&#8221;default&#8221; header_2_text_align=&#8221;center&#8221; custom_css_free_form=&#8221;selector table, selector td, selector tr, selector th {||  border:1px solid;||  border-color:#034833 !important;||}&#8221; global_colors_info=&#8221;{}&#8221;]<\/p>\n<h2>\u010cL\u00c1NOK 14 - Kontaktujte n\u00e1s<\/h2>\n<p>V pr\u00edpade ak\u00fdchko\u013evek ot\u00e1zok alebo inform\u00e1ci\u00ed t\u00fdkaj\u00facich sa slu\u017eieb prezentovan\u00fdch na str\u00e1nke alebo s\u00favisiacich so samotnou str\u00e1nkou m\u00f4\u017ee pou\u017e\u00edvate\u013e zanecha\u0165 spr\u00e1vu na tejto adrese: contact.psona@gmail.com.<\/p>\n<p>[\/et_pb_text][\/et_pb_column][\/et_pb_row][\/et_pb_section]<\/p>","protected":false},"excerpt":{"rendered":"<p>Mentions l\u00e9gales Preamble Entry into force: March 30th, 2023 CLICKBUSTER LTD63-66 Hatton GardenLondon EC1N 8LECompany number 13014667VAT number GB 363 9346 71 La navigation continue sur notre Site https:\/\/psna1.com\/ (ci-apr\u00e8s le \u00ab Site \u00bb) implique que les visiteurs du Site (ci-apr\u00e8s l&#8217;\u00ab Utilisateur(s) \u00bb) acceptent sans r\u00e9serve les dispositions et Conditions G\u00e9n\u00e9rales d&#8217;Utilisation qui suivent [&hellip;]<\/p>","protected":false},"author":1,"featured_media":0,"parent":0,"menu_order":0,"comment_status":"closed","ping_status":"closed","template":"","meta":{"_et_pb_use_builder":"on","_et_pb_old_content":"<!-- wp:divi\/placeholder \/-->","_et_gb_content_width":"","inline_featured_image":false,"footnotes":""},"class_list":["post-149","page","type-page","status-publish","hentry"],"_links":{"self":[{"href":"https:\/\/psna1.com\/sk\/wp-json\/wp\/v2\/pages\/149","targetHints":{"allow":["GET"]}}],"collection":[{"href":"https:\/\/psna1.com\/sk\/wp-json\/wp\/v2\/pages"}],"about":[{"href":"https:\/\/psna1.com\/sk\/wp-json\/wp\/v2\/types\/page"}],"author":[{"embeddable":true,"href":"https:\/\/psna1.com\/sk\/wp-json\/wp\/v2\/users\/1"}],"replies":[{"embeddable":true,"href":"https:\/\/psna1.com\/sk\/wp-json\/wp\/v2\/comments?post=149"}],"version-history":[{"count":6,"href":"https:\/\/psna1.com\/sk\/wp-json\/wp\/v2\/pages\/149\/revisions"}],"predecessor-version":[{"id":870,"href":"https:\/\/psna1.com\/sk\/wp-json\/wp\/v2\/pages\/149\/revisions\/870"}],"wp:attachment":[{"href":"https:\/\/psna1.com\/sk\/wp-json\/wp\/v2\/media?parent=149"}],"curies":[{"name":"wp","href":"https:\/\/api.w.org\/{rel}","templated":true}]}}