{"id":151,"date":"2024-09-05T10:24:54","date_gmt":"2024-09-05T10:24:54","guid":{"rendered":"https:\/\/psona.io\/?page_id=151"},"modified":"2024-10-02T10:16:41","modified_gmt":"2024-10-02T10:16:41","slug":"conditions-de-paiement-recurrent","status":"publish","type":"page","link":"https:\/\/psna1.com\/ro\/conditions-de-paiement-recurrent\/","title":{"rendered":"Condi\u021bii de plat\u0103 recurente"},"content":{"rendered":"<p>[et_pb_section fb_built=&#8221;1&#8243; custom_padding_last_edited=&#8221;on|tablet&#8221; admin_label=&#8221;Header&#8221; _builder_version=&#8221;4.27.0&#8243; custom_margin=&#8221;0px||0px||true|false&#8221; custom_padding=&#8221;0px||0px||true|false&#8221; custom_padding_tablet=&#8221;||||true|false&#8221; custom_padding_phone=&#8221;||||true|false&#8221; locked=&#8221;off&#8221; global_colors_info=&#8221;{}&#8221;][et_pb_row use_custom_gutter=&#8221;on&#8221; gutter_width=&#8221;1&#8243; custom_padding_last_edited=&#8221;on|phone&#8221; _builder_version=&#8221;4.27.0&#8243; width=&#8221;95%&#8221; custom_margin=&#8221;||||true|false&#8221; custom_padding=&#8221;150px||150px||true|true&#8221; custom_padding_tablet=&#8221;80px||80px||true|false&#8221; custom_padding_phone=&#8221;60px||60px||true|false&#8221; border_radii=&#8221;on|50px|50px|50px|50px&#8221; global_colors_info=&#8221;{}&#8221; background_color=&#8221;RGBA(255,255,255,0)&#8221; background_size=&#8221;initial&#8221; background_position=&#8221;top_left&#8221; background_repeat=&#8221;repeat&#8221;][et_pb_column type=&#8221;4_4&#8243; _builder_version=&#8221;4.27.0&#8243; custom_padding=&#8221;|||&#8221; global_colors_info=&#8221;{}&#8221; custom_padding__hover=&#8221;|||&#8221; custom_css_main_element_last_edited=&#8221;on|phone&#8221;][et_pb_text module_class=&#8221;title-header&#8221; _builder_version=&#8221;4.27.0&#8243; background_size=&#8221;initial&#8221; background_position=&#8221;top_left&#8221; background_repeat=&#8221;repeat&#8221; width=&#8221;72%&#8221; width_tablet=&#8221;70%&#8221; width_phone=&#8221;68.5%&#8221; width_last_edited=&#8221;on|tablet&#8221; module_alignment=&#8221;center&#8221; custom_margin=&#8221;0px||0px||false|false&#8221; custom_margin_tablet=&#8221;0px||0px||false|false&#8221; custom_margin_phone=&#8221;0px||0px||false|false&#8221; custom_margin_last_edited=&#8221;on|tablet&#8221; custom_padding=&#8221;0px||0px||true|false&#8221; hover_enabled=&#8221;0&#8243; header_font_size_tablet=&#8221;50px&#8221; header_font_size_phone=&#8221;40px&#8221; global_colors_info=&#8221;{}&#8221; header_text_align=&#8221;center&#8221; sticky_enabled=&#8221;0&#8243;]<\/p>\n<h1>Condi\u021bii de plat\u0103 recurente<\/h1>\n<p>&nbsp;<\/p>\n<p><!-- \/divi:paragraph --><\/p>\n<p>[\/et_pb_text][\/et_pb_column][\/et_pb_row][\/et_pb_section][et_pb_section fb_built=&#8221;1&#8243; _builder_version=&#8221;4.27.0&#8243; _module_preset=&#8221;default&#8221; global_colors_info=&#8221;{}&#8221;][et_pb_row _builder_version=&#8221;4.27.0&#8243; _module_preset=&#8221;default&#8221; global_colors_info=&#8221;{}&#8221;][et_pb_column type=&#8221;4_4&#8243; _builder_version=&#8221;4.27.0&#8243; _module_preset=&#8221;default&#8221; global_colors_info=&#8221;{}&#8221;][et_pb_text _builder_version=&#8221;4.27.0&#8243; _module_preset=&#8221;default&#8221; header_2_text_align=&#8221;center&#8221; global_colors_info=&#8221;{}&#8221;]<\/p>\n<h2>Condi\u021bii de abonament<\/h2>\n<p>Intrare \u00een vigoare: 30 martie 2023<\/p>\n<p><strong>CLICKBUSTER LTD<\/strong><br \/><strong>63-66 Hatton Garden<\/strong><br \/><strong>Londra EC1N 8LE<\/strong><br \/><strong>Num\u0103rul societ\u0103\u021bii 13014667<\/strong><br \/><strong>Num\u0103rul de TVA GB 363 9346 71<\/strong><\/p>\n<p>Abonarea la serviciile PSNA1 v\u0103 ofer\u0103 acces la urm\u0103toarele beneficii:<\/p>\n<ul>\n<li>Teste nelimitate<\/li>\n<li>Stocarea tuturor rezultatelor testelor<\/li>\n<li>Compara\u021bii \u00eentre teste<\/li>\n<li>Rezultate trimise prin e-mail<\/li>\n<\/ul>\n<p>Abonamentul v\u0103 ofer\u0103 acces la zona membrilor timp de 24 de ore la un pre\u021b promo\u021bional de 0,5 EUR (TVA inclus\u0103). La sf\u00e2r\u0219itul acestei perioade de prob\u0103, se va aplica abonamentul lunar la 47,5 EUR (TVA inclus) pe lun\u0103. Plata va fi debitat\u0103 automat de pe cardul dvs. de credit \u00een fiecare lun\u0103 la data anivers\u0103rii.<\/p>\n<p>V\u0103 pute\u021bi anula abonamentul \u00een orice moment \u0219i necondi\u021bionat direct pe aceast\u0103 pagin\u0103: <a rel=\"noopener\" target=\"_new\" href=\"https:\/\/psna1.com\/ro\/se-desabonner\/\">https:\/\/psna1.com\/se-desabonner<\/a><\/p>\n<p>Pentru a v\u0103 anula abonamentul, v\u0103 rug\u0103m s\u0103 contacta\u021bi Serviciul nostru pentru clien\u021bi prin e-mail la adresa <a rel=\"noopener\">contact.psona@gmail.com<\/a>sau prin intermediul formularului nostru de contact, urm\u00e2nd acest link: <a rel=\"noopener\" target=\"_new\" href=\"https:\/\/psna1.com\/ro\/contact-en\/\">https:\/\/psna1.com\/contact-en\/<\/a><\/p>\n<p>PSNA1 nu revinde informa\u021biile despre clien\u021bi; datele personale sunt utilizate exclusiv \u00een scopul comunic\u0103rii cu clien\u021bii \u0219i al furniz\u0103rii nivelului de servicii dorit.<\/p>\n<p>PSNA1 utilizeaz\u0103 furnizori de servicii de plat\u0103 care respect\u0103 standardele de securitate PCI DSS.<\/p>\n<p>[\/et_pb_text][\/et_pb_column][\/et_pb_row][\/et_pb_section]<\/p>","protected":false},"excerpt":{"rendered":"<p>Conditions de paiement r\u00e9current &nbsp; Termes d&#8217;abonnement Entry into force: March 30th, 2023 CLICKBUSTER LTD63-66 Hatton GardenLondon EC1N 8LECompany number 13014667VAT number GB 363 9346 71 Souscrire aux services de PSNA1 vous donne acc\u00e8s aux avantages suivants : Tests illimit\u00e9s Stockage de tous les r\u00e9sultats de test Comparaisons entre tests R\u00e9sultats envoy\u00e9s par email L&#8217;abonnement [&hellip;]<\/p>","protected":false},"author":1,"featured_media":0,"parent":0,"menu_order":0,"comment_status":"closed","ping_status":"closed","template":"","meta":{"_et_pb_use_builder":"on","_et_pb_old_content":"<!-- wp:divi\/placeholder \/-->","_et_gb_content_width":"","inline_featured_image":false,"footnotes":""},"class_list":["post-151","page","type-page","status-publish","hentry"],"_links":{"self":[{"href":"https:\/\/psna1.com\/ro\/wp-json\/wp\/v2\/pages\/151","targetHints":{"allow":["GET"]}}],"collection":[{"href":"https:\/\/psna1.com\/ro\/wp-json\/wp\/v2\/pages"}],"about":[{"href":"https:\/\/psna1.com\/ro\/wp-json\/wp\/v2\/types\/page"}],"author":[{"embeddable":true,"href":"https:\/\/psna1.com\/ro\/wp-json\/wp\/v2\/users\/1"}],"replies":[{"embeddable":true,"href":"https:\/\/psna1.com\/ro\/wp-json\/wp\/v2\/comments?post=151"}],"version-history":[{"count":6,"href":"https:\/\/psna1.com\/ro\/wp-json\/wp\/v2\/pages\/151\/revisions"}],"predecessor-version":[{"id":869,"href":"https:\/\/psna1.com\/ro\/wp-json\/wp\/v2\/pages\/151\/revisions\/869"}],"wp:attachment":[{"href":"https:\/\/psna1.com\/ro\/wp-json\/wp\/v2\/media?parent=151"}],"curies":[{"name":"wp","href":"https:\/\/api.w.org\/{rel}","templated":true}]}}