{"id":149,"date":"2024-09-05T10:24:38","date_gmt":"2024-09-05T10:24:38","guid":{"rendered":"https:\/\/psona.io\/?page_id=149"},"modified":"2024-10-02T10:18:01","modified_gmt":"2024-10-02T10:18:01","slug":"mentions-legales","status":"publish","type":"page","link":"https:\/\/psna1.com\/ro\/mentions-legales\/","title":{"rendered":"Informa\u021bii juridice"},"content":{"rendered":"<p>[et_pb_section fb_built=&#8221;1&#8243; custom_padding_last_edited=&#8221;on|tablet&#8221; admin_label=&#8221;Header&#8221; _builder_version=&#8221;4.27.0&#8243; custom_margin=&#8221;0px||0px||true|false&#8221; custom_padding=&#8221;0px||0px||true|false&#8221; custom_padding_tablet=&#8221;||||true|false&#8221; custom_padding_phone=&#8221;||||true|false&#8221; locked=&#8221;off&#8221; global_colors_info=&#8221;{}&#8221;][et_pb_row use_custom_gutter=&#8221;on&#8221; gutter_width=&#8221;1&#8243; custom_padding_last_edited=&#8221;on|phone&#8221; _builder_version=&#8221;4.27.0&#8243; width=&#8221;95%&#8221; custom_margin=&#8221;||||true|false&#8221; custom_padding=&#8221;150px||150px||true|true&#8221; custom_padding_tablet=&#8221;80px||80px||true|false&#8221; custom_padding_phone=&#8221;60px||60px||true|false&#8221; border_radii=&#8221;on|50px|50px|50px|50px&#8221; global_colors_info=&#8221;{}&#8221; background_color=&#8221;RGBA(255,255,255,0)&#8221; background_size=&#8221;initial&#8221; background_position=&#8221;top_left&#8221; background_repeat=&#8221;repeat&#8221;][et_pb_column type=&#8221;4_4&#8243; _builder_version=&#8221;4.27.0&#8243; custom_padding=&#8221;|||&#8221; global_colors_info=&#8221;{}&#8221; custom_padding__hover=&#8221;|||&#8221; custom_css_main_element_last_edited=&#8221;on|phone&#8221;][et_pb_text module_class=&#8221;title-header&#8221; _builder_version=&#8221;4.27.0&#8243; background_size=&#8221;initial&#8221; background_position=&#8221;top_left&#8221; background_repeat=&#8221;repeat&#8221; width=&#8221;72%&#8221; width_tablet=&#8221;70%&#8221; width_phone=&#8221;68.5%&#8221; width_last_edited=&#8221;on|tablet&#8221; module_alignment=&#8221;center&#8221; custom_margin=&#8221;0px||0px||false|false&#8221; custom_margin_tablet=&#8221;0px||0px||false|false&#8221; custom_margin_phone=&#8221;0px||0px||false|false&#8221; custom_margin_last_edited=&#8221;on|tablet&#8221; custom_padding=&#8221;0px||0px||true|false&#8221; hover_enabled=&#8221;0&#8243; header_font_size_tablet=&#8221;50px&#8221; header_font_size_phone=&#8221;40px&#8221; global_colors_info=&#8221;{}&#8221; text_orientation=&#8221;center&#8221; sticky_enabled=&#8221;0&#8243;]<\/p>\n<h1>Informa\u021bii juridice<\/h1>\n<p><!-- \/divi:paragraph --><\/p>\n<p>[\/et_pb_text][\/et_pb_column][\/et_pb_row][\/et_pb_section][et_pb_section fb_built=&#8221;1&#8243; _builder_version=&#8221;4.27.0&#8243; _module_preset=&#8221;default&#8221; global_colors_info=&#8221;{}&#8221;][et_pb_row _builder_version=&#8221;4.27.0&#8243; _module_preset=&#8221;default&#8221; global_colors_info=&#8221;{}&#8221;][et_pb_column type=&#8221;4_4&#8243; _builder_version=&#8221;4.27.0&#8243; _module_preset=&#8221;default&#8221; global_colors_info=&#8221;{}&#8221;][et_pb_text _builder_version=&#8221;4.27.0&#8243; _module_preset=&#8221;default&#8221; header_2_text_align=&#8221;center&#8221; global_colors_info=&#8221;{}&#8221;]<\/p>\n<h2>Preambul<\/h2>\n<p>Intrare \u00een vigoare: 30 martie 2023<\/p>\n<p><strong>CLICKBUSTER LTD<\/strong><br \/><strong>63-66 Hatton Garden<\/strong><br \/><strong>Londra EC1N 8LE<\/strong><br \/><strong>Num\u0103rul societ\u0103\u021bii 13014667<\/strong><br \/><strong>Num\u0103rul de TVA GB 363 9346 71<\/strong><\/p>\n<p>Continuarea navig\u0103rii pe site-ul nostru <a rel=\"noopener\" target=\"_new\" href=\"https:\/\/psna1.com\/ro\/\">https:\/\/psna1.com\/<\/a> (denumit \u00een continuare \"Site\") presupune ca vizitatorii Site-ului (denumi\u021bi \u00een continuare \"Utilizator(i)\") s\u0103 accepte f\u0103r\u0103 rezerve urm\u0103toarele dispozi\u021bii \u0219i Termeni \u0219i condi\u021bii generale de utilizare (denumite \u00een continuare \"CGU\"). \u00cenainte de orice utilizare a func\u021bionalit\u0103\u021bilor Site-ului nostru, Utilizatorul recunoa\u0219te c\u0103 a citit ace\u0219ti Termeni \u0219i Condi\u021bii \u0219i c\u0103 i-a acceptat.<\/p>\n<p>Versiunea online curent\u0103 a T&amp;C-urilor noastre este singura versiune aplicabil\u0103 pe perioada de utilizare a Site-ului, p\u00e2n\u0103 c\u00e2nd o \u00eenlocuim cu o nou\u0103 versiune.<\/p>\n<p>Site-ul este administrat de CLICKBUSTER LTD (denumit \u00een continuare \"V\u00e2nz\u0103torul\"), care \u00ee\u0219i rezerv\u0103 dreptul de a modifica aceste condi\u021bii \u00een orice moment. Orice utilizare a Site-ului nostru dup\u0103 modificarea CGU implic\u0103 acceptarea irevocabil\u0103 de c\u0103tre Utilizator a noii versiuni. \u00cen caz de dezacord cu CGU, Utilizatorul este invitat s\u0103 nu mai utilizeze Site-ul nostru.<\/p>\n<p>[\/et_pb_text][et_pb_text _builder_version=&#8221;4.27.0&#8243; _module_preset=&#8221;default&#8221; header_2_text_align=&#8221;center&#8221; global_colors_info=&#8221;{}&#8221;]<\/p>\n<h2>ARTICOLUL 1 - DEFINI\u021aII<\/h2>\n<p>Pe site-ul nostru, termenii de mai jos au urm\u0103torul \u00een\u021beles:<\/p>\n<p>\"Con\u021binut\": se refer\u0103 la toate elementele care alc\u0103tuiesc informa\u021biile de pe site-ul nostru (text, imagini, videoclipuri, algoritmi, software, widget-uri etc.) \u0219i care \u00eei permit acestuia s\u0103 func\u021bioneze, s\u0103 informeze utilizatorii \u0219i s\u0103 prezinte serviciile noastre;<\/p>\n<p>\"Drepturi de proprietate intelectual\u0103\": se refer\u0103 la toate drepturile de proprietate intelectual\u0103 \u0219i drepturile conexe (drepturi de autor, drepturi de marc\u0103, drepturi de brevet, nume comerciale, baze de date etc.), astfel cum sunt protejate prin Legea privind drepturile de autor \u0219i drepturile conexe din 2000, aplicabil\u0103 \u00een momentul consult\u0103rii site-ului de c\u0103tre utilizator;<\/p>\n<p>\"Caracteristici\": se refer\u0103 la toate func\u021bionalit\u0103\u021bile puse la dispozi\u021bia utilizatorilor no\u0219tri prin intermediul site-ului nostru;<\/p>\n<p>\"Site\": se refer\u0103 la Site <a rel=\"noopener\" target=\"_new\" href=\"https:\/\/psna1.com\/ro\/\">https:\/\/psna1.com\/<\/a> operate de v\u00e2nz\u0103tor \u0219i puse la dispozi\u021bia utilizatorilor ;<\/p>\n<p>\"Utilizator\": se refer\u0103 la orice persoan\u0103 care utilizeaz\u0103 site-ul nostru \u0219i are acces la con\u021binutul acestuia.<\/p>\n<p>[\/et_pb_text][et_pb_text _builder_version=&#8221;4.27.0&#8243; _module_preset=&#8221;default&#8221; header_2_text_align=&#8221;center&#8221; global_colors_info=&#8221;{}&#8221;]<\/p>\n<h2>ARTICOLUL 2 - Informa\u021bii juridice<\/h2>\n<p>\u00cen conformitate cu Regulamentul [UE] 2018\/679 al Parlamentului European \u0219i al Consiliului din 27 aprilie 2016 privind protec\u021bia persoanelor fizice \u00een ceea ce prive\u0219te prelucrarea datelor cu caracter personal \u0219i privind libera circula\u021bie a acestor date, utilizatorul Site-ului nostru este informat cu privire la identitatea p\u0103r\u021bilor implicate \u00een crearea \u0219i monitorizarea acestuia:<\/p>\n<p>Director editorial: Carlo Ela <a rel=\"noopener\">contact.psona@gmail.com<\/a> .<\/p>\n<p>Gazd\u0103: Scaleway, 8 rue de la Ville l'\u00c9v\u00eaque, 75008 Paris ; <a rel=\"noopener\" target=\"_new\" href=\"https:\/\/www.scaleway.com\/\">https:\/\/www.scaleway.com\/<\/a><\/p>\n<p>Dezvoltator: CLICKBUSTER LTD<\/p>\n<p>Responsabil cu protec\u021bia datelor: Carlo Ela <a rel=\"noopener\">contact.psona@gmail.com<\/a>.<\/p>\n<p>[\/et_pb_text][et_pb_text _builder_version=&#8221;4.27.0&#8243; _module_preset=&#8221;default&#8221; header_2_text_align=&#8221;center&#8221; global_colors_info=&#8221;{}&#8221;]<\/p>\n<h2>ARTICOLUL 3 - Protec\u021bia datelor cu caracter personal<\/h2>\n<p>Pentru a utiliza site-ul nostru, vom prelucra anumite date cu caracter personal referitoare la utilizator. Aceast\u0103 prelucrare este efectuat\u0103 \u00een conformitate cu Legea privind protec\u021bia datelor din 2018 \u0219i cu Politica de protec\u021bie a datelor disponibil\u0103 la urm\u0103torul link:<\/p>\n<p><a rel=\"noopener\" target=\"_new\" href=\"https:\/\/psna1.com\/ro\/privacy-police\/\">https:\/\/psna1.com\/privacy-police\/<\/a><\/p>\n<p>[\/et_pb_text][et_pb_text _builder_version=&#8221;4.27.0&#8243; _module_preset=&#8221;default&#8221; header_2_text_align=&#8221;center&#8221; global_colors_info=&#8221;{}&#8221;]<\/p>\n<h2>ARTICOLUL 4 - Accesul la amplasament<\/h2>\n<div class=\"group\/conversation-turn relative flex w-full min-w-0 flex-col agent-turn\">\n<div class=\"flex-col gap-1 md:gap-3\">\n<div class=\"flex max-w-full flex-col flex-grow\">\n<div data-message-author-role=\"assistant\" data-message-id=\"1921b6bd-7e01-40ec-81aa-bce2a7802030\" dir=\"auto\" class=\"min-h-[20px] text-message flex w-full flex-col items-end gap-2 whitespace-normal break-words [.text-message+&amp;]:mt-5\">\n<div class=\"flex w-full flex-col gap-1 empty:hidden first:pt-[3px]\">\n<div class=\"markdown prose w-full break-words dark:prose-invert dark\">\n<p>Accesul la site \u0219i utilizarea acestuia sunt rezervate pentru uz strict personal. Utilizatorul se angajeaz\u0103 s\u0103 nu utilizeze site-ul sau informa\u021biile sau datele con\u021binute de acesta \u00een scopuri comerciale, politice sau publicitare sau pentru orice form\u0103 de solicitare comercial\u0103, \u00een special trimiterea de e-mailuri nesolicitate.<\/p>\n<p>Accesul la site este rezervat adul\u021bilor. V\u00e2nz\u0103torul \u00ee\u0219i rezerv\u0103 dreptul de a solicita o dovad\u0103 a v\u00e2rstei, \u00een special dac\u0103 utiliza\u021bi serviciile de comand\u0103 online. V\u00e2nz\u0103torul nu poate fi tras la r\u0103spundere \u00een cazul acces\u0103rii Site-ului de c\u0103tre minori \u0219i nici \u00een cazul informa\u021biilor eronate sau \u00een\u0219el\u0103toare furnizate de utilizatori pe Site.<\/p>\n<p>Utilizatorii sunt personal responsabili pentru configurarea resurselor informatice \u0219i de telecomunica\u021bii necesare pentru a accesa Site-ul. Utilizatorii suport\u0103 costurile de telecomunica\u021bii asociate cu accesul la internet prin intermediul site-ului.<\/p>\n<\/div>\n<\/div>\n<\/div>\n<\/div>\n<\/div>\n<\/div>\n<p>[\/et_pb_text][et_pb_text _builder_version=&#8221;4.27.0&#8243; _module_preset=&#8221;default&#8221; header_2_text_align=&#8221;center&#8221; global_colors_info=&#8221;{}&#8221;]<\/p>\n<h2>ARTICOLUL 5 - Descrierea serviciilor furnizate<\/h2>\n<p>Ne str\u0103duim s\u0103 furniz\u0103m informa\u021bii c\u00e2t mai exacte posibil, dar nu putem fi tra\u0219i la r\u0103spundere pentru nicio omisiune, inexactitate sau neactualizare a informa\u021biilor. Toate informa\u021biile furnizate pe site sunt oferite doar \u00een scop informativ \u0219i nu sunt exhaustive. Acestea sunt furnizate sub rezerva oric\u0103ror modific\u0103ri care ar fi putut fi f\u0103cute de la punerea lor online.<\/p>\n<p>[\/et_pb_text][et_pb_text _builder_version=&#8221;4.27.0&#8243; _module_preset=&#8221;default&#8221; header_2_text_align=&#8221;center&#8221; global_colors_info=&#8221;{}&#8221;]<\/p>\n<h2>ARTICOLUL 6 - Proprietatea intelectual\u0103<\/h2>\n<p><strong>6.1 Site-ul nostru web<\/strong><\/p>\n<p>Toate m\u0103rcile comerciale, fotografiile, textele, comentariile, ilustra\u021biile, imaginile animate sau statice, secven\u021bele video, sunetele, precum \u0219i toate aplica\u021biile informatice care pot fi utilizate pentru operarea Site-ului \u0219i, mai general, toate elementele reproduse sau utilizate pe Site, sunt protejate de legisla\u021bia \u00een vigoare privind proprietatea intelectual\u0103.<\/p>\n<p>Ele sunt proprietatea deplin\u0103 \u0219i integral\u0103 a furnizorului sau a partenerilor s\u0103i comerciali. Orice reproducere, reprezentare, utilizare sau adaptare, sub orice form\u0103, a tuturor sau a unei p\u0103r\u021bi a acestor elemente, inclusiv a aplica\u021biilor informatice, f\u0103r\u0103 acordul prealabil scris al editorului, este strict interzis\u0103. Faptul c\u0103 editorul nu ia m\u0103suri legale imediat ce ia cuno\u0219tin\u021b\u0103 de o astfel de utilizare neautorizat\u0103 de c\u0103tre utilizator nu constituie o acceptare a unei astfel de utiliz\u0103ri sau o renun\u021bare la dreptul de a lua m\u0103suri legale. Este strict interzis utilizatorului s\u0103 :<\/p>\n<p>- Copierea, reproducerea, reprezentarea, difuzarea, distribuirea sau publicarea, permanent\u0103 sau temporar\u0103, a \u00eentregului sau a unei p\u0103r\u021bi din Con\u021binut \u0219i\/sau Site prin orice mijloace; - Crearea de lucr\u0103ri derivate din Con\u021binut \u0219i\/sau Site; - Modificarea, traducerea, adaptarea sau aranjarea \u00eentregului sau a unei p\u0103r\u021bi din Con\u021binut \u0219i\/sau Site; - Dezasamblarea, decompilarea sau ingineria invers\u0103 a Site-ului.<\/p>\n<p>\u00cen orice caz, utilizatorii sunt singurii responsabili pentru utilizarea site-ului. Orice utilizare neautorizat\u0103 a site-ului sau a oric\u0103ruia dintre elementele pe care le con\u021bine va fi considerat\u0103 o \u00eenc\u0103lcare a Legii privind protec\u021bia datelor din 2000.<\/p>\n<p><strong>6.2 Marca noastr\u0103<\/strong><\/p>\n<p>M\u0103rcile verbale \u0219i vizuale (logo) ale V\u00e2nz\u0103torului \u0219i CLICKBUSTER LTD sunt protejate. Utilizarea acestora f\u0103r\u0103 autoriza\u021bia scris\u0103 a V\u00e2nz\u0103torului sau a partenerilor s\u0103i, pe orice suport, \u00een scopul promov\u0103rii produselor sau serviciilor sau \u00een scopuri comerciale, este interzis\u0103, sub sanc\u021biunea declan\u0219\u0103rii de c\u0103tre V\u00e2nz\u0103tor a unor proceduri penale \u0219i civile \u00eempotriva Utilizatorului \u0219i\/sau a p\u0103r\u021bilor ter\u021be responsabile.<\/p>\n<p><strong>6.3 Con\u021binut<\/strong><\/p>\n<p>Con\u021binutul este liber accesibil pe site. Plasarea con\u021binutului online nu confer\u0103 niciun transfer de drepturi de autor sau de proprietate asupra con\u021binutului, care r\u0103m\u00e2ne proprietatea deplin\u0103 \u0219i complet\u0103 a v\u00e2nz\u0103torului \u0219i a contribuitorilor.<\/p>\n<p>Niciun Utilizator nu poate sau nu trebuie s\u0103 \u00eentreprind\u0103 ac\u021biuni contrare aplic\u0103rii drepturilor de autor \u0219i a drepturilor de proprietate intelectual\u0103 sau contrare oric\u0103rei alte legi britanice sau interna\u021bionale referitoare la drepturile de proprietate intelectual\u0103. V\u00e2nz\u0103torul \u0219i colaboratorii s\u0103i \u00ee\u0219i rezerv\u0103 dreptul de a urm\u0103ri \u00een justi\u021bie orice Utilizator pentru orice \u00eenc\u0103lcare a acestor CDU.<\/p>\n<p>[\/et_pb_text][et_pb_text _builder_version=&#8221;4.27.0&#8243; _module_preset=&#8221;default&#8221; header_2_text_align=&#8221;center&#8221; global_colors_info=&#8221;{}&#8221;]<\/p>\n<h2>ARTICOLUL 7 - Gestionarea sitului<\/h2>\n<p>Site-ul nostru este accesibil \u00een mod normal Utilizatorilor \u00een orice moment. Pentru a asigura buna gestionare a Site-ului, V\u00e2nz\u0103torul \u00ee\u0219i rezerv\u0103 dreptul de a efectua \u00een orice moment :<\/p>\n<p>- Suspendarea, \u00eentreruperea sau limitarea accesului la \u00eentregul site sau la o parte a acestuia, din orice motiv, cu sau f\u0103r\u0103 notificare prealabil\u0103 \u0219i la propria sa discre\u021bie; - \u0218tergerea oric\u0103ror informa\u021bii care pot perturba func\u021bionarea acestuia, din orice motiv, cu sau f\u0103r\u0103 notificare prealabil\u0103 \u0219i la propria sa discre\u021bie; - Suspendarea site-ului pentru a efectua actualiz\u0103ri.<\/p>\n<p>Furnizorul va face tot posibilul pentru a informa \u00een prealabil utilizatorii cu privire la datele \u0219i orele interven\u021biilor, dar nu poate fi tras la r\u0103spundere \u00een cazul \u00een care nu face acest lucru.<\/p>\n<p>[\/et_pb_text][et_pb_text _builder_version=&#8221;4.27.0&#8243; _module_preset=&#8221;default&#8221; header_2_text_align=&#8221;center&#8221; global_colors_info=&#8221;{}&#8221;]<\/p>\n<h2>ARTICOLUL 8 - Responsabilit\u0103\u021bi<\/h2>\n<p><strong>8.1 Accesul la site<\/strong><\/p>\n<p>V\u00e2nz\u0103torul se angajeaz\u0103 s\u0103 fac\u0103 tot posibilul pentru a se asigura c\u0103 site-ul este accesibil 24 de ore pe zi, 7 zile pe s\u0103pt\u0103m\u00e2n\u0103. Cu toate acestea, v\u00e2nz\u0103torul nu se angajeaz\u0103 cu privire la disponibilitatea \u0219i accesibilitatea permanent\u0103 a site-ului \u0219i nu garanteaz\u0103 c\u0103 site-ul este lipsit de erori. V\u00e2nz\u0103torul nu poate fi tras la r\u0103spundere \u00een cazul unei defec\u021biuni, disfunc\u021bionalit\u0103\u021bi, dificult\u0103\u021bi sau \u00eentreruperi \u00een func\u021bionare, care \u00eempiedic\u0103 accesul la Site sau la oricare dintre func\u021biile acestuia.<\/p>\n<p>Furnizorul \u0219i gazda nu pot fi trase la r\u0103spundere \u00een cazul unei defec\u021biuni a re\u021belei Internet, a liniilor telefonice sau a echipamentelor informatice \u0219i telefonice, \u00een special din cauza congestion\u0103rii re\u021belei, care \u00eempiedic\u0103 accesul la server.<\/p>\n<p>V\u00e2nz\u0103torul nu poate fi tras la r\u0103spundere \u00een cazul unor proceduri judiciare \u00eempotriva utilizatorilor:<\/p>\n<p>- Ca urmare a utiliz\u0103rii Site-ului sau a oric\u0103rui alt serviciu accesibil prin Internet; - Ca urmare a nerespect\u0103rii de c\u0103tre Utilizator a prezentelor CGU.<\/p>\n<p><strong>8.2 Echipamentul utilizat<\/strong><\/p>\n<p>Echipamentul de conectare utilizat de utilizator pentru a accesa site-ul este pe r\u0103spunderea sa deplin\u0103 \u0219i integral\u0103. Este responsabilitatea utilizatorului s\u0103 ia toate m\u0103surile adecvate pentru a-\u0219i proteja echipamentul \u0219i propriile date. Utilizatorul se angajeaz\u0103 s\u0103 acceseze site-ul utiliz\u00e2nd un echipament recent, f\u0103r\u0103 viru\u0219i \u0219i cu un browser recent actualizat.<\/p>\n<p>Furnizorul nu este r\u0103spunz\u0103tor pentru niciun prejudiciu cauzat utilizatorilor, ter\u021bilor \u0219i\/sau echipamentelor acestora ca urmare a conect\u0103rii lor la site sau a utiliz\u0103rii acestuia, iar utilizatorii renun\u021b\u0103 la orice ac\u021biune \u00een acest sens \u00eempotriva furnizorului.<\/p>\n<p>V\u00e2nz\u0103torul nu poate fi tras la r\u0103spundere pentru daune indirecte (cum ar fi pierderea afacerii sau pierderea oportunit\u0103\u021bii) care rezult\u0103 din utilizarea site-ului.<\/p>\n<p>[\/et_pb_text][et_pb_text _builder_version=&#8221;4.27.0&#8243; _module_preset=&#8221;default&#8221; header_2_text_align=&#8221;center&#8221; global_colors_info=&#8221;{}&#8221;]<\/p>\n<h2>ARTICOLUL 9 - FOTOGRAFII \u0218I REPREZENTAREA PRODUSELOR \u0218I SERVICIILOR<\/h2>\n<p>Fotografiile de pe site, care \u00eenso\u021besc descrierea acestora, nu sunt contractuale \u0219i nu sunt obligatorii pentru v\u00e2nz\u0103tor.<\/p>\n<p>[\/et_pb_text][et_pb_text _builder_version=&#8221;4.27.0&#8243; _module_preset=&#8221;default&#8221; header_2_text_align=&#8221;center&#8221; global_colors_info=&#8221;{}&#8221;]<\/p>\n<h2>ARTICOLUL 10 - Leg\u0103turi hipertext<\/h2>\n<p>Stabilirea de c\u0103tre utilizator a oric\u0103rui link hipertext c\u0103tre \u00eentregul site web sau c\u0103tre o parte a acestuia este autorizat\u0103, sub rezerva unei autoriza\u021bii scrise prealabile din partea CLICKBUSTER LTD, care poate fi solicitat\u0103 prin e-mail la urm\u0103toarea adres\u0103: <a rel=\"noopener\">contact.psona@gmail.com<\/a>.<\/p>\n<p>V\u00e2nz\u0103torul este liber s\u0103 refuze aceast\u0103 autoriza\u021bie, f\u0103r\u0103 a fi nevoit s\u0103 \u00ee\u0219i justifice decizia \u00een vreun fel. \u00cen cazul \u00een care v\u00e2nz\u0103torul acord\u0103 autoriza\u021bia, aceasta este \u00een orice caz temporar\u0103 \u0219i poate fi retras\u0103 \u00een orice moment, f\u0103r\u0103 obliga\u021bia de a-\u0219i justifica decizia. \u00cen orice caz, orice link trebuie s\u0103 fie eliminat la cererea m\u0103rcii.<\/p>\n<p>Site-ul con\u021bine o serie de leg\u0103turi hipertext c\u0103tre alte site-uri, create cu autorizarea v\u00e2nz\u0103torului. Cu toate acestea, societatea noastr\u0103 nu este \u00een m\u0103sur\u0103 s\u0103 verifice con\u021binutul site-urilor vizitate \u00een acest mod \u0219i, prin urmare, nu va accepta nicio r\u0103spundere \u00een aceast\u0103 privin\u021b\u0103.<\/p>\n<p>[\/et_pb_text][et_pb_text _builder_version=&#8221;4.27.0&#8243; _module_preset=&#8221;default&#8221; header_2_text_align=&#8221;center&#8221; global_colors_info=&#8221;{}&#8221;]<\/p>\n<h2>ARTICOLUL 11 - Nulitatea par\u021bial\u0103<\/h2>\n<p>Neaplicarea temporar\u0103 a uneia sau mai multor clauze din ace\u0219ti termeni \u0219i condi\u021bii generale nu poate fi interpretat\u0103 \u00een niciun caz ca o renun\u021bare din partea CLICKBUSTER LTD de a profita de oricare dintre clauzele respective.<\/p>\n<p>\u00cen cazul \u00een care una sau mai multe dispozi\u021bii ale acestor termeni \u0219i condi\u021bii sunt declarate nule \u0219i neavenite sau inaplicabile prin lege, regulament sau printr-o hot\u0103r\u00e2re judec\u0103toreasc\u0103 definitiv\u0103, celelalte dispozi\u021bii \u00ee\u0219i vor p\u0103stra \u00eentreaga for\u021b\u0103 \u0219i domeniul de aplicare \u0219i vor continua s\u0103 se aplice \u00een \u00eentregime.<\/p>\n<p>[\/et_pb_text][et_pb_text _builder_version=&#8221;4.27.0&#8243; _module_preset=&#8221;default&#8221; header_2_text_align=&#8221;center&#8221; global_colors_info=&#8221;{}&#8221;]<\/p>\n<h2>ARTICOLUL 12 - Limba<\/h2>\n<p>Dac\u0103 aceste CGU sunt traduse \u00een una sau mai multe limbi, limba de interpretare va fi engleza.<\/p>\n<p>[\/et_pb_text][et_pb_text _builder_version=&#8221;4.27.0&#8243; _module_preset=&#8221;default&#8221; header_2_text_align=&#8221;center&#8221; custom_css_free_form=&#8221;selector table, selector td, selector tr, selector th {||  border:1px solid;||  border-color:#034833 !important;||}&#8221; global_colors_info=&#8221;{}&#8221;]<\/p>\n<h2>ARTICOLUL 13 - Legea aplicabil\u0103<\/h2>\n<p>Termenii \u0219i condi\u021biile prezentului site sunt reglementate de legisla\u021bia britanic\u0103 \u0219i, \u00een caz de litigiu, sunt supuse jurisdic\u021biei exclusive a instan\u021belor obi\u0219nuite, sub rezerva unei atribu\u021bii specifice de jurisdic\u021bie care rezult\u0103 dintr-un text de lege sau dintr-un regulament special.<\/p>\n<p>[\/et_pb_text][et_pb_text _builder_version=&#8221;4.27.0&#8243; _module_preset=&#8221;default&#8221; header_2_text_align=&#8221;center&#8221; custom_css_free_form=&#8221;selector table, selector td, selector tr, selector th {||  border:1px solid;||  border-color:#034833 !important;||}&#8221; global_colors_info=&#8221;{}&#8221;]<\/p>\n<h2>ARTICOLUL 14 - Contacta\u021bi-ne<\/h2>\n<p>Pentru orice \u00eentreb\u0103ri sau informa\u021bii privind serviciile prezentate pe site sau referitoare la site-ul \u00een sine, utilizatorul poate l\u0103sa un mesaj la urm\u0103toarea adres\u0103: contact.psona@gmail.com.<\/p>\n<p>[\/et_pb_text][\/et_pb_column][\/et_pb_row][\/et_pb_section]<\/p>","protected":false},"excerpt":{"rendered":"<p>Mentions l\u00e9gales Preamble Entry into force: March 30th, 2023 CLICKBUSTER LTD63-66 Hatton GardenLondon EC1N 8LECompany number 13014667VAT number GB 363 9346 71 La navigation continue sur notre Site https:\/\/psna1.com\/ (ci-apr\u00e8s le \u00ab Site \u00bb) implique que les visiteurs du Site (ci-apr\u00e8s l&#8217;\u00ab Utilisateur(s) \u00bb) acceptent sans r\u00e9serve les dispositions et Conditions G\u00e9n\u00e9rales d&#8217;Utilisation qui suivent [&hellip;]<\/p>","protected":false},"author":1,"featured_media":0,"parent":0,"menu_order":0,"comment_status":"closed","ping_status":"closed","template":"","meta":{"_et_pb_use_builder":"on","_et_pb_old_content":"<!-- wp:divi\/placeholder \/-->","_et_gb_content_width":"","inline_featured_image":false,"footnotes":""},"class_list":["post-149","page","type-page","status-publish","hentry"],"_links":{"self":[{"href":"https:\/\/psna1.com\/ro\/wp-json\/wp\/v2\/pages\/149","targetHints":{"allow":["GET"]}}],"collection":[{"href":"https:\/\/psna1.com\/ro\/wp-json\/wp\/v2\/pages"}],"about":[{"href":"https:\/\/psna1.com\/ro\/wp-json\/wp\/v2\/types\/page"}],"author":[{"embeddable":true,"href":"https:\/\/psna1.com\/ro\/wp-json\/wp\/v2\/users\/1"}],"replies":[{"embeddable":true,"href":"https:\/\/psna1.com\/ro\/wp-json\/wp\/v2\/comments?post=149"}],"version-history":[{"count":6,"href":"https:\/\/psna1.com\/ro\/wp-json\/wp\/v2\/pages\/149\/revisions"}],"predecessor-version":[{"id":870,"href":"https:\/\/psna1.com\/ro\/wp-json\/wp\/v2\/pages\/149\/revisions\/870"}],"wp:attachment":[{"href":"https:\/\/psna1.com\/ro\/wp-json\/wp\/v2\/media?parent=149"}],"curies":[{"name":"wp","href":"https:\/\/api.w.org\/{rel}","templated":true}]}}