{"id":151,"date":"2024-09-05T10:24:54","date_gmt":"2024-09-05T10:24:54","guid":{"rendered":"https:\/\/psona.io\/?page_id=151"},"modified":"2024-10-02T10:16:41","modified_gmt":"2024-10-02T10:16:41","slug":"conditions-de-paiement-recurrent","status":"publish","type":"page","link":"https:\/\/psna1.com\/pl\/conditions-de-paiement-recurrent\/","title":{"rendered":"Powtarzaj\u0105ce si\u0119 warunki p\u0142atno\u015bci"},"content":{"rendered":"<p>[et_pb_section fb_built=&#8221;1&#8243; custom_padding_last_edited=&#8221;on|tablet&#8221; admin_label=&#8221;Header&#8221; _builder_version=&#8221;4.27.0&#8243; custom_margin=&#8221;0px||0px||true|false&#8221; custom_padding=&#8221;0px||0px||true|false&#8221; custom_padding_tablet=&#8221;||||true|false&#8221; custom_padding_phone=&#8221;||||true|false&#8221; locked=&#8221;off&#8221; global_colors_info=&#8221;{}&#8221;][et_pb_row use_custom_gutter=&#8221;on&#8221; gutter_width=&#8221;1&#8243; custom_padding_last_edited=&#8221;on|phone&#8221; _builder_version=&#8221;4.27.0&#8243; width=&#8221;95%&#8221; custom_margin=&#8221;||||true|false&#8221; custom_padding=&#8221;150px||150px||true|true&#8221; custom_padding_tablet=&#8221;80px||80px||true|false&#8221; custom_padding_phone=&#8221;60px||60px||true|false&#8221; border_radii=&#8221;on|50px|50px|50px|50px&#8221; global_colors_info=&#8221;{}&#8221; background_color=&#8221;RGBA(255,255,255,0)&#8221; background_size=&#8221;initial&#8221; background_position=&#8221;top_left&#8221; background_repeat=&#8221;repeat&#8221;][et_pb_column type=&#8221;4_4&#8243; _builder_version=&#8221;4.27.0&#8243; custom_padding=&#8221;|||&#8221; global_colors_info=&#8221;{}&#8221; custom_padding__hover=&#8221;|||&#8221; custom_css_main_element_last_edited=&#8221;on|phone&#8221;][et_pb_text module_class=&#8221;title-header&#8221; _builder_version=&#8221;4.27.0&#8243; background_size=&#8221;initial&#8221; background_position=&#8221;top_left&#8221; background_repeat=&#8221;repeat&#8221; width=&#8221;72%&#8221; width_tablet=&#8221;70%&#8221; width_phone=&#8221;68.5%&#8221; width_last_edited=&#8221;on|tablet&#8221; module_alignment=&#8221;center&#8221; custom_margin=&#8221;0px||0px||false|false&#8221; custom_margin_tablet=&#8221;0px||0px||false|false&#8221; custom_margin_phone=&#8221;0px||0px||false|false&#8221; custom_margin_last_edited=&#8221;on|tablet&#8221; custom_padding=&#8221;0px||0px||true|false&#8221; hover_enabled=&#8221;0&#8243; header_font_size_tablet=&#8221;50px&#8221; header_font_size_phone=&#8221;40px&#8221; global_colors_info=&#8221;{}&#8221; header_text_align=&#8221;center&#8221; sticky_enabled=&#8221;0&#8243;]<\/p>\n<h1>Powtarzaj\u0105ce si\u0119 warunki p\u0142atno\u015bci<\/h1>\n<p>&nbsp;<\/p>\n<p><!-- \/divi:paragraph --><\/p>\n<p>[\/et_pb_text][\/et_pb_column][\/et_pb_row][\/et_pb_section][et_pb_section fb_built=&#8221;1&#8243; _builder_version=&#8221;4.27.0&#8243; _module_preset=&#8221;default&#8221; global_colors_info=&#8221;{}&#8221;][et_pb_row _builder_version=&#8221;4.27.0&#8243; _module_preset=&#8221;default&#8221; global_colors_info=&#8221;{}&#8221;][et_pb_column type=&#8221;4_4&#8243; _builder_version=&#8221;4.27.0&#8243; _module_preset=&#8221;default&#8221; global_colors_info=&#8221;{}&#8221;][et_pb_text _builder_version=&#8221;4.27.0&#8243; _module_preset=&#8221;default&#8221; header_2_text_align=&#8221;center&#8221; global_colors_info=&#8221;{}&#8221;]<\/p>\n<h2>Warunki subskrypcji<\/h2>\n<p>Wej\u015bcie w \u017cycie: 30 marca 2023 r.<\/p>\n<p><strong>CLICKBUSTER LTD<\/strong><br \/><strong>63-66 Hatton Garden<\/strong><br \/><strong>Londyn EC1N 8LE<\/strong><br \/><strong>Numer firmy 13014667<\/strong><br \/><strong>Numer VAT GB 363 9346 71<\/strong><\/p>\n<p>Subskrypcja us\u0142ug PSNA1 zapewnia dost\u0119p do nast\u0119puj\u0105cych korzy\u015bci:<\/p>\n<ul>\n<li>Nieograniczona liczba test\u00f3w<\/li>\n<li>Przechowywanie wszystkich wynik\u00f3w test\u00f3w<\/li>\n<li>Por\u00f3wnania mi\u0119dzy testami<\/li>\n<li>Wyniki wysy\u0142ane poczt\u0105 elektroniczn\u0105<\/li>\n<\/ul>\n<p>Subskrypcja zapewnia dost\u0119p do strefy cz\u0142onkowskiej przez 24 godziny w promocyjnej cenie 0,5 \u20ac z VAT. Po zako\u0144czeniu tego okresu pr\u00f3bnego zacznie obowi\u0105zywa\u0107 miesi\u0119czna subskrypcja w wysoko\u015bci 47,5 \u20ac (z VAT) miesi\u0119cznie. P\u0142atno\u015b\u0107 b\u0119dzie automatycznie pobierana z karty kredytowej co miesi\u0105c w dniu rocznicy.<\/p>\n<p>Subskrypcj\u0119 mo\u017cna anulowa\u0107 w dowolnym momencie i bezwarunkowo bezpo\u015brednio na tej stronie: <a rel=\"noopener\" target=\"_new\" href=\"https:\/\/psna1.com\/pl\/se-desabonner\/\">https:\/\/psna1.com\/se-desabonner<\/a><\/p>\n<p>Aby anulowa\u0107 subskrypcj\u0119, skontaktuj si\u0119 z naszym dzia\u0142em obs\u0142ugi klienta, wysy\u0142aj\u0105c wiadomo\u015b\u0107 e-mail na adres <a rel=\"noopener\">contact.psona@gmail.com<\/a>lub za po\u015brednictwem naszego formularza kontaktowego, klikaj\u0105c ten link: <a rel=\"noopener\" target=\"_new\" href=\"https:\/\/psna1.com\/pl\/contact-en\/\">https:\/\/psna1.com\/contact-en\/<\/a><\/p>\n<p>PSNA1 nie odsprzedaje informacji o klientach; dane osobowe s\u0105 wykorzystywane wy\u0142\u0105cznie w celu komunikacji z klientami i zapewnienia im po\u017c\u0105danego poziomu us\u0142ug.<\/p>\n<p>PSNA1 korzysta z us\u0142ug dostawc\u00f3w us\u0142ug p\u0142atniczych, kt\u00f3rzy spe\u0142niaj\u0105 standardy bezpiecze\u0144stwa PCI DSS.<\/p>\n<p>[\/et_pb_text][\/et_pb_column][\/et_pb_row][\/et_pb_section]<\/p>","protected":false},"excerpt":{"rendered":"<p>Conditions de paiement r\u00e9current &nbsp; Termes d&#8217;abonnement Entry into force: March 30th, 2023 CLICKBUSTER LTD63-66 Hatton GardenLondon EC1N 8LECompany number 13014667VAT number GB 363 9346 71 Souscrire aux services de PSNA1 vous donne acc\u00e8s aux avantages suivants : Tests illimit\u00e9s Stockage de tous les r\u00e9sultats de test Comparaisons entre tests R\u00e9sultats envoy\u00e9s par email L&#8217;abonnement [&hellip;]<\/p>","protected":false},"author":1,"featured_media":0,"parent":0,"menu_order":0,"comment_status":"closed","ping_status":"closed","template":"","meta":{"_et_pb_use_builder":"on","_et_pb_old_content":"<!-- wp:divi\/placeholder \/-->","_et_gb_content_width":"","inline_featured_image":false,"footnotes":""},"class_list":["post-151","page","type-page","status-publish","hentry"],"_links":{"self":[{"href":"https:\/\/psna1.com\/pl\/wp-json\/wp\/v2\/pages\/151","targetHints":{"allow":["GET"]}}],"collection":[{"href":"https:\/\/psna1.com\/pl\/wp-json\/wp\/v2\/pages"}],"about":[{"href":"https:\/\/psna1.com\/pl\/wp-json\/wp\/v2\/types\/page"}],"author":[{"embeddable":true,"href":"https:\/\/psna1.com\/pl\/wp-json\/wp\/v2\/users\/1"}],"replies":[{"embeddable":true,"href":"https:\/\/psna1.com\/pl\/wp-json\/wp\/v2\/comments?post=151"}],"version-history":[{"count":6,"href":"https:\/\/psna1.com\/pl\/wp-json\/wp\/v2\/pages\/151\/revisions"}],"predecessor-version":[{"id":869,"href":"https:\/\/psna1.com\/pl\/wp-json\/wp\/v2\/pages\/151\/revisions\/869"}],"wp:attachment":[{"href":"https:\/\/psna1.com\/pl\/wp-json\/wp\/v2\/media?parent=151"}],"curies":[{"name":"wp","href":"https:\/\/api.w.org\/{rel}","templated":true}]}}