{"id":149,"date":"2024-09-05T10:24:38","date_gmt":"2024-09-05T10:24:38","guid":{"rendered":"https:\/\/psona.io\/?page_id=149"},"modified":"2024-10-02T10:18:01","modified_gmt":"2024-10-02T10:18:01","slug":"mentions-legales","status":"publish","type":"page","link":"https:\/\/psna1.com\/pl\/mentions-legales\/","title":{"rendered":"Informacje prawne"},"content":{"rendered":"<p>[et_pb_section fb_built=&#8221;1&#8243; custom_padding_last_edited=&#8221;on|tablet&#8221; admin_label=&#8221;Header&#8221; _builder_version=&#8221;4.27.0&#8243; custom_margin=&#8221;0px||0px||true|false&#8221; custom_padding=&#8221;0px||0px||true|false&#8221; custom_padding_tablet=&#8221;||||true|false&#8221; custom_padding_phone=&#8221;||||true|false&#8221; locked=&#8221;off&#8221; global_colors_info=&#8221;{}&#8221;][et_pb_row use_custom_gutter=&#8221;on&#8221; gutter_width=&#8221;1&#8243; custom_padding_last_edited=&#8221;on|phone&#8221; _builder_version=&#8221;4.27.0&#8243; width=&#8221;95%&#8221; custom_margin=&#8221;||||true|false&#8221; custom_padding=&#8221;150px||150px||true|true&#8221; custom_padding_tablet=&#8221;80px||80px||true|false&#8221; custom_padding_phone=&#8221;60px||60px||true|false&#8221; border_radii=&#8221;on|50px|50px|50px|50px&#8221; global_colors_info=&#8221;{}&#8221; background_color=&#8221;RGBA(255,255,255,0)&#8221; background_size=&#8221;initial&#8221; background_position=&#8221;top_left&#8221; background_repeat=&#8221;repeat&#8221;][et_pb_column type=&#8221;4_4&#8243; _builder_version=&#8221;4.27.0&#8243; custom_padding=&#8221;|||&#8221; global_colors_info=&#8221;{}&#8221; custom_padding__hover=&#8221;|||&#8221; custom_css_main_element_last_edited=&#8221;on|phone&#8221;][et_pb_text module_class=&#8221;title-header&#8221; _builder_version=&#8221;4.27.0&#8243; background_size=&#8221;initial&#8221; background_position=&#8221;top_left&#8221; background_repeat=&#8221;repeat&#8221; width=&#8221;72%&#8221; width_tablet=&#8221;70%&#8221; width_phone=&#8221;68.5%&#8221; width_last_edited=&#8221;on|tablet&#8221; module_alignment=&#8221;center&#8221; custom_margin=&#8221;0px||0px||false|false&#8221; custom_margin_tablet=&#8221;0px||0px||false|false&#8221; custom_margin_phone=&#8221;0px||0px||false|false&#8221; custom_margin_last_edited=&#8221;on|tablet&#8221; custom_padding=&#8221;0px||0px||true|false&#8221; hover_enabled=&#8221;0&#8243; header_font_size_tablet=&#8221;50px&#8221; header_font_size_phone=&#8221;40px&#8221; global_colors_info=&#8221;{}&#8221; text_orientation=&#8221;center&#8221; sticky_enabled=&#8221;0&#8243;]<\/p>\n<h1>Informacje prawne<\/h1>\n<p><!-- \/divi:paragraph --><\/p>\n<p>[\/et_pb_text][\/et_pb_column][\/et_pb_row][\/et_pb_section][et_pb_section fb_built=&#8221;1&#8243; _builder_version=&#8221;4.27.0&#8243; _module_preset=&#8221;default&#8221; global_colors_info=&#8221;{}&#8221;][et_pb_row _builder_version=&#8221;4.27.0&#8243; _module_preset=&#8221;default&#8221; global_colors_info=&#8221;{}&#8221;][et_pb_column type=&#8221;4_4&#8243; _builder_version=&#8221;4.27.0&#8243; _module_preset=&#8221;default&#8221; global_colors_info=&#8221;{}&#8221;][et_pb_text _builder_version=&#8221;4.27.0&#8243; _module_preset=&#8221;default&#8221; header_2_text_align=&#8221;center&#8221; global_colors_info=&#8221;{}&#8221;]<\/p>\n<h2>Preambu\u0142a<\/h2>\n<p>Wej\u015bcie w \u017cycie: 30 marca 2023 r.<\/p>\n<p><strong>CLICKBUSTER LTD<\/strong><br \/><strong>63-66 Hatton Garden<\/strong><br \/><strong>Londyn EC1N 8LE<\/strong><br \/><strong>Numer firmy 13014667<\/strong><br \/><strong>Numer VAT GB 363 9346 71<\/strong><\/p>\n<p>Dalsze przegl\u0105danie naszej witryny <a rel=\"noopener\" target=\"_new\" href=\"https:\/\/psna1.com\/pl\/\">https:\/\/psna1.com\/<\/a> (zwana dalej \"Stron\u0105\") zak\u0142ada, \u017ce odwiedzaj\u0105cy Stron\u0119 (zwani dalej \"U\u017cytkownikami\") akceptuj\u0105 bez zastrze\u017ce\u0144 poni\u017csze postanowienia i Og\u00f3lne Warunki U\u017cytkowania (zwane dalej \"OWU\"). Przed rozpocz\u0119ciem korzystania z funkcjonalno\u015bci naszej Strony, U\u017cytkownik potwierdza, \u017ce zapozna\u0142 si\u0119 z niniejszymi Warunkami i zaakceptowa\u0142 je.<\/p>\n<p>Aktualna wersja Regulaminu online jest jedyn\u0105 wersj\u0105 obowi\u0105zuj\u0105c\u0105 w okresie korzystania z Witryny, dop\u00f3ki nie zast\u0105pimy jej now\u0105 wersj\u0105.<\/p>\n<p>Witryna jest zarz\u0105dzana przez CLICKBUSTER LTD (zwan\u0105 dalej \"Sprzedawc\u0105\"), kt\u00f3ra zastrzega sobie prawo do zmiany niniejszych warunk\u00f3w w dowolnym momencie. Jakiekolwiek korzystanie z naszej Witryny po modyfikacji OWU oznacza nieodwo\u0142aln\u0105 akceptacj\u0119 nowej wersji przez U\u017cytkownika. W przypadku braku zgody na nasze OWU, U\u017cytkownik jest proszony o zaprzestanie korzystania z naszej Strony.<\/p>\n<p>[\/et_pb_text][et_pb_text _builder_version=&#8221;4.27.0&#8243; _module_preset=&#8221;default&#8221; header_2_text_align=&#8221;center&#8221; global_colors_info=&#8221;{}&#8221;]<\/p>\n<h2>ARTYKU\u0141 1 - DEFINICJE<\/h2>\n<p>W naszej Witrynie poni\u017csze terminy maj\u0105 nast\u0119puj\u0105ce znaczenie:<\/p>\n<p>\"Tre\u015b\u0107\": odnosi si\u0119 do wszystkich element\u00f3w sk\u0142adaj\u0105cych si\u0119 na informacje w naszej Witrynie (tekst, obrazy, filmy, algorytmy, oprogramowanie, wid\u017cety itp.) i umo\u017cliwiaj\u0105cych jej funkcjonowanie, informowanie U\u017cytkownik\u00f3w i prezentowanie naszych us\u0142ug;<\/p>\n<p>\"Prawa w\u0142asno\u015bci intelektualnej\": oznaczaj\u0105 wszelkie prawa w\u0142asno\u015bci intelektualnej i prawa pokrewne (prawa autorskie, prawa do znak\u00f3w towarowych, prawa patentowe, nazwy handlowe, bazy danych itp.) chronione ustaw\u0105 o prawie autorskim i prawach pokrewnych z 2000 r., obowi\u0105zuj\u0105c\u0105 w momencie korzystania z Witryny przez U\u017cytkownika;<\/p>\n<p>\"Funkcje\": odnosi si\u0119 do wszystkich funkcji udost\u0119pnianych U\u017cytkownikom za po\u015brednictwem Witryny;<\/p>\n<p>\"Strona\": odnosi si\u0119 do Strony <a rel=\"noopener\" target=\"_new\" href=\"https:\/\/psna1.com\/pl\/\">https:\/\/psna1.com\/<\/a> obs\u0142ugiwane przez Sprzedawc\u0119 i udost\u0119pniane U\u017cytkownikom;<\/p>\n<p>\"U\u017cytkownik\": odnosi si\u0119 do ka\u017cdej osoby korzystaj\u0105cej z naszej Strony i maj\u0105cej dost\u0119p do jej tre\u015bci.<\/p>\n<p>[\/et_pb_text][et_pb_text _builder_version=&#8221;4.27.0&#8243; _module_preset=&#8221;default&#8221; header_2_text_align=&#8221;center&#8221; global_colors_info=&#8221;{}&#8221;]<\/p>\n<h2>ARTYKU\u0141 2 - Informacje prawne<\/h2>\n<p>Zgodnie z Rozporz\u0105dzeniem Parlamentu Europejskiego i Rady (UE) 2018\/679 z dnia 27 kwietnia 2016 r. w sprawie ochrony os\u00f3b fizycznych w zwi\u0105zku z przetwarzaniem danych osobowych i w sprawie swobodnego przep\u0142ywu takich danych, U\u017cytkownik naszej Witryny jest informowany o to\u017csamo\u015bci stron zaanga\u017cowanych w jej tworzenie i monitorowanie:<\/p>\n<p>Kierownik redakcji: Carlo Ela <a rel=\"noopener\">contact.psona@gmail.com<\/a> .<\/p>\n<p>Gospodarz: Scaleway, 8 rue de la Ville l'\u00c9v\u00eaque, 75008 Pary\u017c ; <a rel=\"noopener\" target=\"_new\" href=\"https:\/\/www.scaleway.com\/\">https:\/\/www.scaleway.com\/<\/a><\/p>\n<p>Deweloper: CLICKBUSTER LTD<\/p>\n<p>Inspektor ochrony danych: Carlo Ela <a rel=\"noopener\">contact.psona@gmail.com<\/a>.<\/p>\n<p>[\/et_pb_text][et_pb_text _builder_version=&#8221;4.27.0&#8243; _module_preset=&#8221;default&#8221; header_2_text_align=&#8221;center&#8221; global_colors_info=&#8221;{}&#8221;]<\/p>\n<h2>ARTYKU\u0141 3 - Ochrona danych osobowych<\/h2>\n<p>W celu korzystania z naszej Witryny b\u0119dziemy przetwarza\u0107 okre\u015blone dane osobowe dotycz\u0105ce U\u017cytkownika. Przetwarzanie to odbywa si\u0119 zgodnie z Ustaw\u0105 o ochronie danych z 2018 r. oraz Polityk\u0105 ochrony danych dost\u0119pn\u0105 pod poni\u017cszym linkiem:<\/p>\n<p><a rel=\"noopener\" target=\"_new\" href=\"https:\/\/psna1.com\/pl\/privacy-police\/\">https:\/\/psna1.com\/privacy-police\/<\/a><\/p>\n<p>[\/et_pb_text][et_pb_text _builder_version=&#8221;4.27.0&#8243; _module_preset=&#8221;default&#8221; header_2_text_align=&#8221;center&#8221; global_colors_info=&#8221;{}&#8221;]<\/p>\n<h2>ARTYKU\u0141 4 - Dost\u0119p do witryny<\/h2>\n<div class=\"group\/conversation-turn relative flex w-full min-w-0 flex-col agent-turn\">\n<div class=\"flex-col gap-1 md:gap-3\">\n<div class=\"flex max-w-full flex-col flex-grow\">\n<div data-message-author-role=\"assistant\" data-message-id=\"1921b6bd-7e01-40ec-81aa-bce2a7802030\" dir=\"auto\" class=\"min-h-[20px] text-message flex w-full flex-col items-end gap-2 whitespace-normal break-words [.text-message+&amp;]:mt-5\">\n<div class=\"flex w-full flex-col gap-1 empty:hidden first:pt-[3px]\">\n<div class=\"markdown prose w-full break-words dark:prose-invert dark\">\n<p>Dost\u0119p do Witryny i korzystanie z niej s\u0105 zastrze\u017cone wy\u0142\u0105cznie do u\u017cytku osobistego. U\u017cytkownik zobowi\u0105zuje si\u0119 nie wykorzystywa\u0107 Witryny ani zawartych w niej informacji lub danych do cel\u00f3w komercyjnych, politycznych lub reklamowych ani do jakiejkolwiek formy nagabywania handlowego, w szczeg\u00f3lno\u015bci do wysy\u0142ania niechcianych wiadomo\u015bci e-mail.<\/p>\n<p>Dost\u0119p do Witryny jest zarezerwowany dla os\u00f3b pe\u0142noletnich. Sprzedawca zastrzega sobie prawo do \u017c\u0105dania potwierdzenia wieku, w szczeg\u00f3lno\u015bci w przypadku korzystania z us\u0142ug zamawiania online. Sprzedawca nie ponosi odpowiedzialno\u015bci w przypadku dost\u0119pu do Witryny przez osoby niepe\u0142noletnie, ani w przypadku b\u0142\u0119dnych lub wprowadzaj\u0105cych w b\u0142\u0105d informacji podanych przez U\u017cytkownik\u00f3w w Witrynie.<\/p>\n<p>U\u017cytkownicy s\u0105 osobi\u015bcie odpowiedzialni za skonfigurowanie zasob\u00f3w informatycznych i telekomunikacyjnych niezb\u0119dnych do uzyskania dost\u0119pu do Witryny. U\u017cytkownicy ponosz\u0105 koszty telekomunikacyjne zwi\u0105zane z dost\u0119pem do Internetu za po\u015brednictwem Witryny.<\/p>\n<\/div>\n<\/div>\n<\/div>\n<\/div>\n<\/div>\n<\/div>\n<p>[\/et_pb_text][et_pb_text _builder_version=&#8221;4.27.0&#8243; _module_preset=&#8221;default&#8221; header_2_text_align=&#8221;center&#8221; global_colors_info=&#8221;{}&#8221;]<\/p>\n<h2>ARTYKU\u0141 5 - Opis \u015bwiadczonych us\u0142ug<\/h2>\n<p>Dok\u0142adamy wszelkich stara\u0144, aby informacje by\u0142y jak najdok\u0142adniejsze, ale nie ponosimy odpowiedzialno\u015bci za jakiekolwiek pomini\u0119cia, nie\u015bcis\u0142o\u015bci lub brak aktualizacji informacji. Wszystkie informacje podane na Stronie s\u0142u\u017c\u0105 wy\u0142\u0105cznie celom informacyjnym i nie s\u0105 wyczerpuj\u0105ce. S\u0105 one dostarczane z zastrze\u017ceniem wszelkich zmian, kt\u00f3re mog\u0142y zosta\u0107 wprowadzone od czasu ich umieszczenia w Internecie.<\/p>\n<p>[\/et_pb_text][et_pb_text _builder_version=&#8221;4.27.0&#8243; _module_preset=&#8221;default&#8221; header_2_text_align=&#8221;center&#8221; global_colors_info=&#8221;{}&#8221;]<\/p>\n<h2>ARTYKU\u0141 6 - W\u0142asno\u015b\u0107 intelektualna<\/h2>\n<p><strong>6.1 Nasza strona internetowa<\/strong><\/p>\n<p>Wszystkie znaki towarowe, zdj\u0119cia, teksty, komentarze, ilustracje, animowane lub nieruchome obrazy, sekwencje wideo, d\u017awi\u0119ki, a tak\u017ce wszystkie aplikacje komputerowe, kt\u00f3re mog\u0105 by\u0107 u\u017cywane do obs\u0142ugi Witryny oraz, bardziej og\u00f3lnie, wszystkie elementy reprodukowane lub u\u017cywane w Witrynie, s\u0105 chronione obowi\u0105zuj\u0105cymi przepisami dotycz\u0105cymi w\u0142asno\u015bci intelektualnej.<\/p>\n<p>Stanowi\u0105 one pe\u0142n\u0105 i ca\u0142kowit\u0105 w\u0142asno\u015b\u0107 Sprzedawcy lub jego partner\u00f3w handlowych. Jakiekolwiek powielanie, przedstawianie, wykorzystywanie lub adaptacja, w jakiejkolwiek formie, ca\u0142o\u015bci lub cz\u0119\u015bci tych element\u00f3w, w tym aplikacji komputerowych, bez uprzedniej pisemnej zgody Wydawcy, jest surowo zabronione. Fakt, \u017ce wydawca nie podejmie dzia\u0142a\u0144 prawnych, gdy tylko dowie si\u0119 o takim nieautoryzowanym u\u017cyciu przez u\u017cytkownika, nie stanowi akceptacji takiego u\u017cycia ani zrzeczenia si\u0119 prawa do podj\u0119cia dzia\u0142a\u0144 prawnych. Surowo zabrania si\u0119 U\u017cytkownikowi :<\/p>\n<p>- kopiowa\u0107, reprodukowa\u0107, przedstawia\u0107, transmitowa\u0107, dystrybuowa\u0107 lub publikowa\u0107, na sta\u0142e lub tymczasowo, ca\u0142o\u015bci lub cz\u0119\u015bci Tre\u015bci i\/lub Witryny w jakikolwiek spos\u00f3b; - tworzy\u0107 dzie\u0142 pochodnych od Tre\u015bci i\/lub Witryny; - modyfikowa\u0107, t\u0142umaczy\u0107, adaptowa\u0107 lub aran\u017cowa\u0107 ca\u0142o\u015bci lub cz\u0119\u015bci Tre\u015bci i\/lub Witryny; - dezasemblowa\u0107, dekompilowa\u0107 lub odtwarza\u0107 kodu \u017ar\u00f3d\u0142owego Witryny.<\/p>\n<p>W ka\u017cdym przypadku U\u017cytkownik ponosi wy\u0142\u0105czn\u0105 odpowiedzialno\u015b\u0107 za korzystanie z Witryny. Jakiekolwiek nieuprawnione korzystanie z Witryny lub kt\u00f3regokolwiek z jej element\u00f3w zostanie uznane za naruszenie Ustawy o ochronie danych osobowych z 2000 roku.<\/p>\n<p><strong>6.2 Nasza marka<\/strong><\/p>\n<p>S\u0142owne i wizualne znaki towarowe (logo) Sprzedawcy i CLICKBUSTER LTD podlegaj\u0105 ochronie. Ich u\u017cywanie bez pisemnej zgody Sprzedawcy lub jego partner\u00f3w, na jakimkolwiek no\u015bniku, w celu promowania produkt\u00f3w lub us\u0142ug, lub w celach komercyjnych, jest zabronione pod gro\u017ab\u0105 wszcz\u0119cia przez Sprzedawc\u0119 post\u0119powania karnego i cywilnego przeciwko U\u017cytkownikowi i\/lub osobom trzecim odpowiedzialnym.<\/p>\n<p><strong>6.3 Tre\u015b\u0107<\/strong><\/p>\n<p>Tre\u015bci s\u0105 swobodnie dost\u0119pne w Witrynie. Umieszczenie tre\u015bci w Internecie nie powoduje przeniesienia praw autorskich ani w\u0142asno\u015bci tre\u015bci, kt\u00f3re pozostaj\u0105 pe\u0142n\u0105 i ca\u0142kowit\u0105 w\u0142asno\u015bci\u0105 Sprzedawcy i autor\u00f3w.<\/p>\n<p>\u017baden U\u017cytkownik nie mo\u017ce ani nie powinien podejmowa\u0107 \u017cadnych dzia\u0142a\u0144 sprzecznych z egzekwowaniem praw autorskich i praw w\u0142asno\u015bci intelektualnej lub sprzecznych z jakimkolwiek innym prawem brytyjskim lub mi\u0119dzynarodowym dotycz\u0105cym praw w\u0142asno\u015bci intelektualnej. Sprzedawca i jego wsp\u00f3\u0142pracownicy zastrzegaj\u0105 sobie prawo do \u015bcigania ka\u017cdego U\u017cytkownika za jakiekolwiek naruszenie niniejszych WU.<\/p>\n<p>[\/et_pb_text][et_pb_text _builder_version=&#8221;4.27.0&#8243; _module_preset=&#8221;default&#8221; header_2_text_align=&#8221;center&#8221; global_colors_info=&#8221;{}&#8221;]<\/p>\n<h2>ARTYKU\u0141 7 - Zarz\u0105dzanie witryn\u0105<\/h2>\n<p>Nasza Witryna jest normalnie dost\u0119pna dla U\u017cytkownik\u00f3w przez ca\u0142y czas. Aby zapewni\u0107 prawid\u0142owe zarz\u0105dzanie Stron\u0105, Sprzedawca zastrzega sobie prawo do :<\/p>\n<p>- zawiesi\u0107, przerwa\u0107 lub ograniczy\u0107 dost\u0119p do ca\u0142o\u015bci lub cz\u0119\u015bci Witryny, z dowolnego powodu, z uprzednim powiadomieniem lub bez niego i wed\u0142ug w\u0142asnego uznania; - usun\u0105\u0107 wszelkie informacje, kt\u00f3re mog\u0105 zak\u0142\u00f3ci\u0107 jej dzia\u0142anie, z dowolnego powodu, z uprzednim powiadomieniem lub bez niego i wed\u0142ug w\u0142asnego uznania; - zawiesi\u0107 Witryn\u0119 w celu przeprowadzenia aktualizacji.<\/p>\n<p>Sprzedawca do\u0142o\u017cy wszelkich stara\u0144, aby poinformowa\u0107 U\u017cytkownik\u00f3w o datach i godzinach interwencji z wyprzedzeniem, ale nie mo\u017ce zosta\u0107 poci\u0105gni\u0119ty do odpowiedzialno\u015bci w przypadku niedope\u0142nienia tego obowi\u0105zku.<\/p>\n<p>[\/et_pb_text][et_pb_text _builder_version=&#8221;4.27.0&#8243; _module_preset=&#8221;default&#8221; header_2_text_align=&#8221;center&#8221; global_colors_info=&#8221;{}&#8221;]<\/p>\n<h2>ARTYKU\u0141 8 - Obowi\u0105zki<\/h2>\n<p><strong>8.1 Dost\u0119p do Strony<\/strong><\/p>\n<p>Sprzedawca zobowi\u0105zuje si\u0119 do\u0142o\u017cy\u0107 wszelkich stara\u0144, aby zapewni\u0107 dost\u0119pno\u015b\u0107 Witryny 24 godziny na dob\u0119, 7 dni w tygodniu. Sprzedawca nie zobowi\u0105zuje si\u0119 jednak do zapewnienia sta\u0142ej dost\u0119pno\u015bci Witryny i nie gwarantuje, \u017ce Witryna b\u0119dzie wolna od b\u0142\u0119d\u00f3w. Sprzedawca nie mo\u017ce by\u0107 poci\u0105gni\u0119ty do odpowiedzialno\u015bci w przypadku awarii, usterki, trudno\u015bci lub przerwy w dzia\u0142aniu, uniemo\u017cliwiaj\u0105cej dost\u0119p do Witryny lub kt\u00f3rejkolwiek z jej funkcji.<\/p>\n<p>Sprzedawca i gospodarz nie ponosz\u0105 odpowiedzialno\u015bci w przypadku awarii sieci internetowej, linii telefonicznych lub sprz\u0119tu komputerowego i telefonicznego, w szczeg\u00f3lno\u015bci z powodu przeci\u0105\u017cenia sieci, uniemo\u017cliwiaj\u0105cego dost\u0119p do serwera.<\/p>\n<p>Sprzedawca nie ponosi odpowiedzialno\u015bci w przypadku post\u0119powania s\u0105dowego przeciwko U\u017cytkownikom:<\/p>\n<p>- w wyniku korzystania z Serwisu lub jakiejkolwiek innej us\u0142ugi dost\u0119pnej za po\u015brednictwem Internetu; - w wyniku nieprzestrzegania przez U\u017cytkownika niniejszych OWU.<\/p>\n<p><strong>8.2 U\u017cywany sprz\u0119t<\/strong><\/p>\n<p>U\u017cytkownik ponosi pe\u0142n\u0105 i ca\u0142kowit\u0105 odpowiedzialno\u015b\u0107 za sprz\u0119t po\u0142\u0105czeniowy u\u017cywany przez niego w celu uzyskania dost\u0119pu do Witryny. U\u017cytkownik jest odpowiedzialny za podj\u0119cie wszelkich odpowiednich \u015brodk\u00f3w w celu ochrony swojego sprz\u0119tu i w\u0142asnych danych. U\u017cytkownik zobowi\u0105zuje si\u0119 uzyskiwa\u0107 dost\u0119p do Witryny za pomoc\u0105 najnowszego, wolnego od wirus\u00f3w sprz\u0119tu i niedawno zaktualizowanej przegl\u0105darki.<\/p>\n<p>Sprzedawca nie ponosi odpowiedzialno\u015bci za jakiekolwiek szkody wyrz\u0105dzone U\u017cytkownikom, osobom trzecim i\/lub ich sprz\u0119towi w wyniku po\u0142\u0105czenia z Witryn\u0105 lub korzystania z niej, a U\u017cytkownicy zrzekaj\u0105 si\u0119 wszelkich dzia\u0142a\u0144 w tym zakresie przeciwko Sprzedawcy.<\/p>\n<p>Sprzedawca nie ponosi odpowiedzialno\u015bci za szkody po\u015brednie (takie jak utrata dzia\u0142alno\u015bci lub utrata mo\u017cliwo\u015bci) wynikaj\u0105ce z korzystania z Witryny.<\/p>\n<p>[\/et_pb_text][et_pb_text _builder_version=&#8221;4.27.0&#8243; _module_preset=&#8221;default&#8221; header_2_text_align=&#8221;center&#8221; global_colors_info=&#8221;{}&#8221;]<\/p>\n<h2>ARTYKU\u0141 9 - ZDJ\u0118CIA I PREZENTACJA PRODUKT\u00d3W I US\u0141UG<\/h2>\n<p>Zdj\u0119cia zamieszczone na Stronie, towarzysz\u0105ce ich opisowi, nie maj\u0105 charakteru umownego i nie s\u0105 wi\u0105\u017c\u0105ce dla Sprzedaj\u0105cego.<\/p>\n<p>[\/et_pb_text][et_pb_text _builder_version=&#8221;4.27.0&#8243; _module_preset=&#8221;default&#8221; header_2_text_align=&#8221;center&#8221; global_colors_info=&#8221;{}&#8221;]<\/p>\n<h2>ARTYKU\u0141 10 - \u0141\u0105cza hipertekstowe<\/h2>\n<p>Ustanowienie przez U\u017cytkownika jakiegokolwiek \u0142\u0105cza hipertekstowego do ca\u0142o\u015bci lub cz\u0119\u015bci Witryny jest dozwolone, z zastrze\u017ceniem uprzedniej pisemnej zgody CLICKBUSTER LTD, o kt\u00f3r\u0105 nale\u017cy poprosi\u0107 poczt\u0105 elektroniczn\u0105 na nast\u0119puj\u0105cy adres: <a rel=\"noopener\">contact.psona@gmail.com<\/a>.<\/p>\n<p>Sprzedaj\u0105cy mo\u017ce odm\u00f3wi\u0107 udzielenia takiego upowa\u017cnienia bez konieczno\u015bci uzasadniania swojej decyzji w jakikolwiek spos\u00f3b. W przypadku, gdy Sprzedawca udzieli upowa\u017cnienia, upowa\u017cnienie to jest w ka\u017cdym przypadku tymczasowe i mo\u017ce zosta\u0107 wycofane w dowolnym momencie, bez obowi\u0105zku uzasadniania swojej decyzji. W ka\u017cdym przypadku link musi zosta\u0107 usuni\u0119ty na \u017c\u0105danie marki.<\/p>\n<p>Witryna zawiera szereg \u0142\u0105czy hipertekstowych do innych witryn, utworzonych za zgod\u0105 Sprzedawcy. Nasza firma nie jest jednak w stanie sprawdzi\u0107 tre\u015bci odwiedzanych w ten spos\u00f3b stron i dlatego nie ponosi \u017cadnej odpowiedzialno\u015bci w tym zakresie.<\/p>\n<p>[\/et_pb_text][et_pb_text _builder_version=&#8221;4.27.0&#8243; _module_preset=&#8221;default&#8221; header_2_text_align=&#8221;center&#8221; global_colors_info=&#8221;{}&#8221;]<\/p>\n<h2>ARTYKU\u0141 11 - Cz\u0119\u015bciowa niewa\u017cno\u015b\u0107<\/h2>\n<p>Tymczasowe niestosowanie jednej lub wi\u0119cej klauzul niniejszych og\u00f3lnych warunk\u00f3w nie mo\u017ce by\u0107 w \u017cadnym wypadku interpretowane jako zrzeczenie si\u0119 przez CLICKBUSTER LTD prawa do korzystania z kt\u00f3rejkolwiek z tych klauzul.<\/p>\n<p>Je\u015bli jedno lub wi\u0119cej postanowie\u0144 niniejszych warunk\u00f3w zostanie uznane za niewa\u017cne lub niemaj\u0105ce zastosowania na mocy przepis\u00f3w prawa, regulacji lub prawomocnego orzeczenia s\u0105du, pozosta\u0142e postanowienia zachowaj\u0105 swoj\u0105 pe\u0142n\u0105 moc i zakres oraz b\u0119d\u0105 nadal w pe\u0142ni obowi\u0105zywa\u0107.<\/p>\n<p>[\/et_pb_text][et_pb_text _builder_version=&#8221;4.27.0&#8243; _module_preset=&#8221;default&#8221; header_2_text_align=&#8221;center&#8221; global_colors_info=&#8221;{}&#8221;]<\/p>\n<h2>ARTYKU\u0141 12 - J\u0119zyk<\/h2>\n<p>Je\u015bli niniejsze OWU zostan\u0105 przet\u0142umaczone na jeden lub wi\u0119cej j\u0119zyk\u00f3w, j\u0119zykiem t\u0142umaczenia b\u0119dzie j\u0119zyk angielski.<\/p>\n<p>[\/et_pb_text][et_pb_text _builder_version=&#8221;4.27.0&#8243; _module_preset=&#8221;default&#8221; header_2_text_align=&#8221;center&#8221; custom_css_free_form=&#8221;selector table, selector td, selector tr, selector th {||  border:1px solid;||  border-color:#034833 !important;||}&#8221; global_colors_info=&#8221;{}&#8221;]<\/p>\n<h2>ARTYKU\u0141 13 - Prawo w\u0142a\u015bciwe<\/h2>\n<p>Niniejsze Warunki korzystania z Witryny podlegaj\u0105 prawu brytyjskiemu, a w przypadku sporu podlegaj\u0105 wy\u0142\u0105cznej jurysdykcji s\u0105d\u00f3w powszechnych, z zastrze\u017ceniem szczeg\u00f3lnego przypisania jurysdykcji wynikaj\u0105cego z tekstu prawa lub okre\u015blonego przepisu.<\/p>\n<p>[\/et_pb_text][et_pb_text _builder_version=&#8221;4.27.0&#8243; _module_preset=&#8221;default&#8221; header_2_text_align=&#8221;center&#8221; custom_css_free_form=&#8221;selector table, selector td, selector tr, selector th {||  border:1px solid;||  border-color:#034833 !important;||}&#8221; global_colors_info=&#8221;{}&#8221;]<\/p>\n<h2>ARTYKU\u0141 14 - Kontakt z nami<\/h2>\n<p>W przypadku jakichkolwiek pyta\u0144 lub informacji dotycz\u0105cych Us\u0142ug prezentowanych w Witrynie lub zwi\u0105zanych z sam\u0105 Witryn\u0105, U\u017cytkownik mo\u017ce zostawi\u0107 wiadomo\u015b\u0107 pod nast\u0119puj\u0105cym adresem: contact.psona@gmail.com.<\/p>\n<p>[\/et_pb_text][\/et_pb_column][\/et_pb_row][\/et_pb_section]<\/p>","protected":false},"excerpt":{"rendered":"<p>Mentions l\u00e9gales Preamble Entry into force: March 30th, 2023 CLICKBUSTER LTD63-66 Hatton GardenLondon EC1N 8LECompany number 13014667VAT number GB 363 9346 71 La navigation continue sur notre Site https:\/\/psna1.com\/ (ci-apr\u00e8s le \u00ab Site \u00bb) implique que les visiteurs du Site (ci-apr\u00e8s l&#8217;\u00ab Utilisateur(s) \u00bb) acceptent sans r\u00e9serve les dispositions et Conditions G\u00e9n\u00e9rales d&#8217;Utilisation qui suivent [&hellip;]<\/p>","protected":false},"author":1,"featured_media":0,"parent":0,"menu_order":0,"comment_status":"closed","ping_status":"closed","template":"","meta":{"_et_pb_use_builder":"on","_et_pb_old_content":"<!-- wp:divi\/placeholder \/-->","_et_gb_content_width":"","inline_featured_image":false,"footnotes":""},"class_list":["post-149","page","type-page","status-publish","hentry"],"_links":{"self":[{"href":"https:\/\/psna1.com\/pl\/wp-json\/wp\/v2\/pages\/149","targetHints":{"allow":["GET"]}}],"collection":[{"href":"https:\/\/psna1.com\/pl\/wp-json\/wp\/v2\/pages"}],"about":[{"href":"https:\/\/psna1.com\/pl\/wp-json\/wp\/v2\/types\/page"}],"author":[{"embeddable":true,"href":"https:\/\/psna1.com\/pl\/wp-json\/wp\/v2\/users\/1"}],"replies":[{"embeddable":true,"href":"https:\/\/psna1.com\/pl\/wp-json\/wp\/v2\/comments?post=149"}],"version-history":[{"count":6,"href":"https:\/\/psna1.com\/pl\/wp-json\/wp\/v2\/pages\/149\/revisions"}],"predecessor-version":[{"id":870,"href":"https:\/\/psna1.com\/pl\/wp-json\/wp\/v2\/pages\/149\/revisions\/870"}],"wp:attachment":[{"href":"https:\/\/psna1.com\/pl\/wp-json\/wp\/v2\/media?parent=149"}],"curies":[{"name":"wp","href":"https:\/\/api.w.org\/{rel}","templated":true}]}}