{"id":149,"date":"2024-09-05T10:24:38","date_gmt":"2024-09-05T10:24:38","guid":{"rendered":"https:\/\/psona.io\/?page_id=149"},"modified":"2024-10-02T10:18:01","modified_gmt":"2024-10-02T10:18:01","slug":"mentions-legales","status":"publish","type":"page","link":"https:\/\/psna1.com\/lt\/mentions-legales\/","title":{"rendered":"Teisin\u0117 informacija"},"content":{"rendered":"<p>[et_pb_section fb_built=&#8221;1&#8243; custom_padding_last_edited=&#8221;on|tablet&#8221; admin_label=&#8221;Header&#8221; _builder_version=&#8221;4.27.0&#8243; custom_margin=&#8221;0px||0px||true|false&#8221; custom_padding=&#8221;0px||0px||true|false&#8221; custom_padding_tablet=&#8221;||||true|false&#8221; custom_padding_phone=&#8221;||||true|false&#8221; locked=&#8221;off&#8221; global_colors_info=&#8221;{}&#8221;][et_pb_row use_custom_gutter=&#8221;on&#8221; gutter_width=&#8221;1&#8243; custom_padding_last_edited=&#8221;on|phone&#8221; _builder_version=&#8221;4.27.0&#8243; width=&#8221;95%&#8221; custom_margin=&#8221;||||true|false&#8221; custom_padding=&#8221;150px||150px||true|true&#8221; custom_padding_tablet=&#8221;80px||80px||true|false&#8221; custom_padding_phone=&#8221;60px||60px||true|false&#8221; border_radii=&#8221;on|50px|50px|50px|50px&#8221; global_colors_info=&#8221;{}&#8221; background_color=&#8221;RGBA(255,255,255,0)&#8221; background_size=&#8221;initial&#8221; background_position=&#8221;top_left&#8221; background_repeat=&#8221;repeat&#8221;][et_pb_column type=&#8221;4_4&#8243; _builder_version=&#8221;4.27.0&#8243; custom_padding=&#8221;|||&#8221; global_colors_info=&#8221;{}&#8221; custom_padding__hover=&#8221;|||&#8221; custom_css_main_element_last_edited=&#8221;on|phone&#8221;][et_pb_text module_class=&#8221;title-header&#8221; _builder_version=&#8221;4.27.0&#8243; background_size=&#8221;initial&#8221; background_position=&#8221;top_left&#8221; background_repeat=&#8221;repeat&#8221; width=&#8221;72%&#8221; width_tablet=&#8221;70%&#8221; width_phone=&#8221;68.5%&#8221; width_last_edited=&#8221;on|tablet&#8221; module_alignment=&#8221;center&#8221; custom_margin=&#8221;0px||0px||false|false&#8221; custom_margin_tablet=&#8221;0px||0px||false|false&#8221; custom_margin_phone=&#8221;0px||0px||false|false&#8221; custom_margin_last_edited=&#8221;on|tablet&#8221; custom_padding=&#8221;0px||0px||true|false&#8221; hover_enabled=&#8221;0&#8243; header_font_size_tablet=&#8221;50px&#8221; header_font_size_phone=&#8221;40px&#8221; global_colors_info=&#8221;{}&#8221; text_orientation=&#8221;center&#8221; sticky_enabled=&#8221;0&#8243;]<\/p>\n<h1>Teisin\u0117 informacija<\/h1>\n<p><!-- \/divi:paragraph --><\/p>\n<p>[\/et_pb_text][\/et_pb_column][\/et_pb_row][\/et_pb_section][et_pb_section fb_built=&#8221;1&#8243; _builder_version=&#8221;4.27.0&#8243; _module_preset=&#8221;default&#8221; global_colors_info=&#8221;{}&#8221;][et_pb_row _builder_version=&#8221;4.27.0&#8243; _module_preset=&#8221;default&#8221; global_colors_info=&#8221;{}&#8221;][et_pb_column type=&#8221;4_4&#8243; _builder_version=&#8221;4.27.0&#8243; _module_preset=&#8221;default&#8221; global_colors_info=&#8221;{}&#8221;][et_pb_text _builder_version=&#8221;4.27.0&#8243; _module_preset=&#8221;default&#8221; header_2_text_align=&#8221;center&#8221; global_colors_info=&#8221;{}&#8221;]<\/p>\n<h2>Preambul\u0117<\/h2>\n<p>\u012esigaliojimas: 2023 m. kovo 30 d.<\/p>\n<p><strong>CLICKBUSTER LTD<\/strong><br \/><strong>63-66 Hatton Garden<\/strong><br \/><strong>Londonas EC1N 8LE<\/strong><br \/><strong>\u012emon\u0117s numeris 13014667<\/strong><br \/><strong>PVM mok\u0117tojo kodas GB 363 9346 71<\/strong><\/p>\n<p>Tolesnis nar\u0161ymas m\u016bs\u0173 Svetain\u0117je <a rel=\"noopener\" target=\"_new\" href=\"https:\/\/psna1.com\/lt\/\">https:\/\/psna1.com\/<\/a> (toliau - Svetain\u0117) rei\u0161kia, kad Svetain\u0117s lankytojai (toliau - Vartotojas (-ai)) be i\u0161lyg\u0173 sutinka su \u0161iomis nuostatomis ir Bendrosiomis naudojimo s\u0105lygomis (toliau - BTS). Prie\u0161 prad\u0117damas naudotis m\u016bs\u0173 Svetain\u0117s funkcijomis, Naudotojas patvirtina, kad perskait\u0117 \u0161ias Taisykles ir s\u0105lygas ir su jomis sutinka.<\/p>\n<p>Dabartin\u0117 internetin\u0117 m\u016bs\u0173 Taisykli\u0173 ir s\u0105lyg\u0173 versija yra vienintel\u0117 versija, galiojanti naudojimosi Svetaine laikotarpiu, kol j\u0105 pakeisime nauja versija.<\/p>\n<p>Svetain\u0119 administruoja CLICKBUSTER LTD (toliau - Pardav\u0117jas), kuri pasilieka teis\u0119 bet kada keisti \u0161ias s\u0105lygas. Bet koks naudojimasis m\u016bs\u0173 Svetaine po to, kai buvo pakeistos Bendrosios taisykl\u0117s, rei\u0161kia, kad Vartotojas neat\u0161aukiamai sutinka su nauj\u0105ja versija. Jei Vartotojas nesutinka su m\u016bs\u0173 GCU, jis kvie\u010diamas nebesinaudoti m\u016bs\u0173 Svetaine.<\/p>\n<p>[\/et_pb_text][et_pb_text _builder_version=&#8221;4.27.0&#8243; _module_preset=&#8221;default&#8221; header_2_text_align=&#8221;center&#8221; global_colors_info=&#8221;{}&#8221;]<\/p>\n<h2>1 STRAIPSNIS - APIBR\u0116\u017dTYS<\/h2>\n<p>M\u016bs\u0173 Svetain\u0117je toliau pateiktos S\u0105vokos turi toki\u0105 reik\u0161m\u0119:<\/p>\n<p>\"Turinys\" - tai visi elementai, sudarantys m\u016bs\u0173 Svetain\u0117s informacij\u0105 (tekstas, vaizdai, vaizdo \u012fra\u0161ai, algoritmai, programin\u0117 \u012franga, valdikliai ir t. t.) ir leid\u017eiantys jai veikti, informuoti Naudotojus ir pristatyti m\u016bs\u0173 paslaugas;<\/p>\n<p>\"Intelektin\u0117s nuosavyb\u0117s teis\u0117s\" - tai visos intelektin\u0117s nuosavyb\u0117s ir gretutin\u0117s teis\u0117s (autori\u0173 teis\u0117s, preki\u0173 \u017eenkl\u0173 teis\u0117s, patent\u0173 teis\u0117s, preki\u0173 pavadinimai, duomen\u0173 baz\u0117s ir t. t.), saugomos 2000 m. Autori\u0173 teisi\u0173 ir gretutini\u0173 teisi\u0173 \u012fstatymo, galiojan\u010dio tuo metu, kai Vartotojas naudojasi Svetaine;<\/p>\n<p>\"Funkcijos\" - tai visos funkcijos, kuriomis Naudotojai gali naudotis m\u016bs\u0173 Svetain\u0117je;<\/p>\n<p>\"Svetain\u0117\": rei\u0161kia Svetain\u0119 <a rel=\"noopener\" target=\"_new\" href=\"https:\/\/psna1.com\/lt\/\">https:\/\/psna1.com\/<\/a> kuri\u0105 valdo Pardav\u0117jas ir kuri yra prieinama Vartotojams;<\/p>\n<p>\"Vartotojas\" - tai bet kuris asmuo, besinaudojantis m\u016bs\u0173 Svetaine ir turintis prieig\u0105 prie jos turinio.<\/p>\n<p>[\/et_pb_text][et_pb_text _builder_version=&#8221;4.27.0&#8243; _module_preset=&#8221;default&#8221; header_2_text_align=&#8221;center&#8221; global_colors_info=&#8221;{}&#8221;]<\/p>\n<h2>2 STRAIPSNIS - Teisin\u0117 informacija<\/h2>\n<p>Pagal 2016 m. baland\u017eio 27 d. Europos Parlamento ir Tarybos reglament\u0105 [ES] 2018\/679 d\u0117l fizini\u0173 asmen\u0173 apsaugos tvarkant asmens duomenis ir d\u0117l laisvo toki\u0173 duomen\u0173 jud\u0117jimo, m\u016bs\u0173 Svetain\u0117s naudotojas yra informuojamas apie jos k\u016brime ir steb\u0117senoje dalyvaujan\u010di\u0173 \u0161ali\u0173 tapatyb\u0119:<\/p>\n<p>Redakcijos vadovas: Carlo Ela <a rel=\"noopener\">contact.psona@gmail.com<\/a> .<\/p>\n<p>Priiman\u010dioji \u0161alis: Scaleway, 8 rue de la Ville l'\u00c9v\u00eaque, 75008 Paris ; <a rel=\"noopener\" target=\"_new\" href=\"https:\/\/www.scaleway.com\/\">https:\/\/www.scaleway.com\/<\/a><\/p>\n<p>K\u016br\u0117jas: CLICKBUSTER LTD<\/p>\n<p>Duomen\u0173 apsaugos pareig\u016bnas: Carlo Ela <a rel=\"noopener\">contact.psona@gmail.com<\/a>.<\/p>\n<p>[\/et_pb_text][et_pb_text _builder_version=&#8221;4.27.0&#8243; _module_preset=&#8221;default&#8221; header_2_text_align=&#8221;center&#8221; global_colors_info=&#8221;{}&#8221;]<\/p>\n<h2>3 STRAIPSNIS - Asmens duomen\u0173 apsauga<\/h2>\n<p>Kad gal\u0117tum\u0117te naudotis m\u016bs\u0173 Svetaine, mes tvarkome tam tikrus Vartotojo asmens duomenis. \u0160is tvarkymas atliekamas pagal 2018 m. Duomen\u0173 apsaugos \u012fstatym\u0105 ir Duomen\u0173 apsaugos politik\u0105, kuri\u0105 galima rasti \u0161ioje nuorodoje:<\/p>\n<p><a rel=\"noopener\" target=\"_new\" href=\"https:\/\/psna1.com\/lt\/privacy-police\/\">https:\/\/psna1.com\/privacy-police\/<\/a><\/p>\n<p>[\/et_pb_text][et_pb_text _builder_version=&#8221;4.27.0&#8243; _module_preset=&#8221;default&#8221; header_2_text_align=&#8221;center&#8221; global_colors_info=&#8221;{}&#8221;]<\/p>\n<h2>4 STRAIPSNIS - Galimyb\u0117 patekti \u012f svetain\u0119<\/h2>\n<div class=\"group\/conversation-turn relative flex w-full min-w-0 flex-col agent-turn\">\n<div class=\"flex-col gap-1 md:gap-3\">\n<div class=\"flex max-w-full flex-col flex-grow\">\n<div data-message-author-role=\"assistant\" data-message-id=\"1921b6bd-7e01-40ec-81aa-bce2a7802030\" dir=\"auto\" class=\"min-h-[20px] text-message flex w-full flex-col items-end gap-2 whitespace-normal break-words [.text-message+&amp;]:mt-5\">\n<div class=\"flex w-full flex-col gap-1 empty:hidden first:pt-[3px]\">\n<div class=\"markdown prose w-full break-words dark:prose-invert dark\">\n<p>Prieiga prie Svetain\u0117s ir naudojimasis ja yra skirti tik asmeniniam naudojimui. Vartotojas \u012fsipareigoja nenaudoti Svetain\u0117s, joje esan\u010dios informacijos ar duomen\u0173 komerciniais, politiniais ar reklaminiais tikslais arba bet kokios formos komerciniam raginimui, ypa\u010d nepageidaujam\u0173 elektronini\u0173 lai\u0161k\u0173 siuntimui.<\/p>\n<p>Prieiga prie Svetain\u0117s suteikiama tik suaugusiesiems. Pardav\u0117jas pasilieka teis\u0119 pra\u0161yti am\u017eiaus \u012frodymo, ypa\u010d jei naudojat\u0117s u\u017esakymo internetu paslaugomis. Pardav\u0117jas negali b\u016bti laikomas atsakingu u\u017e nepilname\u010di\u0173 prieig\u0105 prie Svetain\u0117s, taip pat u\u017e klaiding\u0105 ar klaidinan\u010di\u0105 informacij\u0105, kuri\u0105 Svetain\u0117je pateikia naudotojai.<\/p>\n<p>Vartotojai yra asmeni\u0161kai atsakingi u\u017e IT ir telekomunikacij\u0173 i\u0161tekli\u0173, reikaling\u0173 prieigai prie Svetain\u0117s, nustatym\u0105. Jie padengia telekomunikacij\u0173 i\u0161laidas, susijusias su interneto prieiga per Svetain\u0119.<\/p>\n<\/div>\n<\/div>\n<\/div>\n<\/div>\n<\/div>\n<\/div>\n<p>[\/et_pb_text][et_pb_text _builder_version=&#8221;4.27.0&#8243; _module_preset=&#8221;default&#8221; header_2_text_align=&#8221;center&#8221; global_colors_info=&#8221;{}&#8221;]<\/p>\n<h2>5 STRAIPSNIS - Teikiam\u0173 paslaug\u0173 apra\u0161ymas<\/h2>\n<p>Stengiam\u0117s pateikti kuo tikslesn\u0119 informacij\u0105, ta\u010diau negalime b\u016bti atsakingi u\u017e praleist\u0105 informacij\u0105, netikslumus ar informacijos neatnaujinim\u0105. Visa Svetain\u0117je pateikta informacija yra tik informacinio pob\u016bd\u017eio ir n\u0117ra i\u0161sami. Ji pateikiama atsi\u017evelgiant \u012f bet kokius pakeitimus, kurie gal\u0117jo b\u016bti padaryti po to, kai ji buvo patalpinta internete.<\/p>\n<p>[\/et_pb_text][et_pb_text _builder_version=&#8221;4.27.0&#8243; _module_preset=&#8221;default&#8221; header_2_text_align=&#8221;center&#8221; global_colors_info=&#8221;{}&#8221;]<\/p>\n<h2>6 STRAIPSNIS - Intelektin\u0117 nuosavyb\u0117<\/h2>\n<p><strong>6.1 M\u016bs\u0173 svetain\u0117<\/strong><\/p>\n<p>Visi preki\u0173 \u017eenklai, nuotraukos, tekstai, komentarai, iliustracijos, animuoti ar nejudantys vaizdai, vaizdo \u012fra\u0161\u0173 sekos, garsai, taip pat visos kompiuterin\u0117s programos, kurios gali b\u016bti naudojamos Svetainei valdyti, ir apskritai visi elementai, atgaminti ar naudojami Svetain\u0117je, yra saugomi galiojan\u010di\u0173 \u012fstatym\u0173, susijusi\u0173 su intelektine nuosavybe.<\/p>\n<p>Jie yra visi\u0161ka Pardav\u0117jo arba jo komercini\u0173 partneri\u0173 nuosavyb\u0117. Bet koks vis\u0173 \u0161i\u0173 element\u0173 ar j\u0173 dalies atgaminimas, pateikimas, naudojimas ar pritaikymas bet kokia forma, \u012fskaitant kompiuterines programas, be i\u0161ankstinio ra\u0161ti\u0161ko leid\u0117jo sutikimo yra grie\u017etai draud\u017eiamas. Tai, kad leid\u0117jas nesiima teisini\u0173 veiksm\u0173, kai tik su\u017eino apie tok\u012f neteis\u0117t\u0105 naudotojo naudojim\u0105, nerei\u0161kia, kad jis sutinka su tokiu naudojimu ar atsisako teis\u0117s imtis teisini\u0173 veiksm\u0173. Vartotojui grie\u017etai draud\u017eiama :<\/p>\n<p>- kopijuoti, atkurti, atstovauti, transliuoti, platinti ar skelbti, visam laikui ar laikinai, vis\u0105 Turin\u012f ir (arba) Svetain\u0119 ar jo dal\u012f bet kokiomis priemon\u0117mis; - kurti i\u0161 Turinio ir (arba) Svetain\u0117s i\u0161vestinius k\u016brinius; - keisti, versti, adaptuoti ar aran\u017euoti vis\u0105 Turin\u012f ir (arba) Svetain\u0119 ar jo dal\u012f; - i\u0161ardyti, dekompiliuoti ar atlikti atvirk\u0161tin\u0119 Svetain\u0117s in\u017einerij\u0105.<\/p>\n<p>Bet kokiu atveju u\u017e naudojim\u0105si Svetaine atsako tik Vartotojai. Bet koks neteis\u0117tas Svetain\u0117s ar bet kurio joje esan\u010dio elemento naudojimas bus laikomas 2000 m. Duomen\u0173 apsaugos \u012fstatymo pa\u017eeidimu.<\/p>\n<p><strong>6.2 M\u016bs\u0173 prek\u0117s \u017eenklas<\/strong><\/p>\n<p>Pardav\u0117jo ir CLICKBUSTER LTD \u017eodiniai ir vaizdiniai preki\u0173 \u017eenklai (logotipas) yra saugomi. Juos naudoti be ra\u0161ti\u0161ko Pardav\u0117jo ar jo partneri\u0173 leidimo bet kokioje laikmenoje, siekiant reklamuoti produktus ar paslaugas arba komerciniais tikslais, draud\u017eiama, gresia baud\u017eiamoji ir civilin\u0117 atsakomyb\u0117, kuri\u0105 Pardav\u0117jas gali i\u0161kelti Vartotojui ir (arba) atsakingoms tre\u010diosioms \u0161alims.<\/p>\n<p><strong>6.3 Turinys<\/strong><\/p>\n<p>Turinys yra laisvai prieinamas Svetain\u0117je. Turinio patalpinimas internete nesuteikia joki\u0173 autori\u0173 teisi\u0173 ar nuosavyb\u0117s teisi\u0173 \u012f turin\u012f, kuris i\u0161lieka visi\u0161ka Pardav\u0117jo ir autori\u0173 nuosavybe.<\/p>\n<p>N\u0117 vienas Naudotojas negali ir neturi imtis joki\u0173 veiksm\u0173, prie\u0161taraujan\u010di\u0173 autori\u0173 teisi\u0173 ir intelektin\u0117s nuosavyb\u0117s teisi\u0173 \u012fgyvendinimui arba bet kokiems kitiems Jungtin\u0117s Karalyst\u0117s ar tarptautiniams \u012fstatymams, susijusiems su intelektin\u0117s nuosavyb\u0117s teis\u0117mis. Pardav\u0117jas ir jo bendradarbiai pasilieka teis\u0119 patraukti bet kur\u012f Naudotoj\u0105 baud\u017eiamojon atsakomyb\u0117n u\u017e bet kok\u012f \u0161i\u0173 Taisykli\u0173 pa\u017eeidim\u0105.<\/p>\n<p>[\/et_pb_text][et_pb_text _builder_version=&#8221;4.27.0&#8243; _module_preset=&#8221;default&#8221; header_2_text_align=&#8221;center&#8221; global_colors_info=&#8221;{}&#8221;]<\/p>\n<h2>7 STRAIPSNIS - Svetain\u0117s valdymas<\/h2>\n<p>M\u016bs\u0173 Svetain\u0117 Vartotojams yra \u012fprastai prieinama vis\u0105 laik\u0105. Siekdamas u\u017etikrinti tinkam\u0105 Svetain\u0117s valdym\u0105, Pardav\u0117jas pasilieka teis\u0119 bet kuriuo metu:<\/p>\n<p>- sustabdyti, nutraukti ar apriboti prieig\u0105 prie visos Svetain\u0117s ar jos dalies d\u0117l bet kokios prie\u017easties, i\u0161 anksto apie tai prane\u0161us ar neprane\u0161us ir savo nuo\u017ei\u016bra; - i\u0161trinti bet koki\u0105 informacij\u0105, kuri gali sutrikdyti Svetain\u0117s veikim\u0105, d\u0117l bet kokios prie\u017easties, i\u0161 anksto apie tai prane\u0161us ar neprane\u0161us ir savo nuo\u017ei\u016bra; - sustabdyti Svetain\u0117s veikim\u0105, kad b\u016bt\u0173 atlikti atnaujinimai.<\/p>\n<p>Pardav\u0117jas stengsis i\u0161 anksto informuoti naudotojus apie intervencij\u0173 datas ir laik\u0105, ta\u010diau negali b\u016bti laikomas atsakingu, jei to nepadarys.<\/p>\n<p>[\/et_pb_text][et_pb_text _builder_version=&#8221;4.27.0&#8243; _module_preset=&#8221;default&#8221; header_2_text_align=&#8221;center&#8221; global_colors_info=&#8221;{}&#8221;]<\/p>\n<h2>8 STRAIPSNIS - Atsakomyb\u0117<\/h2>\n<p><strong>8.1 Prieiga prie Svetain\u0117s<\/strong><\/p>\n<p>Pardav\u0117jas \u012fsipareigoja d\u0117ti visas pastangas, kad Svetain\u0117 b\u016bt\u0173 pasiekiama 24 valandas per par\u0105, 7 dienas per savait\u0119. Ta\u010diau Pardav\u0117jas neprisiima joki\u0173 \u012fsipareigojim\u0173 d\u0117l nuolatinio Svetain\u0117s prieinamumo ir pasiekiamumo ir negarantuoja, kad Svetain\u0117je nebus klaid\u0173. Pardav\u0117jas negali b\u016bti laikomas atsakingu u\u017e gedimus, sutrikimus, sunkumus ar veikimo pertr\u016bkius, trukdan\u010dius naudotis Svetaine ar bet kuria i\u0161 jos funkcij\u0173.<\/p>\n<p>Pardav\u0117jas ir \u0161eimininkas negali b\u016bti laikomi atsakingais u\u017e interneto tinklo, telefono linij\u0173 ar kompiuterin\u0117s ir telefono \u012frangos sutrikimus, ypa\u010d d\u0117l tinklo perkrovos, trukdan\u010dius pasiekti server\u012f.<\/p>\n<p>Pardav\u0117jas negali b\u016bti laikomas atsakingu, jei prie\u0161 Naudotojus pradedamas teisminis procesas:<\/p>\n<p>- d\u0117l naudojimosi Svetaine ar bet kuria kita internetu prieinama paslauga; - d\u0117l to, kad Vartotojas nesilaiko \u0161i\u0173 Bendr\u0173j\u0173 taisykli\u0173.<\/p>\n<p><strong>8.2 Naudojama \u012franga<\/strong><\/p>\n<p>Vartotojas visi\u0161kai atsako u\u017e ry\u0161io \u012frang\u0105, kuri\u0105 jis naudoja, kad gal\u0117t\u0173 naudotis Svetaine. Vartotojas privalo imtis vis\u0173 tinkam\u0173 priemoni\u0173 savo \u012frangai ir savo duomenims apsaugoti. Vartotojas \u012fsipareigoja prisijungti prie Svetain\u0117s naudodamas naujausi\u0105, virus\u0173 neapkr\u0117st\u0105 \u012frang\u0105 ir neseniai atnaujint\u0105 nar\u0161ykl\u0119.<\/p>\n<p>Pardav\u0117jas neatsako u\u017e \u017eal\u0105, padaryt\u0105 Vartotojams, tre\u010diosioms \u0161alims ir (arba) j\u0173 \u012frangai d\u0117l j\u0173 prisijungimo prie Svetain\u0117s ar naudojimosi ja, ir Vartotojai atsisako bet koki\u0173 su tuo susijusi\u0173 ie\u0161kini\u0173 Pardav\u0117jui.<\/p>\n<p>Pardav\u0117jas negali b\u016bti laikomas atsakingu u\u017e netiesiogin\u0119 \u017eal\u0105 (pvz., verslo nuostolius ar prarastas galimybes), atsiradusi\u0105 d\u0117l naudojimosi Svetaine.<\/p>\n<p>[\/et_pb_text][et_pb_text _builder_version=&#8221;4.27.0&#8243; _module_preset=&#8221;default&#8221; header_2_text_align=&#8221;center&#8221; global_colors_info=&#8221;{}&#8221;]<\/p>\n<h2>9 STRAIPSNIS - PRODUKT\u0172 IR PASLAUG\u0172 NUOTRAUKOS BEI VAIZDAVIMAS<\/h2>\n<p>Svetain\u0117je pateiktos nuotraukos ir j\u0173 apra\u0161ymas n\u0117ra sutartiniai ir Pardav\u0117jui neprivalomi.<\/p>\n<p>[\/et_pb_text][et_pb_text _builder_version=&#8221;4.27.0&#8243; _module_preset=&#8221;default&#8221; header_2_text_align=&#8221;center&#8221; global_colors_info=&#8221;{}&#8221;]<\/p>\n<h2>10 STRAIPSNIS - Hipertekstin\u0117s nuorodos<\/h2>\n<p>Naudotojui leid\u017eiama sukurti bet koki\u0105 hipertekstin\u0119 nuorod\u0105 \u012f vis\u0105 Svetain\u0119 ar jos dal\u012f, jei CLICKBUSTER LTD dav\u0117 i\u0161ankstin\u012f ra\u0161ti\u0161k\u0105 leidim\u0105, kurio pra\u0161oma el. pa\u0161tu \u0161iuo adresu: <a rel=\"noopener\">contact.psona@gmail.com<\/a>.<\/p>\n<p>Pardav\u0117jas turi teis\u0119 atsisakyti i\u0161duoti \u0161\u012f leidim\u0105 ir neprivalo niekaip pagr\u012fsti savo sprendimo. Jei Pardav\u0117jas suteikia leidim\u0105, \u0161is leidimas bet kuriuo atveju yra laikinas ir gali b\u016bti bet kuriuo metu at\u0161auktas be pareigos pagr\u012fsti savo sprendim\u0105. Bet kuriuo atveju bet kokia nuoroda turi b\u016bti pa\u0161alinta prek\u0117s \u017eenklo pra\u0161ymu.<\/p>\n<p>Svetain\u0117je yra daug hipertekstini\u0173 nuorod\u0173 \u012f kitas svetaines, sukurt\u0173 pardav\u0117jui leidus. Ta\u010diau m\u016bs\u0173 bendrov\u0117 negali patikrinti tokiu b\u016bdu lankom\u0173 svetaini\u0173 turinio, tod\u0117l \u0161iuo at\u017evilgiu neprisiima jokios atsakomyb\u0117s.<\/p>\n<p>[\/et_pb_text][et_pb_text _builder_version=&#8221;4.27.0&#8243; _module_preset=&#8221;default&#8221; header_2_text_align=&#8221;center&#8221; global_colors_info=&#8221;{}&#8221;]<\/p>\n<h2>11 STRAIPSNIS - Dalinis negaliojimas<\/h2>\n<p>Laikinas vieno ar keli\u0173 \u0161i\u0173 bendr\u0173j\u0173 s\u0105lyg\u0173 punkt\u0173 laikinas netaikymas jokiomis aplinkyb\u0117mis negali b\u016bti ai\u0161kinamas kaip CLICKBUSTER LTD atsisakymas pasinaudoti kuriuo nors i\u0161 min\u0117t\u0173 punkt\u0173.<\/p>\n<p>Jei viena ar kelios \u0161i\u0173 s\u0105lyg\u0173 nuostatos pripa\u017e\u012fstamos negaliojan\u010diomis arba netaikytinomis pagal \u012fstatymus, kitus teis\u0117s aktus ar galutin\u012f teismo sprendim\u0105, kitos nuostatos lieka galioti ir taikomos visa apimtimi.<\/p>\n<p>[\/et_pb_text][et_pb_text _builder_version=&#8221;4.27.0&#8243; _module_preset=&#8221;default&#8221; header_2_text_align=&#8221;center&#8221; global_colors_info=&#8221;{}&#8221;]<\/p>\n<h2>12 STRAIPSNIS - Kalba<\/h2>\n<p>Jei \u0161ie GCU yra i\u0161versti \u012f vien\u0105 ar daugiau kalb\u0173, vertimo \u017eod\u017eiu kalba bus angl\u0173 kalba.<\/p>\n<p>[\/et_pb_text][et_pb_text _builder_version=&#8221;4.27.0&#8243; _module_preset=&#8221;default&#8221; header_2_text_align=&#8221;center&#8221; custom_css_free_form=&#8221;selector table, selector td, selector tr, selector th {||  border:1px solid;||  border-color:#034833 !important;||}&#8221; global_colors_info=&#8221;{}&#8221;]<\/p>\n<h2>13 STRAIPSNIS - Taikytina teis\u0117<\/h2>\n<p>\u0160ioms Svetain\u0117s s\u0105lygoms ir nuostatoms taikoma Did\u017eiosios Britanijos teis\u0117 ir, kilus gin\u010dui, jos priklauso i\u0161imtinei bendrosios kompetencijos teism\u0173 jurisdikcijai, atsi\u017evelgiant \u012f konkret\u0173 jurisdikcijos priskyrim\u0105, kylant\u012f i\u0161 \u012fstatymo teksto ar konkretaus teis\u0117s akto.<\/p>\n<p>[\/et_pb_text][et_pb_text _builder_version=&#8221;4.27.0&#8243; _module_preset=&#8221;default&#8221; header_2_text_align=&#8221;center&#8221; custom_css_free_form=&#8221;selector table, selector td, selector tr, selector th {||  border:1px solid;||  border-color:#034833 !important;||}&#8221; global_colors_info=&#8221;{}&#8221;]<\/p>\n<h2>14 STRAIPSNIS - Susisiekite su mumis<\/h2>\n<p>Bet kokius klausimus ar informacij\u0105, susijusi\u0105 su Svetain\u0117je teikiamomis Paslaugomis ar pa\u010dia Svetaine, Vartotojas gali palikti \u017einut\u0119 \u0161iuo adresu: contact.psona@gmail.com.<\/p>\n<p>[\/et_pb_text][\/et_pb_column][\/et_pb_row][\/et_pb_section]<\/p>","protected":false},"excerpt":{"rendered":"<p>Mentions l\u00e9gales Preamble Entry into force: March 30th, 2023 CLICKBUSTER LTD63-66 Hatton GardenLondon EC1N 8LECompany number 13014667VAT number GB 363 9346 71 La navigation continue sur notre Site https:\/\/psna1.com\/ (ci-apr\u00e8s le \u00ab Site \u00bb) implique que les visiteurs du Site (ci-apr\u00e8s l&#8217;\u00ab Utilisateur(s) \u00bb) acceptent sans r\u00e9serve les dispositions et Conditions G\u00e9n\u00e9rales d&#8217;Utilisation qui suivent [&hellip;]<\/p>","protected":false},"author":1,"featured_media":0,"parent":0,"menu_order":0,"comment_status":"closed","ping_status":"closed","template":"","meta":{"_et_pb_use_builder":"on","_et_pb_old_content":"<!-- wp:divi\/placeholder \/-->","_et_gb_content_width":"","inline_featured_image":false,"footnotes":""},"class_list":["post-149","page","type-page","status-publish","hentry"],"_links":{"self":[{"href":"https:\/\/psna1.com\/lt\/wp-json\/wp\/v2\/pages\/149","targetHints":{"allow":["GET"]}}],"collection":[{"href":"https:\/\/psna1.com\/lt\/wp-json\/wp\/v2\/pages"}],"about":[{"href":"https:\/\/psna1.com\/lt\/wp-json\/wp\/v2\/types\/page"}],"author":[{"embeddable":true,"href":"https:\/\/psna1.com\/lt\/wp-json\/wp\/v2\/users\/1"}],"replies":[{"embeddable":true,"href":"https:\/\/psna1.com\/lt\/wp-json\/wp\/v2\/comments?post=149"}],"version-history":[{"count":6,"href":"https:\/\/psna1.com\/lt\/wp-json\/wp\/v2\/pages\/149\/revisions"}],"predecessor-version":[{"id":870,"href":"https:\/\/psna1.com\/lt\/wp-json\/wp\/v2\/pages\/149\/revisions\/870"}],"wp:attachment":[{"href":"https:\/\/psna1.com\/lt\/wp-json\/wp\/v2\/media?parent=149"}],"curies":[{"name":"wp","href":"https:\/\/api.w.org\/{rel}","templated":true}]}}