{"id":142,"date":"2024-09-05T10:23:34","date_gmt":"2024-09-05T10:23:34","guid":{"rendered":"https:\/\/psona.io\/?page_id=142"},"modified":"2024-10-03T13:37:21","modified_gmt":"2024-10-03T13:37:21","slug":"comment-ca-marche","status":"publish","type":"page","link":"https:\/\/psna1.com\/lt\/comment-ca-marche\/","title":{"rendered":"Kaip tai veikia"},"content":{"rendered":"<p>[et_pb_section fb_built=&#8221;1&#8243; custom_padding_last_edited=&#8221;on|tablet&#8221; admin_label=&#8221;Header&#8221; _builder_version=&#8221;4.27.0&#8243; custom_margin=&#8221;0px||0px||true|false&#8221; custom_padding=&#8221;0px||0px||true|false&#8221; custom_padding_tablet=&#8221;||||true|false&#8221; custom_padding_phone=&#8221;||||true|false&#8221; locked=&#8221;off&#8221; global_colors_info=&#8221;{}&#8221;][et_pb_row use_custom_gutter=&#8221;on&#8221; gutter_width=&#8221;1&#8243; custom_padding_last_edited=&#8221;on|phone&#8221; _builder_version=&#8221;4.27.0&#8243; background_color=&#8221;RGBA(255,255,255,0)&#8221; background_size=&#8221;initial&#8221; background_position=&#8221;top_left&#8221; background_repeat=&#8221;repeat&#8221; width=&#8221;95%&#8221; custom_margin=&#8221;||||true|false&#8221; custom_padding=&#8221;150px||50px||false|true&#8221; custom_padding_tablet=&#8221;80px||80px||true|false&#8221; custom_padding_phone=&#8221;60px||60px||true|false&#8221; border_radii=&#8221;on|50px|50px|50px|50px&#8221; global_colors_info=&#8221;{}&#8221;][et_pb_column type=&#8221;4_4&#8243; _builder_version=&#8221;4.27.0&#8243; custom_padding=&#8221;|||&#8221; global_colors_info=&#8221;{}&#8221; custom_padding__hover=&#8221;|||&#8221; custom_css_main_element_last_edited=&#8221;on|phone&#8221;][et_pb_text module_class=&#8221;title-header&#8221; _builder_version=&#8221;4.27.0&#8243; background_size=&#8221;initial&#8221; background_position=&#8221;top_left&#8221; background_repeat=&#8221;repeat&#8221; text_orientation=&#8221;center&#8221; width=&#8221;72%&#8221; width_tablet=&#8221;70%&#8221; width_phone=&#8221;68.5%&#8221; width_last_edited=&#8221;on|tablet&#8221; module_alignment=&#8221;center&#8221; custom_margin=&#8221;0px||0px||false|false&#8221; custom_margin_tablet=&#8221;0px||0px||false|false&#8221; custom_margin_phone=&#8221;0px||0px||false|false&#8221; custom_margin_last_edited=&#8221;on|tablet&#8221; custom_padding=&#8221;0px||0px||true|false&#8221; header_font_size_tablet=&#8221;50px&#8221; header_font_size_phone=&#8221;40px&#8221; global_colors_info=&#8221;{}&#8221;]<\/p>\n<h1>Kaip tai veikia?<\/h1>\n<p><!-- \/divi:paragraph --><\/p>\n<p>[\/et_pb_text][\/et_pb_column][\/et_pb_row][et_pb_row column_structure=&#8221;1_3,1_3,1_3&#8243; make_equal=&#8221;on&#8221; module_id=&#8221;how-row&#8221; _builder_version=&#8221;4.27.0&#8243; _module_preset=&#8221;default&#8221; width=&#8221;68.5%&#8221; width_tablet=&#8221;68.5%&#8221; width_phone=&#8221;85%&#8221; width_last_edited=&#8221;on|phone&#8221; global_colors_info=&#8221;{}&#8221;][et_pb_column type=&#8221;1_3&#8243; _builder_version=&#8221;4.27.0&#8243; _module_preset=&#8221;default&#8221; background_color=&#8221;#FFFFFF&#8221; custom_padding=&#8221;30px|40px|30px|40px|true|true&#8221; border_radii=&#8221;on|20px|20px|20px|20px&#8221; global_colors_info=&#8221;{}&#8221;][et_pb_text _builder_version=&#8221;4.27.0&#8243; _module_preset=&#8221;default&#8221; text_font=&#8221;|700|||||||&#8221; text_text_color=&#8221;#000000&#8243; text_font_size=&#8221;45px&#8221; custom_margin=&#8221;20px||40px||false|false&#8221; global_colors_info=&#8221;{}&#8221;]<\/p>\n<p>01<\/p>\n<p>[\/et_pb_text][et_pb_text _builder_version=&#8221;4.27.0&#8243; _module_preset=&#8221;default&#8221; text_font=&#8221;|700|||||||&#8221; text_text_color=&#8221;#111214&#8243; text_font_size=&#8221;22px&#8221; custom_margin=&#8221;||20px||false|false&#8221; custom_padding=&#8221;||||false|false&#8221; global_colors_info=&#8221;{}&#8221;]<\/p>\n<p>Atlikti bandym\u0105<\/p>\n<p>[\/et_pb_text][et_pb_text _builder_version=&#8221;4.27.0&#8243; _module_preset=&#8221;default&#8221; text_text_color=&#8221;#111214&#8243; text_line_height=&#8221;1.8em&#8221; custom_margin=&#8221;0px||||false|false&#8221; custom_padding=&#8221;0px||||false|false&#8221; global_colors_info=&#8221;{}&#8221;]<\/p>\n<p>M\u016bs\u0173 tikslas - u\u017etikrinti, kad \u0161is testas b\u016bt\u0173 kuo patikimesnis ir i\u0161samesnis. Tod\u0117l pra\u0161ome s\u0105\u017einingai atsakyti \u012f klausimus ir, jei \u012fmanoma, vengti neutrali\u0173 atsakym\u0173. J\u016bs\u0173 \u012fsipareigojimas atsakyti \u012f klausimus pad\u0117s mums gauti tikslesnius rezultatus.<\/p>\n<p>[\/et_pb_text][et_pb_button button_url=&#8221;@ET-DC@eyJkeW5hbWljIjp0cnVlLCJjb250ZW50IjoicG9zdF9saW5rX3VybF9wYWdlIiwic2V0dGluZ3MiOnsicG9zdF9pZCI6IjQ4In19@&#8221; button_text=&#8221;Passer le test&#8221; button_alignment=&#8221;center&#8221; module_class=&#8221;green-btn&#8221; _builder_version=&#8221;4.27.0&#8243; _dynamic_attributes=&#8221;button_url&#8221; _module_preset=&#8221;default&#8221; button_text_size=&#8221;16px&#8221; button_text_color=&#8221;#FFFFFF&#8221; button_bg_use_color_gradient=&#8221;on&#8221; button_bg_color_gradient_stops=&#8221;#e39309 0%|#f15959 100%&#8221; button_border_width=&#8221;0px&#8221; button_border_color=&#8221;#FFFFFF&#8221; button_icon_color=&#8221;#FFFFFF&#8221; custom_padding=&#8221;10px|75px|10px|45px|true|false&#8221; hover_enabled=&#8221;0&#8243; locked=&#8221;off&#8221; global_colors_info=&#8221;{}&#8221; button_bg_color__hover=&#8221;#53a018&#8243; button_bg_color__hover_enabled=&#8221;off|hover&#8221; sticky_enabled=&#8221;0&#8243;][\/et_pb_button][\/et_pb_column][et_pb_column type=&#8221;1_3&#8243; _builder_version=&#8221;4.27.0&#8243; _module_preset=&#8221;default&#8221; background_color=&#8221;#FFFFFF&#8221; custom_padding=&#8221;30px|40px|30px|40px|true|true&#8221; border_radii=&#8221;on|20px|20px|20px|20px&#8221; global_colors_info=&#8221;{}&#8221;][et_pb_text _builder_version=&#8221;4.27.0&#8243; _module_preset=&#8221;default&#8221; text_font=&#8221;|700|||||||&#8221; text_text_color=&#8221;#000000&#8243; text_font_size=&#8221;45px&#8221; custom_margin=&#8221;20px||40px||false|false&#8221; locked=&#8221;off&#8221; global_colors_info=&#8221;{}&#8221;]<\/p>\n<p>02<\/p>\n<p>[\/et_pb_text][et_pb_text _builder_version=&#8221;4.27.0&#8243; _module_preset=&#8221;default&#8221; text_font=&#8221;|700|||||||&#8221; text_text_color=&#8221;#111214&#8243; text_font_size=&#8221;22px&#8221; custom_margin=&#8221;||20px||false|false&#8221; custom_padding=&#8221;||||false|false&#8221; global_colors_info=&#8221;{}&#8221;]<\/p>\n<p>Prieiga prie rezultat\u0173<\/p>\n<p>[\/et_pb_text][et_pb_text _builder_version=&#8221;4.27.0&#8243; _module_preset=&#8221;default&#8221; text_text_color=&#8221;#111214&#8243; text_line_height=&#8221;1.8em&#8221; custom_margin=&#8221;0px||||false|false&#8221; custom_padding=&#8221;0px||||false|false&#8221; global_colors_info=&#8221;{}&#8221;]<\/p>\n<p>Nor\u0117dami gauti rezultatus, tiesiog \u012fveskite savo banko duomenis ir vadovaukit\u0117s testo pabaigoje pateiktais nurodymais.<br \/>Per\u017ei\u016br\u0117kite rezultatus savo paskyroje arba gaukite juos el. pa\u0161tu. Per prenumeratos laikotarp\u012f test\u0105 galite atlikti kelis kartus!<\/p>\n<p>[\/et_pb_text][\/et_pb_column][et_pb_column type=&#8221;1_3&#8243; _builder_version=&#8221;4.27.0&#8243; _module_preset=&#8221;default&#8221; background_color=&#8221;#FFFFFF&#8221; custom_padding=&#8221;30px|40px|30px|40px|true|true&#8221; border_radii=&#8221;on|20px|20px|20px|20px&#8221; global_colors_info=&#8221;{}&#8221;][et_pb_text _builder_version=&#8221;4.27.0&#8243; _module_preset=&#8221;default&#8221; text_font=&#8221;|700|||||||&#8221; text_text_color=&#8221;#000000&#8243; text_font_size=&#8221;45px&#8221; custom_margin=&#8221;20px||40px||false|false&#8221; locked=&#8221;off&#8221; global_colors_info=&#8221;{}&#8221;]<\/p>\n<p>03<\/p>\n<p>[\/et_pb_text][et_pb_text _builder_version=&#8221;4.27.0&#8243; _module_preset=&#8221;default&#8221; text_font=&#8221;|700|||||||&#8221; text_text_color=&#8221;#111214&#8243; text_font_size=&#8221;22px&#8221; custom_margin=&#8221;||20px||false|false&#8221; custom_padding=&#8221;||||false|false&#8221; global_colors_info=&#8221;{}&#8221;]<\/p>\n<p>Ir tada...<\/p>\n<p>[\/et_pb_text][et_pb_text _builder_version=&#8221;4.27.0&#8243; _module_preset=&#8221;default&#8221; text_text_color=&#8221;#111214&#8243; text_line_height=&#8221;1.8em&#8221; custom_margin=&#8221;0px||||false|false&#8221; custom_padding=&#8221;0px||||false|false&#8221; custom_css_free_form=&#8221;selector p {||  padding-bottom:0px;||}||selector p:has(span) {||  margin-left:20px;||}&#8221; global_colors_info=&#8221;{}&#8221;]<\/p>\n<p>Turite dvi galimybes:<\/p>\n<p><span>Pirmoji - atsisakyti prenumeratos per 24 valandas. Tokiu atveju bus imamas 0,50 EUR mokestis, o pasibaigus \u0161iam laikotarpiui nebegal\u0117site atlikti testo.<br \/>Antroji galimyb\u0117 - i\u0161saugoti prenumerat\u0105. Po pirm\u0173j\u0173 24 valand\u0173 i\u0161 j\u016bs\u0173 bus nura\u0161yta 47,50 EUR, o tai suteiks jums galimyb\u0119 naudotis testu vien\u0105 m\u0117nes\u012f, su galimybe j\u012f kartoti tiek kart\u0173, kiek nor\u0117site.<\/span><\/p>\n<p>[\/et_pb_text][\/et_pb_column][\/et_pb_row][\/et_pb_section][et_pb_section fb_built=&#8221;1&#8243; admin_label=&#8221;Big Five&#8221; _builder_version=&#8221;4.27.0&#8243; _module_preset=&#8221;default&#8221; background_color=&#8221;#FFFFFF&#8221; width=&#8221;95%&#8221; module_alignment=&#8221;center&#8221; custom_margin=&#8221;50px||||false|false&#8221; custom_padding=&#8221;50px||50px||true|false&#8221; border_radii=&#8221;on|50px|50px|50px|50px&#8221; global_colors_info=&#8221;{}&#8221;][et_pb_row module_class=&#8221;card-row-title&#8221; _builder_version=&#8221;4.27.0&#8243; _module_preset=&#8221;default&#8221; global_colors_info=&#8221;{}&#8221;][et_pb_column type=&#8221;4_4&#8243; _builder_version=&#8221;4.27.0&#8243; _module_preset=&#8221;default&#8221; global_colors_info=&#8221;{}&#8221;][et_pb_text _builder_version=&#8221;4.27.0&#8243; _module_preset=&#8221;default&#8221; width=&#8221;40%&#8221; width_tablet=&#8221;100%&#8221; width_phone=&#8221;100%&#8221; width_last_edited=&#8221;on|tablet&#8221; global_colors_info=&#8221;{}&#8221;]<\/p>\n<h2>Penkios pagrindin\u0117s testavimo sritys<\/h2>\n<p>[\/et_pb_text][\/et_pb_column][\/et_pb_row][et_pb_row column_structure=\u201d1_5,1_5,1_5,1_5,1_5\u2033 module_id=\u201dcustom-card-row\u201d _builder_version=\u201d4.27.0\u2033 _module_preset=\u201ddefault\u201d horizontal_offset=\u201d-55px\u201d horizontal_offset_tablet=\u201d0px\u201d horizontal_offset_phone=\u201d0px\u201d horizontal_offset_last_edited=\u201don|tablet\u201d position_origin_a_tablet=\u201d\u201d position_origin_a_phone=\u201d\u201d position_origin_a_last_edited=\u201don|desktop\u201d position_origin_f_tablet=\u201d\u201d position_origin_f_phone=\u201d\u201d position_origin_f_last_edited=\u201don|desktop\u201d position_origin_r_tablet=\u201d\u201d position_origin_r_phone=\u201d\u201d position_origin_r_last_edited=\u201don|desktop\u201d positioning_tablet=\u201d\u201d positioning_phone=\u201d\u201d positioning_last_edited=\u201don|tablet\u201d global_colors_info=\u201d{}\u201d custom_css_main_element_last_edited=\u201don|phone\u201d custom_css_main_element_tablet=\u201ddisplay:\u201dcustom_css_main_element_phone=\u201ddisplay:inherit;\u201d][et_pb_column type=\u201d1_5\u2033 _builder_version=\u201d4.27.0\u2033 _module_preset=\u201ddefault\u201d global_colors_info=\u201d{}\u201d][lwp_divi_flipbox front_background_color=\u201dRGBA(255,255,255,0)\u201d back_body=\u201d\"<\/p>\n<p style=\"%22text-align:\" center; font-size: 20px; padding-bottom: 10px;%22><strong>Atvirumas<\/strong><\/p>\n<p>Rodo asmens atvirumo naujiems dalykams ir patir\u010diai lyg\u012f.<\/p>\n<p><a class=\"%22flip-button%22\" href=\"\/lt\/%22https:\/\/psna1.com\/ouverture-desprit\/%22\/\">Su\u017einokite daugiau<\/a><\/p>\n<p>&#8221; back_src=&#8221;https:\/\/psna1.com\/wp-content\/uploads\/2024\/10\/Psona_OpenMindless.svg&#8221; back_background_color=&#8221;#FFFFFF&#8221; flip_card_animation=&#8221;flip_left&#8221; flip_card_3d_effect=&#8221;off&#8221; _builder_version=&#8221;4.27.0&#8243; _module_preset=&#8221;default&#8221; front-body_font=&#8221;||||||||&#8221; back-body_text_color=&#8221;#FFFFFF&#8221; back-body_font_size=&#8221;16px&#8221; back-body_line_height=&#8221;30px&#8221; custom_button=&#8221;on&#8221; button_text_size=&#8221;14px&#8221; button_text_color=&#8221;#FFFFFF&#8221; button_bg_color=&#8221;RGBA(255,255,255,0)&#8221; button_border_width=&#8221;1px&#8221; button_border_color=&#8221;#FFFFFF&#8221; button_border_radius=&#8221;999px&#8221; button_font=&#8221;|600|||||||&#8221; button_use_icon=&#8221;off&#8221; module_alignment=&#8221;left&#8221; custom_css_free_form=&#8221;selector .flip_box_front {||  background:center \/ contain no-repeat url(%22https:\/\/psna1.com\/wp-content\/uploads\/2024\/10\/01.svg%22);||}||||selector .flip-button {||  display:block;||  color:white;||  border:1px solid white;||  font-size:14px;||  font-weight:700;||  border-radius:999px;||  width:180px;||  text-align:center;||  margin:0 auto;||  padding:5px 0;||}&#8221; custom_css_flip_box=&#8221;width:18vw;&#8221; custom_css_back_body=&#8221;background:linear-gradient(#E39309,#F15959);||border-radius:20px;||padding:20px 40px;&#8221; custom_css_back_image=&#8221;margin-bottom:0px;&#8221; custom_css_back_button=&#8221;display:none !important;&#8221; border_radii=&#8221;on|20px|20px|20px|20px&#8221; global_colors_info=&#8221;{}&#8221; custom_css_flip_box_last_edited=&#8221;on|tablet&#8221; custom_css_flip_box_phone=&#8221;width:100%;&#8221; custom_css_flip_box_tablet=&#8221;width:100%;&#8221; custom_css_back_body_last_edited=&#8221;on|desktop&#8221; custom_css_back_body_tablet=&#8221;background:linear-gradient(#E39309,#F15959);||border-radius:20px;||padding:20px 30px;&#8221; custom_css_back_body_phone=&#8221;background:linear-gradient(#E39309,#F15959);||border-radius:20px;||padding:20px 30px;&#8221;][\/lwp_divi_flipbox][\/et_pb_column][et_pb_column type=&#8221;1_5&#8243; _builder_version=&#8221;4.27.0&#8243; _module_preset=&#8221;default&#8221; global_colors_info=&#8221;{}&#8221;][lwp_divi_flipbox front_background_color=&#8221;RGBA(255,255,255,0)&#8221; back_body=&#8221;<\/p>\n<p style=\"%22text-align:\" center; font-size: 20px; padding-bottom: 10px;%22><strong>Ekstraversija<\/strong><\/p>\n<p>Asmenyb\u0117s bruo\u017eas, pasi\u017eymintis dideliu polinkiu bendrauti ir ie\u0161koti nauj\u0173 stimul\u0173.<\/p>\n<p><a class=\"%22flip-button%22\" href=\"\/lt\/%22https:\/\/psna1.com\/extraversion\/%22\/\">Su\u017einokite daugiau<\/a><\/p>\n<p>&#8221; back_src=&#8221;https:\/\/psna1.com\/wp-content\/uploads\/2024\/10\/Psona_Extraversion.svg&#8221; back_background_color=&#8221;#FFFFFF&#8221; flip_card_animation=&#8221;flip_left&#8221; flip_card_3d_effect=&#8221;off&#8221; _builder_version=&#8221;4.27.0&#8243; _module_preset=&#8221;default&#8221; front-body_font=&#8221;||||||||&#8221; back-body_text_color=&#8221;#FFFFFF&#8221; back-body_font_size=&#8221;16px&#8221; back-body_line_height=&#8221;30px&#8221; custom_button=&#8221;on&#8221; button_text_size=&#8221;14px&#8221; button_text_color=&#8221;#FFFFFF&#8221; button_bg_color=&#8221;RGBA(255,255,255,0)&#8221; button_border_width=&#8221;1px&#8221; button_border_color=&#8221;#FFFFFF&#8221; button_border_radius=&#8221;999px&#8221; button_font=&#8221;|600|||||||&#8221; button_use_icon=&#8221;off&#8221; module_alignment=&#8221;center&#8221; custom_css_free_form=&#8221;selector .flip_box_front {||  background:center \/ contain no-repeat url(%22https:\/\/psna1.com\/wp-content\/uploads\/2024\/10\/02.svg%22);||}||||selector .flip-button {||  display:block;||  color:white;||  border:1px solid white;||  font-size:14px;||  font-weight:700;||  border-radius:999px;||  width:180px;||  text-align:center;||  margin:0 auto;||  padding:5px 0;||  transition: all 0.3s ease-in-out;||}||||selector .flip-button:hover {||  background:white !important;||  transition: all 0.3s ease-in-out;||  color:#111214 !important;||}&#8221; custom_css_flip_box=&#8221;width:18vw;&#8221; custom_css_back_body=&#8221;background:linear-gradient(#E39309,#F15959);||border-radius:20px;||padding:20px 40px;&#8221; custom_css_back_image=&#8221;margin-bottom:0px;&#8221; custom_css_back_button=&#8221;display:none !important;&#8221; border_radii=&#8221;on|20px|20px|20px|20px&#8221; global_colors_info=&#8221;{}&#8221; custom_css_flip_box_last_edited=&#8221;on|tablet&#8221; custom_css_flip_box_phone=&#8221;width:100%;&#8221; custom_css_flip_box_tablet=&#8221;width:100%;&#8221; custom_css_back_body_last_edited=&#8221;on|desktop&#8221; custom_css_back_body_tablet=&#8221;background:linear-gradient(#E39309,#F15959);||border-radius:20px;||padding:20px 30px;&#8221; custom_css_back_body_phone=&#8221;background:linear-gradient(#E39309,#F15959);||border-radius:20px;||padding:20px 30px;&#8221;][\/lwp_divi_flipbox][\/et_pb_column][et_pb_column type=&#8221;1_5&#8243; _builder_version=&#8221;4.27.0&#8243; _module_preset=&#8221;default&#8221; global_colors_info=&#8221;{}&#8221;][lwp_divi_flipbox front_background_color=&#8221;RGBA(255,255,255,0)&#8221; back_body=&#8221;<\/p>\n<p style=\"%22text-align:\" center; font-size: 20px; padding-bottom: 10px;%22><strong>Profesin\u0117s atsakomyb\u0117s jausmas<\/strong><\/p>\n<p>R\u016bpinimasis darbu ir profesija.<\/p>\n<p><a class=\"%22flip-button%22\" href=\"\/lt\/%22https:\/\/psna1.com\/sens-des-responsabilites-professionnelles\/%22\/\">Su\u017einokite daugiau<\/a><\/p>\n<p>&#8221; back_src=&#8221;https:\/\/psna1.com\/wp-content\/uploads\/2024\/10\/Psona_ProfessionalSense.svg&#8221; back_background_color=&#8221;#FFFFFF&#8221; flip_card_animation=&#8221;flip_left&#8221; flip_card_3d_effect=&#8221;off&#8221; _builder_version=&#8221;4.27.0&#8243; _module_preset=&#8221;default&#8221; front-body_font=&#8221;||||||||&#8221; back-body_text_color=&#8221;#FFFFFF&#8221; back-body_font_size=&#8221;16px&#8221; back-body_line_height=&#8221;30px&#8221; custom_button=&#8221;on&#8221; button_text_size=&#8221;14px&#8221; button_text_color=&#8221;#FFFFFF&#8221; button_bg_color=&#8221;RGBA(255,255,255,0)&#8221; button_border_width=&#8221;1px&#8221; button_border_color=&#8221;#FFFFFF&#8221; button_border_radius=&#8221;999px&#8221; button_font=&#8221;|600|||||||&#8221; button_use_icon=&#8221;off&#8221; module_alignment=&#8221;center&#8221; custom_css_free_form=&#8221;selector .flip_box_front {||  background:center \/ contain no-repeat url(%22https:\/\/psna1.com\/wp-content\/uploads\/2024\/10\/03.svg%22);||}||||selector .flip-button {||  display:block;||  color:white;||  border:1px solid white;||  font-size:14px;||  font-weight:700;||  border-radius:999px;||  width:180px;||  text-align:center;||  margin:0 auto;||  padding:5px 0;||}&#8221; custom_css_flip_box=&#8221;width:18vw;&#8221; custom_css_back_body=&#8221;background:linear-gradient(#E39309,#F15959);||border-radius:20px;||padding:20px 40px;&#8221; custom_css_back_image=&#8221;margin-bottom:0px;&#8221; custom_css_back_button=&#8221;display:none !important;&#8221; border_radii=&#8221;on|20px|20px|20px|20px&#8221; global_colors_info=&#8221;{}&#8221; custom_css_flip_box_last_edited=&#8221;on|tablet&#8221; custom_css_flip_box_phone=&#8221;width:100%;&#8221; custom_css_flip_box_tablet=&#8221;width:100%;&#8221; custom_css_back_body_last_edited=&#8221;on|desktop&#8221; custom_css_back_body_tablet=&#8221;background:linear-gradient(#E39309,#F15959);||border-radius:20px;||padding:20px 30px;&#8221; custom_css_back_body_phone=&#8221;background:linear-gradient(#E39309,#F15959);||border-radius:20px;||padding:20px 30px;&#8221;][\/lwp_divi_flipbox][\/et_pb_column][et_pb_column type=&#8221;1_5&#8243; _builder_version=&#8221;4.27.0&#8243; _module_preset=&#8221;default&#8221; global_colors_info=&#8221;{}&#8221;][lwp_divi_flipbox front_background_color=&#8221;RGBA(255,255,255,0)&#8221; back_body=&#8221;<\/p>\n<p style=\"%22text-align:\" center; font-size: 20px; padding-bottom: 10px;%22><strong>Bendruomeni\u0161kumas<\/strong><\/p>\n<p>Visuomeni\u0161kumas - tai komandin\u0117s dvasios, socialin\u0117s s\u0105veikos ir geb\u0117jimo gerai sutarti su kitais vertinimas.<\/p>\n<p><a class=\"%22flip-button%22\" href=\"\/lt\/%22https:\/\/psna1.com\/sociabilite\/%22\/\">Su\u017einokite daugiau<\/a><\/p>\n<p>&#8221; back_src=&#8221;https:\/\/psna1.com\/wp-content\/uploads\/2024\/10\/Psona_Neuroticism.svg&#8221; back_background_color=&#8221;#FFFFFF&#8221; flip_card_animation=&#8221;flip_left&#8221; flip_card_3d_effect=&#8221;off&#8221; _builder_version=&#8221;4.27.0&#8243; _module_preset=&#8221;default&#8221; front-body_font=&#8221;||||||||&#8221; back-body_text_color=&#8221;#FFFFFF&#8221; back-body_font_size=&#8221;16px&#8221; back-body_line_height=&#8221;30px&#8221; custom_button=&#8221;on&#8221; button_text_size=&#8221;14px&#8221; button_text_color=&#8221;#FFFFFF&#8221; button_bg_color=&#8221;RGBA(255,255,255,0)&#8221; button_border_width=&#8221;1px&#8221; button_border_color=&#8221;#FFFFFF&#8221; button_border_radius=&#8221;999px&#8221; button_font=&#8221;|600|||||||&#8221; button_use_icon=&#8221;off&#8221; module_alignment=&#8221;center&#8221; custom_css_free_form=&#8221;selector .flip_box_front {||  background:center \/ contain no-repeat url(%22https:\/\/psna1.com\/wp-content\/uploads\/2024\/10\/04.svg%22);||}||||selector .flip-button {||  display:block;||  color:white;||  border:1px solid white;||  font-size:14px;||  font-weight:700;||  border-radius:999px;||  width:180px;||  text-align:center;||  margin:0 auto;||  padding:5px 0;||}&#8221; custom_css_flip_box=&#8221;width:18vw;&#8221; custom_css_back_body=&#8221;background:linear-gradient(#E39309,#F15959);||border-radius:20px;||padding:20px 40px;&#8221; custom_css_back_image=&#8221;margin-bottom:0px;&#8221; custom_css_back_button=&#8221;display:none !important;&#8221; border_radii=&#8221;on|20px|20px|20px|20px&#8221; global_colors_info=&#8221;{}&#8221; custom_css_flip_box_last_edited=&#8221;on|tablet&#8221; custom_css_flip_box_phone=&#8221;width:100%;&#8221; custom_css_flip_box_tablet=&#8221;width:100%;&#8221; custom_css_back_body_last_edited=&#8221;on|phone&#8221; custom_css_back_body_tablet=&#8221;background:linear-gradient(#E39309,#F15959);||border-radius:20px;||padding:20px 30px;&#8221; custom_css_back_body_phone=&#8221;background:linear-gradient(#E39309,#F15959);||border-radius:20px;||padding:20px 30px;&#8221;][\/lwp_divi_flipbox][\/et_pb_column][et_pb_column type=&#8221;1_5&#8243; _builder_version=&#8221;4.27.0&#8243; _module_preset=&#8221;default&#8221; global_colors_info=&#8221;{}&#8221;][lwp_divi_flipbox front_background_color=&#8221;RGBA(255,255,255,0)&#8221; back_body=&#8221;<\/p>\n<p style=\"%22text-align:\" center; font-size: 20px; padding-bottom: 10px;%22><strong>Neuroti\u0161kumas<\/strong><\/p>\n<p>\u017dmogus, kuriam b\u016bdingas auk\u0161tas neuroti\u0161kumo lygis, yra link\u0119s jausti neigiamas emocijas.<\/p>\n<p><a class=\"%22flip-button%22\" href=\"\/lt\/%22https:\/\/psna1.com\/nevrotisme\/%22\/\">Su\u017einokite daugiau<\/a><\/p>\n<p>&#8221; back_src=&#8221;https:\/\/psna1.com\/wp-content\/uploads\/2024\/10\/Psona_Sociability.svg&#8221; back_background_color=&#8221;#FFFFFF&#8221; flip_card_animation=&#8221;flip_left&#8221; flip_card_3d_effect=&#8221;off&#8221; _builder_version=&#8221;4.27.0&#8243; _module_preset=&#8221;default&#8221; front-body_font=&#8221;||||||||&#8221; back-body_text_color=&#8221;#FFFFFF&#8221; back-body_font_size=&#8221;16px&#8221; back-body_line_height=&#8221;30px&#8221; custom_button=&#8221;on&#8221; button_text_size=&#8221;14px&#8221; button_text_color=&#8221;#FFFFFF&#8221; button_bg_color=&#8221;RGBA(255,255,255,0)&#8221; button_border_width=&#8221;1px&#8221; button_border_color=&#8221;#FFFFFF&#8221; button_border_radius=&#8221;999px&#8221; button_font=&#8221;|600|||||||&#8221; button_use_icon=&#8221;off&#8221; module_alignment=&#8221;center&#8221; custom_css_free_form=&#8221;selector .flip_box_front {||  background:center \/ contain no-repeat url(%22https:\/\/psna1.com\/wp-content\/uploads\/2024\/10\/05.svg%22);||}||||selector .flip-button {||  display:block;||  color:white;||  border:1px solid white;||  font-size:14px;||  font-weight:700;||  border-radius:999px;||  width:180px;||  text-align:center;||  margin:0 auto;||  padding:5px 0;||}||||&#8221; custom_css_flip_box=&#8221;width:18vw;||&#8221; custom_css_back_body=&#8221;background:linear-gradient(#E39309,#F15959);||border-radius:20px;||padding:20px 40px;&#8221; custom_css_back_image=&#8221;margin-bottom:0px;&#8221; custom_css_back_button=&#8221;display:none !important;&#8221; border_radii=&#8221;on|20px|20px|20px|20px&#8221; global_colors_info=&#8221;{}&#8221; custom_css_flip_box_last_edited=&#8221;on|tablet&#8221; custom_css_flip_box_phone=&#8221;width:100%;&#8221; custom_css_flip_box_tablet=&#8221;width:100%;&#8221; custom_css_back_body_last_edited=&#8221;on|phone&#8221; custom_css_back_body_tablet=&#8221;background:linear-gradient(#E39309,#F15959);||border-radius:20px;||padding:20px 30px;&#8221; custom_css_back_body_phone=&#8221;background:linear-gradient(#E39309,#F15959);||border-radius:20px;||padding:20px 30px;&#8221;][\/lwp_divi_flipbox][\/et_pb_column][\/et_pb_row][\/et_pb_section]<\/p>","protected":false},"excerpt":{"rendered":"<p>Comment \u00e7a marche ? 01Effectuer le testNotre objectif est de garantir la fiabilit\u00e9 et l&#8217;exhaustivit\u00e9 maximales de ce test. Pour cela, veuillez r\u00e9pondre aux questions avec honn\u00eatet\u00e9 et \u00e9viter autant que possible les r\u00e9ponses neutres. Votre engagement dans les r\u00e9ponses permettra d&#8217;obtenir des r\u00e9sultats plus pr\u00e9cis.02Acc\u00e9der \u00e0 vos r\u00e9sultatsPour vos r\u00e9sultats, il vous faudra simplement [&hellip;]<\/p>","protected":false},"author":1,"featured_media":0,"parent":0,"menu_order":0,"comment_status":"closed","ping_status":"closed","template":"","meta":{"_et_pb_use_builder":"on","_et_pb_old_content":"<!-- wp:divi\/placeholder \/-->","_et_gb_content_width":"","inline_featured_image":false,"footnotes":""},"class_list":["post-142","page","type-page","status-publish","hentry"],"_links":{"self":[{"href":"https:\/\/psna1.com\/lt\/wp-json\/wp\/v2\/pages\/142","targetHints":{"allow":["GET"]}}],"collection":[{"href":"https:\/\/psna1.com\/lt\/wp-json\/wp\/v2\/pages"}],"about":[{"href":"https:\/\/psna1.com\/lt\/wp-json\/wp\/v2\/types\/page"}],"author":[{"embeddable":true,"href":"https:\/\/psna1.com\/lt\/wp-json\/wp\/v2\/users\/1"}],"replies":[{"embeddable":true,"href":"https:\/\/psna1.com\/lt\/wp-json\/wp\/v2\/comments?post=142"}],"version-history":[{"count":10,"href":"https:\/\/psna1.com\/lt\/wp-json\/wp\/v2\/pages\/142\/revisions"}],"predecessor-version":[{"id":916,"href":"https:\/\/psna1.com\/lt\/wp-json\/wp\/v2\/pages\/142\/revisions\/916"}],"wp:attachment":[{"href":"https:\/\/psna1.com\/lt\/wp-json\/wp\/v2\/media?parent=142"}],"curies":[{"name":"wp","href":"https:\/\/api.w.org\/{rel}","templated":true}]}}