{"id":149,"date":"2024-09-05T10:24:38","date_gmt":"2024-09-05T10:24:38","guid":{"rendered":"https:\/\/psona.io\/?page_id=149"},"modified":"2024-10-02T10:18:01","modified_gmt":"2024-10-02T10:18:01","slug":"mentions-legales","status":"publish","type":"page","link":"https:\/\/psna1.com\/hu\/mentions-legales\/","title":{"rendered":"Jogi inform\u00e1ci\u00f3k"},"content":{"rendered":"<p>[et_pb_section fb_built=&#8221;1&#8243; custom_padding_last_edited=&#8221;on|tablet&#8221; admin_label=&#8221;Header&#8221; _builder_version=&#8221;4.27.0&#8243; custom_margin=&#8221;0px||0px||true|false&#8221; custom_padding=&#8221;0px||0px||true|false&#8221; custom_padding_tablet=&#8221;||||true|false&#8221; custom_padding_phone=&#8221;||||true|false&#8221; locked=&#8221;off&#8221; global_colors_info=&#8221;{}&#8221;][et_pb_row use_custom_gutter=&#8221;on&#8221; gutter_width=&#8221;1&#8243; custom_padding_last_edited=&#8221;on|phone&#8221; _builder_version=&#8221;4.27.0&#8243; width=&#8221;95%&#8221; custom_margin=&#8221;||||true|false&#8221; custom_padding=&#8221;150px||150px||true|true&#8221; custom_padding_tablet=&#8221;80px||80px||true|false&#8221; custom_padding_phone=&#8221;60px||60px||true|false&#8221; border_radii=&#8221;on|50px|50px|50px|50px&#8221; global_colors_info=&#8221;{}&#8221; background_color=&#8221;RGBA(255,255,255,0)&#8221; background_size=&#8221;initial&#8221; background_position=&#8221;top_left&#8221; background_repeat=&#8221;repeat&#8221;][et_pb_column type=&#8221;4_4&#8243; _builder_version=&#8221;4.27.0&#8243; custom_padding=&#8221;|||&#8221; global_colors_info=&#8221;{}&#8221; custom_padding__hover=&#8221;|||&#8221; custom_css_main_element_last_edited=&#8221;on|phone&#8221;][et_pb_text module_class=&#8221;title-header&#8221; _builder_version=&#8221;4.27.0&#8243; background_size=&#8221;initial&#8221; background_position=&#8221;top_left&#8221; background_repeat=&#8221;repeat&#8221; width=&#8221;72%&#8221; width_tablet=&#8221;70%&#8221; width_phone=&#8221;68.5%&#8221; width_last_edited=&#8221;on|tablet&#8221; module_alignment=&#8221;center&#8221; custom_margin=&#8221;0px||0px||false|false&#8221; custom_margin_tablet=&#8221;0px||0px||false|false&#8221; custom_margin_phone=&#8221;0px||0px||false|false&#8221; custom_margin_last_edited=&#8221;on|tablet&#8221; custom_padding=&#8221;0px||0px||true|false&#8221; hover_enabled=&#8221;0&#8243; header_font_size_tablet=&#8221;50px&#8221; header_font_size_phone=&#8221;40px&#8221; global_colors_info=&#8221;{}&#8221; text_orientation=&#8221;center&#8221; sticky_enabled=&#8221;0&#8243;]<\/p>\n<h1>Jogi inform\u00e1ci\u00f3k<\/h1>\n<p><!-- \/divi:paragraph --><\/p>\n<p>[\/et_pb_text][\/et_pb_column][\/et_pb_row][\/et_pb_section][et_pb_section fb_built=&#8221;1&#8243; _builder_version=&#8221;4.27.0&#8243; _module_preset=&#8221;default&#8221; global_colors_info=&#8221;{}&#8221;][et_pb_row _builder_version=&#8221;4.27.0&#8243; _module_preset=&#8221;default&#8221; global_colors_info=&#8221;{}&#8221;][et_pb_column type=&#8221;4_4&#8243; _builder_version=&#8221;4.27.0&#8243; _module_preset=&#8221;default&#8221; global_colors_info=&#8221;{}&#8221;][et_pb_text _builder_version=&#8221;4.27.0&#8243; _module_preset=&#8221;default&#8221; header_2_text_align=&#8221;center&#8221; global_colors_info=&#8221;{}&#8221;]<\/p>\n<h2>Preambulum<\/h2>\n<p>Hat\u00e1lybal\u00e9p\u00e9s: 2023. m\u00e1rcius 30.<\/p>\n<p><strong>CLICKBUSTER KFT.<\/strong><br \/><strong>63-66 Hatton Garden<\/strong><br \/><strong>London EC1N 8LE<\/strong><br \/><strong>C\u00e9gsz\u00e1m 13014667<\/strong><br \/><strong>H\u00c9A-sz\u00e1m GB 363 9346 71<\/strong><\/p>\n<p>Folytat\u00f3dik a b\u00f6ng\u00e9sz\u00e9s az oldalunkon <a rel=\"noopener\" target=\"_new\" href=\"https:\/\/psna1.com\/hu\/\">https:\/\/psna1.com\/<\/a> (a tov\u00e1bbiakban \"Weboldal\") felt\u00e9telezi, hogy a Weboldal l\u00e1togat\u00f3i (a tov\u00e1bbiakban \"Felhaszn\u00e1l\u00f3(k)\") fenntart\u00e1s n\u00e9lk\u00fcl elfogadj\u00e1k az al\u00e1bbi rendelkez\u00e9seket \u00e9s \u00c1ltal\u00e1nos Szerz\u0151d\u00e9si Felt\u00e9teleket (a tov\u00e1bbiakban \"\u00c1SZF\"). A Honlapunk funkci\u00f3inak haszn\u00e1lata el\u0151tt a Felhaszn\u00e1l\u00f3 elismeri, hogy elolvasta \u00e9s elfogadta ezeket az \u00c1ltal\u00e1nos Szerz\u0151d\u00e9si Felt\u00e9teleket.<\/p>\n<p>Az \u00c1SZF aktu\u00e1lis online v\u00e1ltozata az egyetlen verzi\u00f3, amely a Webhely haszn\u00e1lat\u00e1nak id\u0151tartama alatt \u00e9rv\u00e9nyes, am\u00edg le nem cser\u00e9lj\u00fck egy \u00faj verzi\u00f3ra.<\/p>\n<p>Az Oldalt a CLICKBUSTER LTD (a tov\u00e1bbiakban \"Elad\u00f3\") kezeli, amely fenntartja a jogot, hogy b\u00e1rmikor m\u00f3dos\u00edtsa ezeket a felt\u00e9teleket. A Honlapunknak az \u00c1SZF m\u00f3dos\u00edt\u00e1s\u00e1t k\u00f6vet\u0151 b\u00e1rmilyen haszn\u00e1lata azt jelenti, hogy a Felhaszn\u00e1l\u00f3 visszavonhatatlanul elfogadja az \u00faj v\u00e1ltozatot. Az \u00c1SZF-\u00fcnkkel val\u00f3 egyet nem \u00e9rt\u00e9s eset\u00e9n a Felhaszn\u00e1l\u00f3t felk\u00e9rj\u00fck, hogy hagyja abba Honlapunk haszn\u00e1lat\u00e1t.<\/p>\n<p>[\/et_pb_text][et_pb_text _builder_version=&#8221;4.27.0&#8243; _module_preset=&#8221;default&#8221; header_2_text_align=&#8221;center&#8221; global_colors_info=&#8221;{}&#8221;]<\/p>\n<h2>1. CIKK - FOGALOMMEGHAT\u00c1ROZ\u00c1SOK<\/h2>\n<p>Weboldalunkon az al\u00e1bbi kifejez\u00e9sek a k\u00f6vetkez\u0151 jelent\u00e9ssel b\u00edrnak:<\/p>\n<p>\"Tartalom\": a Webhely\u00fcnk\u00f6n tal\u00e1lhat\u00f3 inform\u00e1ci\u00f3kat alkot\u00f3 \u00f6sszes elem (sz\u00f6veg, k\u00e9pek, vide\u00f3k, algoritmusok, szoftverek, widgetek stb.), amelyek lehet\u0151v\u00e9 teszik a Webhely m\u0171k\u00f6d\u00e9s\u00e9t, a Felhaszn\u00e1l\u00f3k t\u00e1j\u00e9koztat\u00e1s\u00e1t \u00e9s szolg\u00e1ltat\u00e1saink bemutat\u00e1s\u00e1t;<\/p>\n<p>\"Szellemi tulajdonjogok\": az \u00f6sszes szellemi tulajdonjogra \u00e9s kapcsol\u00f3d\u00f3 jogokra (szerz\u0151i jog, v\u00e9djegyjogok, szabadalmi jogok, kereskedelmi nevek, adatb\u00e1zisok stb.) vonatkozik, amelyeket a 2000. \u00e9vi szerz\u0151i \u00e9s szomsz\u00e9dos jogokr\u00f3l sz\u00f3l\u00f3 t\u00f6rv\u00e9ny v\u00e9d, \u00e9s amelyek a Felhaszn\u00e1l\u00f3 \u00e1ltal a Webhelyen t\u00f6rt\u00e9n\u0151 konzult\u00e1ci\u00f3 id\u0151pontj\u00e1ban \u00e9rv\u00e9nyesek;<\/p>\n<p>\"Funkci\u00f3k\": a Weboldalon kereszt\u00fcl a Felhaszn\u00e1l\u00f3k sz\u00e1m\u00e1ra el\u00e9rhet\u0151v\u00e9 tett \u00f6sszes funkci\u00f3t jelenti;<\/p>\n<p>\"Honlap\": a Honlapra vonatkozik <a rel=\"noopener\" target=\"_new\" href=\"https:\/\/psna1.com\/hu\/\">https:\/\/psna1.com\/<\/a> az Elad\u00f3 \u00e1ltal \u00fczemeltetett \u00e9s a Felhaszn\u00e1l\u00f3k sz\u00e1m\u00e1ra el\u00e9rhet\u0151v\u00e9 tett ;<\/p>\n<p>\"Felhaszn\u00e1l\u00f3\": a Webhelyet haszn\u00e1l\u00f3 \u00e9s a tartalm\u00e1hoz hozz\u00e1f\u00e9r\u0151 b\u00e1rmely szem\u00e9ly.<\/p>\n<p>[\/et_pb_text][et_pb_text _builder_version=&#8221;4.27.0&#8243; _module_preset=&#8221;default&#8221; header_2_text_align=&#8221;center&#8221; global_colors_info=&#8221;{}&#8221;]<\/p>\n<h2>CIKK - Jogi inform\u00e1ci\u00f3k<\/h2>\n<p>A szem\u00e9lyes adatok kezel\u00e9se tekintet\u00e9ben az egy\u00e9nek v\u00e9delm\u00e9r\u0151l \u00e9s az ilyen adatok szabad \u00e1raml\u00e1s\u00e1r\u00f3l sz\u00f3l\u00f3, 2016. \u00e1prilis 27-i [EU] 2018\/679 eur\u00f3pai parlamenti \u00e9s tan\u00e1csi rendelet \u00e9rtelm\u00e9ben a Weboldalunk felhaszn\u00e1l\u00f3j\u00e1t t\u00e1j\u00e9koztatjuk a l\u00e9trehoz\u00e1s\u00e1ban \u00e9s ellen\u0151rz\u00e9s\u00e9ben r\u00e9szt vev\u0151 felek kil\u00e9t\u00e9r\u0151l:<\/p>\n<p>Szerkeszt\u0151s\u00e9gi vezet\u0151: Carlo Ela <a rel=\"noopener\">contact.psona@gmail.com<\/a> .<\/p>\n<p>H\u00e1zigazda: Scaleway, 8 rue de la Ville l'\u00c9v\u00eaque, 75008 Paris ; <a rel=\"noopener\" target=\"_new\" href=\"https:\/\/www.scaleway.com\/\">https:\/\/www.scaleway.com\/<\/a><\/p>\n<p>Fejleszt\u0151: CLICKBUSTER LTD<\/p>\n<p>Adatv\u00e9delmi tisztvisel\u0151: Carlo Ela <a rel=\"noopener\">contact.psona@gmail.com<\/a>.<\/p>\n<p>[\/et_pb_text][et_pb_text _builder_version=&#8221;4.27.0&#8243; _module_preset=&#8221;default&#8221; header_2_text_align=&#8221;center&#8221; global_colors_info=&#8221;{}&#8221;]<\/p>\n<h2>3. CIKK - A szem\u00e9lyes adatok v\u00e9delme<\/h2>\n<p>Weboldalunk haszn\u00e1lata \u00e9rdek\u00e9ben a Felhaszn\u00e1l\u00f3 bizonyos szem\u00e9lyes adatait feldolgozzuk. Ez az adatkezel\u00e9s a 2018. \u00e9vi adatv\u00e9delmi t\u00f6rv\u00e9nynek \u00e9s az al\u00e1bbi linken el\u00e9rhet\u0151 adatv\u00e9delmi szab\u00e1lyzatnak megfelel\u0151en t\u00f6rt\u00e9nik:<\/p>\n<p><a rel=\"noopener\" target=\"_new\" href=\"https:\/\/psna1.com\/hu\/privacy-police\/\">https:\/\/psna1.com\/privacy-police\/<\/a><\/p>\n<p>[\/et_pb_text][et_pb_text _builder_version=&#8221;4.27.0&#8243; _module_preset=&#8221;default&#8221; header_2_text_align=&#8221;center&#8221; global_colors_info=&#8221;{}&#8221;]<\/p>\n<h2>4. CIKK - A helysz\u00ednre val\u00f3 bejut\u00e1s<\/h2>\n<div class=\"group\/conversation-turn relative flex w-full min-w-0 flex-col agent-turn\">\n<div class=\"flex-col gap-1 md:gap-3\">\n<div class=\"flex max-w-full flex-col flex-grow\">\n<div data-message-author-role=\"assistant\" data-message-id=\"1921b6bd-7e01-40ec-81aa-bce2a7802030\" dir=\"auto\" class=\"min-h-[20px] text-message flex w-full flex-col items-end gap-2 whitespace-normal break-words [.text-message+&amp;]:mt-5\">\n<div class=\"flex w-full flex-col gap-1 empty:hidden first:pt-[3px]\">\n<div class=\"markdown prose w-full break-words dark:prose-invert dark\">\n<p>A Honlaphoz val\u00f3 hozz\u00e1f\u00e9r\u00e9s \u00e9s annak haszn\u00e1lata szigor\u00faan szem\u00e9lyes haszn\u00e1latra van fenntartva. A Felhaszn\u00e1l\u00f3 v\u00e1llalja, hogy nem haszn\u00e1lja a Weboldalt, illetve az azon tal\u00e1lhat\u00f3 inform\u00e1ci\u00f3kat vagy adatokat kereskedelmi, politikai vagy rekl\u00e1mc\u00e9lokra, illetve kereskedelmi c\u00e9l\u00fa k\u00e9r\u00e9s semmilyen form\u00e1j\u00e1ra, k\u00fcl\u00f6n\u00f6sen k\u00e9retlen e-mailek k\u00fcld\u00e9s\u00e9re.<\/p>\n<p>A Honlaphoz val\u00f3 hozz\u00e1f\u00e9r\u00e9s feln\u0151ttek sz\u00e1m\u00e1ra van fenntartva. Az Elad\u00f3 fenntartja mag\u00e1nak a jogot, hogy \u00e9letkor igazol\u00e1s\u00e1t k\u00e9rje, k\u00fcl\u00f6n\u00f6sen, ha \u00d6n az online rendel\u00e9si szolg\u00e1ltat\u00e1sokat haszn\u00e1lja. Az Elad\u00f3 nem tehet\u0151 felel\u0151ss\u00e9 a Webhelyhez val\u00f3 kiskor\u00faak \u00e1ltali hozz\u00e1f\u00e9r\u00e9s eset\u00e9n, sem a Felhaszn\u00e1l\u00f3k \u00e1ltal a Webhelyen megadott t\u00e9ves vagy f\u00e9lrevezet\u0151 inform\u00e1ci\u00f3k eset\u00e9n.<\/p>\n<p>A felhaszn\u00e1l\u00f3k szem\u00e9lyesen felel\u0151sek a Honlaphoz val\u00f3 hozz\u00e1f\u00e9r\u00e9shez sz\u00fcks\u00e9ges informatikai \u00e9s telekommunik\u00e1ci\u00f3s er\u0151forr\u00e1sok be\u00e1ll\u00edt\u00e1s\u00e1\u00e9rt. \u0150k viselik a Honlapon kereszt\u00fcl t\u00f6rt\u00e9n\u0151 internet-hozz\u00e1f\u00e9r\u00e9ssel kapcsolatos t\u00e1vk\u00f6zl\u00e9si k\u00f6lts\u00e9geket.<\/p>\n<\/div>\n<\/div>\n<\/div>\n<\/div>\n<\/div>\n<\/div>\n<p>[\/et_pb_text][et_pb_text _builder_version=&#8221;4.27.0&#8243; _module_preset=&#8221;default&#8221; header_2_text_align=&#8221;center&#8221; global_colors_info=&#8221;{}&#8221;]<\/p>\n<h2>5. CIKK - A ny\u00fajtott szolg\u00e1ltat\u00e1sok le\u00edr\u00e1sa<\/h2>\n<p>Igyeksz\u00fcnk a lehet\u0151 legpontosabb inform\u00e1ci\u00f3kat ny\u00fajtani, de nem v\u00e1llalunk felel\u0151ss\u00e9get az esetleges kihagy\u00e1sok\u00e9rt, pontatlans\u00e1gok\u00e9rt vagy az inform\u00e1ci\u00f3k friss\u00edt\u00e9s\u00e9nek elmulaszt\u00e1s\u00e1\u00e9rt. A Webhelyen tal\u00e1lhat\u00f3 \u00f6sszes inform\u00e1ci\u00f3 csak t\u00e1j\u00e9koztat\u00f3 jelleg\u0171, \u00e9s nem teljes k\u00f6r\u0171. Az inform\u00e1ci\u00f3k az online megjelen\u00e9s\u00fck \u00f3ta bek\u00f6vetkezett v\u00e1ltoz\u00e1sokra is figyelemmel vannak.<\/p>\n<p>[\/et_pb_text][et_pb_text _builder_version=&#8221;4.27.0&#8243; _module_preset=&#8221;default&#8221; header_2_text_align=&#8221;center&#8221; global_colors_info=&#8221;{}&#8221;]<\/p>\n<h2>6. CIKK - Szellemi tulajdon<\/h2>\n<p><strong>6.1 Weboldalunk<\/strong><\/p>\n<p>Minden v\u00e9djegy, f\u00e9nyk\u00e9p, sz\u00f6veg, komment\u00e1r, illusztr\u00e1ci\u00f3, anim\u00e1lt vagy \u00e1ll\u00f3k\u00e9p, vide\u00f3sorozat, hang, valamint a Weboldal m\u0171k\u00f6dtet\u00e9s\u00e9hez haszn\u00e1lhat\u00f3 valamennyi sz\u00e1m\u00edt\u00f3g\u00e9pes alkalmaz\u00e1s \u00e9s \u00e1ltal\u00e1ban a Weboldalon reproduk\u00e1lt vagy haszn\u00e1lt valamennyi elem a szellemi tulajdonra vonatkoz\u00f3 hat\u00e1lyos jogszab\u00e1lyok v\u00e9delme alatt \u00e1ll.<\/p>\n<p>Ezek az Elad\u00f3 vagy annak kereskedelmi partnerei teljes \u00e9s teljes tulajdon\u00e1t k\u00e9pezik. A kiad\u00f3 el\u0151zetes \u00edr\u00e1sbeli hozz\u00e1j\u00e1rul\u00e1sa n\u00e9lk\u00fcl szigor\u00faan tilos ezen elemek eg\u00e9sz\u00e9nek vagy egy r\u00e9sz\u00e9nek b\u00e1rmilyen form\u00e1ban t\u00f6rt\u00e9n\u0151 reproduk\u00e1l\u00e1sa, \u00e1br\u00e1zol\u00e1sa, felhaszn\u00e1l\u00e1sa vagy \u00e1talak\u00edt\u00e1sa, bele\u00e9rtve a sz\u00e1m\u00edt\u00f3g\u00e9pes alkalmaz\u00e1sokat is. Az a t\u00e9ny, hogy a kiad\u00f3 nem tesz jogi l\u00e9p\u00e9seket, amint tudom\u00e1s\u00e1ra jut, hogy a felhaszn\u00e1l\u00f3 ilyen jogosulatlanul haszn\u00e1lja, nem jelenti az ilyen haszn\u00e1lat elfogad\u00e1s\u00e1t, illetve nem jelenti a jogi l\u00e9p\u00e9sek megt\u00e9tel\u00e9hez val\u00f3 jogr\u00f3l val\u00f3 lemond\u00e1st. A Felhaszn\u00e1l\u00f3nak szigor\u00faan tilos :<\/p>\n<p>- A Tartalom \u00e9s\/vagy a Weboldal eg\u00e9sz\u00e9t vagy egy r\u00e9sz\u00e9t b\u00e1rmilyen m\u00f3don m\u00e1solni, reproduk\u00e1lni, reprezent\u00e1lni, sug\u00e1rozni, terjeszteni vagy k\u00f6zz\u00e9tenni, tart\u00f3san vagy ideiglenesen; - A Tartalomb\u00f3l \u00e9s\/vagy a Weboldalb\u00f3l sz\u00e1rmaz\u00f3 m\u0171veket l\u00e9trehozni; - A Tartalom \u00e9s\/vagy a Weboldal eg\u00e9sz\u00e9t vagy egy r\u00e9sz\u00e9t m\u00f3dos\u00edtani, leford\u00edtani, adapt\u00e1lni vagy \u00e1tdolgozni; - A Weboldal sz\u00e9tszerel\u00e9se, dekompil\u00e1l\u00e1sa vagy visszafejt\u00e9se.<\/p>\n<p>Mindenesetre a Felhaszn\u00e1l\u00f3k kiz\u00e1r\u00f3lagosan felel\u0151sek a Webhely haszn\u00e1lat\u00e1\u00e9rt. A Webhely vagy a Webhely b\u00e1rmely elem\u00e9nek jogosulatlan haszn\u00e1lata a 2000. \u00e9vi adatv\u00e9delmi t\u00f6rv\u00e9ny megs\u00e9rt\u00e9s\u00e9nek min\u0151s\u00fcl.<\/p>\n<p><strong>6.2 M\u00e1rk\u00e1nk<\/strong><\/p>\n<p>Az Elad\u00f3 \u00e9s a CLICKBUSTER LTD sz\u00f3beli \u00e9s vizu\u00e1lis v\u00e9djegyei (log\u00f3) v\u00e9dettek. Az Elad\u00f3 vagy partnerei \u00edr\u00e1sos enged\u00e9lye n\u00e9lk\u00fcl, b\u00e1rmilyen m\u00e9diumon, term\u00e9kek vagy szolg\u00e1ltat\u00e1sok rekl\u00e1moz\u00e1sa vagy kereskedelmi c\u00e9lokra t\u00f6rt\u00e9n\u0151 felhaszn\u00e1l\u00e1suk tilos, az Elad\u00f3 b\u00fcntet\u0151jogi \u00e9s polg\u00e1ri jogi elj\u00e1r\u00e1s megind\u00edt\u00e1s\u00e1nak vesz\u00e9lye mellett a Felhaszn\u00e1l\u00f3 \u00e9s\/vagy a felel\u0151s harmadik szem\u00e9lyek ellen.<\/p>\n<p><strong>6.3 Tartalom<\/strong><\/p>\n<p>A tartalom szabadon hozz\u00e1f\u00e9rhet\u0151 a Webhelyen. A tartalom online elhelyez\u00e9se nem jelenti a tartalom szerz\u0151i jog\u00e1nak vagy tulajdonjog\u00e1nak \u00e1truh\u00e1z\u00e1s\u00e1t, a tartalom tov\u00e1bbra is az Elad\u00f3 \u00e9s a k\u00f6zrem\u0171k\u00f6d\u0151k teljes \u00e9s teljes tulajdon\u00e1ban marad.<\/p>\n<p>Egyetlen Felhaszn\u00e1l\u00f3 sem tehet, illetve nem teheti meg, hogy a szerz\u0151i jogok \u00e9s a szellemi tulajdonjogok \u00e9rv\u00e9nyes\u00edt\u00e9s\u00e9vel, illetve a szellemi tulajdonjogokkal kapcsolatos b\u00e1rmely m\u00e1s brit vagy nemzetk\u00f6zi joggal ellent\u00e9tes cselekm\u00e9ny(eke)t tegyen. Az Elad\u00f3 \u00e9s k\u00f6zrem\u0171k\u00f6d\u0151i fenntartj\u00e1k maguknak a jogot, hogy a jelen \u00c1SZF megs\u00e9rt\u00e9se miatt b\u00e1rmely Felhaszn\u00e1l\u00f3t felel\u0151ss\u00e9gre vonjanak.<\/p>\n<p>[\/et_pb_text][et_pb_text _builder_version=&#8221;4.27.0&#8243; _module_preset=&#8221;default&#8221; header_2_text_align=&#8221;center&#8221; global_colors_info=&#8221;{}&#8221;]<\/p>\n<h2>7. CIKK - Helysz\u00ednkezel\u00e9s<\/h2>\n<p>Honlapunk \u00e1ltal\u00e1ban b\u00e1rmikor el\u00e9rhet\u0151 a Felhaszn\u00e1l\u00f3k sz\u00e1m\u00e1ra. A Honlap megfelel\u0151 kezel\u00e9s\u00e9nek biztos\u00edt\u00e1sa \u00e9rdek\u00e9ben az Elad\u00f3 fenntartja a jogot, hogy b\u00e1rmikor :<\/p>\n<p>- felf\u00fcggeszteni, megszak\u00edtani vagy korl\u00e1tozni a hozz\u00e1f\u00e9r\u00e9st a Honlap eg\u00e9sz\u00e9hez vagy egy r\u00e9sz\u00e9hez, b\u00e1rmilyen okb\u00f3l, el\u0151zetes \u00e9rtes\u00edt\u00e9ssel vagy an\u00e9lk\u00fcl, saj\u00e1t bel\u00e1t\u00e1sa szerint; - t\u00f6r\u00f6lni minden olyan inform\u00e1ci\u00f3t, amely megzavarhatja a Honlap m\u0171k\u00f6d\u00e9s\u00e9t, b\u00e1rmilyen okb\u00f3l, el\u0151zetes \u00e9rtes\u00edt\u00e9ssel vagy an\u00e9lk\u00fcl, saj\u00e1t bel\u00e1t\u00e1sa szerint; - felf\u00fcggeszteni a Honlapot friss\u00edt\u00e9sek elv\u00e9gz\u00e9se \u00e9rdek\u00e9ben.<\/p>\n<p>A Forgalmaz\u00f3 mindent megtesz annak \u00e9rdek\u00e9ben, hogy a felhaszn\u00e1l\u00f3kat el\u0151zetesen t\u00e1j\u00e9koztassa a beavatkoz\u00e1sok id\u0151pontj\u00e1r\u00f3l, de ennek elmulaszt\u00e1sa eset\u00e9n nem v\u00e1llal felel\u0151ss\u00e9get.<\/p>\n<p>[\/et_pb_text][et_pb_text _builder_version=&#8221;4.27.0&#8243; _module_preset=&#8221;default&#8221; header_2_text_align=&#8221;center&#8221; global_colors_info=&#8221;{}&#8221;]<\/p>\n<h2>8. CIKK - Felel\u0151ss\u00e9gek<\/h2>\n<p><strong>8.1 Hozz\u00e1f\u00e9r\u00e9s az oldalhoz<\/strong><\/p>\n<p>Az Elad\u00f3 v\u00e1llalja, hogy mindent megtesz annak \u00e9rdek\u00e9ben, hogy a Webhely a h\u00e9t minden napj\u00e1n, a nap 24 \u00f3r\u00e1j\u00e1ban el\u00e9rhet\u0151 legyen. Az Elad\u00f3 azonban nem v\u00e1llal k\u00f6telezetts\u00e9get a Honlap \u00e1lland\u00f3 el\u00e9rhet\u0151s\u00e9g\u00e9re \u00e9s hozz\u00e1f\u00e9rhet\u0151s\u00e9g\u00e9re, \u00e9s nem garant\u00e1lja, hogy a Honlap hibamentes. Az Elad\u00f3 nem tehet\u0151 felel\u0151ss\u00e9 a Webhelyhez vagy annak b\u00e1rmely funkci\u00f3j\u00e1hoz val\u00f3 hozz\u00e1f\u00e9r\u00e9st akad\u00e1lyoz\u00f3 \u00fczemzavar, \u00fczemzavar, neh\u00e9zs\u00e9g vagy m\u0171k\u00f6d\u00e9si zavar eset\u00e9n.<\/p>\n<p>Az Elad\u00f3 \u00e9s a fogad\u00f3 nem tehet\u0151 felel\u0151ss\u00e9 az internetes h\u00e1l\u00f3zat, a telefonvonalak vagy a sz\u00e1m\u00edt\u00f3g\u00e9pes \u00e9s telefonos berendez\u00e9sek meghib\u00e1sod\u00e1sa eset\u00e9n, k\u00fcl\u00f6n\u00f6sen a h\u00e1l\u00f3zat t\u00falterhelts\u00e9ge miatt, amely megakad\u00e1lyozza a szerver el\u00e9r\u00e9s\u00e9t.<\/p>\n<p>Az Elad\u00f3 nem tehet\u0151 felel\u0151ss\u00e9 a Felhaszn\u00e1l\u00f3kkal szembeni jogi elj\u00e1r\u00e1sok eset\u00e9n:<\/p>\n<p>- a Webhely vagy b\u00e1rmely m\u00e1s, az interneten kereszt\u00fcl el\u00e9rhet\u0151 szolg\u00e1ltat\u00e1s haszn\u00e1lat\u00e1nak eredm\u00e9nyek\u00e9nt; - a Felhaszn\u00e1l\u00f3 jelen \u00c1SZF be nem tart\u00e1s\u00e1nak eredm\u00e9nyek\u00e9nt.<\/p>\n<p><strong>8.2 Felhaszn\u00e1lt berendez\u00e9sek<\/strong><\/p>\n<p>A Felhaszn\u00e1l\u00f3 \u00e1ltal a Honlaphoz val\u00f3 hozz\u00e1f\u00e9r\u00e9shez haszn\u00e1lt csatlakoz\u00f3 berendez\u00e9s\u00e9rt teljes m\u00e9rt\u00e9kben \u00e9s teljes m\u00e9rt\u00e9kben \u0151 felel. A Felhaszn\u00e1l\u00f3 felel\u0151ss\u00e9ge, hogy minden megfelel\u0151 int\u00e9zked\u00e9st megtegyen a berendez\u00e9se \u00e9s saj\u00e1t adatai v\u00e9delme \u00e9rdek\u00e9ben. A Felhaszn\u00e1l\u00f3 v\u00e1llalja, hogy a Webhelyet \u00faj, v\u00edrusmentes berendez\u00e9ssel \u00e9s frissen friss\u00edtett b\u00f6ng\u00e9sz\u0151vel \u00e9ri el.<\/p>\n<p>Az Elad\u00f3 nem felel a Felhaszn\u00e1l\u00f3knak, harmadik feleknek \u00e9s\/vagy azok berendez\u00e9seinek a Webhelyhez val\u00f3 csatlakoz\u00e1suk vagy annak haszn\u00e1lata k\u00f6vetkezt\u00e9ben okozott k\u00e1rok\u00e9rt, \u00e9s a Felhaszn\u00e1l\u00f3k lemondanak az Elad\u00f3val szembeni minden ilyen jelleg\u0171 keresetr\u0151l.<\/p>\n<p>Az Elad\u00f3 nem vonhat\u00f3 felel\u0151ss\u00e9gre a Webhely haszn\u00e1lat\u00e1b\u00f3l ered\u0151 k\u00f6zvetett k\u00e1rok\u00e9rt (p\u00e9ld\u00e1ul \u00fczletkies\u00e9s vagy lehet\u0151s\u00e9gkies\u00e9s).<\/p>\n<p>[\/et_pb_text][et_pb_text _builder_version=&#8221;4.27.0&#8243; _module_preset=&#8221;default&#8221; header_2_text_align=&#8221;center&#8221; global_colors_info=&#8221;{}&#8221;]<\/p>\n<h2>9. CIKK - F\u00c9NYK\u00c9PEK \u00c9S A TERM\u00c9KEK \u00c9S SZOLG\u00c1LTAT\u00c1SOK BEMUTAT\u00c1SA<\/h2>\n<p>A Weboldalon tal\u00e1lhat\u00f3 f\u00e9nyk\u00e9pek \u00e9s azok le\u00edr\u00e1sa nem szerz\u0151d\u00e9ses jelleg\u0171ek, \u00e9s nem k\u00f6telez\u0151 \u00e9rv\u00e9ny\u0171ek az Elad\u00f3ra n\u00e9zve.<\/p>\n<p>[\/et_pb_text][et_pb_text _builder_version=&#8221;4.27.0&#8243; _module_preset=&#8221;default&#8221; header_2_text_align=&#8221;center&#8221; global_colors_info=&#8221;{}&#8221;]<\/p>\n<h2>10. CIKK - Hipertext linkek<\/h2>\n<p>A Felhaszn\u00e1l\u00f3 a CLICKBUSTER LTD el\u0151zetes \u00edr\u00e1sbeli enged\u00e9ly\u00e9vel enged\u00e9lyezheti a Weboldal eg\u00e9sz\u00e9re vagy egy r\u00e9sz\u00e9re mutat\u00f3 hipertext link l\u00e9trehoz\u00e1s\u00e1t, amelyet az al\u00e1bbi c\u00edmen e-mailben kell k\u00e9rni: <a rel=\"noopener\">contact.psona@gmail.com<\/a>.<\/p>\n<p>Az Elad\u00f3 szabadon megtagadhatja ezt az enged\u00e9lyt an\u00e9lk\u00fcl, hogy d\u00f6nt\u00e9s\u00e9t b\u00e1rmilyen m\u00f3don indokolnia kellene. Abban az esetben, ha az Elad\u00f3 megadja az enged\u00e9lyt, ez az enged\u00e9ly minden esetben ideiglenes, \u00e9s b\u00e1rmikor visszavonhat\u00f3, an\u00e9lk\u00fcl, hogy d\u00f6nt\u00e9s\u00e9t indokolni kellene. A m\u00e1rka k\u00e9r\u00e9s\u00e9re minden esetben el kell t\u00e1vol\u00edtani a linket.<\/p>\n<p>A Honlap sz\u00e1mos, a Forgalmaz\u00f3 enged\u00e9ly\u00e9vel l\u00e9trehozott, m\u00e1s oldalakra mutat\u00f3 hipertext linket tartalmaz. V\u00e1llalatunk azonban nincs abban a helyzetben, hogy ellen\u0151rizze az ilyen m\u00f3don megl\u00e1togatott oldalak tartalm\u00e1t, ez\u00e9rt nem v\u00e1llal felel\u0151ss\u00e9get e tekintetben.<\/p>\n<p>[\/et_pb_text][et_pb_text _builder_version=&#8221;4.27.0&#8243; _module_preset=&#8221;default&#8221; header_2_text_align=&#8221;center&#8221; global_colors_info=&#8221;{}&#8221;]<\/p>\n<h2>CIKK - R\u00e9szleges \u00e9rv\u00e9nytelens\u00e9g<\/h2>\n<p>A jelen \u00e1ltal\u00e1nos szerz\u0151d\u00e9si felt\u00e9telek egy vagy t\u00f6bb pontj\u00e1nak ideiglenes nem alkalmaz\u00e1sa semmilyen k\u00f6r\u00fclm\u00e9nyek k\u00f6z\u00f6tt nem \u00e9rtelmezhet\u0151 \u00fagy, hogy a CLICKBUSTER LTD lemondana az eml\u00edtett pontok b\u00e1rmelyik\u00e9nek alkalmaz\u00e1s\u00e1r\u00f3l.<\/p>\n<p>Ha a jelen felt\u00e9telek egy vagy t\u00f6bb rendelkez\u00e9s\u00e9t t\u00f6rv\u00e9ny, rendelet vagy joger\u0151s b\u00edr\u00f3s\u00e1gi hat\u00e1rozat semmisnek vagy alkalmazhatatlannak nyilv\u00e1n\u00edtja, a t\u00f6bbi rendelkez\u00e9s teljes m\u00e9rt\u00e9kben hat\u00e1lyban marad, \u00e9s tov\u00e1bbra is teljes m\u00e9rt\u00e9kben alkalmazand\u00f3.<\/p>\n<p>[\/et_pb_text][et_pb_text _builder_version=&#8221;4.27.0&#8243; _module_preset=&#8221;default&#8221; header_2_text_align=&#8221;center&#8221; global_colors_info=&#8221;{}&#8221;]<\/p>\n<h2>12. CIKK - Nyelvhaszn\u00e1lat<\/h2>\n<p>Ha ezeket a GCU-kat egy vagy t\u00f6bb nyelvre ford\u00edtj\u00e1k le, a tolm\u00e1csol\u00e1s nyelve az angol lesz.<\/p>\n<p>[\/et_pb_text][et_pb_text _builder_version=&#8221;4.27.0&#8243; _module_preset=&#8221;default&#8221; header_2_text_align=&#8221;center&#8221; custom_css_free_form=&#8221;selector table, selector td, selector tr, selector th {||  border:1px solid;||  border-color:#034833 !important;||}&#8221; global_colors_info=&#8221;{}&#8221;]<\/p>\n<h2>13. CIKK - Alkalmazand\u00f3 jog<\/h2>\n<p>A jelen Honlap \u00c1ltal\u00e1nos Szerz\u0151d\u00e9si Felt\u00e9telekre a brit jog az ir\u00e1nyad\u00f3, \u00e9s vita eset\u00e9n a rendes b\u00edr\u00f3s\u00e1gok kiz\u00e1r\u00f3lagos joghat\u00f3s\u00e1ga al\u00e1 tartoznak, figyelemmel a t\u00f6rv\u00e9nysz\u00f6vegb\u0151l vagy egy adott szab\u00e1lyoz\u00e1sb\u00f3l ered\u0151 konkr\u00e9t joghat\u00f3s\u00e1gi kik\u00f6t\u00e9sre.<\/p>\n<p>[\/et_pb_text][et_pb_text _builder_version=&#8221;4.27.0&#8243; _module_preset=&#8221;default&#8221; header_2_text_align=&#8221;center&#8221; custom_css_free_form=&#8221;selector table, selector td, selector tr, selector th {||  border:1px solid;||  border-color:#034833 !important;||}&#8221; global_colors_info=&#8221;{}&#8221;]<\/p>\n<h2>14. CIKKELY - Kapcsolatfelv\u00e9tel<\/h2>\n<p>A Webhelyen bemutatott Szolg\u00e1ltat\u00e1sokkal vagy mag\u00e1val a Webhellyel kapcsolatos b\u00e1rmilyen k\u00e9rd\u00e9ssel vagy inform\u00e1ci\u00f3val kapcsolatban a Felhaszn\u00e1l\u00f3 \u00fczenetet hagyhat a k\u00f6vetkez\u0151 c\u00edmen: contact.psona@gmail.com.<\/p>\n<p>[\/et_pb_text][\/et_pb_column][\/et_pb_row][\/et_pb_section]<\/p>","protected":false},"excerpt":{"rendered":"<p>Mentions l\u00e9gales Preamble Entry into force: March 30th, 2023 CLICKBUSTER LTD63-66 Hatton GardenLondon EC1N 8LECompany number 13014667VAT number GB 363 9346 71 La navigation continue sur notre Site https:\/\/psna1.com\/ (ci-apr\u00e8s le \u00ab Site \u00bb) implique que les visiteurs du Site (ci-apr\u00e8s l&#8217;\u00ab Utilisateur(s) \u00bb) acceptent sans r\u00e9serve les dispositions et Conditions G\u00e9n\u00e9rales d&#8217;Utilisation qui suivent [&hellip;]<\/p>","protected":false},"author":1,"featured_media":0,"parent":0,"menu_order":0,"comment_status":"closed","ping_status":"closed","template":"","meta":{"_et_pb_use_builder":"on","_et_pb_old_content":"<!-- wp:divi\/placeholder \/-->","_et_gb_content_width":"","inline_featured_image":false,"footnotes":""},"class_list":["post-149","page","type-page","status-publish","hentry"],"_links":{"self":[{"href":"https:\/\/psna1.com\/hu\/wp-json\/wp\/v2\/pages\/149","targetHints":{"allow":["GET"]}}],"collection":[{"href":"https:\/\/psna1.com\/hu\/wp-json\/wp\/v2\/pages"}],"about":[{"href":"https:\/\/psna1.com\/hu\/wp-json\/wp\/v2\/types\/page"}],"author":[{"embeddable":true,"href":"https:\/\/psna1.com\/hu\/wp-json\/wp\/v2\/users\/1"}],"replies":[{"embeddable":true,"href":"https:\/\/psna1.com\/hu\/wp-json\/wp\/v2\/comments?post=149"}],"version-history":[{"count":6,"href":"https:\/\/psna1.com\/hu\/wp-json\/wp\/v2\/pages\/149\/revisions"}],"predecessor-version":[{"id":870,"href":"https:\/\/psna1.com\/hu\/wp-json\/wp\/v2\/pages\/149\/revisions\/870"}],"wp:attachment":[{"href":"https:\/\/psna1.com\/hu\/wp-json\/wp\/v2\/media?parent=149"}],"curies":[{"name":"wp","href":"https:\/\/api.w.org\/{rel}","templated":true}]}}