{"id":142,"date":"2024-09-05T10:23:34","date_gmt":"2024-09-05T10:23:34","guid":{"rendered":"https:\/\/psona.io\/?page_id=142"},"modified":"2024-10-03T13:37:21","modified_gmt":"2024-10-03T13:37:21","slug":"comment-ca-marche","status":"publish","type":"page","link":"https:\/\/psna1.com\/hu\/comment-ca-marche\/","title":{"rendered":"Hogyan m\u0171k\u00f6dik"},"content":{"rendered":"<p>[et_pb_section fb_built=&#8221;1&#8243; custom_padding_last_edited=&#8221;on|tablet&#8221; admin_label=&#8221;Header&#8221; _builder_version=&#8221;4.27.0&#8243; custom_margin=&#8221;0px||0px||true|false&#8221; custom_padding=&#8221;0px||0px||true|false&#8221; custom_padding_tablet=&#8221;||||true|false&#8221; custom_padding_phone=&#8221;||||true|false&#8221; locked=&#8221;off&#8221; global_colors_info=&#8221;{}&#8221;][et_pb_row use_custom_gutter=&#8221;on&#8221; gutter_width=&#8221;1&#8243; custom_padding_last_edited=&#8221;on|phone&#8221; _builder_version=&#8221;4.27.0&#8243; background_color=&#8221;RGBA(255,255,255,0)&#8221; background_size=&#8221;initial&#8221; background_position=&#8221;top_left&#8221; background_repeat=&#8221;repeat&#8221; width=&#8221;95%&#8221; custom_margin=&#8221;||||true|false&#8221; custom_padding=&#8221;150px||50px||false|true&#8221; custom_padding_tablet=&#8221;80px||80px||true|false&#8221; custom_padding_phone=&#8221;60px||60px||true|false&#8221; border_radii=&#8221;on|50px|50px|50px|50px&#8221; global_colors_info=&#8221;{}&#8221;][et_pb_column type=&#8221;4_4&#8243; _builder_version=&#8221;4.27.0&#8243; custom_padding=&#8221;|||&#8221; global_colors_info=&#8221;{}&#8221; custom_padding__hover=&#8221;|||&#8221; custom_css_main_element_last_edited=&#8221;on|phone&#8221;][et_pb_text module_class=&#8221;title-header&#8221; _builder_version=&#8221;4.27.0&#8243; background_size=&#8221;initial&#8221; background_position=&#8221;top_left&#8221; background_repeat=&#8221;repeat&#8221; text_orientation=&#8221;center&#8221; width=&#8221;72%&#8221; width_tablet=&#8221;70%&#8221; width_phone=&#8221;68.5%&#8221; width_last_edited=&#8221;on|tablet&#8221; module_alignment=&#8221;center&#8221; custom_margin=&#8221;0px||0px||false|false&#8221; custom_margin_tablet=&#8221;0px||0px||false|false&#8221; custom_margin_phone=&#8221;0px||0px||false|false&#8221; custom_margin_last_edited=&#8221;on|tablet&#8221; custom_padding=&#8221;0px||0px||true|false&#8221; header_font_size_tablet=&#8221;50px&#8221; header_font_size_phone=&#8221;40px&#8221; global_colors_info=&#8221;{}&#8221;]<\/p>\n<h1>Hogyan m\u0171k\u00f6dik?<\/h1>\n<p><!-- \/divi:paragraph --><\/p>\n<p>[\/et_pb_text][\/et_pb_column][\/et_pb_row][et_pb_row column_structure=&#8221;1_3,1_3,1_3&#8243; make_equal=&#8221;on&#8221; module_id=&#8221;how-row&#8221; _builder_version=&#8221;4.27.0&#8243; _module_preset=&#8221;default&#8221; width=&#8221;68.5%&#8221; width_tablet=&#8221;68.5%&#8221; width_phone=&#8221;85%&#8221; width_last_edited=&#8221;on|phone&#8221; global_colors_info=&#8221;{}&#8221;][et_pb_column type=&#8221;1_3&#8243; _builder_version=&#8221;4.27.0&#8243; _module_preset=&#8221;default&#8221; background_color=&#8221;#FFFFFF&#8221; custom_padding=&#8221;30px|40px|30px|40px|true|true&#8221; border_radii=&#8221;on|20px|20px|20px|20px&#8221; global_colors_info=&#8221;{}&#8221;][et_pb_text _builder_version=&#8221;4.27.0&#8243; _module_preset=&#8221;default&#8221; text_font=&#8221;|700|||||||&#8221; text_text_color=&#8221;#000000&#8243; text_font_size=&#8221;45px&#8221; custom_margin=&#8221;20px||40px||false|false&#8221; global_colors_info=&#8221;{}&#8221;]<\/p>\n<p>01<\/p>\n<p>[\/et_pb_text][et_pb_text _builder_version=&#8221;4.27.0&#8243; _module_preset=&#8221;default&#8221; text_font=&#8221;|700|||||||&#8221; text_text_color=&#8221;#111214&#8243; text_font_size=&#8221;22px&#8221; custom_margin=&#8221;||20px||false|false&#8221; custom_padding=&#8221;||||false|false&#8221; global_colors_info=&#8221;{}&#8221;]<\/p>\n<p>V\u00e9gezze el a vizsg\u00e1latot<\/p>\n<p>[\/et_pb_text][et_pb_text _builder_version=&#8221;4.27.0&#8243; _module_preset=&#8221;default&#8221; text_text_color=&#8221;#111214&#8243; text_line_height=&#8221;1.8em&#8221; custom_margin=&#8221;0px||||false|false&#8221; custom_padding=&#8221;0px||||false|false&#8221; global_colors_info=&#8221;{}&#8221;]<\/p>\n<p>C\u00e9lunk, hogy ez a teszt a lehet\u0151 legmegb\u00edzhat\u00f3bb \u00e9s leg\u00e1tfog\u00f3bb legyen. Ennek \u00e9rdek\u00e9ben k\u00e9rj\u00fck, v\u00e1laszoljon \u0151szint\u00e9n a k\u00e9rd\u00e9sekre, \u00e9s lehet\u0151s\u00e9g szerint ker\u00fclje a semleges v\u00e1laszokat. A k\u00e9rd\u00e9sek megv\u00e1laszol\u00e1sa ir\u00e1nti elk\u00f6telezetts\u00e9ge seg\u00edteni fog nek\u00fcnk abban, hogy pontosabb eredm\u00e9nyeket kapjunk.<\/p>\n<p>[\/et_pb_text][et_pb_button button_url=&#8221;@ET-DC@eyJkeW5hbWljIjp0cnVlLCJjb250ZW50IjoicG9zdF9saW5rX3VybF9wYWdlIiwic2V0dGluZ3MiOnsicG9zdF9pZCI6IjQ4In19@&#8221; button_text=&#8221;Passer le test&#8221; button_alignment=&#8221;center&#8221; module_class=&#8221;green-btn&#8221; _builder_version=&#8221;4.27.0&#8243; _dynamic_attributes=&#8221;button_url&#8221; _module_preset=&#8221;default&#8221; button_text_size=&#8221;16px&#8221; button_text_color=&#8221;#FFFFFF&#8221; button_bg_use_color_gradient=&#8221;on&#8221; button_bg_color_gradient_stops=&#8221;#e39309 0%|#f15959 100%&#8221; button_border_width=&#8221;0px&#8221; button_border_color=&#8221;#FFFFFF&#8221; button_icon_color=&#8221;#FFFFFF&#8221; custom_padding=&#8221;10px|75px|10px|45px|true|false&#8221; hover_enabled=&#8221;0&#8243; locked=&#8221;off&#8221; global_colors_info=&#8221;{}&#8221; button_bg_color__hover=&#8221;#53a018&#8243; button_bg_color__hover_enabled=&#8221;off|hover&#8221; sticky_enabled=&#8221;0&#8243;][\/et_pb_button][\/et_pb_column][et_pb_column type=&#8221;1_3&#8243; _builder_version=&#8221;4.27.0&#8243; _module_preset=&#8221;default&#8221; background_color=&#8221;#FFFFFF&#8221; custom_padding=&#8221;30px|40px|30px|40px|true|true&#8221; border_radii=&#8221;on|20px|20px|20px|20px&#8221; global_colors_info=&#8221;{}&#8221;][et_pb_text _builder_version=&#8221;4.27.0&#8243; _module_preset=&#8221;default&#8221; text_font=&#8221;|700|||||||&#8221; text_text_color=&#8221;#000000&#8243; text_font_size=&#8221;45px&#8221; custom_margin=&#8221;20px||40px||false|false&#8221; locked=&#8221;off&#8221; global_colors_info=&#8221;{}&#8221;]<\/p>\n<p>02<\/p>\n<p>[\/et_pb_text][et_pb_text _builder_version=&#8221;4.27.0&#8243; _module_preset=&#8221;default&#8221; text_font=&#8221;|700|||||||&#8221; text_text_color=&#8221;#111214&#8243; text_font_size=&#8221;22px&#8221; custom_margin=&#8221;||20px||false|false&#8221; custom_padding=&#8221;||||false|false&#8221; global_colors_info=&#8221;{}&#8221;]<\/p>\n<p>Hozz\u00e1f\u00e9r\u00e9s az eredm\u00e9nyekhez<\/p>\n<p>[\/et_pb_text][et_pb_text _builder_version=&#8221;4.27.0&#8243; _module_preset=&#8221;default&#8221; text_text_color=&#8221;#111214&#8243; text_line_height=&#8221;1.8em&#8221; custom_margin=&#8221;0px||||false|false&#8221; custom_padding=&#8221;0px||||false|false&#8221; global_colors_info=&#8221;{}&#8221;]<\/p>\n<p>Az eredm\u00e9nyekhez egyszer\u0171en adja meg banki adatait, \u00e9s k\u00f6vesse a teszt v\u00e9g\u00e9n tal\u00e1lhat\u00f3 utas\u00edt\u00e1sokat.<br \/>Tekintse meg eredm\u00e9nyeit fi\u00f3kj\u00e1ban, vagy kapja meg azokat e-mailben. A tesztet t\u00f6bbsz\u00f6r is elv\u00e9gezheti az el\u0151fizet\u00e9se alatt!<\/p>\n<p>[\/et_pb_text][\/et_pb_column][et_pb_column type=&#8221;1_3&#8243; _builder_version=&#8221;4.27.0&#8243; _module_preset=&#8221;default&#8221; background_color=&#8221;#FFFFFF&#8221; custom_padding=&#8221;30px|40px|30px|40px|true|true&#8221; border_radii=&#8221;on|20px|20px|20px|20px&#8221; global_colors_info=&#8221;{}&#8221;][et_pb_text _builder_version=&#8221;4.27.0&#8243; _module_preset=&#8221;default&#8221; text_font=&#8221;|700|||||||&#8221; text_text_color=&#8221;#000000&#8243; text_font_size=&#8221;45px&#8221; custom_margin=&#8221;20px||40px||false|false&#8221; locked=&#8221;off&#8221; global_colors_info=&#8221;{}&#8221;]<\/p>\n<p>03<\/p>\n<p>[\/et_pb_text][et_pb_text _builder_version=&#8221;4.27.0&#8243; _module_preset=&#8221;default&#8221; text_font=&#8221;|700|||||||&#8221; text_text_color=&#8221;#111214&#8243; text_font_size=&#8221;22px&#8221; custom_margin=&#8221;||20px||false|false&#8221; custom_padding=&#8221;||||false|false&#8221; global_colors_info=&#8221;{}&#8221;]<\/p>\n<p>\u00c9s azt\u00e1n...<\/p>\n<p>[\/et_pb_text][et_pb_text _builder_version=&#8221;4.27.0&#8243; _module_preset=&#8221;default&#8221; text_text_color=&#8221;#111214&#8243; text_line_height=&#8221;1.8em&#8221; custom_margin=&#8221;0px||||false|false&#8221; custom_padding=&#8221;0px||||false|false&#8221; custom_css_free_form=&#8221;selector p {||  padding-bottom:0px;||}||selector p:has(span) {||  margin-left:20px;||}&#8221; global_colors_info=&#8221;{}&#8221;]<\/p>\n<p>K\u00e9t lehet\u0151s\u00e9ge van:<\/p>\n<p><span>Az els\u0151, hogy 24 \u00f3r\u00e1n bel\u00fcl le kell iratkoznia. Ebben az esetben 0,50 \u20ac d\u00edjat sz\u00e1m\u00edtunk fel, \u00e9s ezut\u00e1n m\u00e1r nem tudsz r\u00e9szt venni a tesztel\u00e9sben.<br \/>A m\u00e1sodik lehet\u0151s\u00e9g az el\u0151fizet\u00e9s megtart\u00e1sa. Az els\u0151 24 \u00f3ra eltelt\u00e9vel 47,50 \u20ac-t fogunk megterhelni, \u00edgy egy h\u00f3napig hozz\u00e1f\u00e9rhet a teszthez, \u00e9s annyiszor ism\u00e9telheti meg, ah\u00e1nyszor csak akarja.<\/span><\/p>\n<p>[\/et_pb_text][\/et_pb_column][\/et_pb_row][\/et_pb_section][et_pb_section fb_built=&#8221;1&#8243; admin_label=&#8221;Big Five&#8221; _builder_version=&#8221;4.27.0&#8243; _module_preset=&#8221;default&#8221; background_color=&#8221;#FFFFFF&#8221; width=&#8221;95%&#8221; module_alignment=&#8221;center&#8221; custom_margin=&#8221;50px||||false|false&#8221; custom_padding=&#8221;50px||50px||true|false&#8221; border_radii=&#8221;on|50px|50px|50px|50px&#8221; global_colors_info=&#8221;{}&#8221;][et_pb_row module_class=&#8221;card-row-title&#8221; _builder_version=&#8221;4.27.0&#8243; _module_preset=&#8221;default&#8221; global_colors_info=&#8221;{}&#8221;][et_pb_column type=&#8221;4_4&#8243; _builder_version=&#8221;4.27.0&#8243; _module_preset=&#8221;default&#8221; global_colors_info=&#8221;{}&#8221;][et_pb_text _builder_version=&#8221;4.27.0&#8243; _module_preset=&#8221;default&#8221; width=&#8221;40%&#8221; width_tablet=&#8221;100%&#8221; width_phone=&#8221;100%&#8221; width_last_edited=&#8221;on|tablet&#8221; global_colors_info=&#8221;{}&#8221;]<\/p>\n<h2>A tesztel\u00e9s \u00f6t f\u0151 ter\u00fclete<\/h2>\n<p>[\/et_pb_text][\/et_pb_column][\/et_pb_row][et_pb_row column_structure=\u201d1_5,1_5,1_5,1_5,1_5\u2033 module_id=\u201dcustom-card-row\u201d _builder_version=\u201d4.27.0\u2033 _module_preset=\u201ddefault\u201d horizontal_offset=\u201d-55px\u201d horizontal_offset_tablet=\u201d0px\u201d horizontal_offset_phone=\u201d0px\u201d horizontal_offset_last_edited=\u201don|tablet\u201d position_origin_a_tablet=\u201d\u201d position_origin_a_phone=\u201d\u201d position_origin_a_last_edited=\u201don|desktop\u201d position_origin_f_tablet=\u201d\u201d position_origin_f_phone=\u201d\u201d position_origin_f_last_edited=\u201don|desktop\u201d position_origin_r_tablet=\u201d\u201d position_origin_r_phone=\u201d\u201d position_origin_r_last_edited=\u201don|desktop\u201d positioning_tablet=\u201d\u201d positioning_phone=\u201d\u201d positioning_last_edited=\u201don|tablet\u201d global_colors_info=\u201d{}\u201d custom_css_main_element_last_edited=\u201don|phone\u201d custom_css_main_element_tablet=\u201ddisplay:||flex-direction:row;||justify-content:center;\u201d custom_css_main_element_phone=\u201ddisplay:inherit;\u201d][et_pb_column type=\u201d1_5\u2033 _builder_version=\u201d4.27.0\u2033 _module_preset=\u201ddefault\u201d global_colors_info=\u201d{}\u201d][lwp_divi_flipbox front_background_color=\u201dRGBA(255,255,255,0)\u201d back_body=\u201d\"<\/p>\n<p style=\"%22text-align:\" center; font-size: 20px; padding-bottom: 10px;%22><strong>Nyitotts\u00e1g<\/strong><\/p>\n<p>Jelzi, hogy az adott szem\u00e9ly mennyire nyitott az \u00faj dolgokra \u00e9s tapasztalatokra.<\/p>\n<p><a class=\"%22flip-button%22\" href=\"\/hu\/%22https:\/\/psna1.com\/ouverture-desprit\/%22\/\">Tudjon meg t\u00f6bbet<\/a><\/p>\n<p>&#8221; back_src=&#8221;https:\/\/psna1.com\/wp-content\/uploads\/2024\/10\/Psona_OpenMindless.svg&#8221; back_background_color=&#8221;#FFFFFF&#8221; flip_card_animation=&#8221;flip_left&#8221; flip_card_3d_effect=&#8221;off&#8221; _builder_version=&#8221;4.27.0&#8243; _module_preset=&#8221;default&#8221; front-body_font=&#8221;||||||||&#8221; back-body_text_color=&#8221;#FFFFFF&#8221; back-body_font_size=&#8221;16px&#8221; back-body_line_height=&#8221;30px&#8221; custom_button=&#8221;on&#8221; button_text_size=&#8221;14px&#8221; button_text_color=&#8221;#FFFFFF&#8221; button_bg_color=&#8221;RGBA(255,255,255,0)&#8221; button_border_width=&#8221;1px&#8221; button_border_color=&#8221;#FFFFFF&#8221; button_border_radius=&#8221;999px&#8221; button_font=&#8221;|600|||||||&#8221; button_use_icon=&#8221;off&#8221; module_alignment=&#8221;left&#8221; custom_css_free_form=&#8221;selector .flip_box_front {||  background:center \/ contain no-repeat url(%22https:\/\/psna1.com\/wp-content\/uploads\/2024\/10\/01.svg%22);||}||||selector .flip-button {||  display:block;||  color:white;||  border:1px solid white;||  font-size:14px;||  font-weight:700;||  border-radius:999px;||  width:180px;||  text-align:center;||  margin:0 auto;||  padding:5px 0;||}&#8221; custom_css_flip_box=&#8221;width:18vw;&#8221; custom_css_back_body=&#8221;background:linear-gradient(#E39309,#F15959);||border-radius:20px;||padding:20px 40px;&#8221; custom_css_back_image=&#8221;margin-bottom:0px;&#8221; custom_css_back_button=&#8221;display:none !important;&#8221; border_radii=&#8221;on|20px|20px|20px|20px&#8221; global_colors_info=&#8221;{}&#8221; custom_css_flip_box_last_edited=&#8221;on|tablet&#8221; custom_css_flip_box_phone=&#8221;width:100%;&#8221; custom_css_flip_box_tablet=&#8221;width:100%;&#8221; custom_css_back_body_last_edited=&#8221;on|desktop&#8221; custom_css_back_body_tablet=&#8221;background:linear-gradient(#E39309,#F15959);||border-radius:20px;||padding:20px 30px;&#8221; custom_css_back_body_phone=&#8221;background:linear-gradient(#E39309,#F15959);||border-radius:20px;||padding:20px 30px;&#8221;][\/lwp_divi_flipbox][\/et_pb_column][et_pb_column type=&#8221;1_5&#8243; _builder_version=&#8221;4.27.0&#8243; _module_preset=&#8221;default&#8221; global_colors_info=&#8221;{}&#8221;][lwp_divi_flipbox front_background_color=&#8221;RGBA(255,255,255,0)&#8221; back_body=&#8221;<\/p>\n<p style=\"%22text-align:\" center; font-size: 20px; padding-bottom: 10px;%22><strong>Extraverzi\u00f3<\/strong><\/p>\n<p>Olyan szem\u00e9lyis\u00e9gjegy, amelyet a szocializ\u00e1l\u00f3d\u00e1sra \u00e9s az \u00faj ingerek keres\u00e9s\u00e9re val\u00f3 er\u0151s hajlam jellemez.<\/p>\n<p><a class=\"%22flip-button%22\" href=\"\/hu\/%22https:\/\/psna1.com\/extraversion\/%22\/\">Tudjon meg t\u00f6bbet<\/a><\/p>\n<p>&#8221; back_src=&#8221;https:\/\/psna1.com\/wp-content\/uploads\/2024\/10\/Psona_Extraversion.svg&#8221; back_background_color=&#8221;#FFFFFF&#8221; flip_card_animation=&#8221;flip_left&#8221; flip_card_3d_effect=&#8221;off&#8221; _builder_version=&#8221;4.27.0&#8243; _module_preset=&#8221;default&#8221; front-body_font=&#8221;||||||||&#8221; back-body_text_color=&#8221;#FFFFFF&#8221; back-body_font_size=&#8221;16px&#8221; back-body_line_height=&#8221;30px&#8221; custom_button=&#8221;on&#8221; button_text_size=&#8221;14px&#8221; button_text_color=&#8221;#FFFFFF&#8221; button_bg_color=&#8221;RGBA(255,255,255,0)&#8221; button_border_width=&#8221;1px&#8221; button_border_color=&#8221;#FFFFFF&#8221; button_border_radius=&#8221;999px&#8221; button_font=&#8221;|600|||||||&#8221; button_use_icon=&#8221;off&#8221; module_alignment=&#8221;center&#8221; custom_css_free_form=&#8221;selector .flip_box_front {||  background:center \/ contain no-repeat url(%22https:\/\/psna1.com\/wp-content\/uploads\/2024\/10\/02.svg%22);||}||||selector .flip-button {||  display:block;||  color:white;||  border:1px solid white;||  font-size:14px;||  font-weight:700;||  border-radius:999px;||  width:180px;||  text-align:center;||  margin:0 auto;||  padding:5px 0;||  transition: all 0.3s ease-in-out;||}||||selector .flip-button:hover {||  background:white !important;||  transition: all 0.3s ease-in-out;||  color:#111214 !important;||}&#8221; custom_css_flip_box=&#8221;width:18vw;&#8221; custom_css_back_body=&#8221;background:linear-gradient(#E39309,#F15959);||border-radius:20px;||padding:20px 40px;&#8221; custom_css_back_image=&#8221;margin-bottom:0px;&#8221; custom_css_back_button=&#8221;display:none !important;&#8221; border_radii=&#8221;on|20px|20px|20px|20px&#8221; global_colors_info=&#8221;{}&#8221; custom_css_flip_box_last_edited=&#8221;on|tablet&#8221; custom_css_flip_box_phone=&#8221;width:100%;&#8221; custom_css_flip_box_tablet=&#8221;width:100%;&#8221; custom_css_back_body_last_edited=&#8221;on|desktop&#8221; custom_css_back_body_tablet=&#8221;background:linear-gradient(#E39309,#F15959);||border-radius:20px;||padding:20px 30px;&#8221; custom_css_back_body_phone=&#8221;background:linear-gradient(#E39309,#F15959);||border-radius:20px;||padding:20px 30px;&#8221;][\/lwp_divi_flipbox][\/et_pb_column][et_pb_column type=&#8221;1_5&#8243; _builder_version=&#8221;4.27.0&#8243; _module_preset=&#8221;default&#8221; global_colors_info=&#8221;{}&#8221;][lwp_divi_flipbox front_background_color=&#8221;RGBA(255,255,255,0)&#8221; back_body=&#8221;<\/p>\n<p style=\"%22text-align:\" center; font-size: 20px; padding-bottom: 10px;%22><strong>Szakmai felel\u0151ss\u00e9gtudat<\/strong><\/p>\n<p>Gondoskod\u00e1s a munk\u00e1ban \u00e9s a szakm\u00e1ban.<\/p>\n<p><a class=\"%22flip-button%22\" href=\"\/hu\/%22https:\/\/psna1.com\/sens-des-responsabilites-professionnelles\/%22\/\">Tudjon meg t\u00f6bbet<\/a><\/p>\n<p>&#8221; back_src=&#8221;https:\/\/psna1.com\/wp-content\/uploads\/2024\/10\/Psona_ProfessionalSense.svg&#8221; back_background_color=&#8221;#FFFFFF&#8221; flip_card_animation=&#8221;flip_left&#8221; flip_card_3d_effect=&#8221;off&#8221; _builder_version=&#8221;4.27.0&#8243; _module_preset=&#8221;default&#8221; front-body_font=&#8221;||||||||&#8221; back-body_text_color=&#8221;#FFFFFF&#8221; back-body_font_size=&#8221;16px&#8221; back-body_line_height=&#8221;30px&#8221; custom_button=&#8221;on&#8221; button_text_size=&#8221;14px&#8221; button_text_color=&#8221;#FFFFFF&#8221; button_bg_color=&#8221;RGBA(255,255,255,0)&#8221; button_border_width=&#8221;1px&#8221; button_border_color=&#8221;#FFFFFF&#8221; button_border_radius=&#8221;999px&#8221; button_font=&#8221;|600|||||||&#8221; button_use_icon=&#8221;off&#8221; module_alignment=&#8221;center&#8221; custom_css_free_form=&#8221;selector .flip_box_front {||  background:center \/ contain no-repeat url(%22https:\/\/psna1.com\/wp-content\/uploads\/2024\/10\/03.svg%22);||}||||selector .flip-button {||  display:block;||  color:white;||  border:1px solid white;||  font-size:14px;||  font-weight:700;||  border-radius:999px;||  width:180px;||  text-align:center;||  margin:0 auto;||  padding:5px 0;||}&#8221; custom_css_flip_box=&#8221;width:18vw;&#8221; custom_css_back_body=&#8221;background:linear-gradient(#E39309,#F15959);||border-radius:20px;||padding:20px 40px;&#8221; custom_css_back_image=&#8221;margin-bottom:0px;&#8221; custom_css_back_button=&#8221;display:none !important;&#8221; border_radii=&#8221;on|20px|20px|20px|20px&#8221; global_colors_info=&#8221;{}&#8221; custom_css_flip_box_last_edited=&#8221;on|tablet&#8221; custom_css_flip_box_phone=&#8221;width:100%;&#8221; custom_css_flip_box_tablet=&#8221;width:100%;&#8221; custom_css_back_body_last_edited=&#8221;on|desktop&#8221; custom_css_back_body_tablet=&#8221;background:linear-gradient(#E39309,#F15959);||border-radius:20px;||padding:20px 30px;&#8221; custom_css_back_body_phone=&#8221;background:linear-gradient(#E39309,#F15959);||border-radius:20px;||padding:20px 30px;&#8221;][\/lwp_divi_flipbox][\/et_pb_column][et_pb_column type=&#8221;1_5&#8243; _builder_version=&#8221;4.27.0&#8243; _module_preset=&#8221;default&#8221; global_colors_info=&#8221;{}&#8221;][lwp_divi_flipbox front_background_color=&#8221;RGBA(255,255,255,0)&#8221; back_body=&#8221;<\/p>\n<p style=\"%22text-align:\" center; font-size: 20px; padding-bottom: 10px;%22><strong>Szociabilit\u00e1s<\/strong><\/p>\n<p>A szociabilit\u00e1s a csapatszellemet, a t\u00e1rsas \u00e9rintkez\u00e9st \u00e9s a m\u00e1sokkal val\u00f3 j\u00f3 kij\u00f6v\u00e9s k\u00e9pess\u00e9g\u00e9t m\u00e9ri.<\/p>\n<p><a class=\"%22flip-button%22\" href=\"\/hu\/%22https:\/\/psna1.com\/sociabilite\/%22\/\">Tudjon meg t\u00f6bbet<\/a><\/p>\n<p>&#8221; back_src=&#8221;https:\/\/psna1.com\/wp-content\/uploads\/2024\/10\/Psona_Neuroticism.svg&#8221; back_background_color=&#8221;#FFFFFF&#8221; flip_card_animation=&#8221;flip_left&#8221; flip_card_3d_effect=&#8221;off&#8221; _builder_version=&#8221;4.27.0&#8243; _module_preset=&#8221;default&#8221; front-body_font=&#8221;||||||||&#8221; back-body_text_color=&#8221;#FFFFFF&#8221; back-body_font_size=&#8221;16px&#8221; back-body_line_height=&#8221;30px&#8221; custom_button=&#8221;on&#8221; button_text_size=&#8221;14px&#8221; button_text_color=&#8221;#FFFFFF&#8221; button_bg_color=&#8221;RGBA(255,255,255,0)&#8221; button_border_width=&#8221;1px&#8221; button_border_color=&#8221;#FFFFFF&#8221; button_border_radius=&#8221;999px&#8221; button_font=&#8221;|600|||||||&#8221; button_use_icon=&#8221;off&#8221; module_alignment=&#8221;center&#8221; custom_css_free_form=&#8221;selector .flip_box_front {||  background:center \/ contain no-repeat url(%22https:\/\/psna1.com\/wp-content\/uploads\/2024\/10\/04.svg%22);||}||||selector .flip-button {||  display:block;||  color:white;||  border:1px solid white;||  font-size:14px;||  font-weight:700;||  border-radius:999px;||  width:180px;||  text-align:center;||  margin:0 auto;||  padding:5px 0;||}&#8221; custom_css_flip_box=&#8221;width:18vw;&#8221; custom_css_back_body=&#8221;background:linear-gradient(#E39309,#F15959);||border-radius:20px;||padding:20px 40px;&#8221; custom_css_back_image=&#8221;margin-bottom:0px;&#8221; custom_css_back_button=&#8221;display:none !important;&#8221; border_radii=&#8221;on|20px|20px|20px|20px&#8221; global_colors_info=&#8221;{}&#8221; custom_css_flip_box_last_edited=&#8221;on|tablet&#8221; custom_css_flip_box_phone=&#8221;width:100%;&#8221; custom_css_flip_box_tablet=&#8221;width:100%;&#8221; custom_css_back_body_last_edited=&#8221;on|phone&#8221; custom_css_back_body_tablet=&#8221;background:linear-gradient(#E39309,#F15959);||border-radius:20px;||padding:20px 30px;&#8221; custom_css_back_body_phone=&#8221;background:linear-gradient(#E39309,#F15959);||border-radius:20px;||padding:20px 30px;&#8221;][\/lwp_divi_flipbox][\/et_pb_column][et_pb_column type=&#8221;1_5&#8243; _builder_version=&#8221;4.27.0&#8243; _module_preset=&#8221;default&#8221; global_colors_info=&#8221;{}&#8221;][lwp_divi_flipbox front_background_color=&#8221;RGBA(255,255,255,0)&#8221; back_body=&#8221;<\/p>\n<p style=\"%22text-align:\" center; font-size: 20px; padding-bottom: 10px;%22><strong>Neuroticizmus<\/strong><\/p>\n<p>A magas neuroticizmus-szint\u0171 szem\u00e9ly hajlamos negat\u00edv \u00e9rzelmeket \u00e9rezni.<\/p>\n<p><a class=\"%22flip-button%22\" href=\"\/hu\/%22https:\/\/psna1.com\/nevrotisme\/%22\/\">Tudjon meg t\u00f6bbet<\/a><\/p>\n<p>&#8221; back_src=&#8221;https:\/\/psna1.com\/wp-content\/uploads\/2024\/10\/Psona_Sociability.svg&#8221; back_background_color=&#8221;#FFFFFF&#8221; flip_card_animation=&#8221;flip_left&#8221; flip_card_3d_effect=&#8221;off&#8221; _builder_version=&#8221;4.27.0&#8243; _module_preset=&#8221;default&#8221; front-body_font=&#8221;||||||||&#8221; back-body_text_color=&#8221;#FFFFFF&#8221; back-body_font_size=&#8221;16px&#8221; back-body_line_height=&#8221;30px&#8221; custom_button=&#8221;on&#8221; button_text_size=&#8221;14px&#8221; button_text_color=&#8221;#FFFFFF&#8221; button_bg_color=&#8221;RGBA(255,255,255,0)&#8221; button_border_width=&#8221;1px&#8221; button_border_color=&#8221;#FFFFFF&#8221; button_border_radius=&#8221;999px&#8221; button_font=&#8221;|600|||||||&#8221; button_use_icon=&#8221;off&#8221; module_alignment=&#8221;center&#8221; custom_css_free_form=&#8221;selector .flip_box_front {||  background:center \/ contain no-repeat url(%22https:\/\/psna1.com\/wp-content\/uploads\/2024\/10\/05.svg%22);||}||||selector .flip-button {||  display:block;||  color:white;||  border:1px solid white;||  font-size:14px;||  font-weight:700;||  border-radius:999px;||  width:180px;||  text-align:center;||  margin:0 auto;||  padding:5px 0;||}||||&#8221; custom_css_flip_box=&#8221;width:18vw;||&#8221; custom_css_back_body=&#8221;background:linear-gradient(#E39309,#F15959);||border-radius:20px;||padding:20px 40px;&#8221; custom_css_back_image=&#8221;margin-bottom:0px;&#8221; custom_css_back_button=&#8221;display:none !important;&#8221; border_radii=&#8221;on|20px|20px|20px|20px&#8221; global_colors_info=&#8221;{}&#8221; custom_css_flip_box_last_edited=&#8221;on|tablet&#8221; custom_css_flip_box_phone=&#8221;width:100%;&#8221; custom_css_flip_box_tablet=&#8221;width:100%;&#8221; custom_css_back_body_last_edited=&#8221;on|phone&#8221; custom_css_back_body_tablet=&#8221;background:linear-gradient(#E39309,#F15959);||border-radius:20px;||padding:20px 30px;&#8221; custom_css_back_body_phone=&#8221;background:linear-gradient(#E39309,#F15959);||border-radius:20px;||padding:20px 30px;&#8221;][\/lwp_divi_flipbox][\/et_pb_column][\/et_pb_row][\/et_pb_section]<\/p>","protected":false},"excerpt":{"rendered":"<p>Comment \u00e7a marche ? 01Effectuer le testNotre objectif est de garantir la fiabilit\u00e9 et l&#8217;exhaustivit\u00e9 maximales de ce test. Pour cela, veuillez r\u00e9pondre aux questions avec honn\u00eatet\u00e9 et \u00e9viter autant que possible les r\u00e9ponses neutres. Votre engagement dans les r\u00e9ponses permettra d&#8217;obtenir des r\u00e9sultats plus pr\u00e9cis.02Acc\u00e9der \u00e0 vos r\u00e9sultatsPour vos r\u00e9sultats, il vous faudra simplement [&hellip;]<\/p>","protected":false},"author":1,"featured_media":0,"parent":0,"menu_order":0,"comment_status":"closed","ping_status":"closed","template":"","meta":{"_et_pb_use_builder":"on","_et_pb_old_content":"<!-- wp:divi\/placeholder \/-->","_et_gb_content_width":"","inline_featured_image":false,"footnotes":""},"class_list":["post-142","page","type-page","status-publish","hentry"],"_links":{"self":[{"href":"https:\/\/psna1.com\/hu\/wp-json\/wp\/v2\/pages\/142","targetHints":{"allow":["GET"]}}],"collection":[{"href":"https:\/\/psna1.com\/hu\/wp-json\/wp\/v2\/pages"}],"about":[{"href":"https:\/\/psna1.com\/hu\/wp-json\/wp\/v2\/types\/page"}],"author":[{"embeddable":true,"href":"https:\/\/psna1.com\/hu\/wp-json\/wp\/v2\/users\/1"}],"replies":[{"embeddable":true,"href":"https:\/\/psna1.com\/hu\/wp-json\/wp\/v2\/comments?post=142"}],"version-history":[{"count":10,"href":"https:\/\/psna1.com\/hu\/wp-json\/wp\/v2\/pages\/142\/revisions"}],"predecessor-version":[{"id":916,"href":"https:\/\/psna1.com\/hu\/wp-json\/wp\/v2\/pages\/142\/revisions\/916"}],"wp:attachment":[{"href":"https:\/\/psna1.com\/hu\/wp-json\/wp\/v2\/media?parent=142"}],"curies":[{"name":"wp","href":"https:\/\/api.w.org\/{rel}","templated":true}]}}