{"id":138,"date":"2024-09-05T10:22:57","date_gmt":"2024-09-05T10:22:57","guid":{"rendered":"https:\/\/psona.io\/?page_id=138"},"modified":"2024-10-03T13:19:29","modified_gmt":"2024-10-03T13:19:29","slug":"a-propos","status":"publish","type":"page","link":"https:\/\/psna1.com\/hu\/a-propos\/","title":{"rendered":"R\u00f3lunk"},"content":{"rendered":"<p>[et_pb_section fb_built=&#8221;1&#8243; custom_padding_last_edited=&#8221;on|tablet&#8221; admin_label=&#8221;Header&#8221; _builder_version=&#8221;4.27.0&#8243; custom_margin=&#8221;0px||0px||true|false&#8221; custom_padding=&#8221;0px||0px||true|false&#8221; custom_padding_tablet=&#8221;||||true|false&#8221; custom_padding_phone=&#8221;||||true|false&#8221; custom_css_before=&#8221;content:%22%22;||display:block;||position:absolute;||width:900px;||height:700px;||background:url(&#8216;https:\/\/psna1.com\/wp-content\/uploads\/2024\/10\/Groupe-425.svg&#8217;);||background-size:cover;||background-repeat:no-repeat;||bottom:150px;||left:135px;&#8221; locked=&#8221;off&#8221; global_colors_info=&#8221;{}&#8221; custom_css_before_last_edited=&#8221;on|phone&#8221; custom_css_before_tablet=&#8221;content:%22%22;||display:block;||position:absolute;||width:900px;||height:700px;||background:url(&#8216;https:\/\/psna1.com\/wp-content\/uploads\/2024\/10\/Groupe-425.svg&#8217;);||background-size:cover;||background-repeat:no-repeat;||bottom:10px;||left:-200px;&#8221; custom_css_before_phone=&#8221;display:none;&#8221;][et_pb_row column_structure=&#8221;1_2,1_2&#8243; use_custom_gutter=&#8221;on&#8221; gutter_width=&#8221;1&#8243; custom_padding_last_edited=&#8221;on|phone&#8221; _builder_version=&#8221;4.27.0&#8243; background_color=&#8221;RGBA(255,255,255,0)&#8221; background_size=&#8221;initial&#8221; background_position=&#8221;top_left&#8221; background_repeat=&#8221;repeat&#8221; width=&#8221;95%&#8221; custom_margin=&#8221;||||true|false&#8221; custom_padding=&#8221;150px||150px||true|true&#8221; custom_padding_tablet=&#8221;80px||80px||true|false&#8221; custom_padding_phone=&#8221;60px||60px||true|false&#8221; border_radii=&#8221;on|50px|50px|50px|50px&#8221; global_colors_info=&#8221;{}&#8221;][et_pb_column type=&#8221;1_2&#8243; _builder_version=&#8221;4.27.0&#8243; custom_padding=&#8221;|||&#8221; global_colors_info=&#8221;{}&#8221; custom_padding__hover=&#8221;|||&#8221; custom_css_main_element_last_edited=&#8221;on|phone&#8221;][et_pb_text module_class=&#8221;title-header&#8221; _builder_version=&#8221;4.27.0&#8243; background_size=&#8221;initial&#8221; background_position=&#8221;top_left&#8221; background_repeat=&#8221;repeat&#8221; width=&#8221;72%&#8221; width_tablet=&#8221;70%&#8221; width_phone=&#8221;68.5%&#8221; width_last_edited=&#8221;on|tablet&#8221; module_alignment=&#8221;center&#8221; custom_margin=&#8221;0px||0px||false|false&#8221; custom_margin_tablet=&#8221;0px||0px||false|false&#8221; custom_margin_phone=&#8221;0px||0px||false|false&#8221; custom_margin_last_edited=&#8221;on|tablet&#8221; custom_padding=&#8221;0px||0px||true|false&#8221; header_font_size_tablet=&#8221;50px&#8221; header_font_size_phone=&#8221;40px&#8221; global_colors_info=&#8221;{}&#8221;]<\/p>\n<h1>R\u00f3lunk<\/h1>\n<p><!-- \/divi:paragraph --><\/p>\n<p>[\/et_pb_text][\/et_pb_column][et_pb_column type=&#8221;1_2&#8243; _builder_version=&#8221;4.27.0&#8243; custom_padding=&#8221;|||&#8221; global_colors_info=&#8221;{}&#8221; custom_padding__hover=&#8221;|||&#8221; custom_css_main_element_last_edited=&#8221;on|phone&#8221;][et_pb_text _builder_version=&#8221;4.27.0&#8243; _module_preset=&#8221;default&#8221; header_4_font=&#8221;|700|||||||&#8221; header_4_text_color=&#8221;#000000&#8243; header_4_font_size=&#8221;20px&#8221; background_color=&#8221;#FFFFFF&#8221; width=&#8221;80%&#8221; width_tablet=&#8221;70%&#8221; width_phone=&#8221;80%&#8221; width_last_edited=&#8221;on|tablet&#8221; custom_margin_tablet=&#8221;50px||||false|false&#8221; custom_margin_phone=&#8221;50px||||false|false&#8221; custom_margin_last_edited=&#8221;on|tablet&#8221; custom_padding=&#8221;30px|40px|30px|40px|true|true&#8221; module_alignment_tablet=&#8221;center&#8221; module_alignment_phone=&#8221;center&#8221; module_alignment_last_edited=&#8221;on|tablet&#8221; custom_css_free_form=&#8221;selector h4 {||  margin-bottom:5px;||}&#8221; border_radii=&#8221;on|20px|20px|20px|20px&#8221; global_colors_info=&#8221;{}&#8221;]<\/p>\n<p><img loading=\"lazy\" decoding=\"async\" src=\"https:\/\/psna1.com\/wp-content\/uploads\/2024\/10\/Groupe-416.svg\" width=\"70\" height=\"70\" alt=\"\" class=\"wp-image-810 alignleft size-thumbnail\" \/><\/p>\n<h4><\/h4>\n<p>&nbsp;<\/p>\n<h4>30 k\u00e9rd\u00e9s<\/h4>\n<p>N\u00e9h\u00e1ny perc alatt minden l\u00e9nyeges szempontot lefed\u00fcnk, hogy szem\u00e9lyis\u00e9g\u00e9nek m\u00e9lyrehat\u00f3 elemz\u00e9s\u00e9t elv\u00e9gezhess\u00fck.<\/p>\n<p>[\/et_pb_text][et_pb_text _builder_version=&#8221;4.27.0&#8243; _module_preset=&#8221;default&#8221; header_4_font=&#8221;|700|||||||&#8221; header_4_text_color=&#8221;#000000&#8243; header_4_font_size=&#8221;20px&#8221; background_color=&#8221;#FFFFFF&#8221; width=&#8221;80%&#8221; width_tablet=&#8221;70%&#8221; width_phone=&#8221;80%&#8221; width_last_edited=&#8221;on|tablet&#8221; custom_margin=&#8221;30px||||false|false&#8221; custom_margin_tablet=&#8221;50px||||false|false&#8221; custom_margin_phone=&#8221;50px||||false|false&#8221; custom_margin_last_edited=&#8221;on|tablet&#8221; custom_padding=&#8221;30px|40px|30px|40px|true|true&#8221; module_alignment_tablet=&#8221;center&#8221; module_alignment_phone=&#8221;center&#8221; module_alignment_last_edited=&#8221;on|tablet&#8221; custom_css_free_form=&#8221;selector h4 {||  margin-bottom:5px;||}&#8221; border_radii=&#8221;on|20px|20px|20px|20px&#8221; global_colors_info=&#8221;{}&#8221;]<\/p>\n<p><img loading=\"lazy\" decoding=\"async\" src=\"https:\/\/psna1.com\/wp-content\/uploads\/2024\/10\/Groupe-418.svg\" width=\"50\" height=\"50\" alt=\"\" class=\"wp-image-811 alignnone size-thumbnail\" \/><\/p>\n<h4>Tudom\u00e1nyosan elismert<\/h4>\n<p>Szem\u00e9lyis\u00e9gtesztjeink pontos \u00e9s megb\u00edzhat\u00f3 eredm\u00e9nyeket ny\u00fajtanak. Vezet\u0151 pszichol\u00f3gusok, k\u00f6zt\u00fck Lewis Goldberg, Costa \u00e9s McCrae valid\u00e1lt\u00e1k \u0151ket.<\/p>\n<p>[\/et_pb_text][et_pb_text _builder_version=&#8221;4.27.0&#8243; _module_preset=&#8221;default&#8221; header_4_font=&#8221;|700|||||||&#8221; header_4_text_color=&#8221;#000000&#8243; header_4_font_size=&#8221;20px&#8221; background_color=&#8221;#FFFFFF&#8221; width=&#8221;80%&#8221; width_tablet=&#8221;70%&#8221; width_phone=&#8221;80%&#8221; width_last_edited=&#8221;on|tablet&#8221; custom_margin=&#8221;30px||||false|false&#8221; custom_margin_tablet=&#8221;50px||||false|false&#8221; custom_margin_phone=&#8221;50px||||false|false&#8221; custom_margin_last_edited=&#8221;on|tablet&#8221; custom_padding=&#8221;30px|40px|30px|40px|true|true&#8221; module_alignment_tablet=&#8221;center&#8221; module_alignment_phone=&#8221;center&#8221; module_alignment_last_edited=&#8221;on|tablet&#8221; custom_css_free_form=&#8221;selector h4 {||  margin-bottom:5px;||}&#8221; border_radii=&#8221;on|20px|20px|20px|20px&#8221; global_colors_info=&#8221;{}&#8221;]<\/p>\n<p><img loading=\"lazy\" decoding=\"async\" src=\"https:\/\/psna1.com\/wp-content\/uploads\/2024\/10\/Groupe-420.svg\" width=\"60\" height=\"60\" alt=\"\" class=\"wp-image-812 alignnone size-thumbnail\" \/><\/p>\n<h4>Azonnali eredm\u00e9nyek<\/h4>\n<p>A teszt elv\u00e9gz\u00e9se ut\u00e1n azonnal megkapja az eredm\u00e9nyeket.<\/p>\n<p>[\/et_pb_text][\/et_pb_column][\/et_pb_row][\/et_pb_section][et_pb_section fb_built=&#8221;1&#8243; admin_label=&#8221;The project&#8221; _builder_version=&#8221;4.27.0&#8243; _module_preset=&#8221;default&#8221; custom_margin=&#8221;0px||0px||true|false&#8221; custom_padding=&#8221;0px||0px||true|false&#8221; global_colors_info=&#8221;{}&#8221;][et_pb_row column_structure=&#8221;2_5,3_5&#8243; make_equal=&#8221;on&#8221; _builder_version=&#8221;4.27.0&#8243; _module_preset=&#8221;default&#8221; width=&#8221;68.5%&#8221; global_colors_info=&#8221;{}&#8221;][et_pb_column type=&#8221;2_5&#8243; _builder_version=&#8221;4.27.0&#8243; _module_preset=&#8221;default&#8221; global_colors_info=&#8221;{}&#8221;][et_pb_image src=&#8221;https:\/\/psna1.com\/wp-content\/uploads\/2024\/10\/Groupe-432.svg&#8221; title_text=&#8221;Groupe 432&#8243; _builder_version=&#8221;4.27.0&#8243; _module_preset=&#8221;default&#8221; global_colors_info=&#8221;{}&#8221;][\/et_pb_image][\/et_pb_column][et_pb_column type=&#8221;3_5&#8243; _builder_version=&#8221;4.27.0&#8243; _module_preset=&#8221;default&#8221; custom_css_main_element=&#8221;display:flex;||flex-direction:column;||justify-content:center;||&#8221; global_colors_info=&#8221;{}&#8221;][et_pb_text _builder_version=&#8221;4.27.0&#8243; _module_preset=&#8221;default&#8221; header_5_font=&#8221;|600||on|||||&#8221; header_5_text_color=&#8221;#16171a&#8221; header_5_font_size=&#8221;18px&#8221; header_5_letter_spacing=&#8221;1px&#8221; custom_margin=&#8221;||0px||false|false&#8221; custom_padding=&#8221;||0px||false|false&#8221; locked=&#8221;off&#8221; global_colors_info=&#8221;{}&#8221;]<\/p>\n<h5>A szem\u00e9lyis\u00e9gek tanulm\u00e1nyoz\u00e1s\u00e1hoz<\/h5>\n<p>[\/et_pb_text][et_pb_text _builder_version=&#8221;4.27.0&#8243; _module_preset=&#8221;default&#8221; header_2_text_color=&#8221;#000000&#8243; custom_margin=&#8221;||0px||false|false&#8221; custom_padding=&#8221;||0px||false|false&#8221; locked=&#8221;off&#8221; global_colors_info=&#8221;{}&#8221;]<\/p>\n<h2>A projekt<\/h2>\n<p>[\/et_pb_text][et_pb_text _builder_version=&#8221;4.27.0&#8243; _module_preset=&#8221;default&#8221; text_line_height=&#8221;1.8em&#8221; width=&#8221;100%&#8221; width_tablet=&#8221;75%&#8221; width_phone=&#8221;100%&#8221; width_last_edited=&#8221;on|desktop&#8221; custom_margin=&#8221;0px||||false|false&#8221; custom_padding=&#8221;0px||||false|false&#8221; global_colors_info=&#8221;{}&#8221;]<\/p>\n<p>A projekt c\u00e9lja, hogy \u00d6n szem\u00e9lyis\u00e9g\u00e9nek pontos elemz\u00e9s\u00e9t ny\u00fajtsa, kiemelve az er\u0151ss\u00e9geit \u00e9s a fejlesztend\u0151 ter\u00fcleteket, hogy jobban meg\u00e9rtse \u00f6nmag\u00e1t \u00e9s felvil\u00e1gosultan fejlessze szem\u00e9lyis\u00e9g\u00e9t. A v\u00e1llalati toborz\u00e1s sor\u00e1n is haszn\u00e1lhat\u00f3 a jel\u00f6ltek gyors \u00e9s hat\u00e9kony \u00e9rt\u00e9kel\u00e9s\u00e9re.<\/p>\n<p>A teszt \u00f6t alapvet\u0151 pszichol\u00f3giai alapelvre \u00e9p\u00fcl, amelyek meghat\u00e1rozz\u00e1k az ember szem\u00e9lyis\u00e9g\u00e9t, \u00e9s tudom\u00e1nyosan valid\u00e1lt, ami garant\u00e1lja a megb\u00edzhat\u00f3s\u00e1got \u00e9s hiteless\u00e9get.<\/p>\n<p>[\/et_pb_text][\/et_pb_column][\/et_pb_row][\/et_pb_section][et_pb_section fb_built=&#8221;1&#8243; custom_padding_last_edited=&#8221;on|phone&#8221; admin_label=&#8221;The Company&#8221; _builder_version=&#8221;4.27.0&#8243; _module_preset=&#8221;default&#8221; custom_margin_tablet=&#8221;&#8221; custom_margin_phone=&#8221;||0px||false|false&#8221; custom_margin_last_edited=&#8221;on|phone&#8221; custom_padding_tablet=&#8221;&#8221; custom_padding_phone=&#8221;||10px||false|false&#8221; global_colors_info=&#8221;{}&#8221;][et_pb_row column_structure=&#8221;2_3,1_3&#8243; use_custom_gutter=&#8221;on&#8221; gutter_width=&#8221;1&#8243; make_equal=&#8221;on&#8221; module_class=&#8221;about-us-row&#8221; _builder_version=&#8221;4.27.0&#8243; _module_preset=&#8221;default&#8221; width=&#8221;68.5%&#8221; global_colors_info=&#8221;{}&#8221;][et_pb_column type=&#8221;2_3&#8243; module_class=&#8221;col-right&#8221; _builder_version=&#8221;4.27.0&#8243; _module_preset=&#8221;default&#8221; global_colors_info=&#8221;{}&#8221;][et_pb_text _builder_version=&#8221;4.27.0&#8243; _module_preset=&#8221;default&#8221; text_line_height=&#8221;1.8em&#8221; header_4_font=&#8221;|700|||||||&#8221; header_4_text_color=&#8221;#034833&#8243; header_4_font_size=&#8221;20px&#8221; background_color=&#8221;#FFFFFF&#8221; width_tablet=&#8221;100%&#8221; width_phone=&#8221;100%&#8221; width_last_edited=&#8221;on|desktop&#8221; custom_margin=&#8221;0px||0px||true|false&#8221; custom_padding=&#8221;60px|60px|60px|60px|true|true&#8221; custom_padding_tablet=&#8221;60px|60px|60px|60px|true|true&#8221; custom_padding_phone=&#8221;|30px||30px|true|true&#8221; custom_padding_last_edited=&#8221;on|phone&#8221; border_radii=&#8221;on|20px|20px|20px|20px&#8221; global_colors_info=&#8221;{}&#8221;]<\/p>\n<h4>A v\u00e1llalat<\/h4>\n<p>Elk\u00f6telezettek vagyunk amellett, hogy magas sz\u00ednvonal\u00fa szolg\u00e1ltat\u00e1st ny\u00fajtsunk \u00d6nnek, mind a tesztek tartalma, mind a felhaszn\u00e1l\u00f3i \u00e9lm\u00e9ny tekintet\u00e9ben. C\u00e9lunk, hogy t\u00e1mogassuk \u00d6nt a szem\u00e9lyes fejl\u0151d\u00e9s\u00e9ben vagy a felv\u00e9teli folyamatokban. K\u00e9rj\u00fck, ne habozzon kapcsolatba l\u00e9pni vel\u00fcnk, ha b\u00e1rmilyen k\u00e9rd\u00e9se van.<\/p>\n<p><a class=\"contact-btn\" href=\"https:\/\/psna1.com\/hu\/contact\/\">Kapcsolatfelv\u00e9tel<\/a><\/p>\n<p>[\/et_pb_text][et_pb_text _builder_version=&#8221;4.27.0&#8243; _module_preset=&#8221;default&#8221; width=&#8221;100%&#8221; global_colors_info=&#8221;{}&#8221;]<\/p>\n<div class=\"about-row\">\n<div class=\"values\">\n<p><span class=\"title\">\u00c9rt\u00e9keink<\/span><\/p>\n<ul>\n<li>Bizalom<\/li>\n<li>Megb\u00edzhat\u00f3s\u00e1g<\/li>\n<li>Teljes\u00edtm\u00e9ny\u00a0<\/li>\n<\/ul>\n<\/div>\n<div class=\"experiences\">\n<p><span class=\"title\">Tapasztalataink<\/span><\/p>\n<ul>\n<li>T\u00f6bb mint 100 000 elv\u00e9gzett vizsg\u00e1lat<\/li>\n<li>Tan\u00fas\u00edtott eg\u00e9szs\u00e9g\u00fcgyi szakemberek t\u00e1mogat\u00e1sa<\/li>\n<li>Valamennyi vizsg\u00e1lat tan\u00fas\u00edt\u00e1sa<\/li>\n<\/ul>\n<\/div>\n<\/div>\n<p>[\/et_pb_text][\/et_pb_column][et_pb_column type=&#8221;1_3&#8243; module_class=&#8221;col-left&#8221; disabled_on=&#8221;on|on|off&#8221; _builder_version=&#8221;4.27.0&#8243; _module_preset=&#8221;default&#8221; custom_padding_tablet=&#8221;||40px||false|false&#8221; custom_padding_phone=&#8221;||40px||false|false&#8221; custom_padding_last_edited=&#8221;on|tablet&#8221; global_colors_info=&#8221;{}&#8221; custom_css_main_element_last_edited=&#8221;on|tablet&#8221;][et_pb_image src=&#8221;https:\/\/psna1.com\/wp-content\/uploads\/2024\/10\/Image-About.svg&#8221; title_text=&#8221;Image-About&#8221; _builder_version=&#8221;4.27.0&#8243; _module_preset=&#8221;default&#8221; global_colors_info=&#8221;{}&#8221;][\/et_pb_image][\/et_pb_column][\/et_pb_row][\/et_pb_section][et_pb_section fb_built=&#8221;1&#8243; admin_label=&#8221;Test&#8221; _builder_version=&#8221;4.27.0&#8243; _module_preset=&#8221;default&#8221; custom_margin=&#8221;0px||0px||true|false&#8221; custom_padding=&#8221;30px||30px||true|false&#8221; locked=&#8221;off&#8221; global_colors_info=&#8221;{}&#8221;][et_pb_row column_structure=&#8221;1_2,1_2&#8243; module_class=&#8221;test-row&#8221; _builder_version=&#8221;4.27.0&#8243; _module_preset=&#8221;default&#8221; width=&#8221;75%&#8221; global_colors_info=&#8221;{}&#8221;][et_pb_column type=&#8221;1_2&#8243; module_class=&#8221;image-col&#8221; _builder_version=&#8221;4.27.0&#8243; _module_preset=&#8221;default&#8221; global_colors_info=&#8221;{}&#8221;][et_pb_image src=&#8221;https:\/\/psna1.com\/wp-content\/uploads\/2024\/10\/image-dfdf.svg&#8221; title_text=&#8221;image-dfdf&#8221; align=&#8221;center&#8221; _builder_version=&#8221;4.27.0&#8243; _module_preset=&#8221;default&#8221; width_tablet=&#8221;75%&#8221; width_phone=&#8221;95%&#8221; width_last_edited=&#8221;on|tablet&#8221; module_alignment_tablet=&#8221;left&#8221; module_alignment_phone=&#8221;left&#8221; module_alignment_last_edited=&#8221;on|tablet&#8221; global_colors_info=&#8221;{}&#8221;][\/et_pb_image][\/et_pb_column][et_pb_column type=&#8221;1_2&#8243; _builder_version=&#8221;4.27.0&#8243; _module_preset=&#8221;default&#8221; global_colors_info=&#8221;{}&#8221;][et_pb_text _builder_version=&#8221;4.27.0&#8243; _module_preset=&#8221;default&#8221; custom_margin=&#8221;0px||20px||false|false&#8221; custom_margin_tablet=&#8221;0px||20px||false|false&#8221; custom_margin_phone=&#8221;0px||20px||false|false&#8221; custom_margin_last_edited=&#8221;on|tablet&#8221; custom_padding=&#8221;||0px||false|false&#8221; global_colors_info=&#8221;{}&#8221;]<\/p>\n<h2>A teszt\u00fcnk<\/h2>\n<p>[\/et_pb_text][et_pb_text _builder_version=\u201d4.27.0\u2033 _module_preset=\u201ddefault\u201d custom_css_free_form=\u201dselector li::marker {||| color:#E39309;|||}||selector li {|| margin-left:20px;|||}\u201d global_colors_info=\u201d{}\u201d]<\/p>\n<p>A teszt c\u00e9lja, hogy pontos k\u00e9pet kapjon szem\u00e9lyis\u00e9g\u00e9r\u0151l, er\u0151ss\u00e9geir\u0151l \u00e9s gyenges\u00e9geir\u0151l, hogy jobban meg\u00e9rtse \u00f6nmag\u00e1t, \u00e9s el\u0151rehaladhasson a v\u00e1lasztott ter\u00fcleten.<\/p>\n<p>\u00d6t kulcsfontoss\u00e1g\u00fa ter\u00fclet k\u00f6r\u00e9 \u00e9p\u00fcl:<\/p>\n<ul>\n<li>Szociabilit\u00e1s<\/li>\n<li>Szakmai felel\u0151ss\u00e9gtudat<\/li>\n<li>Extraverzi\u00f3<\/li>\n<li>Nyitotts\u00e1g<\/li>\n<li>Neuroticizmus\/term\u00e9szetes reakci\u00f3k<\/li>\n<\/ul>\n<p><strong><span style=\"text-decoration: underline; text-underline-offset: 5px;\">Pr\u00e9mium el\u0151fizet\u0151k sz\u00e1m\u00e1ra :<\/span><\/strong><\/p>\n<p><span><\/span><\/p>\n<div>\n<ul>\n<li>Hozz\u00e1f\u00e9r\u00e9s a 30-t\u00f3l 180 k\u00e9rd\u00e9sig terjed\u0151 exkluz\u00edv, m\u00e9lyrehat\u00f3 tesztekhez.<\/li>\n<li>Hozz\u00e1f\u00e9r\u00e9s az eredm\u00e9nyek teljes el\u0151zm\u00e9nyeihez a \"Saj\u00e1t fi\u00f3k\" ter\u00fcleten.<\/li>\n<li>Tesztjeink korl\u00e1tlan haszn\u00e1lata.<\/li>\n<\/ul>\n<\/div>\n<p>[\/et_pb_text][et_pb_button button_url=&#8221;@ET-DC@eyJkeW5hbWljIjp0cnVlLCJjb250ZW50IjoicG9zdF9saW5rX3VybF9wYWdlIiwic2V0dGluZ3MiOnsicG9zdF9pZCI6IjE0MiJ9fQ==@&#8221; button_text=&#8221;Comment \u00e7a marche&#8221; module_class=&#8221;green-btn&#8221; _builder_version=&#8221;4.27.0&#8243; _dynamic_attributes=&#8221;button_url&#8221; _module_preset=&#8221;default&#8221; button_text_size=&#8221;16px&#8221; button_text_color=&#8221;#FFFFFF&#8221; button_bg_use_color_gradient=&#8221;on&#8221; button_bg_color_gradient_stops=&#8221;#e39309 0%|#f15959 100%&#8221; button_border_width=&#8221;0px&#8221; button_border_color=&#8221;#FFFFFF&#8221; button_icon_color=&#8221;#FFFFFF&#8221; hover_enabled=&#8221;0&#8243; global_colors_info=&#8221;{}&#8221; button_bg_color__hover_enabled=&#8221;off|hover&#8221; button_bg_color__hover=&#8221;#53a018&#8243; button_bg_enable_color__hover=&#8221;on&#8221; sticky_enabled=&#8221;0&#8243;][\/et_pb_button][\/et_pb_column][\/et_pb_row][\/et_pb_section][et_pb_section fb_built=&#8221;1&#8243; admin_label=&#8221;The Reviews&#8221; _builder_version=&#8221;4.27.0&#8243; _module_preset=&#8221;default&#8221; global_colors_info=&#8221;{}&#8221;][et_pb_row column_structure=&#8221;1_3,1_3,1_3&#8243; use_custom_gutter=&#8221;on&#8221; gutter_width=&#8221;2&#8243; make_equal=&#8221;on&#8221; _builder_version=&#8221;4.27.0&#8243; _module_preset=&#8221;default&#8221; width=&#8221;55%&#8221; width_tablet=&#8221;55%&#8221; width_phone=&#8221;80%&#8221; width_last_edited=&#8221;on|phone&#8221; global_colors_info=&#8221;{}&#8221;][et_pb_column type=&#8221;1_3&#8243; _builder_version=&#8221;4.27.0&#8243; _module_preset=&#8221;default&#8221; background_color=&#8221;#FFFFFF&#8221; custom_padding=&#8221;40px|40px|40px|40px|true|true&#8221; border_radii=&#8221;on|20px|20px|20px|20px&#8221; border_width_all=&#8221;1px&#8221; border_color_all=&#8221;#e3dbd8&#8243; global_colors_info=&#8221;{}&#8221;][et_pb_image src=&#8221;https:\/\/psna1.com\/wp-content\/uploads\/2024\/09\/Icon-Review.svg&#8221; title_text=&#8221;Icon-Review&#8221; align_tablet=&#8221;center&#8221; align_phone=&#8221;center&#8221; align_last_edited=&#8221;on|tablet&#8221; _builder_version=&#8221;4.27.0&#8243; _module_preset=&#8221;default&#8221; custom_margin=&#8221;||0px||false|false&#8221; custom_padding=&#8221;||20px||false|false&#8221; global_colors_info=&#8221;{}&#8221;][\/et_pb_image][et_pb_text _builder_version=&#8221;4.27.0&#8243; _module_preset=&#8221;default&#8221; header_text_align=&#8221;left&#8221; header_4_font=&#8221;|700|||||||&#8221; header_4_text_align=&#8221;left&#8221; header_4_text_color=&#8221;#111214&#8243; header_4_font_size=&#8221;22px&#8221; text_orientation=&#8221;center&#8221; custom_margin=&#8221;0px||0px||true|false&#8221; custom_padding=&#8221;0px||||false|false&#8221; header_4_text_align_tablet=&#8221;center&#8221; header_4_text_align_phone=&#8221;center&#8221; header_4_text_align_last_edited=&#8221;on|desktop&#8221; custom_css_free_form=&#8221;selector h4 {||  margin-bottom:20px;||}&#8221; global_colors_info=&#8221;{}&#8221;]<\/p>\n<h4>Jeanne, 36 \u00e9ves<\/h4>\n<p>\"Alapos \u00e9s teljes k\u00f6r\u0171 vizsg\u00e1lat\".<\/p>\n<p>[\/et_pb_text][\/et_pb_column][et_pb_column type=&#8221;1_3&#8243; _builder_version=&#8221;4.27.0&#8243; _module_preset=&#8221;default&#8221; background_color=&#8221;#FFFFFF&#8221; custom_padding=&#8221;40px|40px|40px|40px|true|true&#8221; border_radii=&#8221;on|20px|20px|20px|20px&#8221; border_width_all=&#8221;1px&#8221; border_color_all=&#8221;#e3dbd8&#8243; global_colors_info=&#8221;{}&#8221;][et_pb_image src=&#8221;https:\/\/psna1.com\/wp-content\/uploads\/2024\/09\/Icon_Review2.svg&#8221; title_text=&#8221;Icon_Review2&#8243; align_tablet=&#8221;center&#8221; align_phone=&#8221;center&#8221; align_last_edited=&#8221;on|tablet&#8221; _builder_version=&#8221;4.27.0&#8243; _module_preset=&#8221;default&#8221; custom_margin=&#8221;||0px||false|false&#8221; custom_padding=&#8221;||20px||false|false&#8221; global_colors_info=&#8221;{}&#8221;][\/et_pb_image][et_pb_text _builder_version=&#8221;4.27.0&#8243; _module_preset=&#8221;default&#8221; header_text_align=&#8221;left&#8221; header_4_font=&#8221;|700|||||||&#8221; header_4_text_align=&#8221;left&#8221; header_4_text_color=&#8221;#111214&#8243; header_4_font_size=&#8221;22px&#8221; text_orientation=&#8221;center&#8221; custom_margin=&#8221;0px||0px||true|false&#8221; custom_padding=&#8221;0px||||false|false&#8221; header_4_text_align_tablet=&#8221;center&#8221; header_4_text_align_phone=&#8221;center&#8221; header_4_text_align_last_edited=&#8221;on|desktop&#8221; custom_css_free_form=&#8221;selector h4 {||  margin-bottom:20px;||}&#8221; global_colors_info=&#8221;{}&#8221;]<\/p>\n<h4>Nicolas, 27 \u00e9ves<\/h4>\n<p>\"Mint ahogyan azt m\u00e1r eml\u00edtett\u00fck, gyors \u00e9s hat\u00e9kony\"<\/p>\n<p>[\/et_pb_text][\/et_pb_column][et_pb_column type=&#8221;1_3&#8243; _builder_version=&#8221;4.27.0&#8243; _module_preset=&#8221;default&#8221; background_color=&#8221;#FFFFFF&#8221; custom_padding=&#8221;40px|40px|40px|40px|true|true&#8221; border_radii=&#8221;on|20px|20px|20px|20px&#8221; border_width_all=&#8221;1px&#8221; border_color_all=&#8221;#e3dbd8&#8243; global_colors_info=&#8221;{}&#8221;][et_pb_image src=&#8221;https:\/\/psna1.com\/wp-content\/uploads\/2024\/09\/Icon-Review.svg&#8221; title_text=&#8221;Icon-Review&#8221; align_tablet=&#8221;center&#8221; align_phone=&#8221;center&#8221; align_last_edited=&#8221;on|tablet&#8221; _builder_version=&#8221;4.27.0&#8243; _module_preset=&#8221;default&#8221; custom_margin=&#8221;||0px||false|false&#8221; custom_padding=&#8221;||20px||false|false&#8221; global_colors_info=&#8221;{}&#8221;][\/et_pb_image][et_pb_text _builder_version=&#8221;4.27.0&#8243; _module_preset=&#8221;default&#8221; header_text_align=&#8221;left&#8221; header_4_font=&#8221;|700|||||||&#8221; header_4_text_align=&#8221;left&#8221; header_4_text_color=&#8221;#111214&#8243; header_4_font_size=&#8221;22px&#8221; text_orientation=&#8221;center&#8221; custom_margin=&#8221;0px||0px||true|false&#8221; custom_padding=&#8221;0px||||false|false&#8221; header_4_text_align_tablet=&#8221;center&#8221; header_4_text_align_phone=&#8221;center&#8221; header_4_text_align_last_edited=&#8221;on|desktop&#8221; custom_css_free_form=&#8221;selector h4 {||  margin-bottom:20px;||}&#8221; global_colors_info=&#8221;{}&#8221;]<\/p>\n<h4>Jessica, 38 \u00e9ves<\/h4>\n<p>\"Egy min\u0151s\u00edtett teszt<\/p>\n<p>[\/et_pb_text][\/et_pb_column][\/et_pb_row][\/et_pb_section]<\/p>","protected":false},"excerpt":{"rendered":"<p>\u00c0 propos &nbsp; 30 questions En quelques minutes, nous abordons tous les aspects indispensables pour une analyse approfondie de votre personnalit\u00e9. Scientifiquement reconnu Nos tests de personnalit\u00e9 fournissent des r\u00e9sultats pr\u00e9cis et fiables. Ils sont valid\u00e9s par des psychologues renomm\u00e9s, notamment Lewis Goldberg, ainsi que Costa et McCrae. R\u00e9sultat imm\u00e9diats Une fois le test termin\u00e9, [&hellip;]<\/p>","protected":false},"author":1,"featured_media":0,"parent":0,"menu_order":0,"comment_status":"closed","ping_status":"closed","template":"","meta":{"_et_pb_use_builder":"on","_et_pb_old_content":"<!-- wp:divi\/placeholder \/-->","_et_gb_content_width":"","inline_featured_image":false,"footnotes":""},"class_list":["post-138","page","type-page","status-publish","hentry"],"_links":{"self":[{"href":"https:\/\/psna1.com\/hu\/wp-json\/wp\/v2\/pages\/138","targetHints":{"allow":["GET"]}}],"collection":[{"href":"https:\/\/psna1.com\/hu\/wp-json\/wp\/v2\/pages"}],"about":[{"href":"https:\/\/psna1.com\/hu\/wp-json\/wp\/v2\/types\/page"}],"author":[{"embeddable":true,"href":"https:\/\/psna1.com\/hu\/wp-json\/wp\/v2\/users\/1"}],"replies":[{"embeddable":true,"href":"https:\/\/psna1.com\/hu\/wp-json\/wp\/v2\/comments?post=138"}],"version-history":[{"count":26,"href":"https:\/\/psna1.com\/hu\/wp-json\/wp\/v2\/pages\/138\/revisions"}],"predecessor-version":[{"id":911,"href":"https:\/\/psna1.com\/hu\/wp-json\/wp\/v2\/pages\/138\/revisions\/911"}],"wp:attachment":[{"href":"https:\/\/psna1.com\/hu\/wp-json\/wp\/v2\/media?parent=138"}],"curies":[{"name":"wp","href":"https:\/\/api.w.org\/{rel}","templated":true}]}}