{"id":149,"date":"2024-09-05T10:24:38","date_gmt":"2024-09-05T10:24:38","guid":{"rendered":"https:\/\/psona.io\/?page_id=149"},"modified":"2024-10-02T10:18:01","modified_gmt":"2024-10-02T10:18:01","slug":"mentions-legales","status":"publish","type":"page","link":"https:\/\/psna1.com\/fi\/mentions-legales\/","title":{"rendered":"Oikeudelliset tiedot"},"content":{"rendered":"<p>[et_pb_section fb_built=&#8221;1&#8243; custom_padding_last_edited=&#8221;on|tablet&#8221; admin_label=&#8221;Header&#8221; _builder_version=&#8221;4.27.0&#8243; custom_margin=&#8221;0px||0px||true|false&#8221; custom_padding=&#8221;0px||0px||true|false&#8221; custom_padding_tablet=&#8221;||||true|false&#8221; custom_padding_phone=&#8221;||||true|false&#8221; locked=&#8221;off&#8221; global_colors_info=&#8221;{}&#8221;][et_pb_row use_custom_gutter=&#8221;on&#8221; gutter_width=&#8221;1&#8243; custom_padding_last_edited=&#8221;on|phone&#8221; _builder_version=&#8221;4.27.0&#8243; width=&#8221;95%&#8221; custom_margin=&#8221;||||true|false&#8221; custom_padding=&#8221;150px||150px||true|true&#8221; custom_padding_tablet=&#8221;80px||80px||true|false&#8221; custom_padding_phone=&#8221;60px||60px||true|false&#8221; border_radii=&#8221;on|50px|50px|50px|50px&#8221; global_colors_info=&#8221;{}&#8221; background_color=&#8221;RGBA(255,255,255,0)&#8221; background_size=&#8221;initial&#8221; background_position=&#8221;top_left&#8221; background_repeat=&#8221;repeat&#8221;][et_pb_column type=&#8221;4_4&#8243; _builder_version=&#8221;4.27.0&#8243; custom_padding=&#8221;|||&#8221; global_colors_info=&#8221;{}&#8221; custom_padding__hover=&#8221;|||&#8221; custom_css_main_element_last_edited=&#8221;on|phone&#8221;][et_pb_text module_class=&#8221;title-header&#8221; _builder_version=&#8221;4.27.0&#8243; background_size=&#8221;initial&#8221; background_position=&#8221;top_left&#8221; background_repeat=&#8221;repeat&#8221; width=&#8221;72%&#8221; width_tablet=&#8221;70%&#8221; width_phone=&#8221;68.5%&#8221; width_last_edited=&#8221;on|tablet&#8221; module_alignment=&#8221;center&#8221; custom_margin=&#8221;0px||0px||false|false&#8221; custom_margin_tablet=&#8221;0px||0px||false|false&#8221; custom_margin_phone=&#8221;0px||0px||false|false&#8221; custom_margin_last_edited=&#8221;on|tablet&#8221; custom_padding=&#8221;0px||0px||true|false&#8221; hover_enabled=&#8221;0&#8243; header_font_size_tablet=&#8221;50px&#8221; header_font_size_phone=&#8221;40px&#8221; global_colors_info=&#8221;{}&#8221; text_orientation=&#8221;center&#8221; sticky_enabled=&#8221;0&#8243;]<\/p>\n<h1>Oikeudelliset tiedot<\/h1>\n<p><!-- \/divi:paragraph --><\/p>\n<p>[\/et_pb_text][\/et_pb_column][\/et_pb_row][\/et_pb_section][et_pb_section fb_built=&#8221;1&#8243; _builder_version=&#8221;4.27.0&#8243; _module_preset=&#8221;default&#8221; global_colors_info=&#8221;{}&#8221;][et_pb_row _builder_version=&#8221;4.27.0&#8243; _module_preset=&#8221;default&#8221; global_colors_info=&#8221;{}&#8221;][et_pb_column type=&#8221;4_4&#8243; _builder_version=&#8221;4.27.0&#8243; _module_preset=&#8221;default&#8221; global_colors_info=&#8221;{}&#8221;][et_pb_text _builder_version=&#8221;4.27.0&#8243; _module_preset=&#8221;default&#8221; header_2_text_align=&#8221;center&#8221; global_colors_info=&#8221;{}&#8221;]<\/p>\n<h2>Johdanto<\/h2>\n<p>Voimaantulo: 30. maaliskuuta 2023.<\/p>\n<p><strong>CLICKBUSTER LTD<\/strong><br \/><strong>63-66 Hatton Garden<\/strong><br \/><strong>Lontoo EC1N 8LE<\/strong><br \/><strong>Yrityksen numero 13014667<\/strong><br \/><strong>alv-numero GB 363 9346 71<\/strong><\/p>\n<p>Jatkuva selailu sivustollamme <a rel=\"noopener\" target=\"_new\" href=\"https:\/\/psna1.com\/fi\/\">https:\/\/psna1.com\/<\/a> (j\u00e4ljemp\u00e4n\u00e4 \"Sivusto\") edellytt\u00e4\u00e4, ett\u00e4 Sivuston k\u00e4vij\u00e4t (j\u00e4ljemp\u00e4n\u00e4 \"K\u00e4ytt\u00e4j\u00e4(t)\") hyv\u00e4ksyv\u00e4t varauksetta seuraavat m\u00e4\u00e4r\u00e4ykset ja yleiset k\u00e4ytt\u00f6ehdot (j\u00e4ljemp\u00e4n\u00e4 \"YSE\"). Ennen Sivustomme toimintojen k\u00e4ytt\u00f6\u00e4 K\u00e4ytt\u00e4j\u00e4 vahvistaa lukeneensa n\u00e4m\u00e4 k\u00e4ytt\u00f6ehdot ja hyv\u00e4ksyneens\u00e4 ne.<\/p>\n<p>K\u00e4ytt\u00f6ehtojemme nykyinen verkkoversio on ainoa versio, jota sovelletaan Sivuston k\u00e4ytt\u00f6aikana, kunnes korvaamme sen uudella versiolla.<\/p>\n<p>Sivustoa hallinnoi CLICKBUSTER LTD (j\u00e4ljemp\u00e4n\u00e4 \"Myyj\u00e4\"), joka pid\u00e4tt\u00e4\u00e4 oikeuden muuttaa n\u00e4it\u00e4 ehtoja milloin tahansa. Sivustomme k\u00e4ytt\u00f6 yleisten sopimusehtojen muuttamisen j\u00e4lkeen merkitsee sit\u00e4, ett\u00e4 k\u00e4ytt\u00e4j\u00e4 hyv\u00e4ksyy peruuttamattomasti uuden version. Jos k\u00e4ytt\u00e4j\u00e4 on eri mielt\u00e4 yleisten sopimusehtojen kanssa, h\u00e4nt\u00e4 pyydet\u00e4\u00e4n lopettamaan sivustomme k\u00e4ytt\u00f6.<\/p>\n<p>[\/et_pb_text][et_pb_text _builder_version=&#8221;4.27.0&#8243; _module_preset=&#8221;default&#8221; header_2_text_align=&#8221;center&#8221; global_colors_info=&#8221;{}&#8221;]<\/p>\n<h2>1 ARTIKLA - M\u00c4\u00c4RITELM\u00c4T<\/h2>\n<p>Sivustollamme alla olevilla termeill\u00e4 on seuraava merkitys:<\/p>\n<p>\"Sis\u00e4lt\u00f6\": tarkoittaa kaikkia elementtej\u00e4, jotka muodostavat sivustomme tiedot (teksti, kuvat, videot, algoritmit, ohjelmistot, widgetit jne.) ja jotka mahdollistavat sivuston toiminnan, k\u00e4ytt\u00e4jille tiedottamisen ja palveluidemme esittelyn;<\/p>\n<p>\"Immateriaalioikeudet\": tarkoittaa kaikkia immateriaalioikeuksia ja niihin liittyvi\u00e4 oikeuksia (tekij\u00e4noikeudet, tavaramerkkioikeudet, patenttioikeudet, kauppanimet, tietokannat jne.), jotka on suojattu vuoden 2000 tekij\u00e4noikeuslailla (Copyright and Related Rights Act 2000), jota sovelletaan silloin, kun k\u00e4ytt\u00e4j\u00e4 k\u00e4ytt\u00e4\u00e4 sivustoa;<\/p>\n<p>\"Ominaisuudet\": tarkoittaa kaikkia toimintoja, jotka ovat K\u00e4ytt\u00e4jiemme saatavilla Sivustomme kautta;<\/p>\n<p>\"Sivusto\": viittaa sivustoon <a rel=\"noopener\" target=\"_new\" href=\"https:\/\/psna1.com\/fi\/\">https:\/\/psna1.com\/<\/a> jota Myyj\u00e4 yll\u00e4pit\u00e4\u00e4 ja joka on K\u00e4ytt\u00e4jien saatavilla;<\/p>\n<p>\"K\u00e4ytt\u00e4j\u00e4\": tarkoittaa henkil\u00f6\u00e4, joka k\u00e4ytt\u00e4\u00e4 Sivustoa ja jolla on p\u00e4\u00e4sy sen sis\u00e4lt\u00f6\u00f6n.<\/p>\n<p>[\/et_pb_text][et_pb_text _builder_version=&#8221;4.27.0&#8243; _module_preset=&#8221;default&#8221; header_2_text_align=&#8221;center&#8221; global_colors_info=&#8221;{}&#8221;]<\/p>\n<h2>2 ARTIKLA - Oikeudelliset tiedot<\/h2>\n<p>Yksil\u00f6iden suojelusta henkil\u00f6tietojen k\u00e4sittelyss\u00e4 ja n\u00e4iden tietojen vapaasta liikkuvuudesta 27. huhtikuuta 2016 annetun Euroopan parlamentin ja neuvoston asetuksen [EU] 2018\/679 mukaisesti sivustomme k\u00e4ytt\u00e4j\u00e4lle ilmoitetaan niiden osapuolten henkil\u00f6llisyys, jotka osallistuvat sivuston luomiseen ja seurantaan:<\/p>\n<p>Toimitusp\u00e4\u00e4llikk\u00f6: Carlo Ela <a rel=\"noopener\">contact.psona@gmail.com<\/a> .<\/p>\n<p>Is\u00e4nt\u00e4: Scaleway, 8 rue de la Ville l'\u00c9v\u00eaque, 75008 Paris ; <a rel=\"noopener\" target=\"_new\" href=\"https:\/\/www.scaleway.com\/\">https:\/\/www.scaleway.com\/<\/a><\/p>\n<p>Kehitt\u00e4j\u00e4: CLICKBUSTER LTD<\/p>\n<p>Tietosuojavastaava: Carlo Ela <a rel=\"noopener\">contact.psona@gmail.com<\/a>.<\/p>\n<p>[\/et_pb_text][et_pb_text _builder_version=&#8221;4.27.0&#8243; _module_preset=&#8221;default&#8221; header_2_text_align=&#8221;center&#8221; global_colors_info=&#8221;{}&#8221;]<\/p>\n<h2>3 ARTIKLA - Henkil\u00f6tietojen suoja<\/h2>\n<p>K\u00e4ytt\u00e4j\u00e4 voi k\u00e4ytt\u00e4\u00e4 Sivustoamme k\u00e4sittelem\u00e4ll\u00e4 tiettyj\u00e4 K\u00e4ytt\u00e4j\u00e4\u00e4 koskevia henkil\u00f6tietoja. K\u00e4sittely tapahtuu vuoden 2018 tietosuojalain ja seuraavasta linkist\u00e4 l\u00f6ytyv\u00e4n tietosuojak\u00e4yt\u00e4nn\u00f6n mukaisesti:<\/p>\n<p><a rel=\"noopener\" target=\"_new\" href=\"https:\/\/psna1.com\/fi\/privacy-police\/\">https:\/\/psna1.com\/privacy-police\/<\/a><\/p>\n<p>[\/et_pb_text][et_pb_text _builder_version=&#8221;4.27.0&#8243; _module_preset=&#8221;default&#8221; header_2_text_align=&#8221;center&#8221; global_colors_info=&#8221;{}&#8221;]<\/p>\n<h2>4 ARTIKLA - Alueelle p\u00e4\u00e4sy<\/h2>\n<div class=\"group\/conversation-turn relative flex w-full min-w-0 flex-col agent-turn\">\n<div class=\"flex-col gap-1 md:gap-3\">\n<div class=\"flex max-w-full flex-col flex-grow\">\n<div data-message-author-role=\"assistant\" data-message-id=\"1921b6bd-7e01-40ec-81aa-bce2a7802030\" dir=\"auto\" class=\"min-h-[20px] text-message flex w-full flex-col items-end gap-2 whitespace-normal break-words [.text-message+&amp;]:mt-5\">\n<div class=\"flex w-full flex-col gap-1 empty:hidden first:pt-[3px]\">\n<div class=\"markdown prose w-full break-words dark:prose-invert dark\">\n<p>Sivustolle p\u00e4\u00e4sy ja sen k\u00e4ytt\u00f6 on varattu ainoastaan henkil\u00f6kohtaiseen k\u00e4ytt\u00f6\u00f6n. K\u00e4ytt\u00e4j\u00e4 sitoutuu olemaan k\u00e4ytt\u00e4m\u00e4tt\u00e4 Sivustoa tai sen sis\u00e4lt\u00e4mi\u00e4 tietoja kaupallisiin, poliittisiin tai mainostarkoituksiin tai mink\u00e4\u00e4nlaiseen kaupalliseen myynninedist\u00e4miseen, erityisesti ei-toivottujen s\u00e4hk\u00f6postiviestien l\u00e4hett\u00e4miseen.<\/p>\n<p>Sivuston k\u00e4ytt\u00f6oikeus on varattu aikuisille. Myyj\u00e4 pid\u00e4tt\u00e4\u00e4 itsell\u00e4\u00e4n oikeuden vaatia todisteen i\u00e4st\u00e4, erityisesti jos k\u00e4yt\u00e4t verkkotilauspalveluita. Myyj\u00e4\u00e4 ei voida pit\u00e4\u00e4 vastuullisena, jos alaik\u00e4iset k\u00e4ytt\u00e4v\u00e4t Sivustoa tai jos K\u00e4ytt\u00e4j\u00e4t antavat Sivustolla virheellisi\u00e4 tai harhaanjohtavia tietoja.<\/p>\n<p>K\u00e4ytt\u00e4j\u00e4t ovat itse vastuussa Sivuston k\u00e4ytt\u00e4miseen tarvittavien tietotekniikka- ja tietoliikenneresurssien k\u00e4ytt\u00f6\u00f6notosta. K\u00e4ytt\u00e4j\u00e4t vastaavat Sivuston kautta tapahtuvaan Internet-yhteyteen liittyvist\u00e4 televiestint\u00e4kustannuksista.<\/p>\n<\/div>\n<\/div>\n<\/div>\n<\/div>\n<\/div>\n<\/div>\n<p>[\/et_pb_text][et_pb_text _builder_version=&#8221;4.27.0&#8243; _module_preset=&#8221;default&#8221; header_2_text_align=&#8221;center&#8221; global_colors_info=&#8221;{}&#8221;]<\/p>\n<h2>5 ARTIKLA - Tarjottujen palvelujen kuvaus<\/h2>\n<p>Pyrimme antamaan mahdollisimman tarkat tiedot, mutta emme voi olla vastuussa mahdollisista puutteista, ep\u00e4tarkkuuksista tai tietojen p\u00e4ivitt\u00e4misen laiminly\u00f6nneist\u00e4. Kaikki Sivustolla annetut tiedot on annettu vain tiedoksi, eiv\u00e4tk\u00e4 ne ole tyhjent\u00e4vi\u00e4. Niihin on tehty muutoksia sen j\u00e4lkeen, kun ne julkaistiin verkossa.<\/p>\n<p>[\/et_pb_text][et_pb_text _builder_version=&#8221;4.27.0&#8243; _module_preset=&#8221;default&#8221; header_2_text_align=&#8221;center&#8221; global_colors_info=&#8221;{}&#8221;]<\/p>\n<h2>6 ARTIKLA - Immateriaalioikeudet<\/h2>\n<p><strong>6.1 Verkkosivustomme<\/strong><\/p>\n<p>Kaikki tavaramerkit, valokuvat, tekstit, kommentit, kuvitukset, animoidut tai pys\u00e4ytetyt kuvat, videop\u00e4tk\u00e4t, \u00e4\u00e4net sek\u00e4 kaikki tietokoneohjelmat, joita voidaan k\u00e4ytt\u00e4\u00e4 Sivuston k\u00e4ytt\u00e4miseen, ja yleisemmin kaikki Sivustolla j\u00e4ljitetyt tai k\u00e4ytetyt elementit ovat immateriaalioikeuksia koskevan voimassa olevan lains\u00e4\u00e4d\u00e4nn\u00f6n suojaamia.<\/p>\n<p>Ne ovat myyj\u00e4n tai sen kaupallisten yhteisty\u00f6kumppaneiden t\u00e4ytt\u00e4 ja t\u00e4ydellist\u00e4 omaisuutta. Kaikkien n\u00e4iden elementtien tai niiden osan j\u00e4ljent\u00e4minen, esitt\u00e4minen, k\u00e4ytt\u00f6 tai muokkaaminen miss\u00e4 tahansa muodossa, mukaan lukien tietokonesovellukset, on ehdottomasti kielletty ilman julkaisijan etuk\u00e4teen antamaa kirjallista lupaa. Se, ett\u00e4 kustantaja ei ryhdy oikeustoimiin heti, kun se saa tiet\u00e4\u00e4 k\u00e4ytt\u00e4j\u00e4n luvattomasta k\u00e4yt\u00f6st\u00e4, ei merkitse t\u00e4llaisen k\u00e4yt\u00f6n hyv\u00e4ksymist\u00e4 tai oikeudesta luopumista oikeustoimiin. K\u00e4ytt\u00e4j\u00e4lt\u00e4 on ehdottomasti kielletty :<\/p>\n<p>- Kopioida, j\u00e4ljent\u00e4\u00e4, esitt\u00e4\u00e4, l\u00e4hett\u00e4\u00e4, levitt\u00e4\u00e4 tai julkaista pysyv\u00e4sti tai tilap\u00e4isesti koko Sis\u00e4lt\u00f6\u00e4 ja\/tai Sivustoa tai sen osaa mill\u00e4 tahansa tavalla; - luoda Sis\u00e4ll\u00f6st\u00e4 ja\/tai Sivustosta johdettuja teoksia; - muuttaa, k\u00e4\u00e4nt\u00e4\u00e4, mukauttaa tai j\u00e4rjest\u00e4\u00e4 koko Sis\u00e4lt\u00f6\u00e4 ja\/tai Sivustoa tai sen osaa; - purkaa, dekompiloida tai k\u00e4\u00e4nteist\u00e4\u00e4 Sivustoa.<\/p>\n<p>K\u00e4ytt\u00e4j\u00e4 on joka tapauksessa yksin vastuussa Sivuston k\u00e4yt\u00f6st\u00e4. Sivuston tai sen sis\u00e4lt\u00e4mien elementtien luvaton k\u00e4ytt\u00f6 katsotaan vuoden 2000 tietosuojalain rikkomiseksi.<\/p>\n<p><strong>6.2 Br\u00e4ndimme<\/strong><\/p>\n<p>Myyj\u00e4n ja CLICKBUSTER LTD:n sanalliset ja visuaaliset tavaramerkit (logo) ovat suojattuja. Niiden k\u00e4ytt\u00f6 ilman Myyj\u00e4n tai sen yhteisty\u00f6kumppaneiden kirjallista lupaa miss\u00e4 tahansa v\u00e4lineess\u00e4 tuotteiden tai palveluiden myynninedist\u00e4miseen tai kaupallisiin tarkoituksiin on kielletty sill\u00e4 uhalla, ett\u00e4 Myyj\u00e4 ryhtyy rikos- ja siviilioikeudellisiin toimenpiteisiin K\u00e4ytt\u00e4j\u00e4\u00e4 ja\/tai vastuussa olevia kolmansia osapuolia vastaan.<\/p>\n<p><strong>6.3 Sis\u00e4lt\u00f6<\/strong><\/p>\n<p>Sis\u00e4lt\u00f6 on vapaasti saatavilla Sivustolla. Sis\u00e4ll\u00f6n sijoittaminen verkkoon ei siirr\u00e4 tekij\u00e4noikeuksia tai omistusoikeutta sis\u00e4lt\u00f6\u00f6n, joka pysyy myyj\u00e4n ja tekij\u00f6iden t\u00e4ydellisen\u00e4 ja t\u00e4ydellisen\u00e4 omaisuutena.<\/p>\n<p>K\u00e4ytt\u00e4j\u00e4 ei saa eik\u00e4 saa ryhty\u00e4 mihink\u00e4\u00e4n toimiin, jotka ovat tekij\u00e4noikeuksien ja immateriaalioikeuksien noudattamisen valvonnan vastaisia tai mink\u00e4\u00e4n muun immateriaalioikeuksiin liittyv\u00e4n Yhdistyneen kuningaskunnan tai kansainv\u00e4lisen lain vastaisia. Myyj\u00e4 ja sen avustajat pid\u00e4tt\u00e4v\u00e4t itsell\u00e4\u00e4n oikeuden nostaa ket\u00e4 tahansa K\u00e4ytt\u00e4j\u00e4\u00e4 vastaan syytteen n\u00e4iden k\u00e4ytt\u00f6ehtojen rikkomisesta.<\/p>\n<p>[\/et_pb_text][et_pb_text _builder_version=&#8221;4.27.0&#8243; _module_preset=&#8221;default&#8221; header_2_text_align=&#8221;center&#8221; global_colors_info=&#8221;{}&#8221;]<\/p>\n<h2>7 ARTIKLA - Alueen hallinta<\/h2>\n<p>Sivustomme on normaalisti aina k\u00e4ytt\u00e4jien k\u00e4ytett\u00e4viss\u00e4. Sivuston asianmukaisen hallinnan varmistamiseksi Myyj\u00e4 pid\u00e4tt\u00e4\u00e4 oikeuden milloin tahansa :<\/p>\n<p>- keskeytt\u00e4\u00e4, keskeytt\u00e4\u00e4 tai rajoittaa p\u00e4\u00e4sy\u00e4 koko Sivustoon tai sen osaan mist\u00e4 tahansa syyst\u00e4, joko ennakkoilmoituksella tai ilman ennakkoilmoitusta ja oman harkintansa mukaan; - poistaa mink\u00e4 tahansa tiedon, joka voi h\u00e4irit\u00e4 Sivuston toimintaa, mist\u00e4 tahansa syyst\u00e4, joko ennakkoilmoituksella tai ilman ennakkoilmoitusta ja oman harkintansa mukaan; - keskeytt\u00e4\u00e4 Sivuston k\u00e4yt\u00f6n p\u00e4ivitysten tekemist\u00e4 varten.<\/p>\n<p>Myyj\u00e4 tekee parhaansa ilmoittaakseen k\u00e4ytt\u00e4jille interventioiden p\u00e4iv\u00e4m\u00e4\u00e4r\u00e4t ja kellonajat etuk\u00e4teen, mutta ei voi olla vastuussa, jos n\u00e4in ei tehd\u00e4.<\/p>\n<p>[\/et_pb_text][et_pb_text _builder_version=&#8221;4.27.0&#8243; _module_preset=&#8221;default&#8221; header_2_text_align=&#8221;center&#8221; global_colors_info=&#8221;{}&#8221;]<\/p>\n<h2>8 ARTIKLA - Vastuut<\/h2>\n<p><strong>8.1 P\u00e4\u00e4sy sivustolle<\/strong><\/p>\n<p>Myyj\u00e4 sitoutuu tekem\u00e4\u00e4n kaikkensa varmistaakseen, ett\u00e4 Sivusto on k\u00e4ytett\u00e4viss\u00e4 24 tuntia vuorokaudessa, 7 p\u00e4iv\u00e4\u00e4 viikossa. Myyj\u00e4 ei kuitenkaan sitoudu Sivuston jatkuvaan saatavuuteen ja saavutettavuuteen eik\u00e4 takaa, ett\u00e4 Sivusto on virheet\u00f6n. Myyj\u00e4\u00e4 ei voida pit\u00e4\u00e4 vastuullisena siin\u00e4 tapauksessa, ett\u00e4 Sivuston tai sen toimintojen k\u00e4ytt\u00f6 estyy tai keskeytyy h\u00e4iri\u00f6n, toimintah\u00e4iri\u00f6n, vaikeuden tai keskeytyksen vuoksi.<\/p>\n<p>Myyj\u00e4\u00e4 ja is\u00e4nt\u00e4\u00e4 ei voida pit\u00e4\u00e4 vastuullisina, jos Internet-verkon, puhelinlinjojen tai tietokone- ja puhelinlaitteiden toimintah\u00e4iri\u00f6t, erityisesti verkon ruuhkautuminen, est\u00e4v\u00e4t p\u00e4\u00e4syn palvelimelle.<\/p>\n<p>Myyj\u00e4\u00e4 ei voida pit\u00e4\u00e4 vastuullisena siin\u00e4 tapauksessa, ett\u00e4 k\u00e4ytt\u00e4ji\u00e4 vastaan nostetaan oikeusjuttu:<\/p>\n<p>- Sivuston tai mink\u00e4 tahansa muun Internetin kautta saatavilla olevan palvelun k\u00e4yt\u00f6n seurauksena; - K\u00e4ytt\u00e4j\u00e4n laiminly\u00f6nnin seurauksena, koska h\u00e4n ei ole noudattanut n\u00e4it\u00e4 yleisi\u00e4 sopimusehtoja.<\/p>\n<p><strong>8.2 K\u00e4ytetyt laitteet<\/strong><\/p>\n<p>K\u00e4ytt\u00e4j\u00e4 on t\u00e4ysin ja kokonaan vastuussa siit\u00e4, mit\u00e4 yhteyslaitteita h\u00e4n k\u00e4ytt\u00e4\u00e4 sivustolle p\u00e4\u00e4semiseksi. K\u00e4ytt\u00e4j\u00e4n vastuulla on ryhty\u00e4 kaikkiin tarvittaviin toimenpiteisiin laitteidensa ja omien tietojensa suojaamiseksi. K\u00e4ytt\u00e4j\u00e4 sitoutuu k\u00e4ytt\u00e4m\u00e4\u00e4n Sivustoa uusilla, viruksettomilla laitteilla ja \u00e4skett\u00e4in p\u00e4ivitetyll\u00e4 selaimella.<\/p>\n<p>Myyj\u00e4 ei ole vastuussa mist\u00e4\u00e4n vahingoista, joita k\u00e4ytt\u00e4jille, kolmansille osapuolille ja\/tai heid\u00e4n laitteilleen aiheutuu siit\u00e4, ett\u00e4 he ovat yhteydess\u00e4 sivustoon tai k\u00e4ytt\u00e4v\u00e4t sit\u00e4, ja k\u00e4ytt\u00e4j\u00e4t luopuvat kaikista t\u00e4t\u00e4 koskevista vaatimuksista myyj\u00e4\u00e4 kohtaan.<\/p>\n<p>Myyj\u00e4\u00e4 ei voida pit\u00e4\u00e4 vastuullisena Sivuston k\u00e4yt\u00f6st\u00e4 johtuvista ep\u00e4suorista vahingoista (kuten liiketoiminnan menetyksest\u00e4 tai mahdollisuuksien menetyksest\u00e4).<\/p>\n<p>[\/et_pb_text][et_pb_text _builder_version=&#8221;4.27.0&#8243; _module_preset=&#8221;default&#8221; header_2_text_align=&#8221;center&#8221; global_colors_info=&#8221;{}&#8221;]<\/p>\n<h2>9 ARTIKLA - VALOKUVAT SEK\u00c4 TUOTTEIDEN JA PALVELUJEN ESITT\u00c4MINEN<\/h2>\n<p>Sivustolla olevat valokuvat ja niiden kuvaus eiv\u00e4t ole sopimusperusteisia eiv\u00e4tk\u00e4 sido Myyj\u00e4\u00e4.<\/p>\n<p>[\/et_pb_text][et_pb_text _builder_version=&#8221;4.27.0&#8243; _module_preset=&#8221;default&#8221; header_2_text_align=&#8221;center&#8221; global_colors_info=&#8221;{}&#8221;]<\/p>\n<h2>10 ARTIKLA - Hypertekstilinkit<\/h2>\n<p>K\u00e4ytt\u00e4j\u00e4 voi luoda hyperlinkkej\u00e4 verkkosivuston kaikkiin osiin tai sen osiin edellytt\u00e4en, ett\u00e4 CLICKBUSTER LTD:lt\u00e4 on saatu etuk\u00e4teen kirjallinen lupa, jota on pyydetty s\u00e4hk\u00f6postitse seuraavasta osoitteesta: <a rel=\"noopener\">contact.psona@gmail.com<\/a>.<\/p>\n<p>Myyj\u00e4 voi vapaasti kielt\u00e4yty\u00e4 t\u00e4st\u00e4 luvasta perustelematta p\u00e4\u00e4t\u00f6st\u00e4\u00e4n mill\u00e4\u00e4n tavoin. Jos Myyj\u00e4 antaa luvan, se on joka tapauksessa v\u00e4liaikainen ja se voidaan peruuttaa milloin tahansa ilman velvollisuutta perustella p\u00e4\u00e4t\u00f6st\u00e4\u00e4n. Joka tapauksessa kaikki linkit on poistettava tuotemerkin pyynn\u00f6st\u00e4.<\/p>\n<p>Sivusto sis\u00e4lt\u00e4\u00e4 useita hyperlinkkej\u00e4 muille sivustoille, jotka on perustettu myyj\u00e4n luvalla. Yrityksell\u00e4mme ei kuitenkaan ole mahdollisuutta tarkistaa t\u00e4ll\u00e4 tavoin vierailtujen sivustojen sis\u00e4lt\u00f6\u00e4, eik\u00e4 se n\u00e4in ollen ota mit\u00e4\u00e4n vastuuta t\u00e4st\u00e4.<\/p>\n<p>[\/et_pb_text][et_pb_text _builder_version=&#8221;4.27.0&#8243; _module_preset=&#8221;default&#8221; header_2_text_align=&#8221;center&#8221; global_colors_info=&#8221;{}&#8221;]<\/p>\n<h2>11 ARTIKLA - Osittainen p\u00e4tem\u00e4tt\u00f6myys<\/h2>\n<p>N\u00e4iden yleisten ehtojen yhden tai useamman lausekkeen tilap\u00e4ist\u00e4 soveltamatta j\u00e4tt\u00e4mist\u00e4 ei voida miss\u00e4\u00e4n tapauksessa tulkita CLICKBUSTER LTD:n luopumiseksi mahdollisuudesta hy\u00f6dynt\u00e4\u00e4 jotakin n\u00e4ist\u00e4 lausekkeista.<\/p>\n<p>Jos yksi tai useampi n\u00e4iden ehtojen m\u00e4\u00e4r\u00e4ys julistetaan mit\u00e4tt\u00f6m\u00e4ksi tai soveltumattomaksi lain, asetuksen tai lainvoimaisen tuomioistuimen p\u00e4\u00e4t\u00f6ksen perusteella, muut m\u00e4\u00e4r\u00e4ykset s\u00e4ilytt\u00e4v\u00e4t t\u00e4yden voimassaolonsa ja soveltamisalansa ja niit\u00e4 sovelletaan edelleen t\u00e4ysim\u00e4\u00e4r\u00e4isesti.<\/p>\n<p>[\/et_pb_text][et_pb_text _builder_version=&#8221;4.27.0&#8243; _module_preset=&#8221;default&#8221; header_2_text_align=&#8221;center&#8221; global_colors_info=&#8221;{}&#8221;]<\/p>\n<h2>12 ARTIKLA - Kieli<\/h2>\n<p>Jos n\u00e4m\u00e4 GCU:t k\u00e4\u00e4nnet\u00e4\u00e4n yhdelle tai useammalle kielelle, tulkkauskieli on englanti.<\/p>\n<p>[\/et_pb_text][et_pb_text _builder_version=&#8221;4.27.0&#8243; _module_preset=&#8221;default&#8221; header_2_text_align=&#8221;center&#8221; custom_css_free_form=&#8221;selector table, selector td, selector tr, selector th {||  border:1px solid;||  border-color:#034833 !important;||}&#8221; global_colors_info=&#8221;{}&#8221;]<\/p>\n<h2>13 ARTIKLA - Sovellettava laki<\/h2>\n<p>N\u00e4ihin sivuston k\u00e4ytt\u00f6ehtoihin sovelletaan Ison-Britannian lakia, ja riitatapauksessa ne kuuluvat tavallisten tuomioistuinten yksinomaiseen toimivaltaan, jollei lakitekstist\u00e4 tai erityisest\u00e4 s\u00e4\u00e4nn\u00f6ksest\u00e4 johtuvasta erityisest\u00e4 toimivallanjaosta muuta johdu.<\/p>\n<p>[\/et_pb_text][et_pb_text _builder_version=&#8221;4.27.0&#8243; _module_preset=&#8221;default&#8221; header_2_text_align=&#8221;center&#8221; custom_css_free_form=&#8221;selector table, selector td, selector tr, selector th {||  border:1px solid;||  border-color:#034833 !important;||}&#8221; global_colors_info=&#8221;{}&#8221;]<\/p>\n<h2>14 ARTIKLA - Ota yhteytt\u00e4<\/h2>\n<p>K\u00e4ytt\u00e4j\u00e4 voi j\u00e4tt\u00e4\u00e4 viestin seuraavaan osoitteeseen, jos h\u00e4nell\u00e4 on kysytt\u00e4v\u00e4\u00e4 tai tietoa sivustolla esitetyist\u00e4 palveluista tai itse sivustosta: contact.psona@gmail.com.<\/p>\n<p>[\/et_pb_text][\/et_pb_column][\/et_pb_row][\/et_pb_section]<\/p>","protected":false},"excerpt":{"rendered":"<p>Mentions l\u00e9gales Preamble Entry into force: March 30th, 2023 CLICKBUSTER LTD63-66 Hatton GardenLondon EC1N 8LECompany number 13014667VAT number GB 363 9346 71 La navigation continue sur notre Site https:\/\/psna1.com\/ (ci-apr\u00e8s le \u00ab Site \u00bb) implique que les visiteurs du Site (ci-apr\u00e8s l&#8217;\u00ab Utilisateur(s) \u00bb) acceptent sans r\u00e9serve les dispositions et Conditions G\u00e9n\u00e9rales d&#8217;Utilisation qui suivent [&hellip;]<\/p>","protected":false},"author":1,"featured_media":0,"parent":0,"menu_order":0,"comment_status":"closed","ping_status":"closed","template":"","meta":{"_et_pb_use_builder":"on","_et_pb_old_content":"<!-- wp:divi\/placeholder \/-->","_et_gb_content_width":"","inline_featured_image":false,"footnotes":""},"class_list":["post-149","page","type-page","status-publish","hentry"],"_links":{"self":[{"href":"https:\/\/psna1.com\/fi\/wp-json\/wp\/v2\/pages\/149","targetHints":{"allow":["GET"]}}],"collection":[{"href":"https:\/\/psna1.com\/fi\/wp-json\/wp\/v2\/pages"}],"about":[{"href":"https:\/\/psna1.com\/fi\/wp-json\/wp\/v2\/types\/page"}],"author":[{"embeddable":true,"href":"https:\/\/psna1.com\/fi\/wp-json\/wp\/v2\/users\/1"}],"replies":[{"embeddable":true,"href":"https:\/\/psna1.com\/fi\/wp-json\/wp\/v2\/comments?post=149"}],"version-history":[{"count":6,"href":"https:\/\/psna1.com\/fi\/wp-json\/wp\/v2\/pages\/149\/revisions"}],"predecessor-version":[{"id":870,"href":"https:\/\/psna1.com\/fi\/wp-json\/wp\/v2\/pages\/149\/revisions\/870"}],"wp:attachment":[{"href":"https:\/\/psna1.com\/fi\/wp-json\/wp\/v2\/media?parent=149"}],"curies":[{"name":"wp","href":"https:\/\/api.w.org\/{rel}","templated":true}]}}