{"id":149,"date":"2024-09-05T10:24:38","date_gmt":"2024-09-05T10:24:38","guid":{"rendered":"https:\/\/psona.io\/?page_id=149"},"modified":"2024-10-02T10:18:01","modified_gmt":"2024-10-02T10:18:01","slug":"mentions-legales","status":"publish","type":"page","link":"https:\/\/psna1.com\/et\/mentions-legales\/","title":{"rendered":"\u00d5iguslik teave"},"content":{"rendered":"<p>[et_pb_section fb_built=&#8221;1&#8243; custom_padding_last_edited=&#8221;on|tablet&#8221; admin_label=&#8221;Header&#8221; _builder_version=&#8221;4.27.0&#8243; custom_margin=&#8221;0px||0px||true|false&#8221; custom_padding=&#8221;0px||0px||true|false&#8221; custom_padding_tablet=&#8221;||||true|false&#8221; custom_padding_phone=&#8221;||||true|false&#8221; locked=&#8221;off&#8221; global_colors_info=&#8221;{}&#8221;][et_pb_row use_custom_gutter=&#8221;on&#8221; gutter_width=&#8221;1&#8243; custom_padding_last_edited=&#8221;on|phone&#8221; _builder_version=&#8221;4.27.0&#8243; width=&#8221;95%&#8221; custom_margin=&#8221;||||true|false&#8221; custom_padding=&#8221;150px||150px||true|true&#8221; custom_padding_tablet=&#8221;80px||80px||true|false&#8221; custom_padding_phone=&#8221;60px||60px||true|false&#8221; border_radii=&#8221;on|50px|50px|50px|50px&#8221; global_colors_info=&#8221;{}&#8221; background_color=&#8221;RGBA(255,255,255,0)&#8221; background_size=&#8221;initial&#8221; background_position=&#8221;top_left&#8221; background_repeat=&#8221;repeat&#8221;][et_pb_column type=&#8221;4_4&#8243; _builder_version=&#8221;4.27.0&#8243; custom_padding=&#8221;|||&#8221; global_colors_info=&#8221;{}&#8221; custom_padding__hover=&#8221;|||&#8221; custom_css_main_element_last_edited=&#8221;on|phone&#8221;][et_pb_text module_class=&#8221;title-header&#8221; _builder_version=&#8221;4.27.0&#8243; background_size=&#8221;initial&#8221; background_position=&#8221;top_left&#8221; background_repeat=&#8221;repeat&#8221; width=&#8221;72%&#8221; width_tablet=&#8221;70%&#8221; width_phone=&#8221;68.5%&#8221; width_last_edited=&#8221;on|tablet&#8221; module_alignment=&#8221;center&#8221; custom_margin=&#8221;0px||0px||false|false&#8221; custom_margin_tablet=&#8221;0px||0px||false|false&#8221; custom_margin_phone=&#8221;0px||0px||false|false&#8221; custom_margin_last_edited=&#8221;on|tablet&#8221; custom_padding=&#8221;0px||0px||true|false&#8221; hover_enabled=&#8221;0&#8243; header_font_size_tablet=&#8221;50px&#8221; header_font_size_phone=&#8221;40px&#8221; global_colors_info=&#8221;{}&#8221; text_orientation=&#8221;center&#8221; sticky_enabled=&#8221;0&#8243;]<\/p>\n<h1>\u00d5iguslik teave<\/h1>\n<p><!-- \/divi:paragraph --><\/p>\n<p>[\/et_pb_text][\/et_pb_column][\/et_pb_row][\/et_pb_section][et_pb_section fb_built=&#8221;1&#8243; _builder_version=&#8221;4.27.0&#8243; _module_preset=&#8221;default&#8221; global_colors_info=&#8221;{}&#8221;][et_pb_row _builder_version=&#8221;4.27.0&#8243; _module_preset=&#8221;default&#8221; global_colors_info=&#8221;{}&#8221;][et_pb_column type=&#8221;4_4&#8243; _builder_version=&#8221;4.27.0&#8243; _module_preset=&#8221;default&#8221; global_colors_info=&#8221;{}&#8221;][et_pb_text _builder_version=&#8221;4.27.0&#8243; _module_preset=&#8221;default&#8221; header_2_text_align=&#8221;center&#8221; global_colors_info=&#8221;{}&#8221;]<\/p>\n<h2>Preambul<\/h2>\n<p>J\u00f5ustumine: 30. m\u00e4rts 2023.<\/p>\n<p><strong>CLICKBUSTER LTD<\/strong><br \/><strong>63-66 Hatton Garden<\/strong><br \/><strong>London EC1N 8LE<\/strong><br \/><strong>Ettev\u00f5tte number 13014667<\/strong><br \/><strong>K\u00e4ibemaksunumber GB 363 9346 71<\/strong><\/p>\n<p>J\u00e4tkuv sirvimine meie saidil <a rel=\"noopener\" target=\"_new\" href=\"https:\/\/psna1.com\/et\/\">https:\/\/psna1.com\/<\/a> (edaspidi \"Veebileht\") eeldab, et Veebilehe k\u00fclastajad (edaspidi \"Kasutaja(d)\") n\u00f5ustuvad tingimusteta j\u00e4rgmiste s\u00e4tete ja \u00fcldiste kasutustingimustega (edaspidi \"\u00dcTK\"). Enne meie veebilehe funktsioonide kasutamist kinnitab kasutaja, et on tutvunud k\u00e4esolevate kasutustingimustega ja n\u00f5ustub nendega.<\/p>\n<p>Meie Tingimuste praegune online-versioon on ainus versioon, mis kehtib veebilehe kasutamise ajal, kuni me asendame selle uue versiooniga.<\/p>\n<p>Saiti haldab CLICKBUSTER LTD (edaspidi \"M\u00fc\u00fcja\"), kes j\u00e4tab endale \u00f5iguse neid tingimusi igal ajal muuta. Meie Saidi kasutamine p\u00e4rast \u00fcldtingimuste muutmist t\u00e4hendab, et kasutaja n\u00f5ustub uue versiooniga tagasiv\u00f5tmatult. Kui kasutaja ei n\u00f5ustu meie \u00fcldiste kasutustingimustega, palutakse tal l\u00f5petada meie veebilehe kasutamine.<\/p>\n<p>[\/et_pb_text][et_pb_text _builder_version=&#8221;4.27.0&#8243; _module_preset=&#8221;default&#8221; header_2_text_align=&#8221;center&#8221; global_colors_info=&#8221;{}&#8221;]<\/p>\n<h2>ARTIKKEL 1 - M\u00d5ISTED<\/h2>\n<p>Meie saidil on allj\u00e4rgnevatel terminitel j\u00e4rgmine t\u00e4hendus:<\/p>\n<p>\"Sisu\" - k\u00f5ik elemendid, mis moodustavad meie veebisaidi teabe (tekst, pildid, videod, algoritmid, tarkvara, vidinad jne) ja v\u00f5imaldavad selle toimimist, kasutajate teavitamist ja meie teenuste esitamist;<\/p>\n<p>\"Intellektuaalomandi \u00f5igused\": viitab k\u00f5igile intellektuaalomandi ja sellega seotud \u00f5igustele (autori\u00f5igused, kaubam\u00e4rgi\u00f5igused, patendi\u00f5igused, \u00e4rinimed, andmebaasid jne), mis on kaitstud 2000. aasta autori\u00f5iguse ja sellega seotud \u00f5iguste seadusega, mis kehtib ajal, mil kasutaja kasutab veebilehte;<\/p>\n<p>\"Funktsioonid\": viitab k\u00f5igile meie kasutajatele meie veebilehe kaudu k\u00e4ttesaadavaks tehtud funktsioonidele;<\/p>\n<p>\"Sait\": viitab veebisaidile <a rel=\"noopener\" target=\"_new\" href=\"https:\/\/psna1.com\/et\/\">https:\/\/psna1.com\/<\/a> mida m\u00fc\u00fcja haldab ja mis on kasutajatele k\u00e4ttesaadav;<\/p>\n<p>\"Kasutaja\": viitab igale isikule, kes kasutab meie Saiti ja kellel on juurdep\u00e4\u00e4s selle sisule.<\/p>\n<p>[\/et_pb_text][et_pb_text _builder_version=&#8221;4.27.0&#8243; _module_preset=&#8221;default&#8221; header_2_text_align=&#8221;center&#8221; global_colors_info=&#8221;{}&#8221;]<\/p>\n<h2>ARTIKKEL 2 - \u00d5iguslik teave<\/h2>\n<p>Vastavalt Euroopa Parlamendi ja n\u00f5ukogu 27. aprilli 2016. aasta m\u00e4\u00e4rusele [EL] 2018\/679 \u00fcksikisikute kaitse kohta isikuandmete t\u00f6\u00f6tlemisel ja selliste andmete vaba liikumise kohta, teavitatakse meie veebilehe kasutajat selle loomisel ja j\u00e4lgimisel osalevate osapoolte identiteedist:<\/p>\n<p>Toimetaja: Carlo Ela <a rel=\"noopener\">contact.psona@gmail.com<\/a> .<\/p>\n<p>Vastuv\u00f5tja: Scaleway, 8 rue de la Ville l'\u00c9v\u00eaque, 75008 Paris ; <a rel=\"noopener\" target=\"_new\" href=\"https:\/\/www.scaleway.com\/\">https:\/\/www.scaleway.com\/<\/a><\/p>\n<p>Arendaja: CLICKBUSTER LTD<\/p>\n<p>Andmekaitseametnik: Carlo Ela <a rel=\"noopener\">contact.psona@gmail.com<\/a>.<\/p>\n<p>[\/et_pb_text][et_pb_text _builder_version=&#8221;4.27.0&#8243; _module_preset=&#8221;default&#8221; header_2_text_align=&#8221;center&#8221; global_colors_info=&#8221;{}&#8221;]<\/p>\n<h2>ARTIKKEL 3 - Isikuandmete kaitse<\/h2>\n<p>Meie veebilehe kasutamiseks t\u00f6\u00f6tleme teatud isikuandmeid, mis puudutavad kasutajat. See t\u00f6\u00f6tlemine toimub vastavalt 2018. aasta andmekaitseseadusele ja andmekaitsepoliitikale, mis on k\u00e4ttesaadav j\u00e4rgmisel lingil:<\/p>\n<p><a rel=\"noopener\" target=\"_new\" href=\"https:\/\/psna1.com\/et\/privacy-police\/\">https:\/\/psna1.com\/privacy-police\/<\/a><\/p>\n<p>[\/et_pb_text][et_pb_text _builder_version=&#8221;4.27.0&#8243; _module_preset=&#8221;default&#8221; header_2_text_align=&#8221;center&#8221; global_colors_info=&#8221;{}&#8221;]<\/p>\n<h2>ARTIKKEL 4 - Juurdep\u00e4\u00e4s tegevuskohale<\/h2>\n<div class=\"group\/conversation-turn relative flex w-full min-w-0 flex-col agent-turn\">\n<div class=\"flex-col gap-1 md:gap-3\">\n<div class=\"flex max-w-full flex-col flex-grow\">\n<div data-message-author-role=\"assistant\" data-message-id=\"1921b6bd-7e01-40ec-81aa-bce2a7802030\" dir=\"auto\" class=\"min-h-[20px] text-message flex w-full flex-col items-end gap-2 whitespace-normal break-words [.text-message+&amp;]:mt-5\">\n<div class=\"flex w-full flex-col gap-1 empty:hidden first:pt-[3px]\">\n<div class=\"markdown prose w-full break-words dark:prose-invert dark\">\n<p>Juurdep\u00e4\u00e4s veebilehele ja selle kasutamine on reserveeritud rangelt isiklikuks kasutamiseks. Kasutaja kohustub mitte kasutama veebilehte v\u00f5i seal sisalduvat teavet v\u00f5i andmeid kaubanduslikel, poliitilistel v\u00f5i reklaamip\u00f5histel eesm\u00e4rkidel v\u00f5i mis tahes vormis kaubanduslikul eesm\u00e4rgil, eelk\u00f5ige soovimatute e-kirjade saatmiseks.<\/p>\n<p>Juurdep\u00e4\u00e4s saidile on reserveeritud t\u00e4iskasvanutele. M\u00fc\u00fcja j\u00e4tab endale \u00f5iguse n\u00f5uda vanuse t\u00f5endamist, eriti kui kasutate veebip\u00f5hiseid tellimusteenuseid. M\u00fc\u00fcja ei vastuta alaealiste juurdep\u00e4\u00e4su eest veebilehele ega kasutajate poolt veebilehel esitatud eba\u00f5ige v\u00f5i eksitava teabe eest.<\/p>\n<p>Kasutajad vastutavad isiklikult veebilehe kasutamiseks vajalike IT- ja telekommunikatsiooniressursside seadistamise eest. Nad kannavad veebilehe kaudu Interneti-\u00fchendusega seotud telekommunikatsioonikulud.<\/p>\n<\/div>\n<\/div>\n<\/div>\n<\/div>\n<\/div>\n<\/div>\n<p>[\/et_pb_text][et_pb_text _builder_version=&#8221;4.27.0&#8243; _module_preset=&#8221;default&#8221; header_2_text_align=&#8221;center&#8221; global_colors_info=&#8221;{}&#8221;]<\/p>\n<h2>ARTIKKEL 5 - osutatavate teenuste kirjeldus<\/h2>\n<p>P\u00fc\u00fcame anda v\u00f5imalikult t\u00e4pset teavet, kuid me ei saa vastutada mis tahes puuduste, ebat\u00e4psuste v\u00f5i teabe ajakohastamata j\u00e4tmise eest. Kogu veebilehel esitatud teave on esitatud ainult teavitamise eesm\u00e4rgil ja ei ole ammendav. See on esitatud vastavalt muudatustele, mis v\u00f5ivad olla tehtud p\u00e4rast seda, kui see on internetti pandud.<\/p>\n<p>[\/et_pb_text][et_pb_text _builder_version=&#8221;4.27.0&#8243; _module_preset=&#8221;default&#8221; header_2_text_align=&#8221;center&#8221; global_colors_info=&#8221;{}&#8221;]<\/p>\n<h2>ARTIKKEL 6 - Intellektuaalomand<\/h2>\n<p><strong>6.1 Meie veebileht<\/strong><\/p>\n<p>K\u00f5ik kaubam\u00e4rgid, fotod, tekstid, kommentaarid, illustratsioonid, animeeritud v\u00f5i liikumatud pildid, videol\u00f5igud, helid, samuti k\u00f5ik arvutirakendused, mida v\u00f5idakse kasutada veebilehe toimimiseks, ja \u00fcldisemalt k\u00f5ik veebilehe kaudu reprodutseeritud v\u00f5i kasutatud elemendid on kaitstud kehtivate intellektuaalomandiga seotud seadustega.<\/p>\n<p>Need on t\u00e4ielikult ja t\u00e4ielikult m\u00fc\u00fcja v\u00f5i tema kaubanduspartnerite omand. Nende elementide t\u00e4ielik v\u00f5i osaline reprodutseerimine, esitamine, kasutamine v\u00f5i kohandamine mis tahes kujul, sealhulgas arvutirakendused, on rangelt keelatud ilma kirjastaja eelneva kirjaliku n\u00f5usolekuta. Asjaolu, et kirjastaja ei v\u00f5ta \u00f5iguslikke meetmeid niipea, kui ta saab teada sellisest loata kasutamisest kasutaja poolt, ei t\u00e4henda sellise kasutamisega n\u00f5ustumist ega loobumist \u00f5igusest v\u00f5tta \u00f5iguslikke meetmeid. Kasutajal on rangelt keelatud :<\/p>\n<p>- kopeerida, reprodutseerida, esitada, edastada, levitada v\u00f5i avaldada p\u00fcsivalt v\u00f5i ajutiselt kogu sisu ja\/v\u00f5i veebilehe v\u00f5i selle osa mis tahes viisil; - luua sisust ja\/v\u00f5i veebilehest tuletatud teoseid; - muuta, t\u00f5lkida, kohandada v\u00f5i korraldada kogu sisu ja\/v\u00f5i veebilehe v\u00f5i selle osa; - lahutada, dekompileerida v\u00f5i tagasi arendada veebilehte.<\/p>\n<p>Igal juhul vastutavad kasutajad ainuisikuliselt Saidi kasutamise eest. Veebisaidi v\u00f5i selle mis tahes elementide loata kasutamine loetakse 2000. aasta andmekaitseseaduse rikkumiseks.<\/p>\n<p><strong>6.2 Meie kaubam\u00e4rk<\/strong><\/p>\n<p>M\u00fc\u00fcja ja CLICKBUSTER LTD s\u00f5nalised ja visuaalsed kaubam\u00e4rgid (logo) on kaitstud. Nende kasutamine ilma M\u00fc\u00fcja v\u00f5i tema partnerite kirjaliku loata mis tahes kandjal toodete v\u00f5i teenuste reklaamimiseks v\u00f5i \u00e4rilistel eesm\u00e4rkidel on keelatud, mille korral M\u00fc\u00fcja v\u00f5ib kasutaja ja\/v\u00f5i vastutavate kolmandate isikute suhtes algatada kriminaal- ja tsiviilkohtumenetlusi.<\/p>\n<p><strong>6.3 Sisu<\/strong><\/p>\n<p>Sisu on saidil vabalt k\u00e4ttesaadav. Sisu veebis avaldamine ei anna mingit autori\u00f5igust ega omandi\u00f5igust sisule, mis j\u00e4\u00e4b t\u00e4ielikult ja t\u00e4ielikult M\u00fc\u00fcja ja panustajate omandiks.<\/p>\n<p>\u00dckski kasutaja ei tohi ega tohi v\u00f5tta meetmeid, mis on vastuolus autori\u00f5iguse ja intellektuaalomandi \u00f5iguste j\u00f5ustamisega v\u00f5i mis tahes muu intellektuaalomandi \u00f5igustega seotud \u00dchendkuningriigi v\u00f5i rahvusvahelise \u00f5igusega. M\u00fc\u00fcja ja selle toetajad j\u00e4tavad endale \u00f5iguse v\u00f5tta kasutajaid vastutusele k\u00e4esolevate kasutustingimuste rikkumise eest.<\/p>\n<p>[\/et_pb_text][et_pb_text _builder_version=&#8221;4.27.0&#8243; _module_preset=&#8221;default&#8221; header_2_text_align=&#8221;center&#8221; global_colors_info=&#8221;{}&#8221;]<\/p>\n<h2>ARTIKKEL 7 - Saitide haldamine<\/h2>\n<p>Meie sait on kasutajatele tavaliselt alati k\u00e4ttesaadav. Saidi n\u00f5uetekohase haldamise tagamiseks j\u00e4tab M\u00fc\u00fcja endale \u00f5iguse igal ajal:<\/p>\n<p>- peatada, katkestada v\u00f5i piirata juurdep\u00e4\u00e4su kogu veebilehe v\u00f5i selle osale mis tahes p\u00f5hjusel, ette teatades v\u00f5i ilma ette teatamata ja omal \u00e4ran\u00e4gemisel; - kustutada mis tahes teavet, mis v\u00f5ib h\u00e4irida veebilehe toimimist mis tahes p\u00f5hjusel, ette teatades v\u00f5i ilma ette teatamata ja omal \u00e4ran\u00e4gemisel; - peatada veebilehe kasutamine uuenduste tegemiseks.<\/p>\n<p>M\u00fc\u00fcja teeb k\u00f5ik endast oleneva, et teavitada kasutajaid eelnevalt sekkumise kuup\u00e4evadest ja kellaaegadest, kuid ei saa vastutada, kui seda ei tehta.<\/p>\n<p>[\/et_pb_text][et_pb_text _builder_version=&#8221;4.27.0&#8243; _module_preset=&#8221;default&#8221; header_2_text_align=&#8221;center&#8221; global_colors_info=&#8221;{}&#8221;]<\/p>\n<h2>ARTIKKEL 8 - Kohustused<\/h2>\n<p><strong>8.1 Juurdep\u00e4\u00e4s saidile<\/strong><\/p>\n<p>M\u00fc\u00fcja kohustub tegema k\u00f5ik endast oleneva, et veebileht oleks k\u00e4ttesaadav 24 tundi \u00f6\u00f6p\u00e4evas, 7 p\u00e4eva n\u00e4dalas. M\u00fc\u00fcja ei v\u00f5ta siiski mingeid kohustusi seoses veebilehe pideva k\u00e4ttesaadavuse ja juurdep\u00e4\u00e4setavusega ning ei garanteeri, et veebileht on vigadeta. M\u00fc\u00fcjat ei saa pidada vastutavaks, kui tekib rike, talitlush\u00e4ire, raskusi v\u00f5i katkestusi, mis takistavad juurdep\u00e4\u00e4su veebilehele v\u00f5i selle funktsioonidele.<\/p>\n<p>M\u00fc\u00fcja ja vastuv\u00f5tja ei vastuta internetiv\u00f5rgu, telefoniliinide v\u00f5i arvuti- ja telefoniseadmete rikke korral, eelk\u00f5ige v\u00f5rgu \u00fclekoormuse t\u00f5ttu, mis takistab juurdep\u00e4\u00e4su serverile.<\/p>\n<p>M\u00fc\u00fcja ei vastuta kasutajate vastu algatatud kohtumenetluste korral:<\/p>\n<p>- Saidi v\u00f5i m\u00f5ne muu Interneti kaudu k\u00e4ttesaadava teenuse kasutamise tulemusena; - Kasutaja poolt k\u00e4esolevate \u00fcldiste kasutustingimuste eiramise tulemusena.<\/p>\n<p><strong>8.2 Kasutatud seadmed<\/strong><\/p>\n<p>Kasutaja poolt veebilehele juurdep\u00e4\u00e4suks kasutatav \u00fchendusseade on t\u00e4ielikult ja t\u00e4ielikult tema vastutusel. Kasutaja vastutab k\u00f5igi asjakohaste meetmete v\u00f5tmise eest, et kaitsta oma seadmeid ja andmeid. Kasutaja kohustub kasutama veebilehele juurdep\u00e4\u00e4suks uusimaid, viirusvabasid seadmeid ja hiljuti uuendatud veebilehitsejat.<\/p>\n<p>M\u00fc\u00fcja ei vastuta mis tahes kahju eest, mis on p\u00f5hjustatud kasutajatele, kolmandatele isikutele ja\/v\u00f5i nende seadmetele seoses veebilehega \u00fchenduse loomise v\u00f5i selle kasutamisega, ning kasutajad loobuvad igasugustest sellega seotud meetmetest m\u00fc\u00fcja vastu.<\/p>\n<p>M\u00fc\u00fcjat ei saa pidada vastutavaks kaudse kahju eest (n\u00e4iteks \u00e4ritegevuse v\u00f5i v\u00f5imaluste kaotamine), mis tuleneb veebilehe kasutamisest.<\/p>\n<p>[\/et_pb_text][et_pb_text _builder_version=&#8221;4.27.0&#8243; _module_preset=&#8221;default&#8221; header_2_text_align=&#8221;center&#8221; global_colors_info=&#8221;{}&#8221;]<\/p>\n<h2>ARTIKKEL 9 - FOTOD NING TOODETE JA TEENUSTE KUJUTAMINE<\/h2>\n<p>Veebisaidil olevad fotod, mis on lisatud nende kirjeldusele, ei ole lepingulised ega ole M\u00fc\u00fcjale siduvad.<\/p>\n<p>[\/et_pb_text][et_pb_text _builder_version=&#8221;4.27.0&#8243; _module_preset=&#8221;default&#8221; header_2_text_align=&#8221;center&#8221; global_colors_info=&#8221;{}&#8221;]<\/p>\n<h2>ARTIKKEL 10 - H\u00fcpertekstilinkid<\/h2>\n<p>Kasutajal on lubatud luua mistahes h\u00fcpertekstilink kogu veebisaidi v\u00f5i selle osa kohta, kui CLICKBUSTER LTD on andnud selleks eelnevalt kirjaliku loa, mida tuleb taotleda e-posti teel j\u00e4rgmisel aadressil: <a rel=\"noopener\">contact.psona@gmail.com<\/a>.<\/p>\n<p>M\u00fc\u00fcjal on vabadus keelduda selle loa andmisest, ilma et ta peaks oma otsust kuidagi p\u00f5hjendama. Kui M\u00fc\u00fcja annab oma loa, on see igal juhul ajutine ja v\u00f5ib selle igal ajal tagasi v\u00f5tta, ilma et ta oleks kohustatud oma otsust p\u00f5hjendama. Igal juhul tuleb k\u00f5ik lingid kaubam\u00e4rgi n\u00f5udmisel eemaldada.<\/p>\n<p>Veebisait sisaldab mitmeid h\u00fcperlingid teistele veebisaitidele, mis on loodud m\u00fc\u00fcja loal. Meie ettev\u00f5ttel ei ole siiski v\u00f5imalik kontrollida sel viisil k\u00fclastatud veebilehtede sisu ja seet\u00f5ttu ei v\u00f5ta ta selles osas mingit vastutust.<\/p>\n<p>[\/et_pb_text][et_pb_text _builder_version=&#8221;4.27.0&#8243; _module_preset=&#8221;default&#8221; header_2_text_align=&#8221;center&#8221; global_colors_info=&#8221;{}&#8221;]<\/p>\n<h2>ARTIKKEL 11 - Osaline kehtetuks tunnistamine<\/h2>\n<p>K\u00e4esolevate \u00fcldtingimuste \u00fche v\u00f5i mitme punkti ajutist mittekohaldamist ei saa mingil juhul t\u00f5lgendada kui CLICKBUSTER LTD loobumist m\u00f5ne nimetatud punkti kasutamisest.<\/p>\n<p>Kui \u00fcks v\u00f5i mitu k\u00e4esolevate tingimuste s\u00e4tet tunnistatakse seaduse, m\u00e4\u00e4ruse v\u00f5i l\u00f5pliku kohtuotsusega kehtetuks v\u00f5i kohaldamatuks, s\u00e4ilitavad teised s\u00e4tted oma t\u00e4ieliku j\u00f5u ja ulatuse ning j\u00e4\u00e4vad t\u00e4ies ulatuses kehtima.<\/p>\n<p>[\/et_pb_text][et_pb_text _builder_version=&#8221;4.27.0&#8243; _module_preset=&#8221;default&#8221; header_2_text_align=&#8221;center&#8221; global_colors_info=&#8221;{}&#8221;]<\/p>\n<h2>ARTIKKEL 12 - Keel<\/h2>\n<p>Kui need GCU-d t\u00f5lgitakse \u00fchte v\u00f5i mitmesse keelde, on suulise t\u00f5lke keeleks inglise keel.<\/p>\n<p>[\/et_pb_text][et_pb_text _builder_version=&#8221;4.27.0&#8243; _module_preset=&#8221;default&#8221; header_2_text_align=&#8221;center&#8221; custom_css_free_form=&#8221;selector table, selector td, selector tr, selector th {||  border:1px solid;||  border-color:#034833 !important;||}&#8221; global_colors_info=&#8221;{}&#8221;]<\/p>\n<h2>ARTIKKEL 13 - Kohaldatav \u00f5igus<\/h2>\n<p>K\u00e4esolevate veebilehe tingimuste suhtes kohaldatakse Briti \u00f5igust ja vaidluse korral kohaldatakse nende suhtes tavakohtute ainup\u00e4devust, kui seaduse v\u00f5i konkreetse m\u00e4\u00e4ruse tekstist tulenev eriline kohtualluvus ei ole piiratud.<\/p>\n<p>[\/et_pb_text][et_pb_text _builder_version=&#8221;4.27.0&#8243; _module_preset=&#8221;default&#8221; header_2_text_align=&#8221;center&#8221; custom_css_free_form=&#8221;selector table, selector td, selector tr, selector th {||  border:1px solid;||  border-color:#034833 !important;||}&#8221; global_colors_info=&#8221;{}&#8221;]<\/p>\n<h2>ARTIKKEL 14 - V\u00f5tke meiega \u00fchendust<\/h2>\n<p>Veebisaidil esitatud teenuseid puudutavate v\u00f5i veebilehega seotud k\u00fcsimuste v\u00f5i teabe saamiseks v\u00f5ib kasutaja j\u00e4tta s\u00f5numi aadressil contact.psona@gmail.com.<\/p>\n<p>[\/et_pb_text][\/et_pb_column][\/et_pb_row][\/et_pb_section]<\/p>","protected":false},"excerpt":{"rendered":"<p>Mentions l\u00e9gales Preamble Entry into force: March 30th, 2023 CLICKBUSTER LTD63-66 Hatton GardenLondon EC1N 8LECompany number 13014667VAT number GB 363 9346 71 La navigation continue sur notre Site https:\/\/psna1.com\/ (ci-apr\u00e8s le \u00ab Site \u00bb) implique que les visiteurs du Site (ci-apr\u00e8s l&#8217;\u00ab Utilisateur(s) \u00bb) acceptent sans r\u00e9serve les dispositions et Conditions G\u00e9n\u00e9rales d&#8217;Utilisation qui suivent [&hellip;]<\/p>","protected":false},"author":1,"featured_media":0,"parent":0,"menu_order":0,"comment_status":"closed","ping_status":"closed","template":"","meta":{"_et_pb_use_builder":"on","_et_pb_old_content":"<!-- wp:divi\/placeholder \/-->","_et_gb_content_width":"","inline_featured_image":false,"footnotes":""},"class_list":["post-149","page","type-page","status-publish","hentry"],"_links":{"self":[{"href":"https:\/\/psna1.com\/et\/wp-json\/wp\/v2\/pages\/149","targetHints":{"allow":["GET"]}}],"collection":[{"href":"https:\/\/psna1.com\/et\/wp-json\/wp\/v2\/pages"}],"about":[{"href":"https:\/\/psna1.com\/et\/wp-json\/wp\/v2\/types\/page"}],"author":[{"embeddable":true,"href":"https:\/\/psna1.com\/et\/wp-json\/wp\/v2\/users\/1"}],"replies":[{"embeddable":true,"href":"https:\/\/psna1.com\/et\/wp-json\/wp\/v2\/comments?post=149"}],"version-history":[{"count":6,"href":"https:\/\/psna1.com\/et\/wp-json\/wp\/v2\/pages\/149\/revisions"}],"predecessor-version":[{"id":870,"href":"https:\/\/psna1.com\/et\/wp-json\/wp\/v2\/pages\/149\/revisions\/870"}],"wp:attachment":[{"href":"https:\/\/psna1.com\/et\/wp-json\/wp\/v2\/media?parent=149"}],"curies":[{"name":"wp","href":"https:\/\/api.w.org\/{rel}","templated":true}]}}