{"id":149,"date":"2024-09-05T10:24:38","date_gmt":"2024-09-05T10:24:38","guid":{"rendered":"https:\/\/psona.io\/?page_id=149"},"modified":"2024-10-02T10:18:01","modified_gmt":"2024-10-02T10:18:01","slug":"mentions-legales","status":"publish","type":"page","link":"https:\/\/psna1.com\/es\/mentions-legales\/","title":{"rendered":"Informaci\u00f3n jur\u00eddica"},"content":{"rendered":"<p>[et_pb_section fb_built=&#8221;1&#8243; custom_padding_last_edited=&#8221;on|tablet&#8221; admin_label=&#8221;Header&#8221; _builder_version=&#8221;4.27.0&#8243; custom_margin=&#8221;0px||0px||true|false&#8221; custom_padding=&#8221;0px||0px||true|false&#8221; custom_padding_tablet=&#8221;||||true|false&#8221; custom_padding_phone=&#8221;||||true|false&#8221; locked=&#8221;off&#8221; global_colors_info=&#8221;{}&#8221;][et_pb_row use_custom_gutter=&#8221;on&#8221; gutter_width=&#8221;1&#8243; custom_padding_last_edited=&#8221;on|phone&#8221; _builder_version=&#8221;4.27.0&#8243; width=&#8221;95%&#8221; custom_margin=&#8221;||||true|false&#8221; custom_padding=&#8221;150px||150px||true|true&#8221; custom_padding_tablet=&#8221;80px||80px||true|false&#8221; custom_padding_phone=&#8221;60px||60px||true|false&#8221; border_radii=&#8221;on|50px|50px|50px|50px&#8221; global_colors_info=&#8221;{}&#8221; background_color=&#8221;RGBA(255,255,255,0)&#8221; background_size=&#8221;initial&#8221; background_position=&#8221;top_left&#8221; background_repeat=&#8221;repeat&#8221;][et_pb_column type=&#8221;4_4&#8243; _builder_version=&#8221;4.27.0&#8243; custom_padding=&#8221;|||&#8221; global_colors_info=&#8221;{}&#8221; custom_padding__hover=&#8221;|||&#8221; custom_css_main_element_last_edited=&#8221;on|phone&#8221;][et_pb_text module_class=&#8221;title-header&#8221; _builder_version=&#8221;4.27.0&#8243; background_size=&#8221;initial&#8221; background_position=&#8221;top_left&#8221; background_repeat=&#8221;repeat&#8221; width=&#8221;72%&#8221; width_tablet=&#8221;70%&#8221; width_phone=&#8221;68.5%&#8221; width_last_edited=&#8221;on|tablet&#8221; module_alignment=&#8221;center&#8221; custom_margin=&#8221;0px||0px||false|false&#8221; custom_margin_tablet=&#8221;0px||0px||false|false&#8221; custom_margin_phone=&#8221;0px||0px||false|false&#8221; custom_margin_last_edited=&#8221;on|tablet&#8221; custom_padding=&#8221;0px||0px||true|false&#8221; hover_enabled=&#8221;0&#8243; header_font_size_tablet=&#8221;50px&#8221; header_font_size_phone=&#8221;40px&#8221; global_colors_info=&#8221;{}&#8221; text_orientation=&#8221;center&#8221; sticky_enabled=&#8221;0&#8243;]<\/p>\n<h1>Informaci\u00f3n jur\u00eddica<\/h1>\n<p><!-- \/divi:paragraph --><\/p>\n<p>[\/et_pb_text][\/et_pb_column][\/et_pb_row][\/et_pb_section][et_pb_section fb_built=&#8221;1&#8243; _builder_version=&#8221;4.27.0&#8243; _module_preset=&#8221;default&#8221; global_colors_info=&#8221;{}&#8221;][et_pb_row _builder_version=&#8221;4.27.0&#8243; _module_preset=&#8221;default&#8221; global_colors_info=&#8221;{}&#8221;][et_pb_column type=&#8221;4_4&#8243; _builder_version=&#8221;4.27.0&#8243; _module_preset=&#8221;default&#8221; global_colors_info=&#8221;{}&#8221;][et_pb_text _builder_version=&#8221;4.27.0&#8243; _module_preset=&#8221;default&#8221; header_2_text_align=&#8221;center&#8221; global_colors_info=&#8221;{}&#8221;]<\/p>\n<h2>Pre\u00e1mbulo<\/h2>\n<p>Entrada en vigor: 30 de marzo de 2023<\/p>\n<p><strong>CLICKBUSTER LTD<\/strong><br \/><strong>63-66 Hatton Garden<\/strong><br \/><strong>Londres EC1N 8LE<\/strong><br \/><strong>N\u00famero de empresa 13014667<\/strong><br \/><strong>N\u00famero de IVA GB 363 9346 71<\/strong><\/p>\n<p>Seguir navegando por nuestro sitio <a rel=\"noopener\" target=\"_new\" href=\"https:\/\/psna1.com\/es\/\">https:\/\/psna1.com\/<\/a> (en adelante, el \"Sitio\") implica que los visitantes del Sitio (en adelante, el\/los \"Usuario(s)\") aceptan sin reservas las siguientes disposiciones y Condiciones Generales de Uso (en adelante, las \"CGU\"). Antes de cualquier uso de las funcionalidades de nuestro Sitio, el Usuario reconoce haber le\u00eddo las presentes Condiciones Generales y haberlas aceptado.<\/p>\n<p>La versi\u00f3n en l\u00ednea actual de nuestras Condiciones Generales de Contrataci\u00f3n es la \u00fanica versi\u00f3n aplicable durante el periodo de uso del Sitio, hasta que la sustituyamos por una nueva versi\u00f3n.<\/p>\n<p>El Sitio est\u00e1 gestionado por CLICKBUSTER LTD (en adelante, el \"Vendedor\"), que se reserva el derecho a modificar las presentes condiciones en cualquier momento. Cualquier uso de nuestro Sitio tras la modificaci\u00f3n de las CGU implica la aceptaci\u00f3n irrevocable por parte del Usuario de la nueva versi\u00f3n. En caso de desacuerdo con nuestras CGU, se invita al Usuario a dejar de utilizar nuestro Sitio.<\/p>\n<p>[\/et_pb_text][et_pb_text _builder_version=&#8221;4.27.0&#8243; _module_preset=&#8221;default&#8221; header_2_text_align=&#8221;center&#8221; global_colors_info=&#8221;{}&#8221;]<\/p>\n<h2>ART\u00cdCULO 1 - DEFINICIONES<\/h2>\n<p>En nuestro Sitio, los T\u00e9rminos que figuran a continuaci\u00f3n tienen el siguiente significado:<\/p>\n<p>\"Contenido\": se refiere a todos los elementos que componen la informaci\u00f3n de nuestro Sitio (texto, im\u00e1genes, v\u00eddeos, algoritmos, software, widgets, etc.) y que permiten su funcionamiento, informan a los Usuarios y presentan nuestros servicios;<\/p>\n<p>\"Derechos de propiedad intelectual\": significa todos los derechos de propiedad intelectual y derechos conexos (derechos de autor, derechos de marca, derechos de patente, nombres comerciales, bases de datos, etc.) protegidos por la Ley de Derechos de Autor y Derechos Conexos de 2000, aplicable en el momento de la consulta del Sitio por el Usuario;<\/p>\n<p>\"Funciones\": se refiere a todas las funcionalidades puestas a disposici\u00f3n de nuestros Usuarios a trav\u00e9s de nuestro Sitio;<\/p>\n<p>\"Sitio\": se refiere al Sitio <a rel=\"noopener\" target=\"_new\" href=\"https:\/\/psna1.com\/es\/\">https:\/\/psna1.com\/<\/a> operados por el Vendedor y puestos a disposici\u00f3n de los Usuarios;<\/p>\n<p>\"Usuario\": se refiere a cualquier persona que utilice nuestro Sitio y tenga acceso a su contenido.<\/p>\n<p>[\/et_pb_text][et_pb_text _builder_version=&#8221;4.27.0&#8243; _module_preset=&#8221;default&#8221; header_2_text_align=&#8221;center&#8221; global_colors_info=&#8221;{}&#8221;]<\/p>\n<h2>ART\u00cdCULO 2 - Informaci\u00f3n jur\u00eddica<\/h2>\n<p>De conformidad con el Reglamento [UE] 2018\/679 del Parlamento Europeo y del Consejo, de 27 de abril de 2016, relativo a la protecci\u00f3n de las personas f\u00edsicas en lo que respecta al tratamiento de datos personales y a la libre circulaci\u00f3n de estos datos, se informa al Usuario de nuestro Sitio de la identidad de las partes implicadas en su creaci\u00f3n y seguimiento:<\/p>\n<p>Director editorial: Carlo Ela <a rel=\"noopener\">contact.psona@gmail.com<\/a> .<\/p>\n<p>Anfitri\u00f3n: Scaleway, 8 rue de la Ville l'\u00c9v\u00eaque, 75008 Par\u00eds ; <a rel=\"noopener\" target=\"_new\" href=\"https:\/\/www.scaleway.com\/\">https:\/\/www.scaleway.com\/<\/a><\/p>\n<p>Desarrollador: CLICKBUSTER LTD<\/p>\n<p>Responsable de protecci\u00f3n de datos: Carlo Ela <a rel=\"noopener\">contact.psona@gmail.com<\/a>.<\/p>\n<p>[\/et_pb_text][et_pb_text _builder_version=&#8221;4.27.0&#8243; _module_preset=&#8221;default&#8221; header_2_text_align=&#8221;center&#8221; global_colors_info=&#8221;{}&#8221;]<\/p>\n<h2>ART\u00cdCULO 3 - Protecci\u00f3n de datos personales<\/h2>\n<p>Para utilizar nuestro Sitio, trataremos determinados datos personales relativos al Usuario. Este tratamiento se lleva a cabo de conformidad con la Ley de Protecci\u00f3n de Datos de 2018 y la Pol\u00edtica de Protecci\u00f3n de Datos disponible en el siguiente enlace:<\/p>\n<p><a rel=\"noopener\" target=\"_new\" href=\"https:\/\/psna1.com\/es\/privacy-police\/\">https:\/\/psna1.com\/privacy-police\/<\/a><\/p>\n<p>[\/et_pb_text][et_pb_text _builder_version=&#8221;4.27.0&#8243; _module_preset=&#8221;default&#8221; header_2_text_align=&#8221;center&#8221; global_colors_info=&#8221;{}&#8221;]<\/p>\n<h2>ART\u00cdCULO 4 - Acceso al recinto<\/h2>\n<div class=\"group\/conversation-turn relative flex w-full min-w-0 flex-col agent-turn\">\n<div class=\"flex-col gap-1 md:gap-3\">\n<div class=\"flex max-w-full flex-col flex-grow\">\n<div data-message-author-role=\"assistant\" data-message-id=\"1921b6bd-7e01-40ec-81aa-bce2a7802030\" dir=\"auto\" class=\"min-h-[20px] text-message flex w-full flex-col items-end gap-2 whitespace-normal break-words [.text-message+&amp;]:mt-5\">\n<div class=\"flex w-full flex-col gap-1 empty:hidden first:pt-[3px]\">\n<div class=\"markdown prose w-full break-words dark:prose-invert dark\">\n<p>El acceso y la utilizaci\u00f3n del Sitio est\u00e1n reservados a un uso estrictamente personal. El Usuario se compromete a no utilizar el Sitio, ni la informaci\u00f3n o los datos que contiene, con fines comerciales, pol\u00edticos o publicitarios, ni para ning\u00fan tipo de solicitud comercial, en particular el env\u00edo de correos electr\u00f3nicos no solicitados.<\/p>\n<p>El acceso al Sitio est\u00e1 reservado a los mayores de edad. El Vendedor se reserva el derecho de solicitar una prueba de la edad, en particular si utiliza los servicios de pedido en l\u00ednea. El Vendedor no podr\u00e1 ser considerado responsable en caso de acceso al Sitio por parte de menores, ni en caso de informaci\u00f3n err\u00f3nea o enga\u00f1osa proporcionada por los Usuarios en el Sitio.<\/p>\n<p>Los usuarios son personalmente responsables de la configuraci\u00f3n de los recursos inform\u00e1ticos y de telecomunicaciones necesarios para acceder al Sitio. Correr\u00e1n con los gastos de telecomunicaciones asociados al acceso a Internet a trav\u00e9s del Sitio.<\/p>\n<\/div>\n<\/div>\n<\/div>\n<\/div>\n<\/div>\n<\/div>\n<p>[\/et_pb_text][et_pb_text _builder_version=&#8221;4.27.0&#8243; _module_preset=&#8221;default&#8221; header_2_text_align=&#8221;center&#8221; global_colors_info=&#8221;{}&#8221;]<\/p>\n<h2>ART\u00cdCULO 5 - Descripci\u00f3n de los servicios prestados<\/h2>\n<p>Nos esforzamos por ofrecer informaci\u00f3n lo m\u00e1s exacta posible, pero no nos responsabilizamos de las omisiones, inexactitudes o falta de actualizaci\u00f3n de la informaci\u00f3n. Toda la informaci\u00f3n facilitada en el Sitio se ofrece a t\u00edtulo meramente informativo y no es exhaustiva. Se proporciona sin perjuicio de los cambios que puedan haberse producido desde su puesta en l\u00ednea.<\/p>\n<p>[\/et_pb_text][et_pb_text _builder_version=&#8221;4.27.0&#8243; _module_preset=&#8221;default&#8221; header_2_text_align=&#8221;center&#8221; global_colors_info=&#8221;{}&#8221;]<\/p>\n<h2>ART\u00cdCULO 6 - Propiedad intelectual<\/h2>\n<p><strong>6.1 Nuestro sitio web<\/strong><\/p>\n<p>Todas las marcas, fotograf\u00edas, textos, comentarios, ilustraciones, im\u00e1genes animadas o fijas, secuencias de v\u00eddeo, sonidos, as\u00ed como todas las aplicaciones inform\u00e1ticas que puedan utilizarse para el funcionamiento del Sitio y, de forma m\u00e1s general, todos los elementos reproducidos o utilizados en el Sitio, est\u00e1n protegidos por la legislaci\u00f3n vigente en materia de propiedad intelectual.<\/p>\n<p>Son propiedad plena y entera del vendedor o de sus socios comerciales. Queda estrictamente prohibida toda reproducci\u00f3n, representaci\u00f3n, utilizaci\u00f3n o adaptaci\u00f3n, en cualquier forma, de la totalidad o parte de estos elementos, incluidas las aplicaciones inform\u00e1ticas, sin el consentimiento previo por escrito del editor. El hecho de que el editor no emprenda acciones legales en cuanto tenga conocimiento de dicha utilizaci\u00f3n no autorizada por parte del Usuario no constituye una aceptaci\u00f3n de dicha utilizaci\u00f3n ni una renuncia al derecho de emprender acciones legales. Queda terminantemente prohibido que el Usuario :<\/p>\n<p>- Copiar, reproducir, representar, emitir, distribuir o publicar, de forma permanente o temporal, todo o parte del Contenido y\/o el Sitio por cualquier medio; - Crear obras derivadas del Contenido y\/o el Sitio; - Modificar, traducir, adaptar o arreglar todo o parte del Contenido y\/o el Sitio; - Desensamblar, descompilar o aplicar ingenier\u00eda inversa al Sitio.<\/p>\n<p>En cualquier caso, el Usuario es el \u00fanico responsable del uso que haga del Sitio. Cualquier uso no autorizado del Sitio o de cualquiera de los elementos que contiene se considerar\u00e1 constitutivo de infracci\u00f3n de la Ley de Protecci\u00f3n de Datos de 2000.<\/p>\n<p><strong>6.2 Nuestra marca<\/strong><\/p>\n<p>Las marcas denominativas y visuales (logotipo) del Vendedor y de CLICKBUSTER LTD est\u00e1n protegidas. Su utilizaci\u00f3n sin autorizaci\u00f3n escrita del Vendedor o de sus socios, en cualquier soporte, con fines de promoci\u00f3n de productos o servicios, o con fines comerciales, est\u00e1 prohibida bajo pena de acciones penales y civiles iniciadas por el Vendedor contra el Usuario y\/o los terceros responsables.<\/p>\n<p><strong>6.3 Contenido<\/strong><\/p>\n<p>El contenido es de libre acceso en el Sitio. La puesta en l\u00ednea del contenido no confiere ninguna transferencia de derechos de autor o de propiedad del contenido, que sigue siendo plena y entera propiedad del Vendedor y de los colaboradores.<\/p>\n<p>Ning\u00fan Usuario podr\u00e1, ni deber\u00e1, realizar ninguna acci\u00f3n contraria al cumplimiento de los derechos de autor y de propiedad intelectual, o contraria a cualquier otra ley del Reino Unido o internacional relativa a los derechos de propiedad intelectual. El Vendedor y sus colaboradores se reservan el derecho de perseguir a cualquier Usuario por cualquier incumplimiento de estas CDU.<\/p>\n<p>[\/et_pb_text][et_pb_text _builder_version=&#8221;4.27.0&#8243; _module_preset=&#8221;default&#8221; header_2_text_align=&#8221;center&#8221; global_colors_info=&#8221;{}&#8221;]<\/p>\n<h2>ART\u00cdCULO 7 - Gesti\u00f3n del sitio<\/h2>\n<p>Nuestro Sitio es normalmente accesible a los Usuarios en todo momento. Para garantizar la correcta gesti\u00f3n del Sitio, el Vendedor se reserva el derecho en cualquier momento a :<\/p>\n<p>- Suspender, interrumpir o limitar el acceso a todo o parte del Sitio, por cualquier motivo, con o sin previo aviso y a su entera discreci\u00f3n; - Suprimir cualquier informaci\u00f3n que pueda perturbar su funcionamiento, por cualquier motivo, con o sin previo aviso y a su entera discreci\u00f3n; - Suspender el Sitio para realizar actualizaciones.<\/p>\n<p>El Vendedor har\u00e1 todo lo posible por informar a los Usuarios de las fechas y horas de las intervenciones con antelaci\u00f3n, pero no podr\u00e1 ser considerado responsable en caso de no hacerlo.<\/p>\n<p>[\/et_pb_text][et_pb_text _builder_version=&#8221;4.27.0&#8243; _module_preset=&#8221;default&#8221; header_2_text_align=&#8221;center&#8221; global_colors_info=&#8221;{}&#8221;]<\/p>\n<h2>ART\u00cdCULO 8 - Responsabilidades<\/h2>\n<p><strong>8.1 Acceso al sitio web<\/strong><\/p>\n<p>El Vendedor se compromete a hacer todo lo posible para garantizar que el Sitio sea accesible 24 horas al d\u00eda, 7 d\u00edas a la semana. No obstante, el Vendedor no se compromete a la disponibilidad y accesibilidad permanentes del Sitio y no garantiza que el Sitio est\u00e9 libre de errores. El Vendedor no podr\u00e1 ser considerado responsable en caso de aver\u00eda, mal funcionamiento, dificultad o interrupci\u00f3n del funcionamiento, que impida el acceso al Sitio o a cualquiera de sus funciones.<\/p>\n<p>El Vendedor y el anfitri\u00f3n no podr\u00e1n ser considerados responsables en caso de mal funcionamiento de la red Internet, de las l\u00edneas telef\u00f3nicas o de los equipos inform\u00e1ticos y telef\u00f3nicos, en particular debido a una congesti\u00f3n de la red, que impida el acceso al servidor.<\/p>\n<p>El Vendedor no podr\u00e1 ser considerado responsable en caso de acciones judiciales contra los Usuarios:<\/p>\n<p>- Como consecuencia de la utilizaci\u00f3n del Sitio o de cualquier otro servicio accesible a trav\u00e9s de Internet; - Como consecuencia del incumplimiento por parte del Usuario de las presentes CGU.<\/p>\n<p><strong>8.2 Equipamiento utilizado<\/strong><\/p>\n<p>El equipo de conexi\u00f3n utilizado por el Usuario para acceder al Sitio est\u00e1 bajo su plena y entera responsabilidad. Es responsabilidad del Usuario tomar todas las medidas adecuadas para proteger su equipo y sus propios datos. El Usuario se compromete a acceder al Sitio utilizando un equipo reciente, libre de virus y con un navegador actualizado recientemente.<\/p>\n<p>El Vendedor no es responsable de los da\u00f1os causados a los Usuarios, a terceros y\/o a sus equipos como consecuencia de su conexi\u00f3n o utilizaci\u00f3n del Sitio, y los Usuarios renuncian a cualquier acci\u00f3n al respecto contra el Vendedor.<\/p>\n<p>El Vendedor no podr\u00e1 ser considerado responsable de los da\u00f1os indirectos (como la p\u00e9rdida de negocio o la p\u00e9rdida de oportunidades) resultantes del uso del Sitio.<\/p>\n<p>[\/et_pb_text][et_pb_text _builder_version=&#8221;4.27.0&#8243; _module_preset=&#8221;default&#8221; header_2_text_align=&#8221;center&#8221; global_colors_info=&#8221;{}&#8221;]<\/p>\n<h2>ART\u00cdCULO 9 - FOTOGRAF\u00cdAS Y REPRESENTACI\u00d3N DE PRODUCTOS Y SERVICIOS<\/h2>\n<p>Las fotograf\u00edas del Sitio, que acompa\u00f1an a su descripci\u00f3n, no son contractuales y no son vinculantes para el Vendedor.<\/p>\n<p>[\/et_pb_text][et_pb_text _builder_version=&#8221;4.27.0&#8243; _module_preset=&#8221;default&#8221; header_2_text_align=&#8221;center&#8221; global_colors_info=&#8221;{}&#8221;]<\/p>\n<h2>ART\u00cdCULO 10 - Enlaces de hipertexto<\/h2>\n<p>Se autoriza el establecimiento por parte del Usuario de cualquier enlace de hipertexto a la totalidad o parte del Sitio Web, previa autorizaci\u00f3n por escrito de CLICKBUSTER LTD, que deber\u00e1 solicitarse por correo electr\u00f3nico a la siguiente direcci\u00f3n: <a rel=\"noopener\">contact.psona@gmail.com<\/a>.<\/p>\n<p>El Vendedor es libre de denegar esta autorizaci\u00f3n sin tener que justificar su decisi\u00f3n de ning\u00fan modo. En caso de que el Vendedor conceda su autorizaci\u00f3n, \u00e9sta ser\u00e1 en todo caso temporal y podr\u00e1 ser retirada en cualquier momento, sin obligaci\u00f3n de justificar su decisi\u00f3n. En cualquier caso, cualquier enlace deber\u00e1 ser retirado a petici\u00f3n de la marca.<\/p>\n<p>El Sitio contiene una serie de enlaces de hipertexto hacia otros sitios, establecidos con la autorizaci\u00f3n del Vendedor. Sin embargo, nuestra empresa no est\u00e1 en condiciones de comprobar el contenido de los sitios visitados de este modo y, por lo tanto, no aceptar\u00e1 ninguna responsabilidad al respecto.<\/p>\n<p>[\/et_pb_text][et_pb_text _builder_version=&#8221;4.27.0&#8243; _module_preset=&#8221;default&#8221; header_2_text_align=&#8221;center&#8221; global_colors_info=&#8221;{}&#8221;]<\/p>\n<h2>ART\u00cdCULO 11 - Nulidad parcial<\/h2>\n<p>La inaplicaci\u00f3n temporal de una o varias cl\u00e1usulas de las presentes condiciones generales no podr\u00e1 interpretarse en ning\u00fan caso como una renuncia por parte de CLICKBUSTER LTD a acogerse a cualquiera de dichas cl\u00e1usulas.<\/p>\n<p>Si una o varias disposiciones de las presentes condiciones son declaradas nulas o inaplicables por ley, reglamento o sentencia judicial firme, las dem\u00e1s disposiciones conservar\u00e1n toda su fuerza y alcance y seguir\u00e1n siendo plenamente aplicables.<\/p>\n<p>[\/et_pb_text][et_pb_text _builder_version=&#8221;4.27.0&#8243; _module_preset=&#8221;default&#8221; header_2_text_align=&#8221;center&#8221; global_colors_info=&#8221;{}&#8221;]<\/p>\n<h2>ART\u00cdCULO 12 - Lengua<\/h2>\n<p>Si estas CGU se traducen a una o varias lenguas, la lengua de interpretaci\u00f3n ser\u00e1 el ingl\u00e9s.<\/p>\n<p>[\/et_pb_text][et_pb_text _builder_version=&#8221;4.27.0&#8243; _module_preset=&#8221;default&#8221; header_2_text_align=&#8221;center&#8221; custom_css_free_form=&#8221;selector table, selector td, selector tr, selector th {||  border:1px solid;||  border-color:#034833 !important;||}&#8221; global_colors_info=&#8221;{}&#8221;]<\/p>\n<h2>ART\u00cdCULO 13 - Legislaci\u00f3n aplicable<\/h2>\n<p>Las presentes Condiciones Generales del Sitio se rigen por la legislaci\u00f3n brit\u00e1nica y, en caso de litigio, se someten a la jurisdicci\u00f3n exclusiva de los tribunales ordinarios, sin perjuicio de una atribuci\u00f3n espec\u00edfica de competencia derivada de un texto de ley o de un reglamento particular.<\/p>\n<p>[\/et_pb_text][et_pb_text _builder_version=&#8221;4.27.0&#8243; _module_preset=&#8221;default&#8221; header_2_text_align=&#8221;center&#8221; custom_css_free_form=&#8221;selector table, selector td, selector tr, selector th {||  border:1px solid;||  border-color:#034833 !important;||}&#8221; global_colors_info=&#8221;{}&#8221;]<\/p>\n<h2>ART\u00cdCULO 14 - Contacto<\/h2>\n<p>Para cualquier pregunta o informaci\u00f3n relativa a los Servicios presentados en el Sitio o relacionada con el propio Sitio, el Usuario puede dejar un mensaje en la siguiente direcci\u00f3n: contact.psona@gmail.com.<\/p>\n<p>[\/et_pb_text][\/et_pb_column][\/et_pb_row][\/et_pb_section]<\/p>","protected":false},"excerpt":{"rendered":"<p>Mentions l\u00e9gales Preamble Entry into force: March 30th, 2023 CLICKBUSTER LTD63-66 Hatton GardenLondon EC1N 8LECompany number 13014667VAT number GB 363 9346 71 La navigation continue sur notre Site https:\/\/psna1.com\/ (ci-apr\u00e8s le \u00ab Site \u00bb) implique que les visiteurs du Site (ci-apr\u00e8s l&#8217;\u00ab Utilisateur(s) \u00bb) acceptent sans r\u00e9serve les dispositions et Conditions G\u00e9n\u00e9rales d&#8217;Utilisation qui suivent [&hellip;]<\/p>","protected":false},"author":1,"featured_media":0,"parent":0,"menu_order":0,"comment_status":"closed","ping_status":"closed","template":"","meta":{"_et_pb_use_builder":"on","_et_pb_old_content":"<!-- wp:divi\/placeholder \/-->","_et_gb_content_width":"","inline_featured_image":false,"footnotes":""},"class_list":["post-149","page","type-page","status-publish","hentry"],"_links":{"self":[{"href":"https:\/\/psna1.com\/es\/wp-json\/wp\/v2\/pages\/149","targetHints":{"allow":["GET"]}}],"collection":[{"href":"https:\/\/psna1.com\/es\/wp-json\/wp\/v2\/pages"}],"about":[{"href":"https:\/\/psna1.com\/es\/wp-json\/wp\/v2\/types\/page"}],"author":[{"embeddable":true,"href":"https:\/\/psna1.com\/es\/wp-json\/wp\/v2\/users\/1"}],"replies":[{"embeddable":true,"href":"https:\/\/psna1.com\/es\/wp-json\/wp\/v2\/comments?post=149"}],"version-history":[{"count":6,"href":"https:\/\/psna1.com\/es\/wp-json\/wp\/v2\/pages\/149\/revisions"}],"predecessor-version":[{"id":870,"href":"https:\/\/psna1.com\/es\/wp-json\/wp\/v2\/pages\/149\/revisions\/870"}],"wp:attachment":[{"href":"https:\/\/psna1.com\/es\/wp-json\/wp\/v2\/media?parent=149"}],"curies":[{"name":"wp","href":"https:\/\/api.w.org\/{rel}","templated":true}]}}