{"id":151,"date":"2024-09-05T10:24:54","date_gmt":"2024-09-05T10:24:54","guid":{"rendered":"https:\/\/psona.io\/?page_id=151"},"modified":"2024-10-02T10:16:41","modified_gmt":"2024-10-02T10:16:41","slug":"conditions-de-paiement-recurrent","status":"publish","type":"page","link":"https:\/\/psna1.com\/en\/conditions-de-paiement-recurrent\/","title":{"rendered":"Recurring payment terms"},"content":{"rendered":"<p>[et_pb_section fb_built=\"1\u2033 custom_padding_last_edited=\"on|tablet\" admin_label=\"Header\" _builder_version=\"4.27.0\u2033 custom_margin=\"0px||0px||true|false\" custom_padding=\"0px||0px||true|false\" custom_padding_tablet=\"||||true|false\" custom_padding_phone=\"||||true|false\" locked=\"off\" global_colors_info=\"{}\"][et_pb_row use_custom_gutter=\"on\" gutter_width=\"1\u2033 custom_padding_last_edited=\"on|phone\" _builder_version=\"4.27.0\u2033 width=\"95%\" custom_margin=\"||||true|false\" custom_padding=\"150px|150px||true|true\" custom_padding_tablet=\"80px||80px||true|false\" custom_padding_phone=\"60px||60px||true|false\" border_radii=\"on|50px|50px|50px|50px\" global_colors_info=\"{}\" background_color=\"RGBA(255,255,255,0)\" background_size=\"initial\" background_position=\"top_left\" background_repeat=\"repeat\"][et_pb_column type=\"4_4\u2033 _builder_version=\"4.27.0\u2033 custom_padding=\"|||\" global_colors_info=\"{}\" custom_padding__hover=\"|||\" custom_css_main_element_last_edited=\"on|phone\"][et_pb_text module_class=\"title-header\" _builder_version=\"4.27.0\u2033 background_size=\"initial\" background_position=\"top_left\" background_repeat=\"repeat\" width=\"72%\" width_tablet=\"70%\" width_phone=\"68.5%\" width_last_edited=\"on|tablet\" module_alignment=\"center\" custom_margin=\"0px||0px||false|false\" custom_margin_tablet=\"0px||0px||false|false\" custom_margin_phone=\"0px||0px||false|false\" custom_margin_last_edited=\"on|tablet\" custom_padding=\"0px||0px||true|false\" hover_enabled=\"0\u2033 header_font_size_tablet=\"50px\" header_font_size_phone=\"40px\" global_colors_info=\"{}\" header_text_align=\"center\" sticky_enabled=\"0\u2033]<\/p>\n<h1>Recurring payment terms<\/h1>\n<p>&nbsp;<\/p>\n<p><!-- \/divi:paragraph --><\/p>\n<p>[et_pb_text][\/et_pb_column][\/et_pb_row][\/et_pb_section][et_pb_section fb_built=\"1\u2033 _builder_version=\"4.27.0\u2033 _module_preset=\"default\" global_colors_info=\"{}\"][et_pb_row _builder_version=\"4.27.0\u2033 _module_preset=\"default\" global_colors_info=\"{}\"][et_pb_column type=\"4_4\u2033 _builder_version=\"4.27.0\u2033 _module_preset=\"default\" global_colors_info=\"{}\"][et_pb_text _builder_version=\"4.27.0\u2033 _module_preset=\"default\" header_2_text_align=\"center\" global_colors_info=\"{}\"]<\/p>\n<h2>Subscription terms<\/h2>\n<p>Entry into force: March 30th, 2023<\/p>\n<p><strong>CLICKBUSTER LTD<\/strong><br \/><strong>63-66 Hatton Garden<\/strong><br \/><strong>London EC1N 8LE<\/strong><br \/><strong>Company number 13014667<\/strong><br \/><strong>VAT number GB 363 9346 71<\/strong><\/p>\n<p>Subscribing to PSNA1 services gives you access to the following benefits:<\/p>\n<ul>\n<li>Unlimited tests<\/li>\n<li>Storage of all test results<\/li>\n<li>Comparisons between tests<\/li>\n<li>Results sent by email<\/li>\n<\/ul>\n<p>The subscription gives you access to the members' area for 24 hours at a promotional price of \u20ac0.5 incl. VAT. At the end of this trial period, the monthly subscription at \u20ac47.5 (incl. VAT) per month will apply. Payment will be automatically debited from your credit card each month on the anniversary date.<\/p>\n<p>You can cancel your subscription at any time and unconditionally directly on this page: <a rel=\"noopener\" target=\"_new\" href=\"https:\/\/psna1.com\/en\/se-desabonner\/\">https:\/\/psna1.com\/se-desabonner<\/a><\/p>\n<p>To cancel your subscription, please contact our Customer Service by email at <a rel=\"noopener\">contact.psona@gmail.com<\/a>or via our contact form by following this link: <a rel=\"noopener\" target=\"_new\" href=\"https:\/\/psna1.com\/en\/contact-en\/\">https:\/\/psna1.com\/contact-en\/<\/a><\/p>\n<p>PSNA1 does not resell customer information; personal data is used solely for the purpose of communicating with customers and providing them with the desired level of service.<\/p>\n<p>PSNA1 uses payment service providers that comply with PCI DSS security standards.<\/p>\n<p>[\/et_pb_text][\/et_pb_column][\/et_pb_row][\/et_pb_section]<\/p>","protected":false},"excerpt":{"rendered":"<p>Conditions de paiement r\u00e9current &nbsp; Termes d&#8217;abonnement Entry into force: March 30th, 2023 CLICKBUSTER LTD63-66 Hatton GardenLondon EC1N 8LECompany number 13014667VAT number GB 363 9346 71 Souscrire aux services de PSNA1 vous donne acc\u00e8s aux avantages suivants : Tests illimit\u00e9s Stockage de tous les r\u00e9sultats de test Comparaisons entre tests R\u00e9sultats envoy\u00e9s par email L&#8217;abonnement [&hellip;]<\/p>","protected":false},"author":1,"featured_media":0,"parent":0,"menu_order":0,"comment_status":"closed","ping_status":"closed","template":"","meta":{"_et_pb_use_builder":"on","_et_pb_old_content":"<!-- wp:divi\/placeholder \/-->","_et_gb_content_width":"","inline_featured_image":false,"footnotes":""},"class_list":["post-151","page","type-page","status-publish","hentry"],"_links":{"self":[{"href":"https:\/\/psna1.com\/en\/wp-json\/wp\/v2\/pages\/151","targetHints":{"allow":["GET"]}}],"collection":[{"href":"https:\/\/psna1.com\/en\/wp-json\/wp\/v2\/pages"}],"about":[{"href":"https:\/\/psna1.com\/en\/wp-json\/wp\/v2\/types\/page"}],"author":[{"embeddable":true,"href":"https:\/\/psna1.com\/en\/wp-json\/wp\/v2\/users\/1"}],"replies":[{"embeddable":true,"href":"https:\/\/psna1.com\/en\/wp-json\/wp\/v2\/comments?post=151"}],"version-history":[{"count":6,"href":"https:\/\/psna1.com\/en\/wp-json\/wp\/v2\/pages\/151\/revisions"}],"predecessor-version":[{"id":869,"href":"https:\/\/psna1.com\/en\/wp-json\/wp\/v2\/pages\/151\/revisions\/869"}],"wp:attachment":[{"href":"https:\/\/psna1.com\/en\/wp-json\/wp\/v2\/media?parent=151"}],"curies":[{"name":"wp","href":"https:\/\/api.w.org\/{rel}","templated":true}]}}