{"id":156,"date":"2024-09-05T10:25:15","date_gmt":"2024-09-05T10:25:15","guid":{"rendered":"https:\/\/psona.io\/?page_id=156"},"modified":"2024-10-02T10:19:58","modified_gmt":"2024-10-02T10:19:58","slug":"faq-detaillee","status":"publish","type":"page","link":"https:\/\/psna1.com\/da\/faq-detaillee\/","title":{"rendered":"Detaljeret FAQ"},"content":{"rendered":"<p>[et_pb_section fb_built=&#8221;1&#8243; custom_padding_last_edited=&#8221;on|tablet&#8221; admin_label=&#8221;Header&#8221; _builder_version=&#8221;4.27.0&#8243; custom_margin=&#8221;0px||0px||true|false&#8221; custom_padding=&#8221;0px||0px||true|false&#8221; custom_padding_tablet=&#8221;||||true|false&#8221; custom_padding_phone=&#8221;||||true|false&#8221; locked=&#8221;off&#8221; global_colors_info=&#8221;{}&#8221;][et_pb_row use_custom_gutter=&#8221;on&#8221; gutter_width=&#8221;1&#8243; custom_padding_last_edited=&#8221;on|phone&#8221; _builder_version=&#8221;4.27.0&#8243; width=&#8221;95%&#8221; custom_margin=&#8221;||||true|false&#8221; custom_padding=&#8221;150px||150px||true|true&#8221; custom_padding_tablet=&#8221;80px||80px||true|false&#8221; custom_padding_phone=&#8221;60px||60px||true|false&#8221; border_radii=&#8221;on|50px|50px|50px|50px&#8221; global_colors_info=&#8221;{}&#8221; background_color=&#8221;RGBA(255,255,255,0)&#8221; background_size=&#8221;initial&#8221; background_position=&#8221;top_left&#8221; background_repeat=&#8221;repeat&#8221;][et_pb_column type=&#8221;4_4&#8243; _builder_version=&#8221;4.27.0&#8243; custom_padding=&#8221;|||&#8221; global_colors_info=&#8221;{}&#8221; custom_padding__hover=&#8221;|||&#8221; custom_css_main_element_last_edited=&#8221;on|phone&#8221;][et_pb_text module_class=&#8221;title-header&#8221; _builder_version=&#8221;4.27.0&#8243; background_size=&#8221;initial&#8221; background_position=&#8221;top_left&#8221; background_repeat=&#8221;repeat&#8221; width=&#8221;72%&#8221; width_tablet=&#8221;70%&#8221; width_phone=&#8221;68.5%&#8221; width_last_edited=&#8221;on|tablet&#8221; module_alignment=&#8221;center&#8221; custom_margin=&#8221;0px||0px||false|false&#8221; custom_margin_tablet=&#8221;0px||0px||false|false&#8221; custom_margin_phone=&#8221;0px||0px||false|false&#8221; custom_margin_last_edited=&#8221;on|tablet&#8221; custom_padding=&#8221;0px||0px||true|false&#8221; hover_enabled=&#8221;0&#8243; header_font_size_tablet=&#8221;50px&#8221; header_font_size_phone=&#8221;40px&#8221; global_colors_info=&#8221;{}&#8221; text_orientation=&#8221;center&#8221; sticky_enabled=&#8221;0&#8243;]<\/p>\n<h1>Ofte stillede sp\u00f8rgsm\u00e5l<\/h1>\n<p><!-- \/divi:paragraph --><\/p>\n<p>[\/et_pb_text][\/et_pb_column][\/et_pb_row][\/et_pb_section][et_pb_section fb_built=&#8221;1&#8243; admin_label=&#8221;The Test&#8221; _builder_version=&#8221;4.27.0&#8243; _module_preset=&#8221;default&#8221; custom_margin=&#8221;0px||||false|false&#8221; custom_padding=&#8221;20px||||false|false&#8221; global_colors_info=&#8221;{}&#8221;][et_pb_row _builder_version=&#8221;4.27.0&#8243; _module_preset=&#8221;default&#8221; width=&#8221;60%&#8221; width_tablet=&#8221;80%&#8221; width_phone=&#8221;80%&#8221; width_last_edited=&#8221;on|phone&#8221; locked=&#8221;off&#8221; global_colors_info=&#8221;{}&#8221;][et_pb_column type=&#8221;4_4&#8243; _builder_version=&#8221;4.27.0&#8243; _module_preset=&#8221;default&#8221; global_colors_info=&#8221;{}&#8221;][et_pb_text _builder_version=&#8221;4.27.0&#8243; _module_preset=&#8221;default&#8221; global_colors_info=&#8221;{}&#8221;]<\/p>\n<h2 style=\"text-align: center;\">Testen<\/h2>\n<p>[\/et_pb_text][et_pb_toggle title=&#8221;Qui a con\u00e7u ce test ?&#8221; open_toggle_text_color=&#8221;#111214&#8243; icon_color=&#8221;#fff9f1&#8243; toggle_icon=&#8221;&#xf13a;||fa||900&#8243; use_icon_font_size=&#8221;on&#8221; icon_font_size=&#8221;35px&#8221; open_icon_color=&#8221;#E39309&#8243; open_toggle_icon=&#8221;&#xf139;||fa||900&#8243; open_use_icon_font_size=&#8221;on&#8221; open_icon_font_size=&#8221;35px&#8221; _builder_version=&#8221;4.27.0&#8243; _module_preset=&#8221;default&#8221; title_text_color=&#8221;#111214&#8243; title_font=&#8221;|600|||||||&#8221; title_font_size=&#8221;18px&#8221; closed_title_font=&#8221;|600|||||||&#8221; closed_title_font_size=&#8221;18px&#8221; body_text_color=&#8221;#727272&#8243; width_tablet=&#8221;100%&#8221; width_phone=&#8221;100%&#8221; width_last_edited=&#8221;on|tablet&#8221; custom_padding=&#8221;30px|30px|30px|30px|true|true&#8221; custom_css_toggle_icon=&#8221;padding-right:20px;&#8221; custom_css_toggle_content=&#8221;max-width:90%;&#8221; border_radii=&#8221;on|20px|20px|20px|20px&#8221; border_width_all=&#8221;0px&#8221; border_color_all=&#8221;RGBA(255,255,255,0)&#8221; box_shadow_style=&#8221;preset1&#8243; box_shadow_vertical=&#8221;0px&#8221; box_shadow_blur=&#8221;120px&#8221; box_shadow_color=&#8221;rgba(0,0,0,0.05)&#8221; global_colors_info=&#8221;{}&#8221; custom_css_toggle_icon_last_edited=&#8221;on|tablet&#8221; custom_css_toggle_icon_tablet=&#8221;padding-right:0px;&#8221; custom_css_toggle_icon_phone=&#8221;padding-right:0px;&#8221; background_color=&#8221;#FFFFFF&#8221;]<\/p>\n<p>Konceptet for denne test blev introduceret af Lewis Golberg i 1981 og derefter udviklet af Costa og McCrae mellem 1987 og 1992.<\/p>\n<p>[\/et_pb_toggle][et_pb_toggle title=&#8221;Que mesure ce test ?&#8221; open_toggle_text_color=&#8221;#111214&#8243; icon_color=&#8221;#fff9f1&#8243; toggle_icon=&#8221;&#xf13a;||fa||900&#8243; use_icon_font_size=&#8221;on&#8221; icon_font_size=&#8221;35px&#8221; open_icon_color=&#8221;#E39309&#8243; open_toggle_icon=&#8221;&#xf139;||fa||900&#8243; open_use_icon_font_size=&#8221;on&#8221; open_icon_font_size=&#8221;35px&#8221; _builder_version=&#8221;4.27.0&#8243; _module_preset=&#8221;default&#8221; title_text_color=&#8221;#111214&#8243; title_font=&#8221;|600|||||||&#8221; title_font_size=&#8221;18px&#8221; closed_title_font=&#8221;|600|||||||&#8221; closed_title_font_size=&#8221;18px&#8221; body_text_color=&#8221;#727272&#8243; width_tablet=&#8221;100%&#8221; width_phone=&#8221;100%&#8221; width_last_edited=&#8221;on|tablet&#8221; custom_padding=&#8221;30px|30px|30px|30px|true|true&#8221; custom_css_toggle_icon=&#8221;padding-right:20px;&#8221; custom_css_toggle_content=&#8221;max-width:90%;&#8221; border_radii=&#8221;on|20px|20px|20px|20px&#8221; border_width_all=&#8221;0px&#8221; border_color_all=&#8221;RGBA(255,255,255,0)&#8221; box_shadow_style=&#8221;preset1&#8243; box_shadow_vertical=&#8221;0px&#8221; box_shadow_blur=&#8221;120px&#8221; box_shadow_color=&#8221;rgba(0,0,0,0.05)&#8221; global_colors_info=&#8221;{}&#8221; custom_css_toggle_icon_last_edited=&#8221;on|tablet&#8221; custom_css_toggle_icon_tablet=&#8221;padding-right:0px;&#8221; custom_css_toggle_icon_phone=&#8221;padding-right:0px;&#8221; background_color=&#8221;#FFFFFF&#8221;]<\/p>\n<p>Denne test bestemmer en persons psykologiske profil baseret p\u00e5 fem vigtige personlighedstr\u00e6k: \u00e5benhed, ekstraversion, ansvarsf\u00f8lelse, omg\u00e6ngelighed og neuroticisme.<\/p>\n<p>Den bruges b\u00e5de til befolkningsunders\u00f8gelser og til personlig udvikling.<\/p>\n<p>Hvis du vil udforske underdom\u00e6nerne for disse tr\u00e6k mere detaljeret og l\u00e6re mere om dem, kan du bes\u00f8ge siden dedikeret til \"Personligheder\".<\/p>\n<p>[\/et_pb_toggle][et_pb_toggle title=&#8221;Comment fonctionne-t-il ?&#8221; open_toggle_text_color=&#8221;#111214&#8243; icon_color=&#8221;#fff9f1&#8243; toggle_icon=&#8221;&#xf13a;||fa||900&#8243; use_icon_font_size=&#8221;on&#8221; icon_font_size=&#8221;35px&#8221; open_icon_color=&#8221;#E39309&#8243; open_toggle_icon=&#8221;&#xf139;||fa||900&#8243; open_use_icon_font_size=&#8221;on&#8221; open_icon_font_size=&#8221;35px&#8221; _builder_version=&#8221;4.27.0&#8243; _module_preset=&#8221;default&#8221; title_text_color=&#8221;#111214&#8243; title_font=&#8221;|600|||||||&#8221; title_font_size=&#8221;18px&#8221; closed_title_font=&#8221;|600|||||||&#8221; closed_title_font_size=&#8221;18px&#8221; body_text_color=&#8221;#727272&#8243; width_tablet=&#8221;100%&#8221; width_phone=&#8221;100%&#8221; width_last_edited=&#8221;on|tablet&#8221; custom_padding=&#8221;30px|30px|30px|30px|true|true&#8221; custom_css_toggle_icon=&#8221;padding-right:20px;&#8221; custom_css_toggle_content=&#8221;max-width:90%;&#8221; border_radii=&#8221;on|20px|20px|20px|20px&#8221; border_width_all=&#8221;0px&#8221; border_color_all=&#8221;RGBA(255,255,255,0)&#8221; box_shadow_style=&#8221;preset1&#8243; box_shadow_vertical=&#8221;0px&#8221; box_shadow_blur=&#8221;120px&#8221; box_shadow_color=&#8221;rgba(0,0,0,0.05)&#8221; global_colors_info=&#8221;{}&#8221; custom_css_toggle_icon_last_edited=&#8221;on|tablet&#8221; custom_css_toggle_icon_tablet=&#8221;padding-right:0px;&#8221; custom_css_toggle_icon_phone=&#8221;padding-right:0px;&#8221; background_color=&#8221;#FFFFFF&#8221;]<\/p>\n<p>Testen unders\u00f8ger de fem hovedomr\u00e5der i den psykologiske Big Five-model, herunder neuroticisme, professionelt ansvar og \u00e5benhed.<\/p>\n<p>Den vurderer procentdelen af dine svar p\u00e5 disse omr\u00e5der og genererer en profil baseret p\u00e5 disse vurderinger.<\/p>\n<p>For at f\u00e5 de mest pr\u00e6cise resultater anbefaler vi, at du besvarer sp\u00f8rgsm\u00e5lene \u00e6rligt og s\u00e5 vidt muligt undg\u00e5r neutrale svar.<\/p>\n<p>[\/et_pb_toggle][et_pb_toggle title=&#8221;Comment puis-je acc\u00e9der \u00e0 mes r\u00e9sultats ?&#8221; open_toggle_text_color=&#8221;#111214&#8243; icon_color=&#8221;#fff9f1&#8243; toggle_icon=&#8221;&#xf13a;||fa||900&#8243; use_icon_font_size=&#8221;on&#8221; icon_font_size=&#8221;35px&#8221; open_icon_color=&#8221;#E39309&#8243; open_toggle_icon=&#8221;&#xf139;||fa||900&#8243; open_use_icon_font_size=&#8221;on&#8221; open_icon_font_size=&#8221;35px&#8221; _builder_version=&#8221;4.27.0&#8243; _module_preset=&#8221;default&#8221; title_text_color=&#8221;#111214&#8243; title_font=&#8221;|600|||||||&#8221; title_font_size=&#8221;18px&#8221; closed_title_font=&#8221;|600|||||||&#8221; closed_title_font_size=&#8221;18px&#8221; body_text_color=&#8221;#727272&#8243; width_tablet=&#8221;100%&#8221; width_phone=&#8221;100%&#8221; width_last_edited=&#8221;on|tablet&#8221; custom_padding=&#8221;30px|30px|30px|30px|true|true&#8221; custom_css_toggle_icon=&#8221;padding-right:20px;&#8221; custom_css_toggle_content=&#8221;max-width:90%;&#8221; border_radii=&#8221;on|20px|20px|20px|20px&#8221; border_width_all=&#8221;0px&#8221; border_color_all=&#8221;RGBA(255,255,255,0)&#8221; box_shadow_style=&#8221;preset1&#8243; box_shadow_vertical=&#8221;0px&#8221; box_shadow_blur=&#8221;120px&#8221; box_shadow_color=&#8221;rgba(0,0,0,0.05)&#8221; global_colors_info=&#8221;{}&#8221; custom_css_toggle_icon_last_edited=&#8221;on|tablet&#8221; custom_css_toggle_icon_tablet=&#8221;padding-right:0px;&#8221; custom_css_toggle_icon_phone=&#8221;padding-right:0px;&#8221; background_color=&#8221;#FFFFFF&#8221;]<\/p>\n<p>Du kan f\u00e5 adgang til resultaterne af denne test via et 24-timers tilbud eller et m\u00e5nedligt abonnement.<\/p>\n<p>Alle instruktioner til at tage testen og v\u00e6lge et tilbud er beskrevet i afsnittet \"Hvordan fungerer det?\".<\/p>\n<p>[\/et_pb_toggle][et_pb_toggle title=&#8221;En quoi ce test m&#8217;est-il utile ?&#8221; open_toggle_text_color=&#8221;#111214&#8243; icon_color=&#8221;#fff9f1&#8243; toggle_icon=&#8221;&#xf13a;||fa||900&#8243; use_icon_font_size=&#8221;on&#8221; icon_font_size=&#8221;35px&#8221; open_icon_color=&#8221;#E39309&#8243; open_toggle_icon=&#8221;&#xf139;||fa||900&#8243; open_use_icon_font_size=&#8221;on&#8221; open_icon_font_size=&#8221;35px&#8221; _builder_version=&#8221;4.27.0&#8243; _module_preset=&#8221;default&#8221; title_text_color=&#8221;#111214&#8243; title_font=&#8221;|600|||||||&#8221; title_font_size=&#8221;18px&#8221; closed_title_font=&#8221;|600|||||||&#8221; closed_title_font_size=&#8221;18px&#8221; body_text_color=&#8221;#727272&#8243; width_tablet=&#8221;100%&#8221; width_phone=&#8221;100%&#8221; width_last_edited=&#8221;on|tablet&#8221; custom_padding=&#8221;30px|30px|30px|30px|true|true&#8221; custom_css_toggle_icon=&#8221;padding-right:20px;&#8221; custom_css_toggle_content=&#8221;max-width:90%;&#8221; border_radii=&#8221;on|20px|20px|20px|20px&#8221; border_width_all=&#8221;0px&#8221; border_color_all=&#8221;RGBA(255,255,255,0)&#8221; box_shadow_style=&#8221;preset1&#8243; box_shadow_vertical=&#8221;0px&#8221; box_shadow_blur=&#8221;120px&#8221; box_shadow_color=&#8221;rgba(0,0,0,0.05)&#8221; global_colors_info=&#8221;{}&#8221; custom_css_toggle_icon_last_edited=&#8221;on|tablet&#8221; custom_css_toggle_icon_tablet=&#8221;padding-right:0px;&#8221; custom_css_toggle_icon_phone=&#8221;padding-right:0px;&#8221; background_color=&#8221;#FFFFFF&#8221;]<\/p>\n<p>P\u00e5 det personlige plan kan det v\u00e6re nyttigt, hvis du s\u00f8ger job, hvis du vil udforske din personlighed dybere, eller hvis du er p\u00e5 udkig efter personlig udvikling.<\/p>\n<p>P\u00e5 et professionelt plan kan denne test bruges til jobsamtaler, til bedre at forst\u00e5 dit arbejdsmilj\u00f8 eller til demografiske unders\u00f8gelser. For eksempel blev denne test brugt i en unders\u00f8gelse f\u00f8r folkeafstemningen om Brexit.<\/p>\n<p>[\/et_pb_toggle][\/et_pb_column][\/et_pb_row][et_pb_row _builder_version=&#8221;4.27.0&#8243; _module_preset=&#8221;default&#8221; width=&#8221;60%&#8221; width_tablet=&#8221;80%&#8221; width_phone=&#8221;80%&#8221; width_last_edited=&#8221;on|phone&#8221; custom_margin=&#8221;0px||||false|false&#8221; custom_padding=&#8221;20px||||false|false&#8221; locked=&#8221;off&#8221; global_colors_info=&#8221;{}&#8221;][et_pb_column type=&#8221;4_4&#8243; _builder_version=&#8221;4.27.0&#8243; _module_preset=&#8221;default&#8221; global_colors_info=&#8221;{}&#8221;][et_pb_text _builder_version=&#8221;4.27.0&#8243; _module_preset=&#8221;default&#8221; global_colors_info=&#8221;{}&#8221;]<\/p>\n<h2 style=\"text-align: center;\">Abonnement<\/h2>\n<p>[\/et_pb_text][et_pb_toggle title=&#8221;Comment s&#8217;abonner ?&#8221; open_toggle_text_color=&#8221;#111214&#8243; icon_color=&#8221;#fff9f1&#8243; toggle_icon=&#8221;&#xf13a;||fa||900&#8243; use_icon_font_size=&#8221;on&#8221; icon_font_size=&#8221;35px&#8221; open_icon_color=&#8221;#E39309&#8243; open_toggle_icon=&#8221;&#xf139;||fa||900&#8243; open_use_icon_font_size=&#8221;on&#8221; open_icon_font_size=&#8221;35px&#8221; _builder_version=&#8221;4.27.0&#8243; _module_preset=&#8221;default&#8221; title_text_color=&#8221;#111214&#8243; title_font=&#8221;|600|||||||&#8221; title_font_size=&#8221;18px&#8221; closed_title_font=&#8221;|600|||||||&#8221; closed_title_font_size=&#8221;18px&#8221; body_text_color=&#8221;#727272&#8243; width_tablet=&#8221;100%&#8221; width_phone=&#8221;100%&#8221; width_last_edited=&#8221;on|tablet&#8221; custom_padding=&#8221;30px|30px|30px|30px|true|true&#8221; custom_css_toggle_icon=&#8221;padding-right:20px;&#8221; custom_css_toggle_content=&#8221;max-width:90%;&#8221; border_radii=&#8221;on|20px|20px|20px|20px&#8221; border_width_all=&#8221;0px&#8221; border_color_all=&#8221;RGBA(255,255,255,0)&#8221; box_shadow_style=&#8221;preset1&#8243; box_shadow_vertical=&#8221;0px&#8221; box_shadow_blur=&#8221;120px&#8221; box_shadow_color=&#8221;rgba(0,0,0,0.05)&#8221; global_colors_info=&#8221;{}&#8221; custom_css_toggle_icon_last_edited=&#8221;on|tablet&#8221; custom_css_toggle_icon_tablet=&#8221;padding-right:0px;&#8221; custom_css_toggle_icon_phone=&#8221;padding-right:0px;&#8221; background_color=&#8221;#FFFFFF&#8221;]<\/p>\n<p>For at komme i gang skal du tage testen. N\u00e5r testen er slut, skal du abonnere p\u00e5 24-timers tilbuddet for 0,50 \u20ac for at se resultaterne. N\u00e5r de 24 timer er g\u00e5et, \u00e6ndres abonnementet automatisk til et m\u00e5nedligt abonnement p\u00e5 47,50 euro.<\/p>\n<p>Hvis du vil undg\u00e5 det m\u00e5nedlige abonnement og kun beholde 24-timers tilbuddet, skal du blot afmelde det.<\/p>\n<p>For en detaljeret vejledning i at udf\u00f8re testen og abonnere p\u00e5 et tilbud, se siden \"Hvordan fungerer det?\".<\/p>\n<p>[\/et_pb_toggle][et_pb_toggle title=&#8221;Quels services sont compris dans l&#8217;abonnement ?&#8221; open_toggle_text_color=&#8221;#111214&#8243; icon_color=&#8221;#fff9f1&#8243; toggle_icon=&#8221;&#xf13a;||fa||900&#8243; use_icon_font_size=&#8221;on&#8221; icon_font_size=&#8221;35px&#8221; open_icon_color=&#8221;#E39309&#8243; open_toggle_icon=&#8221;&#xf139;||fa||900&#8243; open_use_icon_font_size=&#8221;on&#8221; open_icon_font_size=&#8221;35px&#8221; _builder_version=&#8221;4.27.0&#8243; _module_preset=&#8221;default&#8221; title_text_color=&#8221;#111214&#8243; title_font=&#8221;|600|||||||&#8221; title_font_size=&#8221;18px&#8221; closed_title_font=&#8221;|600|||||||&#8221; closed_title_font_size=&#8221;18px&#8221; body_text_color=&#8221;#727272&#8243; width_tablet=&#8221;100%&#8221; width_phone=&#8221;100%&#8221; width_last_edited=&#8221;on|tablet&#8221; custom_padding=&#8221;30px|30px|30px|30px|true|true&#8221; custom_css_toggle_icon=&#8221;padding-right:20px;&#8221; custom_css_toggle_content=&#8221;max-width:90%;&#8221; border_radii=&#8221;on|20px|20px|20px|20px&#8221; border_width_all=&#8221;0px&#8221; border_color_all=&#8221;RGBA(255,255,255,0)&#8221; box_shadow_style=&#8221;preset1&#8243; box_shadow_vertical=&#8221;0px&#8221; box_shadow_blur=&#8221;120px&#8221; box_shadow_color=&#8221;rgba(0,0,0,0.05)&#8221; global_colors_info=&#8221;{}&#8221; custom_css_toggle_icon_last_edited=&#8221;on|tablet&#8221; custom_css_toggle_icon_tablet=&#8221;padding-right:0px;&#8221; custom_css_toggle_icon_phone=&#8221;padding-right:0px;&#8221; background_color=&#8221;#FFFFFF&#8221;]<\/p>\n<p>Med et abonnement kan du tage testen s\u00e5 mange gange, du vil, enten for dig selv eller for andre, og f\u00e5 adgang til resultaterne for at sammenligne og gemme dem.<\/p>\n<p>[\/et_pb_toggle][et_pb_toggle title=&#8221;Comment puis-je annuler mon abonnement ?&#8221; open_toggle_text_color=&#8221;#111214&#8243; icon_color=&#8221;#fff9f1&#8243; toggle_icon=&#8221;&#xf13a;||fa||900&#8243; use_icon_font_size=&#8221;on&#8221; icon_font_size=&#8221;35px&#8221; open_icon_color=&#8221;#E39309&#8243; open_toggle_icon=&#8221;&#xf139;||fa||900&#8243; open_use_icon_font_size=&#8221;on&#8221; open_icon_font_size=&#8221;35px&#8221; _builder_version=&#8221;4.27.0&#8243; _module_preset=&#8221;default&#8221; title_text_color=&#8221;#111214&#8243; title_font=&#8221;|600|||||||&#8221; title_font_size=&#8221;18px&#8221; closed_title_font=&#8221;|600|||||||&#8221; closed_title_font_size=&#8221;18px&#8221; body_text_color=&#8221;#727272&#8243; width_tablet=&#8221;100%&#8221; width_phone=&#8221;100%&#8221; width_last_edited=&#8221;on|tablet&#8221; custom_padding=&#8221;30px|30px|30px|30px|true|true&#8221; custom_css_toggle_icon=&#8221;padding-right:20px;&#8221; custom_css_toggle_content=&#8221;max-width:90%;&#8221; border_radii=&#8221;on|20px|20px|20px|20px&#8221; border_width_all=&#8221;0px&#8221; border_color_all=&#8221;RGBA(255,255,255,0)&#8221; box_shadow_style=&#8221;preset1&#8243; box_shadow_vertical=&#8221;0px&#8221; box_shadow_blur=&#8221;120px&#8221; box_shadow_color=&#8221;rgba(0,0,0,0.05)&#8221; global_colors_info=&#8221;{}&#8221; custom_css_toggle_icon_last_edited=&#8221;on|tablet&#8221; custom_css_toggle_icon_tablet=&#8221;padding-right:0px;&#8221; custom_css_toggle_icon_phone=&#8221;padding-right:0px;&#8221; background_color=&#8221;#FFFFFF&#8221;]<\/p>\n<p>For at opsige dit abonnement skal du blot klikke p\u00e5 fanen \"Afmeld\" eller g\u00e5 ind p\u00e5 din \"Min konto\", indtaste din e-mailadresse og bekr\u00e6fte din anmodning.<\/p>\n<p>[\/et_pb_toggle][et_pb_toggle title=&#8221;J&#8217;ai omis de me d\u00e9sabonner avant la fin de la p\u00e9riode d&#8217;essai, est-ce que je peux obtenir un remboursement ?&#8221; open_toggle_text_color=&#8221;#111214&#8243; icon_color=&#8221;#fff9f1&#8243; toggle_icon=&#8221;&#xf13a;||fa||900&#8243; use_icon_font_size=&#8221;on&#8221; icon_font_size=&#8221;35px&#8221; open_icon_color=&#8221;#E39309&#8243; open_toggle_icon=&#8221;&#xf139;||fa||900&#8243; open_use_icon_font_size=&#8221;on&#8221; open_icon_font_size=&#8221;35px&#8221; _builder_version=&#8221;4.27.0&#8243; _module_preset=&#8221;default&#8221; title_text_color=&#8221;#111214&#8243; title_font=&#8221;|600|||||||&#8221; title_font_size=&#8221;18px&#8221; closed_title_font=&#8221;|600|||||||&#8221; closed_title_font_size=&#8221;18px&#8221; body_text_color=&#8221;#727272&#8243; width_tablet=&#8221;100%&#8221; width_phone=&#8221;100%&#8221; width_last_edited=&#8221;on|tablet&#8221; custom_padding=&#8221;30px|30px|30px|30px|true|true&#8221; custom_css_toggle_icon=&#8221;padding-right:20px;&#8221; custom_css_toggle_content=&#8221;max-width:90%;&#8221; border_radii=&#8221;on|20px|20px|20px|20px&#8221; border_width_all=&#8221;0px&#8221; border_color_all=&#8221;RGBA(255,255,255,0)&#8221; box_shadow_style=&#8221;preset1&#8243; box_shadow_vertical=&#8221;0px&#8221; box_shadow_blur=&#8221;120px&#8221; box_shadow_color=&#8221;rgba(0,0,0,0.05)&#8221; global_colors_info=&#8221;{}&#8221; custom_css_toggle_icon_last_edited=&#8221;on|tablet&#8221; custom_css_toggle_icon_tablet=&#8221;padding-right:0px;&#8221; custom_css_toggle_icon_phone=&#8221;padding-right:0px;&#8221; background_color=&#8221;#FFFFFF&#8221;]<\/p>\n<p>Hvis du ikke har opsagt dit abonnement, kan du anmode om tilbagebetaling inden for 14 dage efter tilmelding, forudsat at du ikke har brugt vores tjenester efter den 24-timers pr\u00f8veperiode.<\/p>\n<p>[\/et_pb_toggle][\/et_pb_column][\/et_pb_row][\/et_pb_section]<\/p>","protected":false},"excerpt":{"rendered":"<p>Foire Aux Questions Le testLe concept de ce test a \u00e9t\u00e9 introduit par Lewis Golberg en 1981, puis d\u00e9velopp\u00e9 par Costa et McCrae entre 1987 et 1992.Ce test permet de d\u00e9terminer le profil psychologique d\u2019une personne en se basant sur cinq traits de personnalit\u00e9 cl\u00e9s : l\u2019ouverture d\u2019esprit, l\u2019extraversion, le sens des responsabilit\u00e9s, la sociabilit\u00e9 [&hellip;]<\/p>","protected":false},"author":1,"featured_media":0,"parent":0,"menu_order":0,"comment_status":"closed","ping_status":"closed","template":"","meta":{"_et_pb_use_builder":"on","_et_pb_old_content":"<!-- wp:divi\/placeholder \/-->","_et_gb_content_width":"","inline_featured_image":false,"footnotes":""},"class_list":["post-156","page","type-page","status-publish","hentry"],"_links":{"self":[{"href":"https:\/\/psna1.com\/da\/wp-json\/wp\/v2\/pages\/156","targetHints":{"allow":["GET"]}}],"collection":[{"href":"https:\/\/psna1.com\/da\/wp-json\/wp\/v2\/pages"}],"about":[{"href":"https:\/\/psna1.com\/da\/wp-json\/wp\/v2\/types\/page"}],"author":[{"embeddable":true,"href":"https:\/\/psna1.com\/da\/wp-json\/wp\/v2\/users\/1"}],"replies":[{"embeddable":true,"href":"https:\/\/psna1.com\/da\/wp-json\/wp\/v2\/comments?post=156"}],"version-history":[{"count":5,"href":"https:\/\/psna1.com\/da\/wp-json\/wp\/v2\/pages\/156\/revisions"}],"predecessor-version":[{"id":873,"href":"https:\/\/psna1.com\/da\/wp-json\/wp\/v2\/pages\/156\/revisions\/873"}],"wp:attachment":[{"href":"https:\/\/psna1.com\/da\/wp-json\/wp\/v2\/media?parent=156"}],"curies":[{"name":"wp","href":"https:\/\/api.w.org\/{rel}","templated":true}]}}