{"id":151,"date":"2024-09-05T10:24:54","date_gmt":"2024-09-05T10:24:54","guid":{"rendered":"https:\/\/psona.io\/?page_id=151"},"modified":"2024-10-02T10:16:41","modified_gmt":"2024-10-02T10:16:41","slug":"conditions-de-paiement-recurrent","status":"publish","type":"page","link":"https:\/\/psna1.com\/da\/conditions-de-paiement-recurrent\/","title":{"rendered":"Tilbagevendende betalingsbetingelser"},"content":{"rendered":"<p>[et_pb_section fb_built=&#8221;1&#8243; custom_padding_last_edited=&#8221;on|tablet&#8221; admin_label=&#8221;Header&#8221; _builder_version=&#8221;4.27.0&#8243; custom_margin=&#8221;0px||0px||true|false&#8221; custom_padding=&#8221;0px||0px||true|false&#8221; custom_padding_tablet=&#8221;||||true|false&#8221; custom_padding_phone=&#8221;||||true|false&#8221; locked=&#8221;off&#8221; global_colors_info=&#8221;{}&#8221;][et_pb_row use_custom_gutter=&#8221;on&#8221; gutter_width=&#8221;1&#8243; custom_padding_last_edited=&#8221;on|phone&#8221; _builder_version=&#8221;4.27.0&#8243; width=&#8221;95%&#8221; custom_margin=&#8221;||||true|false&#8221; custom_padding=&#8221;150px||150px||true|true&#8221; custom_padding_tablet=&#8221;80px||80px||true|false&#8221; custom_padding_phone=&#8221;60px||60px||true|false&#8221; border_radii=&#8221;on|50px|50px|50px|50px&#8221; global_colors_info=&#8221;{}&#8221; background_color=&#8221;RGBA(255,255,255,0)&#8221; background_size=&#8221;initial&#8221; background_position=&#8221;top_left&#8221; background_repeat=&#8221;repeat&#8221;][et_pb_column type=&#8221;4_4&#8243; _builder_version=&#8221;4.27.0&#8243; custom_padding=&#8221;|||&#8221; global_colors_info=&#8221;{}&#8221; custom_padding__hover=&#8221;|||&#8221; custom_css_main_element_last_edited=&#8221;on|phone&#8221;][et_pb_text module_class=&#8221;title-header&#8221; _builder_version=&#8221;4.27.0&#8243; background_size=&#8221;initial&#8221; background_position=&#8221;top_left&#8221; background_repeat=&#8221;repeat&#8221; width=&#8221;72%&#8221; width_tablet=&#8221;70%&#8221; width_phone=&#8221;68.5%&#8221; width_last_edited=&#8221;on|tablet&#8221; module_alignment=&#8221;center&#8221; custom_margin=&#8221;0px||0px||false|false&#8221; custom_margin_tablet=&#8221;0px||0px||false|false&#8221; custom_margin_phone=&#8221;0px||0px||false|false&#8221; custom_margin_last_edited=&#8221;on|tablet&#8221; custom_padding=&#8221;0px||0px||true|false&#8221; hover_enabled=&#8221;0&#8243; header_font_size_tablet=&#8221;50px&#8221; header_font_size_phone=&#8221;40px&#8221; global_colors_info=&#8221;{}&#8221; header_text_align=&#8221;center&#8221; sticky_enabled=&#8221;0&#8243;]<\/p>\n<h1>Tilbagevendende betalingsbetingelser<\/h1>\n<p>&nbsp;<\/p>\n<p><!-- \/divi:paragraph --><\/p>\n<p>[\/et_pb_text][\/et_pb_column][\/et_pb_row][\/et_pb_section][et_pb_section fb_built=&#8221;1&#8243; _builder_version=&#8221;4.27.0&#8243; _module_preset=&#8221;default&#8221; global_colors_info=&#8221;{}&#8221;][et_pb_row _builder_version=&#8221;4.27.0&#8243; _module_preset=&#8221;default&#8221; global_colors_info=&#8221;{}&#8221;][et_pb_column type=&#8221;4_4&#8243; _builder_version=&#8221;4.27.0&#8243; _module_preset=&#8221;default&#8221; global_colors_info=&#8221;{}&#8221;][et_pb_text _builder_version=&#8221;4.27.0&#8243; _module_preset=&#8221;default&#8221; header_2_text_align=&#8221;center&#8221; global_colors_info=&#8221;{}&#8221;]<\/p>\n<h2>Vilk\u00e5r for abonnement<\/h2>\n<p>Ikrafttr\u00e6den: 30. marts 2023<\/p>\n<p><strong>CLICKBUSTER LTD<\/strong><br \/><strong>63-66 Hatton Garden<\/strong><br \/><strong>London EC1N 8LE<\/strong><br \/><strong>Virksomhedsnummer 13014667<\/strong><br \/><strong>Momsnummer GB 363 9346 71<\/strong><\/p>\n<p>N\u00e5r du abonnerer p\u00e5 PSNA1-tjenester, f\u00e5r du adgang til f\u00f8lgende fordele:<\/p>\n<ul>\n<li>Ubegr\u00e6nset antal tests<\/li>\n<li>Opbevaring af alle testresultater<\/li>\n<li>Sammenligninger mellem tests<\/li>\n<li>Resultater sendt via e-mail<\/li>\n<\/ul>\n<p>Abonnementet giver dig adgang til medlemsomr\u00e5det i 24 timer til en kampagnepris p\u00e5 0,5 \u20ac inkl. moms. Efter denne pr\u00f8veperiode g\u00e6lder det m\u00e5nedlige abonnement p\u00e5 47,5 \u20ac (inkl. moms) pr. m\u00e5ned. Betalingen tr\u00e6kkes automatisk fra dit kreditkort hver m\u00e5ned p\u00e5 \u00e5rsdagen.<\/p>\n<p>Du kan til enhver tid opsige dit abonnement uden betingelser direkte p\u00e5 denne side: <a rel=\"noopener\" target=\"_new\" href=\"https:\/\/psna1.com\/da\/se-desabonner\/\">https:\/\/psna1.com\/se-desabonner<\/a><\/p>\n<p>Hvis du vil opsige dit abonnement, bedes du kontakte vores kundeservice via e-mail p\u00e5 <a rel=\"noopener\">contact.psona@gmail.com<\/a>eller via vores kontaktformular ved at f\u00f8lge dette link: <a rel=\"noopener\" target=\"_new\" href=\"https:\/\/psna1.com\/da\/contact-en\/\">https:\/\/psna1.com\/contact-en\/<\/a><\/p>\n<p>PSNA1 videres\u00e6lger ikke kundeoplysninger; personlige data bruges udelukkende til at kommunikere med kunderne og give dem det \u00f8nskede serviceniveau.<\/p>\n<p>PSNA1 bruger betalingstjenesteudbydere, der overholder PCI DSS-sikkerhedsstandarder.<\/p>\n<p>[\/et_pb_text][\/et_pb_column][\/et_pb_row][\/et_pb_section]<\/p>","protected":false},"excerpt":{"rendered":"<p>Conditions de paiement r\u00e9current &nbsp; Termes d&#8217;abonnement Entry into force: March 30th, 2023 CLICKBUSTER LTD63-66 Hatton GardenLondon EC1N 8LECompany number 13014667VAT number GB 363 9346 71 Souscrire aux services de PSNA1 vous donne acc\u00e8s aux avantages suivants : Tests illimit\u00e9s Stockage de tous les r\u00e9sultats de test Comparaisons entre tests R\u00e9sultats envoy\u00e9s par email L&#8217;abonnement [&hellip;]<\/p>","protected":false},"author":1,"featured_media":0,"parent":0,"menu_order":0,"comment_status":"closed","ping_status":"closed","template":"","meta":{"_et_pb_use_builder":"on","_et_pb_old_content":"<!-- wp:divi\/placeholder \/-->","_et_gb_content_width":"","inline_featured_image":false,"footnotes":""},"class_list":["post-151","page","type-page","status-publish","hentry"],"_links":{"self":[{"href":"https:\/\/psna1.com\/da\/wp-json\/wp\/v2\/pages\/151","targetHints":{"allow":["GET"]}}],"collection":[{"href":"https:\/\/psna1.com\/da\/wp-json\/wp\/v2\/pages"}],"about":[{"href":"https:\/\/psna1.com\/da\/wp-json\/wp\/v2\/types\/page"}],"author":[{"embeddable":true,"href":"https:\/\/psna1.com\/da\/wp-json\/wp\/v2\/users\/1"}],"replies":[{"embeddable":true,"href":"https:\/\/psna1.com\/da\/wp-json\/wp\/v2\/comments?post=151"}],"version-history":[{"count":6,"href":"https:\/\/psna1.com\/da\/wp-json\/wp\/v2\/pages\/151\/revisions"}],"predecessor-version":[{"id":869,"href":"https:\/\/psna1.com\/da\/wp-json\/wp\/v2\/pages\/151\/revisions\/869"}],"wp:attachment":[{"href":"https:\/\/psna1.com\/da\/wp-json\/wp\/v2\/media?parent=151"}],"curies":[{"name":"wp","href":"https:\/\/api.w.org\/{rel}","templated":true}]}}