{"id":149,"date":"2024-09-05T10:24:38","date_gmt":"2024-09-05T10:24:38","guid":{"rendered":"https:\/\/psona.io\/?page_id=149"},"modified":"2024-10-02T10:18:01","modified_gmt":"2024-10-02T10:18:01","slug":"mentions-legales","status":"publish","type":"page","link":"https:\/\/psna1.com\/da\/mentions-legales\/","title":{"rendered":"Juridisk information"},"content":{"rendered":"<p>[et_pb_section fb_built=&#8221;1&#8243; custom_padding_last_edited=&#8221;on|tablet&#8221; admin_label=&#8221;Header&#8221; _builder_version=&#8221;4.27.0&#8243; custom_margin=&#8221;0px||0px||true|false&#8221; custom_padding=&#8221;0px||0px||true|false&#8221; custom_padding_tablet=&#8221;||||true|false&#8221; custom_padding_phone=&#8221;||||true|false&#8221; locked=&#8221;off&#8221; global_colors_info=&#8221;{}&#8221;][et_pb_row use_custom_gutter=&#8221;on&#8221; gutter_width=&#8221;1&#8243; custom_padding_last_edited=&#8221;on|phone&#8221; _builder_version=&#8221;4.27.0&#8243; width=&#8221;95%&#8221; custom_margin=&#8221;||||true|false&#8221; custom_padding=&#8221;150px||150px||true|true&#8221; custom_padding_tablet=&#8221;80px||80px||true|false&#8221; custom_padding_phone=&#8221;60px||60px||true|false&#8221; border_radii=&#8221;on|50px|50px|50px|50px&#8221; global_colors_info=&#8221;{}&#8221; background_color=&#8221;RGBA(255,255,255,0)&#8221; background_size=&#8221;initial&#8221; background_position=&#8221;top_left&#8221; background_repeat=&#8221;repeat&#8221;][et_pb_column type=&#8221;4_4&#8243; _builder_version=&#8221;4.27.0&#8243; custom_padding=&#8221;|||&#8221; global_colors_info=&#8221;{}&#8221; custom_padding__hover=&#8221;|||&#8221; custom_css_main_element_last_edited=&#8221;on|phone&#8221;][et_pb_text module_class=&#8221;title-header&#8221; _builder_version=&#8221;4.27.0&#8243; background_size=&#8221;initial&#8221; background_position=&#8221;top_left&#8221; background_repeat=&#8221;repeat&#8221; width=&#8221;72%&#8221; width_tablet=&#8221;70%&#8221; width_phone=&#8221;68.5%&#8221; width_last_edited=&#8221;on|tablet&#8221; module_alignment=&#8221;center&#8221; custom_margin=&#8221;0px||0px||false|false&#8221; custom_margin_tablet=&#8221;0px||0px||false|false&#8221; custom_margin_phone=&#8221;0px||0px||false|false&#8221; custom_margin_last_edited=&#8221;on|tablet&#8221; custom_padding=&#8221;0px||0px||true|false&#8221; hover_enabled=&#8221;0&#8243; header_font_size_tablet=&#8221;50px&#8221; header_font_size_phone=&#8221;40px&#8221; global_colors_info=&#8221;{}&#8221; text_orientation=&#8221;center&#8221; sticky_enabled=&#8221;0&#8243;]<\/p>\n<h1>Juridisk information<\/h1>\n<p><!-- \/divi:paragraph --><\/p>\n<p>[\/et_pb_text][\/et_pb_column][\/et_pb_row][\/et_pb_section][et_pb_section fb_built=&#8221;1&#8243; _builder_version=&#8221;4.27.0&#8243; _module_preset=&#8221;default&#8221; global_colors_info=&#8221;{}&#8221;][et_pb_row _builder_version=&#8221;4.27.0&#8243; _module_preset=&#8221;default&#8221; global_colors_info=&#8221;{}&#8221;][et_pb_column type=&#8221;4_4&#8243; _builder_version=&#8221;4.27.0&#8243; _module_preset=&#8221;default&#8221; global_colors_info=&#8221;{}&#8221;][et_pb_text _builder_version=&#8221;4.27.0&#8243; _module_preset=&#8221;default&#8221; header_2_text_align=&#8221;center&#8221; global_colors_info=&#8221;{}&#8221;]<\/p>\n<h2>Pr\u00e6ambel<\/h2>\n<p>Ikrafttr\u00e6den: 30. marts 2023<\/p>\n<p><strong>CLICKBUSTER LTD<\/strong><br \/><strong>63-66 Hatton Garden<\/strong><br \/><strong>London EC1N 8LE<\/strong><br \/><strong>Virksomhedsnummer 13014667<\/strong><br \/><strong>Momsnummer GB 363 9346 71<\/strong><\/p>\n<p>Fortsat browsing p\u00e5 vores site <a rel=\"noopener\" target=\"_new\" href=\"https:\/\/psna1.com\/da\/\">https:\/\/psna1.com\/<\/a> (i det f\u00f8lgende ben\u00e6vnt \"webstedet\") foruds\u00e6tter, at bes\u00f8gende p\u00e5 webstedet (i det f\u00f8lgende ben\u00e6vnt \"bruger(e)\") uden forbehold accepterer f\u00f8lgende bestemmelser og generelle vilk\u00e5r og betingelser for brug (i det f\u00f8lgende ben\u00e6vnt \"GTCU\"). Forud for enhver brug af funktionerne p\u00e5 vores websted anerkender brugeren at have l\u00e6st disse vilk\u00e5r og betingelser og at have accepteret dem.<\/p>\n<p>Den aktuelle onlineversion af vores vilk\u00e5r og betingelser er den eneste version, der g\u00e6lder i den periode, hvor du bruger webstedet, indtil vi erstatter den med en ny version.<\/p>\n<p>Webstedet administreres af CLICKBUSTER LTD (i det f\u00f8lgende ben\u00e6vnt \"S\u00e6lger\"), som forbeholder sig ret til at \u00e6ndre disse betingelser til enhver tid. Enhver brug af vores websted efter \u00e6ndring af GCU indeb\u00e6rer uigenkaldelig accept af brugeren af den nye version. I tilf\u00e6lde af uenighed med vores GCU opfordres brugeren til at stoppe med at bruge vores websted.<\/p>\n<p>[\/et_pb_text][et_pb_text _builder_version=&#8221;4.27.0&#8243; _module_preset=&#8221;default&#8221; header_2_text_align=&#8221;center&#8221; global_colors_info=&#8221;{}&#8221;]<\/p>\n<h2>ARTIKEL 1 - DEFINITIONER<\/h2>\n<p>P\u00e5 vores websted har nedenst\u00e5ende vilk\u00e5r f\u00f8lgende betydning:<\/p>\n<p>\"Indhold\": henviser til alle de elementer, der udg\u00f8r informationen p\u00e5 vores websted (tekst, billeder, videoer, algoritmer, software, widgets osv.), og som g\u00f8r det muligt for det at fungere, informere brugerne og pr\u00e6sentere vores tjenester;<\/p>\n<p>\"Intellektuelle ejendomsrettigheder\": henviser til alle intellektuelle ejendomsrettigheder og besl\u00e6gtede rettigheder (ophavsret, varem\u00e6rkerettigheder, patentrettigheder, handelsnavne, databaser osv.) som beskyttet af Copyright and Related Rights Act 2000, der er g\u00e6ldende p\u00e5 tidspunktet for brugerens konsultation af webstedet;<\/p>\n<p>\"Funktioner\": henviser til alle de funktioner, der stilles til r\u00e5dighed for vores brugere via vores websted;<\/p>\n<p>\"Websted\": henviser til webstedet <a rel=\"noopener\" target=\"_new\" href=\"https:\/\/psna1.com\/da\/\">https:\/\/psna1.com\/<\/a> der drives af s\u00e6lgeren og stilles til r\u00e5dighed for brugerne;<\/p>\n<p>\"Bruger\": henviser til enhver person, der bruger vores websted og har adgang til dets indhold.<\/p>\n<p>[\/et_pb_text][et_pb_text _builder_version=&#8221;4.27.0&#8243; _module_preset=&#8221;default&#8221; header_2_text_align=&#8221;center&#8221; global_colors_info=&#8221;{}&#8221;]<\/p>\n<h2>ARTIKEL 2 - Juridiske oplysninger<\/h2>\n<p>I henhold til Europa-Parlamentets og R\u00e5dets forordning [EU] 2018\/679 af 27. april 2016 om beskyttelse af fysiske personer i forbindelse med behandling af personoplysninger og om fri udveksling af s\u00e5danne oplysninger oplyses brugeren af vores websted om identiteten p\u00e5 de parter, der er involveret i oprettelsen og overv\u00e5gningen:<\/p>\n<p>Redaktionel leder: Carlo Ela <a rel=\"noopener\">contact.psona@gmail.com<\/a> .<\/p>\n<p>V\u00e6rt: Scaleway, 8 rue de la Ville l'\u00c9v\u00eaque, 75008 Paris ; <a rel=\"noopener\" target=\"_new\" href=\"https:\/\/www.scaleway.com\/\">https:\/\/www.scaleway.com\/<\/a><\/p>\n<p>Udvikler: CLICKBUSTER LTD<\/p>\n<p>Databeskyttelsesansvarlig: Carlo Ela <a rel=\"noopener\">contact.psona@gmail.com<\/a>.<\/p>\n<p>[\/et_pb_text][et_pb_text _builder_version=&#8221;4.27.0&#8243; _module_preset=&#8221;default&#8221; header_2_text_align=&#8221;center&#8221; global_colors_info=&#8221;{}&#8221;]<\/p>\n<h2>ARTIKEL 3 - Beskyttelse af personoplysninger<\/h2>\n<p>For at kunne bruge vores websted behandler vi visse personoplysninger om brugeren. Denne behandling udf\u00f8res i overensstemmelse med databeskyttelsesloven 2018 og databeskyttelsespolitikken, der er tilg\u00e6ngelig p\u00e5 f\u00f8lgende link:<\/p>\n<p><a rel=\"noopener\" target=\"_new\" href=\"https:\/\/psna1.com\/da\/privacy-police\/\">https:\/\/psna1.com\/privacy-police\/<\/a><\/p>\n<p>[\/et_pb_text][et_pb_text _builder_version=&#8221;4.27.0&#8243; _module_preset=&#8221;default&#8221; header_2_text_align=&#8221;center&#8221; global_colors_info=&#8221;{}&#8221;]<\/p>\n<h2>ARTIKEL 4 - Adgang til omr\u00e5det<\/h2>\n<div class=\"group\/conversation-turn relative flex w-full min-w-0 flex-col agent-turn\">\n<div class=\"flex-col gap-1 md:gap-3\">\n<div class=\"flex max-w-full flex-col flex-grow\">\n<div data-message-author-role=\"assistant\" data-message-id=\"1921b6bd-7e01-40ec-81aa-bce2a7802030\" dir=\"auto\" class=\"min-h-[20px] text-message flex w-full flex-col items-end gap-2 whitespace-normal break-words [.text-message+&amp;]:mt-5\">\n<div class=\"flex w-full flex-col gap-1 empty:hidden first:pt-[3px]\">\n<div class=\"markdown prose w-full break-words dark:prose-invert dark\">\n<p>Adgang til og brug af webstedet er forbeholdt strengt personlig brug. Brugeren forpligter sig til ikke at bruge webstedet eller de oplysninger eller data, der er indeholdt deri, til kommercielle, politiske eller reklamem\u00e6ssige form\u00e5l eller til nogen form for kommerciel opfordring, is\u00e6r afsendelse af uopfordrede e-mails.<\/p>\n<p>Adgang til webstedet er forbeholdt voksne. S\u00e6lgeren forbeholder sig ret til at anmode om bevis for alder, is\u00e6r hvis du bruger onlinebestillingstjenesterne. S\u00e6lger kan ikke holdes ansvarlig i tilf\u00e6lde af mindre\u00e5riges adgang til webstedet eller i tilf\u00e6lde af fejlagtige eller vildledende oplysninger, der gives af brugerne p\u00e5 webstedet.<\/p>\n<p>Brugerne er personligt ansvarlige for at ops\u00e6tte de IT- og telekommunikationsressourcer, der er n\u00f8dvendige for at f\u00e5 adgang til webstedet. De skal afholde de telekommunikationsomkostninger, der er forbundet med internetadgang via webstedet.<\/p>\n<\/div>\n<\/div>\n<\/div>\n<\/div>\n<\/div>\n<\/div>\n<p>[\/et_pb_text][et_pb_text _builder_version=&#8221;4.27.0&#8243; _module_preset=&#8221;default&#8221; header_2_text_align=&#8221;center&#8221; global_colors_info=&#8221;{}&#8221;]<\/p>\n<h2>ARTIKEL 5 - Beskrivelse af de leverede tjenester<\/h2>\n<p>Vi bestr\u00e6ber os p\u00e5 at give s\u00e5 n\u00f8jagtige oplysninger som muligt, men vi kan ikke holdes ansvarlige for eventuelle udeladelser, un\u00f8jagtigheder eller manglende opdatering af oplysninger. Alle oplysninger p\u00e5 webstedet gives kun til orientering og er ikke udt\u00f8mmende. De gives med forbehold for eventuelle \u00e6ndringer, der m\u00e5tte v\u00e6re foretaget, siden de blev lagt online.<\/p>\n<p>[\/et_pb_text][et_pb_text _builder_version=&#8221;4.27.0&#8243; _module_preset=&#8221;default&#8221; header_2_text_align=&#8221;center&#8221; global_colors_info=&#8221;{}&#8221;]<\/p>\n<h2>ARTIKEL 6 - Intellektuel ejendomsret<\/h2>\n<p><strong>6.1 Vores hjemmeside<\/strong><\/p>\n<p>Alle varem\u00e6rker, fotografier, tekster, kommentarer, illustrationer, animerede billeder eller stillbilleder, videosekvenser, lyde samt alle computerprogrammer, der kan bruges til at drive webstedet, og mere generelt alle elementer, der gengives eller bruges p\u00e5 webstedet, er beskyttet af de g\u00e6ldende love om intellektuel ejendomsret.<\/p>\n<p>De er fuldt og helt s\u00e6lgerens eller dennes kommercielle partneres ejendom. Enhver reproduktion, repr\u00e6sentation, brug eller tilpasning, i enhver form, af alle eller dele af disse elementer, herunder computerapplikationer, uden forudg\u00e5ende skriftligt samtykke fra udgiveren, er strengt forbudt. Det forhold, at udgiveren ikke tager retlige skridt, s\u00e5 snart den bliver opm\u00e6rksom p\u00e5 en s\u00e5dan uautoriseret brug fra brugerens side, udg\u00f8r ikke en accept af en s\u00e5dan brug eller et afkald p\u00e5 retten til at tage retlige skridt. Det er strengt forbudt for brugeren at :<\/p>\n<p>- Kopiere, reproducere, repr\u00e6sentere, udsende, distribuere eller offentligg\u00f8re, permanent eller midlertidigt, hele eller dele af indholdet og\/eller webstedet p\u00e5 nogen som helst m\u00e5de; - Skabe v\u00e6rker afledt af indholdet og\/eller webstedet; - \u00c6ndre, overs\u00e6tte, tilpasse eller arrangere hele eller dele af indholdet og\/eller webstedet; - Demontere, dekompilere eller reverse engineer webstedet.<\/p>\n<p>Under alle omst\u00e6ndigheder er brugeren eneansvarlig for sin brug af webstedet. Enhver uautoriseret brug af webstedet eller af nogen af de elementer, det indeholder, vil blive anset for at udg\u00f8re en overtr\u00e6delse af databeskyttelsesloven fra 2000.<\/p>\n<p><strong>6.2 Vores brand<\/strong><\/p>\n<p>S\u00e6lgers og CLICKBUSTER LTD's verbale og visuelle varem\u00e6rker (logo) er beskyttet. Deres brug uden skriftlig tilladelse fra s\u00e6lgeren eller dennes partnere, p\u00e5 et hvilket som helst medium, med henblik p\u00e5 at fremme produkter eller tjenester eller til kommercielle form\u00e5l, er forbudt under trussel om strafferetlige og civile procedurer, der er indledt af s\u00e6lgeren mod brugeren og \/ eller de ansvarlige tredjeparter.<\/p>\n<p><strong>6.3 Indhold<\/strong><\/p>\n<p>Indholdet er frit tilg\u00e6ngeligt p\u00e5 webstedet. Placering af indhold online giver ikke nogen overf\u00f8rsel af ophavsret eller ejerskab af indholdet, som forbliver den fulde og komplette ejendom af s\u00e6lgeren og bidragyderne.<\/p>\n<p>Ingen bruger m\u00e5 eller skal foretage handlinger, der er i strid med h\u00e5ndh\u00e6velsen af ophavsret og intellektuelle ejendomsrettigheder eller i strid med anden britisk eller international lovgivning vedr\u00f8rende intellektuelle ejendomsrettigheder. S\u00e6lgeren og dennes bidragydere forbeholder sig ret til at retsforf\u00f8lge enhver bruger for enhver overtr\u00e6delse af disse TOU.<\/p>\n<p>[\/et_pb_text][et_pb_text _builder_version=&#8221;4.27.0&#8243; _module_preset=&#8221;default&#8221; header_2_text_align=&#8221;center&#8221; global_colors_info=&#8221;{}&#8221;]<\/p>\n<h2>ARTIKEL 7 - Ledelse af omr\u00e5det<\/h2>\n<p>Vores websted er normalt tilg\u00e6ngeligt for brugere p\u00e5 alle tidspunkter. For at sikre korrekt administration af webstedet forbeholder s\u00e6lgeren sig ret til n\u00e5r som helst at :<\/p>\n<p>- suspendere, afbryde eller begr\u00e6nse adgangen til hele eller dele af webstedet, uanset \u00e5rsag, med eller uden forudg\u00e5ende varsel og efter eget sk\u00f8n; - slette enhver information, der kan forstyrre driften, uanset \u00e5rsag, med eller uden forudg\u00e5ende varsel og efter eget sk\u00f8n; - suspendere webstedet for at udf\u00f8re opdateringer.<\/p>\n<p>S\u00e6lgeren vil g\u00f8re sit bedste for at informere brugerne om datoer og tidspunkter for interventioner p\u00e5 forh\u00e5nd, men kan ikke holdes ansvarlig i tilf\u00e6lde af, at dette ikke sker.<\/p>\n<p>[\/et_pb_text][et_pb_text _builder_version=&#8221;4.27.0&#8243; _module_preset=&#8221;default&#8221; header_2_text_align=&#8221;center&#8221; global_colors_info=&#8221;{}&#8221;]<\/p>\n<h2>ARTIKEL 8 - Ansvarsomr\u00e5der<\/h2>\n<p><strong>8.1 Adgang til webstedet<\/strong><\/p>\n<p>S\u00e6lger forpligter sig til at g\u00f8re sit yderste for at sikre, at webstedet er tilg\u00e6ngeligt 24 timer i d\u00f8gnet, 7 dage om ugen. S\u00e6lger forpligter sig dog ikke til at sikre, at webstedet er tilg\u00e6ngeligt og tilg\u00e6ngeligt hele tiden, og garanterer ikke, at webstedet er fejlfrit. S\u00e6lger kan ikke holdes ansvarlig i tilf\u00e6lde af nedbrud, funktionsfejl, vanskeligheder eller afbrydelser i driften, der forhindrer adgang til webstedet eller til nogen af dets funktioner.<\/p>\n<p>S\u00e6lgeren og v\u00e6rten kan ikke holdes ansvarlig i tilf\u00e6lde af funktionsfejl i internetnetv\u00e6rket, telefonlinjer eller computer- og telefonudstyr, is\u00e6r p\u00e5 grund af overbelastning af netv\u00e6rket, hvilket forhindrer adgang til serveren.<\/p>\n<p>S\u00e6lger kan ikke holdes ansvarlig i tilf\u00e6lde af retssager mod brugere:<\/p>\n<p>- Som f\u00f8lge af brugen af webstedet eller enhver anden tjeneste, der er tilg\u00e6ngelig via internettet; - Som f\u00f8lge af brugerens manglende overholdelse af disse GCU.<\/p>\n<p><strong>8.2 Anvendt udstyr<\/strong><\/p>\n<p>Det forbindelsesudstyr, som brugeren anvender til at f\u00e5 adgang til webstedet, er under hans\/hendes fulde og hele ansvar. Det er brugerens ansvar at tr\u00e6ffe alle passende foranstaltninger for at beskytte sit udstyr og sine egne data. Brugeren forpligter sig til at g\u00e5 ind p\u00e5 webstedet med nyt, virusfrit udstyr og med en nyligt opdateret browser.<\/p>\n<p>Forhandleren er ikke ansvarlig for skader p\u00e5 brugere, tredjeparter og\/eller deres udstyr som f\u00f8lge af deres forbindelse til eller brug af webstedet, og brugerne giver afkald p\u00e5 ethvert s\u00f8gsm\u00e5l i denne henseende mod forhandleren.<\/p>\n<p>S\u00e6lger kan ikke holdes ansvarlig for indirekte skader (s\u00e5som tab af forretning eller tab af muligheder) som f\u00f8lge af brugen af webstedet.<\/p>\n<p>[\/et_pb_text][et_pb_text _builder_version=&#8221;4.27.0&#8243; _module_preset=&#8221;default&#8221; header_2_text_align=&#8221;center&#8221; global_colors_info=&#8221;{}&#8221;]<\/p>\n<h2>ARTIKEL 9 - FOTOGRAFIER OG GENGIVELSE AF PRODUKTER OG TJENESTER<\/h2>\n<p>Fotografierne p\u00e5 webstedet, der ledsager deres beskrivelse, er ikke kontraktlige og er ikke bindende for s\u00e6lgeren.<\/p>\n<p>[\/et_pb_text][et_pb_text _builder_version=&#8221;4.27.0&#8243; _module_preset=&#8221;default&#8221; header_2_text_align=&#8221;center&#8221; global_colors_info=&#8221;{}&#8221;]<\/p>\n<h2>ARTIKEL 10 - Hypertekst-links<\/h2>\n<p>Brugerens oprettelse af ethvert hypertekstlink til hele eller dele af webstedet er tilladt med forbehold af forudg\u00e5ende skriftlig tilladelse fra CLICKBUSTER LTD, der skal anmodes om via e-mail fra f\u00f8lgende adresse: <a rel=\"noopener\">contact.psona@gmail.com<\/a>.<\/p>\n<p>S\u00e6lger kan frit n\u00e6gte denne tilladelse uden at skulle begrunde sin beslutning p\u00e5 nogen m\u00e5de. I tilf\u00e6lde af at s\u00e6lgeren giver sin tilladelse, er denne tilladelse under alle omst\u00e6ndigheder midlertidig og kan til enhver tid tr\u00e6kkes tilbage uden nogen forpligtelse til at begrunde sin beslutning. Under alle omst\u00e6ndigheder skal ethvert link fjernes efter anmodning fra m\u00e6rket.<\/p>\n<p>Webstedet indeholder en r\u00e6kke hypertekstlinks til andre websteder, der er oprettet med s\u00e6lgerens tilladelse. Vores virksomhed er imidlertid ikke i stand til at kontrollere indholdet af de websteder, der bes\u00f8ges p\u00e5 denne m\u00e5de, og vil derfor ikke p\u00e5tage sig noget ansvar i denne henseende.<\/p>\n<p>[\/et_pb_text][et_pb_text _builder_version=&#8221;4.27.0&#8243; _module_preset=&#8221;default&#8221; header_2_text_align=&#8221;center&#8221; global_colors_info=&#8221;{}&#8221;]<\/p>\n<h2>ARTIKEL 11 - Delvis ugyldighed<\/h2>\n<p>Den midlertidige ikke-anvendelse af en eller flere klausuler i disse generelle vilk\u00e5r og betingelser kan under ingen omst\u00e6ndigheder fortolkes som et afkald fra CLICKBUSTER LTD's side til at drage fordel af nogen af de n\u00e6vnte klausuler.<\/p>\n<p>Hvis en eller flere bestemmelser i disse vilk\u00e5r og betingelser erkl\u00e6res ugyldige eller uanvendelige ved lov, forskrift eller en endelig domstolsafg\u00f8relse, bevarer de \u00f8vrige bestemmelser deres fulde kraft og omfang og forts\u00e6tter med at g\u00e6lde fuldt ud.<\/p>\n<p>[\/et_pb_text][et_pb_text _builder_version=&#8221;4.27.0&#8243; _module_preset=&#8221;default&#8221; header_2_text_align=&#8221;center&#8221; global_colors_info=&#8221;{}&#8221;]<\/p>\n<h2>ARTIKEL 12 - Sprog<\/h2>\n<p>Hvis disse GCU er oversat til et eller flere sprog, vil tolkesproget v\u00e6re engelsk.<\/p>\n<p>[\/et_pb_text][et_pb_text _builder_version=&#8221;4.27.0&#8243; _module_preset=&#8221;default&#8221; header_2_text_align=&#8221;center&#8221; custom_css_free_form=&#8221;selector table, selector td, selector tr, selector th {||  border:1px solid;||  border-color:#034833 !important;||}&#8221; global_colors_info=&#8221;{}&#8221;]<\/p>\n<h2>ARTIKEL 13 - G\u00e6ldende lov<\/h2>\n<p>Disse vilk\u00e5r og betingelser for webstedet er underlagt britisk lov og er i tilf\u00e6lde af en tvist underlagt de almindelige domstoles eksklusive jurisdiktion, med forbehold for en specifik tildeling af jurisdiktion som f\u00f8lge af en lovtekst eller en bestemt forskrift.<\/p>\n<p>[\/et_pb_text][et_pb_text _builder_version=&#8221;4.27.0&#8243; _module_preset=&#8221;default&#8221; header_2_text_align=&#8221;center&#8221; custom_css_free_form=&#8221;selector table, selector td, selector tr, selector th {||  border:1px solid;||  border-color:#034833 !important;||}&#8221; global_colors_info=&#8221;{}&#8221;]<\/p>\n<h2>ARTIKEL 14 - Kontakt os<\/h2>\n<p>For sp\u00f8rgsm\u00e5l eller oplysninger om de tjenester, der pr\u00e6senteres p\u00e5 webstedet, eller vedr\u00f8rende selve webstedet, kan brugeren efterlade en besked p\u00e5 f\u00f8lgende adresse: contact.psona@gmail.com.<\/p>\n<p>[\/et_pb_text][\/et_pb_column][\/et_pb_row][\/et_pb_section]<\/p>","protected":false},"excerpt":{"rendered":"<p>Mentions l\u00e9gales Preamble Entry into force: March 30th, 2023 CLICKBUSTER LTD63-66 Hatton GardenLondon EC1N 8LECompany number 13014667VAT number GB 363 9346 71 La navigation continue sur notre Site https:\/\/psna1.com\/ (ci-apr\u00e8s le \u00ab Site \u00bb) implique que les visiteurs du Site (ci-apr\u00e8s l&#8217;\u00ab Utilisateur(s) \u00bb) acceptent sans r\u00e9serve les dispositions et Conditions G\u00e9n\u00e9rales d&#8217;Utilisation qui suivent [&hellip;]<\/p>","protected":false},"author":1,"featured_media":0,"parent":0,"menu_order":0,"comment_status":"closed","ping_status":"closed","template":"","meta":{"_et_pb_use_builder":"on","_et_pb_old_content":"<!-- wp:divi\/placeholder \/-->","_et_gb_content_width":"","inline_featured_image":false,"footnotes":""},"class_list":["post-149","page","type-page","status-publish","hentry"],"_links":{"self":[{"href":"https:\/\/psna1.com\/da\/wp-json\/wp\/v2\/pages\/149","targetHints":{"allow":["GET"]}}],"collection":[{"href":"https:\/\/psna1.com\/da\/wp-json\/wp\/v2\/pages"}],"about":[{"href":"https:\/\/psna1.com\/da\/wp-json\/wp\/v2\/types\/page"}],"author":[{"embeddable":true,"href":"https:\/\/psna1.com\/da\/wp-json\/wp\/v2\/users\/1"}],"replies":[{"embeddable":true,"href":"https:\/\/psna1.com\/da\/wp-json\/wp\/v2\/comments?post=149"}],"version-history":[{"count":6,"href":"https:\/\/psna1.com\/da\/wp-json\/wp\/v2\/pages\/149\/revisions"}],"predecessor-version":[{"id":870,"href":"https:\/\/psna1.com\/da\/wp-json\/wp\/v2\/pages\/149\/revisions\/870"}],"wp:attachment":[{"href":"https:\/\/psna1.com\/da\/wp-json\/wp\/v2\/media?parent=149"}],"curies":[{"name":"wp","href":"https:\/\/api.w.org\/{rel}","templated":true}]}}