{"id":156,"date":"2024-09-05T10:25:15","date_gmt":"2024-09-05T10:25:15","guid":{"rendered":"https:\/\/psona.io\/?page_id=156"},"modified":"2024-10-02T10:19:58","modified_gmt":"2024-10-02T10:19:58","slug":"faq-detaillee","status":"publish","type":"page","link":"https:\/\/psna1.com\/cs\/faq-detaillee\/","title":{"rendered":"Podrobn\u00e9 nej\u010dast\u011bj\u0161\u00ed dotazy"},"content":{"rendered":"<p>[et_pb_section fb_built=&#8221;1&#8243; custom_padding_last_edited=&#8221;on|tablet&#8221; admin_label=&#8221;Header&#8221; _builder_version=&#8221;4.27.0&#8243; custom_margin=&#8221;0px||0px||true|false&#8221; custom_padding=&#8221;0px||0px||true|false&#8221; custom_padding_tablet=&#8221;||||true|false&#8221; custom_padding_phone=&#8221;||||true|false&#8221; locked=&#8221;off&#8221; global_colors_info=&#8221;{}&#8221;][et_pb_row use_custom_gutter=&#8221;on&#8221; gutter_width=&#8221;1&#8243; custom_padding_last_edited=&#8221;on|phone&#8221; _builder_version=&#8221;4.27.0&#8243; width=&#8221;95%&#8221; custom_margin=&#8221;||||true|false&#8221; custom_padding=&#8221;150px||150px||true|true&#8221; custom_padding_tablet=&#8221;80px||80px||true|false&#8221; custom_padding_phone=&#8221;60px||60px||true|false&#8221; border_radii=&#8221;on|50px|50px|50px|50px&#8221; global_colors_info=&#8221;{}&#8221; background_color=&#8221;RGBA(255,255,255,0)&#8221; background_size=&#8221;initial&#8221; background_position=&#8221;top_left&#8221; background_repeat=&#8221;repeat&#8221;][et_pb_column type=&#8221;4_4&#8243; _builder_version=&#8221;4.27.0&#8243; custom_padding=&#8221;|||&#8221; global_colors_info=&#8221;{}&#8221; custom_padding__hover=&#8221;|||&#8221; custom_css_main_element_last_edited=&#8221;on|phone&#8221;][et_pb_text module_class=&#8221;title-header&#8221; _builder_version=&#8221;4.27.0&#8243; background_size=&#8221;initial&#8221; background_position=&#8221;top_left&#8221; background_repeat=&#8221;repeat&#8221; width=&#8221;72%&#8221; width_tablet=&#8221;70%&#8221; width_phone=&#8221;68.5%&#8221; width_last_edited=&#8221;on|tablet&#8221; module_alignment=&#8221;center&#8221; custom_margin=&#8221;0px||0px||false|false&#8221; custom_margin_tablet=&#8221;0px||0px||false|false&#8221; custom_margin_phone=&#8221;0px||0px||false|false&#8221; custom_margin_last_edited=&#8221;on|tablet&#8221; custom_padding=&#8221;0px||0px||true|false&#8221; hover_enabled=&#8221;0&#8243; header_font_size_tablet=&#8221;50px&#8221; header_font_size_phone=&#8221;40px&#8221; global_colors_info=&#8221;{}&#8221; text_orientation=&#8221;center&#8221; sticky_enabled=&#8221;0&#8243;]<\/p>\n<h1>\u010casto kladen\u00e9 ot\u00e1zky<\/h1>\n<p><!-- \/divi:paragraph --><\/p>\n<p>[\/et_pb_text][\/et_pb_column][\/et_pb_row][\/et_pb_section][et_pb_section fb_built=&#8221;1&#8243; admin_label=&#8221;The Test&#8221; _builder_version=&#8221;4.27.0&#8243; _module_preset=&#8221;default&#8221; custom_margin=&#8221;0px||||false|false&#8221; custom_padding=&#8221;20px||||false|false&#8221; global_colors_info=&#8221;{}&#8221;][et_pb_row _builder_version=&#8221;4.27.0&#8243; _module_preset=&#8221;default&#8221; width=&#8221;60%&#8221; width_tablet=&#8221;80%&#8221; width_phone=&#8221;80%&#8221; width_last_edited=&#8221;on|phone&#8221; locked=&#8221;off&#8221; global_colors_info=&#8221;{}&#8221;][et_pb_column type=&#8221;4_4&#8243; _builder_version=&#8221;4.27.0&#8243; _module_preset=&#8221;default&#8221; global_colors_info=&#8221;{}&#8221;][et_pb_text _builder_version=&#8221;4.27.0&#8243; _module_preset=&#8221;default&#8221; global_colors_info=&#8221;{}&#8221;]<\/p>\n<h2 style=\"text-align: center;\">Test<\/h2>\n<p>[\/et_pb_text][et_pb_toggle title=&#8221;Qui a con\u00e7u ce test ?&#8221; open_toggle_text_color=&#8221;#111214&#8243; icon_color=&#8221;#fff9f1&#8243; toggle_icon=&#8221;&#xf13a;||fa||900&#8243; use_icon_font_size=&#8221;on&#8221; icon_font_size=&#8221;35px&#8221; open_icon_color=&#8221;#E39309&#8243; open_toggle_icon=&#8221;&#xf139;||fa||900&#8243; open_use_icon_font_size=&#8221;on&#8221; open_icon_font_size=&#8221;35px&#8221; _builder_version=&#8221;4.27.0&#8243; _module_preset=&#8221;default&#8221; title_text_color=&#8221;#111214&#8243; title_font=&#8221;|600|||||||&#8221; title_font_size=&#8221;18px&#8221; closed_title_font=&#8221;|600|||||||&#8221; closed_title_font_size=&#8221;18px&#8221; body_text_color=&#8221;#727272&#8243; width_tablet=&#8221;100%&#8221; width_phone=&#8221;100%&#8221; width_last_edited=&#8221;on|tablet&#8221; custom_padding=&#8221;30px|30px|30px|30px|true|true&#8221; custom_css_toggle_icon=&#8221;padding-right:20px;&#8221; custom_css_toggle_content=&#8221;max-width:90%;&#8221; border_radii=&#8221;on|20px|20px|20px|20px&#8221; border_width_all=&#8221;0px&#8221; border_color_all=&#8221;RGBA(255,255,255,0)&#8221; box_shadow_style=&#8221;preset1&#8243; box_shadow_vertical=&#8221;0px&#8221; box_shadow_blur=&#8221;120px&#8221; box_shadow_color=&#8221;rgba(0,0,0,0.05)&#8221; global_colors_info=&#8221;{}&#8221; custom_css_toggle_icon_last_edited=&#8221;on|tablet&#8221; custom_css_toggle_icon_tablet=&#8221;padding-right:0px;&#8221; custom_css_toggle_icon_phone=&#8221;padding-right:0px;&#8221; background_color=&#8221;#FFFFFF&#8221;]<\/p>\n<p>Koncepci tohoto testu p\u0159edstavil Lewis Golberg v roce 1981, v letech 1987-1992 ji pak rozpracovali Costa a McCrae.<\/p>\n<p>[\/et_pb_toggle][et_pb_toggle title=&#8221;Que mesure ce test ?&#8221; open_toggle_text_color=&#8221;#111214&#8243; icon_color=&#8221;#fff9f1&#8243; toggle_icon=&#8221;&#xf13a;||fa||900&#8243; use_icon_font_size=&#8221;on&#8221; icon_font_size=&#8221;35px&#8221; open_icon_color=&#8221;#E39309&#8243; open_toggle_icon=&#8221;&#xf139;||fa||900&#8243; open_use_icon_font_size=&#8221;on&#8221; open_icon_font_size=&#8221;35px&#8221; _builder_version=&#8221;4.27.0&#8243; _module_preset=&#8221;default&#8221; title_text_color=&#8221;#111214&#8243; title_font=&#8221;|600|||||||&#8221; title_font_size=&#8221;18px&#8221; closed_title_font=&#8221;|600|||||||&#8221; closed_title_font_size=&#8221;18px&#8221; body_text_color=&#8221;#727272&#8243; width_tablet=&#8221;100%&#8221; width_phone=&#8221;100%&#8221; width_last_edited=&#8221;on|tablet&#8221; custom_padding=&#8221;30px|30px|30px|30px|true|true&#8221; custom_css_toggle_icon=&#8221;padding-right:20px;&#8221; custom_css_toggle_content=&#8221;max-width:90%;&#8221; border_radii=&#8221;on|20px|20px|20px|20px&#8221; border_width_all=&#8221;0px&#8221; border_color_all=&#8221;RGBA(255,255,255,0)&#8221; box_shadow_style=&#8221;preset1&#8243; box_shadow_vertical=&#8221;0px&#8221; box_shadow_blur=&#8221;120px&#8221; box_shadow_color=&#8221;rgba(0,0,0,0.05)&#8221; global_colors_info=&#8221;{}&#8221; custom_css_toggle_icon_last_edited=&#8221;on|tablet&#8221; custom_css_toggle_icon_tablet=&#8221;padding-right:0px;&#8221; custom_css_toggle_icon_phone=&#8221;padding-right:0px;&#8221; background_color=&#8221;#FFFFFF&#8221;]<\/p>\n<p>Tento test ur\u010duje psychologick\u00fd profil \u010dlov\u011bka na z\u00e1klad\u011b p\u011bti kl\u00ed\u010dov\u00fdch osobnostn\u00edch rys\u016f: otev\u0159enosti, extraverze, smyslu pro odpov\u011bdnost, spole\u010denskosti a neuroticismu.<\/p>\n<p>Pou\u017e\u00edv\u00e1 se jak pro studium populace, tak pro osobn\u00ed rozvoj.<\/p>\n<p>Chcete-li podrobn\u011bji prozkoumat d\u00edl\u010d\u00ed oblasti t\u011bchto vlastnost\u00ed a dozv\u011bd\u011bt se o nich v\u00edce, m\u016f\u017eete nav\u0161t\u00edvit str\u00e1nku v\u011bnovanou \"Osobnostem\".<\/p>\n<p>[\/et_pb_toggle][et_pb_toggle title=&#8221;Comment fonctionne-t-il ?&#8221; open_toggle_text_color=&#8221;#111214&#8243; icon_color=&#8221;#fff9f1&#8243; toggle_icon=&#8221;&#xf13a;||fa||900&#8243; use_icon_font_size=&#8221;on&#8221; icon_font_size=&#8221;35px&#8221; open_icon_color=&#8221;#E39309&#8243; open_toggle_icon=&#8221;&#xf139;||fa||900&#8243; open_use_icon_font_size=&#8221;on&#8221; open_icon_font_size=&#8221;35px&#8221; _builder_version=&#8221;4.27.0&#8243; _module_preset=&#8221;default&#8221; title_text_color=&#8221;#111214&#8243; title_font=&#8221;|600|||||||&#8221; title_font_size=&#8221;18px&#8221; closed_title_font=&#8221;|600|||||||&#8221; closed_title_font_size=&#8221;18px&#8221; body_text_color=&#8221;#727272&#8243; width_tablet=&#8221;100%&#8221; width_phone=&#8221;100%&#8221; width_last_edited=&#8221;on|tablet&#8221; custom_padding=&#8221;30px|30px|30px|30px|true|true&#8221; custom_css_toggle_icon=&#8221;padding-right:20px;&#8221; custom_css_toggle_content=&#8221;max-width:90%;&#8221; border_radii=&#8221;on|20px|20px|20px|20px&#8221; border_width_all=&#8221;0px&#8221; border_color_all=&#8221;RGBA(255,255,255,0)&#8221; box_shadow_style=&#8221;preset1&#8243; box_shadow_vertical=&#8221;0px&#8221; box_shadow_blur=&#8221;120px&#8221; box_shadow_color=&#8221;rgba(0,0,0,0.05)&#8221; global_colors_info=&#8221;{}&#8221; custom_css_toggle_icon_last_edited=&#8221;on|tablet&#8221; custom_css_toggle_icon_tablet=&#8221;padding-right:0px;&#8221; custom_css_toggle_icon_phone=&#8221;padding-right:0px;&#8221; background_color=&#8221;#FFFFFF&#8221;]<\/p>\n<p>Test zkoum\u00e1 p\u011bt hlavn\u00edch oblast\u00ed psychologick\u00e9ho modelu Big Five, v\u010detn\u011b neuroticismu, profesn\u00ed odpov\u011bdnosti a otev\u0159enosti.<\/p>\n<p>Vyhodnot\u00ed procento va\u0161ich odpov\u011bd\u00ed v t\u011bchto oblastech a na z\u00e1klad\u011b t\u011bchto hodnocen\u00ed vytvo\u0159\u00ed profil.<\/p>\n<p>Pro dosa\u017een\u00ed co nejp\u0159esn\u011bj\u0161\u00edch v\u00fdsledk\u016f doporu\u010dujeme, abyste na ot\u00e1zky odpov\u00eddali up\u0159\u00edmn\u011b a pokud mo\u017eno se vyhnuli neutr\u00e1ln\u00edm odpov\u011bd\u00edm.<\/p>\n<p>[\/et_pb_toggle][et_pb_toggle title=&#8221;Comment puis-je acc\u00e9der \u00e0 mes r\u00e9sultats ?&#8221; open_toggle_text_color=&#8221;#111214&#8243; icon_color=&#8221;#fff9f1&#8243; toggle_icon=&#8221;&#xf13a;||fa||900&#8243; use_icon_font_size=&#8221;on&#8221; icon_font_size=&#8221;35px&#8221; open_icon_color=&#8221;#E39309&#8243; open_toggle_icon=&#8221;&#xf139;||fa||900&#8243; open_use_icon_font_size=&#8221;on&#8221; open_icon_font_size=&#8221;35px&#8221; _builder_version=&#8221;4.27.0&#8243; _module_preset=&#8221;default&#8221; title_text_color=&#8221;#111214&#8243; title_font=&#8221;|600|||||||&#8221; title_font_size=&#8221;18px&#8221; closed_title_font=&#8221;|600|||||||&#8221; closed_title_font_size=&#8221;18px&#8221; body_text_color=&#8221;#727272&#8243; width_tablet=&#8221;100%&#8221; width_phone=&#8221;100%&#8221; width_last_edited=&#8221;on|tablet&#8221; custom_padding=&#8221;30px|30px|30px|30px|true|true&#8221; custom_css_toggle_icon=&#8221;padding-right:20px;&#8221; custom_css_toggle_content=&#8221;max-width:90%;&#8221; border_radii=&#8221;on|20px|20px|20px|20px&#8221; border_width_all=&#8221;0px&#8221; border_color_all=&#8221;RGBA(255,255,255,0)&#8221; box_shadow_style=&#8221;preset1&#8243; box_shadow_vertical=&#8221;0px&#8221; box_shadow_blur=&#8221;120px&#8221; box_shadow_color=&#8221;rgba(0,0,0,0.05)&#8221; global_colors_info=&#8221;{}&#8221; custom_css_toggle_icon_last_edited=&#8221;on|tablet&#8221; custom_css_toggle_icon_tablet=&#8221;padding-right:0px;&#8221; custom_css_toggle_icon_phone=&#8221;padding-right:0px;&#8221; background_color=&#8221;#FFFFFF&#8221;]<\/p>\n<p>K v\u00fdsledk\u016fm tohoto testu m\u016f\u017eete z\u00edskat p\u0159\u00edstup prost\u0159ednictv\u00edm 24hodinov\u00e9 nab\u00eddky nebo m\u011bs\u00ed\u010dn\u00edho p\u0159edplatn\u00e9ho.<\/p>\n<p>Ve\u0161ker\u00e9 pokyny pro vypln\u011bn\u00ed testu a v\u00fdb\u011br nab\u00eddky jsou podrobn\u011b pops\u00e1ny v \u010d\u00e1sti \"Jak to funguje?\".<\/p>\n<p>[\/et_pb_toggle][et_pb_toggle title=&#8221;En quoi ce test m&#8217;est-il utile ?&#8221; open_toggle_text_color=&#8221;#111214&#8243; icon_color=&#8221;#fff9f1&#8243; toggle_icon=&#8221;&#xf13a;||fa||900&#8243; use_icon_font_size=&#8221;on&#8221; icon_font_size=&#8221;35px&#8221; open_icon_color=&#8221;#E39309&#8243; open_toggle_icon=&#8221;&#xf139;||fa||900&#8243; open_use_icon_font_size=&#8221;on&#8221; open_icon_font_size=&#8221;35px&#8221; _builder_version=&#8221;4.27.0&#8243; _module_preset=&#8221;default&#8221; title_text_color=&#8221;#111214&#8243; title_font=&#8221;|600|||||||&#8221; title_font_size=&#8221;18px&#8221; closed_title_font=&#8221;|600|||||||&#8221; closed_title_font_size=&#8221;18px&#8221; body_text_color=&#8221;#727272&#8243; width_tablet=&#8221;100%&#8221; width_phone=&#8221;100%&#8221; width_last_edited=&#8221;on|tablet&#8221; custom_padding=&#8221;30px|30px|30px|30px|true|true&#8221; custom_css_toggle_icon=&#8221;padding-right:20px;&#8221; custom_css_toggle_content=&#8221;max-width:90%;&#8221; border_radii=&#8221;on|20px|20px|20px|20px&#8221; border_width_all=&#8221;0px&#8221; border_color_all=&#8221;RGBA(255,255,255,0)&#8221; box_shadow_style=&#8221;preset1&#8243; box_shadow_vertical=&#8221;0px&#8221; box_shadow_blur=&#8221;120px&#8221; box_shadow_color=&#8221;rgba(0,0,0,0.05)&#8221; global_colors_info=&#8221;{}&#8221; custom_css_toggle_icon_last_edited=&#8221;on|tablet&#8221; custom_css_toggle_icon_tablet=&#8221;padding-right:0px;&#8221; custom_css_toggle_icon_phone=&#8221;padding-right:0px;&#8221; background_color=&#8221;#FFFFFF&#8221;]<\/p>\n<p>V osobn\u00ed rovin\u011b m\u016f\u017ee b\u00fdt u\u017eite\u010dn\u00fd, pokud se uch\u00e1z\u00edte o zam\u011bstn\u00e1n\u00ed, chcete-li hloub\u011bji prozkoumat svou osobnost nebo pokud hled\u00e1te mo\u017enosti osobn\u00edho rozvoje.<\/p>\n<p>Na profesion\u00e1ln\u00ed \u00farovni lze tento test vyu\u017e\u00edt p\u0159i pracovn\u00edch pohovorech, pro lep\u0161\u00ed pochopen\u00ed pracovn\u00edho prost\u0159ed\u00ed nebo pro demografick\u00e9 studie. Tento test byl nap\u0159\u00edklad pou\u017eit ve studii p\u0159ed referendem o brexitu.<\/p>\n<p>[\/et_pb_toggle][\/et_pb_column][\/et_pb_row][et_pb_row _builder_version=&#8221;4.27.0&#8243; _module_preset=&#8221;default&#8221; width=&#8221;60%&#8221; width_tablet=&#8221;80%&#8221; width_phone=&#8221;80%&#8221; width_last_edited=&#8221;on|phone&#8221; custom_margin=&#8221;0px||||false|false&#8221; custom_padding=&#8221;20px||||false|false&#8221; locked=&#8221;off&#8221; global_colors_info=&#8221;{}&#8221;][et_pb_column type=&#8221;4_4&#8243; _builder_version=&#8221;4.27.0&#8243; _module_preset=&#8221;default&#8221; global_colors_info=&#8221;{}&#8221;][et_pb_text _builder_version=&#8221;4.27.0&#8243; _module_preset=&#8221;default&#8221; global_colors_info=&#8221;{}&#8221;]<\/p>\n<h2 style=\"text-align: center;\">P\u0159edplatn\u00e9<\/h2>\n<p>[\/et_pb_text][et_pb_toggle title=&#8221;Comment s&#8217;abonner ?&#8221; open_toggle_text_color=&#8221;#111214&#8243; icon_color=&#8221;#fff9f1&#8243; toggle_icon=&#8221;&#xf13a;||fa||900&#8243; use_icon_font_size=&#8221;on&#8221; icon_font_size=&#8221;35px&#8221; open_icon_color=&#8221;#E39309&#8243; open_toggle_icon=&#8221;&#xf139;||fa||900&#8243; open_use_icon_font_size=&#8221;on&#8221; open_icon_font_size=&#8221;35px&#8221; _builder_version=&#8221;4.27.0&#8243; _module_preset=&#8221;default&#8221; title_text_color=&#8221;#111214&#8243; title_font=&#8221;|600|||||||&#8221; title_font_size=&#8221;18px&#8221; closed_title_font=&#8221;|600|||||||&#8221; closed_title_font_size=&#8221;18px&#8221; body_text_color=&#8221;#727272&#8243; width_tablet=&#8221;100%&#8221; width_phone=&#8221;100%&#8221; width_last_edited=&#8221;on|tablet&#8221; custom_padding=&#8221;30px|30px|30px|30px|true|true&#8221; custom_css_toggle_icon=&#8221;padding-right:20px;&#8221; custom_css_toggle_content=&#8221;max-width:90%;&#8221; border_radii=&#8221;on|20px|20px|20px|20px&#8221; border_width_all=&#8221;0px&#8221; border_color_all=&#8221;RGBA(255,255,255,0)&#8221; box_shadow_style=&#8221;preset1&#8243; box_shadow_vertical=&#8221;0px&#8221; box_shadow_blur=&#8221;120px&#8221; box_shadow_color=&#8221;rgba(0,0,0,0.05)&#8221; global_colors_info=&#8221;{}&#8221; custom_css_toggle_icon_last_edited=&#8221;on|tablet&#8221; custom_css_toggle_icon_tablet=&#8221;padding-right:0px;&#8221; custom_css_toggle_icon_phone=&#8221;padding-right:0px;&#8221; background_color=&#8221;#FFFFFF&#8221;]<\/p>\n<p>Na za\u010d\u00e1tku je t\u0159eba absolvovat test. Po skon\u010den\u00ed testu si mus\u00edte p\u0159edplatit 24hodinovou nab\u00eddku za 0,50 EUR, abyste si mohli prohl\u00e9dnout v\u00fdsledky. Po uplynut\u00ed 24 hodin se p\u0159edplatn\u00e9 automaticky zm\u011bn\u00ed na m\u011bs\u00ed\u010dn\u00ed p\u0159edplatn\u00e9 ve v\u00fd\u0161i 47,50 \u20ac.<\/p>\n<p>Chcete-li se vyhnout m\u011bs\u00ed\u010dn\u00edmu p\u0159edplatn\u00e9mu a ponechat si pouze 24hodinovou nab\u00eddku, jednodu\u0161e se odhlaste.<\/p>\n<p>Podrobn\u00fd n\u00e1vod k proveden\u00ed testu a p\u0159ihl\u00e1\u0161en\u00ed k odb\u011bru nab\u00eddky najdete na str\u00e1nce \"Jak to funguje?\".<\/p>\n<p>[\/et_pb_toggle][et_pb_toggle title=&#8221;Quels services sont compris dans l&#8217;abonnement ?&#8221; open_toggle_text_color=&#8221;#111214&#8243; icon_color=&#8221;#fff9f1&#8243; toggle_icon=&#8221;&#xf13a;||fa||900&#8243; use_icon_font_size=&#8221;on&#8221; icon_font_size=&#8221;35px&#8221; open_icon_color=&#8221;#E39309&#8243; open_toggle_icon=&#8221;&#xf139;||fa||900&#8243; open_use_icon_font_size=&#8221;on&#8221; open_icon_font_size=&#8221;35px&#8221; _builder_version=&#8221;4.27.0&#8243; _module_preset=&#8221;default&#8221; title_text_color=&#8221;#111214&#8243; title_font=&#8221;|600|||||||&#8221; title_font_size=&#8221;18px&#8221; closed_title_font=&#8221;|600|||||||&#8221; closed_title_font_size=&#8221;18px&#8221; body_text_color=&#8221;#727272&#8243; width_tablet=&#8221;100%&#8221; width_phone=&#8221;100%&#8221; width_last_edited=&#8221;on|tablet&#8221; custom_padding=&#8221;30px|30px|30px|30px|true|true&#8221; custom_css_toggle_icon=&#8221;padding-right:20px;&#8221; custom_css_toggle_content=&#8221;max-width:90%;&#8221; border_radii=&#8221;on|20px|20px|20px|20px&#8221; border_width_all=&#8221;0px&#8221; border_color_all=&#8221;RGBA(255,255,255,0)&#8221; box_shadow_style=&#8221;preset1&#8243; box_shadow_vertical=&#8221;0px&#8221; box_shadow_blur=&#8221;120px&#8221; box_shadow_color=&#8221;rgba(0,0,0,0.05)&#8221; global_colors_info=&#8221;{}&#8221; custom_css_toggle_icon_last_edited=&#8221;on|tablet&#8221; custom_css_toggle_icon_tablet=&#8221;padding-right:0px;&#8221; custom_css_toggle_icon_phone=&#8221;padding-right:0px;&#8221; background_color=&#8221;#FFFFFF&#8221;]<\/p>\n<p>D\u00edky p\u0159edplatn\u00e9mu m\u016f\u017eete test absolvovat libovoln\u011b mnohokr\u00e1t, a\u0165 u\u017e pro sebe, nebo pro ostatn\u00ed, a m\u00edt p\u0159\u00edstup k v\u00fdsledk\u016fm, kter\u00e9 m\u016f\u017eete porovn\u00e1vat a ukl\u00e1dat.<\/p>\n<p>[\/et_pb_toggle][et_pb_toggle title=&#8221;Comment puis-je annuler mon abonnement ?&#8221; open_toggle_text_color=&#8221;#111214&#8243; icon_color=&#8221;#fff9f1&#8243; toggle_icon=&#8221;&#xf13a;||fa||900&#8243; use_icon_font_size=&#8221;on&#8221; icon_font_size=&#8221;35px&#8221; open_icon_color=&#8221;#E39309&#8243; open_toggle_icon=&#8221;&#xf139;||fa||900&#8243; open_use_icon_font_size=&#8221;on&#8221; open_icon_font_size=&#8221;35px&#8221; _builder_version=&#8221;4.27.0&#8243; _module_preset=&#8221;default&#8221; title_text_color=&#8221;#111214&#8243; title_font=&#8221;|600|||||||&#8221; title_font_size=&#8221;18px&#8221; closed_title_font=&#8221;|600|||||||&#8221; closed_title_font_size=&#8221;18px&#8221; body_text_color=&#8221;#727272&#8243; width_tablet=&#8221;100%&#8221; width_phone=&#8221;100%&#8221; width_last_edited=&#8221;on|tablet&#8221; custom_padding=&#8221;30px|30px|30px|30px|true|true&#8221; custom_css_toggle_icon=&#8221;padding-right:20px;&#8221; custom_css_toggle_content=&#8221;max-width:90%;&#8221; border_radii=&#8221;on|20px|20px|20px|20px&#8221; border_width_all=&#8221;0px&#8221; border_color_all=&#8221;RGBA(255,255,255,0)&#8221; box_shadow_style=&#8221;preset1&#8243; box_shadow_vertical=&#8221;0px&#8221; box_shadow_blur=&#8221;120px&#8221; box_shadow_color=&#8221;rgba(0,0,0,0.05)&#8221; global_colors_info=&#8221;{}&#8221; custom_css_toggle_icon_last_edited=&#8221;on|tablet&#8221; custom_css_toggle_icon_tablet=&#8221;padding-right:0px;&#8221; custom_css_toggle_icon_phone=&#8221;padding-right:0px;&#8221; background_color=&#8221;#FFFFFF&#8221;]<\/p>\n<p>Chcete-li zru\u0161it odb\u011br, jednodu\u0161e klikn\u011bte na z\u00e1lo\u017eku \"Zru\u0161it odb\u011br\" nebo vstupte do oblasti \"M\u016fj \u00fa\u010det\", zadejte svou e-mailovou adresu a potvr\u010fte sv\u016fj po\u017eadavek.<\/p>\n<p>[\/et_pb_toggle][et_pb_toggle title=&#8221;J&#8217;ai omis de me d\u00e9sabonner avant la fin de la p\u00e9riode d&#8217;essai, est-ce que je peux obtenir un remboursement ?&#8221; open_toggle_text_color=&#8221;#111214&#8243; icon_color=&#8221;#fff9f1&#8243; toggle_icon=&#8221;&#xf13a;||fa||900&#8243; use_icon_font_size=&#8221;on&#8221; icon_font_size=&#8221;35px&#8221; open_icon_color=&#8221;#E39309&#8243; open_toggle_icon=&#8221;&#xf139;||fa||900&#8243; open_use_icon_font_size=&#8221;on&#8221; open_icon_font_size=&#8221;35px&#8221; _builder_version=&#8221;4.27.0&#8243; _module_preset=&#8221;default&#8221; title_text_color=&#8221;#111214&#8243; title_font=&#8221;|600|||||||&#8221; title_font_size=&#8221;18px&#8221; closed_title_font=&#8221;|600|||||||&#8221; closed_title_font_size=&#8221;18px&#8221; body_text_color=&#8221;#727272&#8243; width_tablet=&#8221;100%&#8221; width_phone=&#8221;100%&#8221; width_last_edited=&#8221;on|tablet&#8221; custom_padding=&#8221;30px|30px|30px|30px|true|true&#8221; custom_css_toggle_icon=&#8221;padding-right:20px;&#8221; custom_css_toggle_content=&#8221;max-width:90%;&#8221; border_radii=&#8221;on|20px|20px|20px|20px&#8221; border_width_all=&#8221;0px&#8221; border_color_all=&#8221;RGBA(255,255,255,0)&#8221; box_shadow_style=&#8221;preset1&#8243; box_shadow_vertical=&#8221;0px&#8221; box_shadow_blur=&#8221;120px&#8221; box_shadow_color=&#8221;rgba(0,0,0,0.05)&#8221; global_colors_info=&#8221;{}&#8221; custom_css_toggle_icon_last_edited=&#8221;on|tablet&#8221; custom_css_toggle_icon_tablet=&#8221;padding-right:0px;&#8221; custom_css_toggle_icon_phone=&#8221;padding-right:0px;&#8221; background_color=&#8221;#FFFFFF&#8221;]<\/p>\n<p>Pokud se v\u00e1m nepoda\u0159ilo p\u0159edplatn\u00e9 zru\u0161it, m\u016f\u017eete po\u017e\u00e1dat o vr\u00e1cen\u00ed pen\u011bz do 14 dn\u016f od registrace, pokud jste na\u0161e slu\u017eby nevyu\u017e\u00edvali po uplynut\u00ed 24hodinov\u00e9 zku\u0161ebn\u00ed doby.<\/p>\n<p>[\/et_pb_toggle][\/et_pb_column][\/et_pb_row][\/et_pb_section]<\/p>","protected":false},"excerpt":{"rendered":"<p>Foire Aux Questions Le testLe concept de ce test a \u00e9t\u00e9 introduit par Lewis Golberg en 1981, puis d\u00e9velopp\u00e9 par Costa et McCrae entre 1987 et 1992.Ce test permet de d\u00e9terminer le profil psychologique d\u2019une personne en se basant sur cinq traits de personnalit\u00e9 cl\u00e9s : l\u2019ouverture d\u2019esprit, l\u2019extraversion, le sens des responsabilit\u00e9s, la sociabilit\u00e9 [&hellip;]<\/p>","protected":false},"author":1,"featured_media":0,"parent":0,"menu_order":0,"comment_status":"closed","ping_status":"closed","template":"","meta":{"_et_pb_use_builder":"on","_et_pb_old_content":"<!-- wp:divi\/placeholder \/-->","_et_gb_content_width":"","inline_featured_image":false,"footnotes":""},"class_list":["post-156","page","type-page","status-publish","hentry"],"_links":{"self":[{"href":"https:\/\/psna1.com\/cs\/wp-json\/wp\/v2\/pages\/156","targetHints":{"allow":["GET"]}}],"collection":[{"href":"https:\/\/psna1.com\/cs\/wp-json\/wp\/v2\/pages"}],"about":[{"href":"https:\/\/psna1.com\/cs\/wp-json\/wp\/v2\/types\/page"}],"author":[{"embeddable":true,"href":"https:\/\/psna1.com\/cs\/wp-json\/wp\/v2\/users\/1"}],"replies":[{"embeddable":true,"href":"https:\/\/psna1.com\/cs\/wp-json\/wp\/v2\/comments?post=156"}],"version-history":[{"count":5,"href":"https:\/\/psna1.com\/cs\/wp-json\/wp\/v2\/pages\/156\/revisions"}],"predecessor-version":[{"id":873,"href":"https:\/\/psna1.com\/cs\/wp-json\/wp\/v2\/pages\/156\/revisions\/873"}],"wp:attachment":[{"href":"https:\/\/psna1.com\/cs\/wp-json\/wp\/v2\/media?parent=156"}],"curies":[{"name":"wp","href":"https:\/\/api.w.org\/{rel}","templated":true}]}}