{"id":151,"date":"2024-09-05T10:24:54","date_gmt":"2024-09-05T10:24:54","guid":{"rendered":"https:\/\/psona.io\/?page_id=151"},"modified":"2024-10-02T10:16:41","modified_gmt":"2024-10-02T10:16:41","slug":"conditions-de-paiement-recurrent","status":"publish","type":"page","link":"https:\/\/psna1.com\/cs\/conditions-de-paiement-recurrent\/","title":{"rendered":"Opakuj\u00edc\u00ed se platebn\u00ed podm\u00ednky"},"content":{"rendered":"<p>[et_pb_section fb_built=&#8221;1&#8243; custom_padding_last_edited=&#8221;on|tablet&#8221; admin_label=&#8221;Header&#8221; _builder_version=&#8221;4.27.0&#8243; custom_margin=&#8221;0px||0px||true|false&#8221; custom_padding=&#8221;0px||0px||true|false&#8221; custom_padding_tablet=&#8221;||||true|false&#8221; custom_padding_phone=&#8221;||||true|false&#8221; locked=&#8221;off&#8221; global_colors_info=&#8221;{}&#8221;][et_pb_row use_custom_gutter=&#8221;on&#8221; gutter_width=&#8221;1&#8243; custom_padding_last_edited=&#8221;on|phone&#8221; _builder_version=&#8221;4.27.0&#8243; width=&#8221;95%&#8221; custom_margin=&#8221;||||true|false&#8221; custom_padding=&#8221;150px||150px||true|true&#8221; custom_padding_tablet=&#8221;80px||80px||true|false&#8221; custom_padding_phone=&#8221;60px||60px||true|false&#8221; border_radii=&#8221;on|50px|50px|50px|50px&#8221; global_colors_info=&#8221;{}&#8221; background_color=&#8221;RGBA(255,255,255,0)&#8221; background_size=&#8221;initial&#8221; background_position=&#8221;top_left&#8221; background_repeat=&#8221;repeat&#8221;][et_pb_column type=&#8221;4_4&#8243; _builder_version=&#8221;4.27.0&#8243; custom_padding=&#8221;|||&#8221; global_colors_info=&#8221;{}&#8221; custom_padding__hover=&#8221;|||&#8221; custom_css_main_element_last_edited=&#8221;on|phone&#8221;][et_pb_text module_class=&#8221;title-header&#8221; _builder_version=&#8221;4.27.0&#8243; background_size=&#8221;initial&#8221; background_position=&#8221;top_left&#8221; background_repeat=&#8221;repeat&#8221; width=&#8221;72%&#8221; width_tablet=&#8221;70%&#8221; width_phone=&#8221;68.5%&#8221; width_last_edited=&#8221;on|tablet&#8221; module_alignment=&#8221;center&#8221; custom_margin=&#8221;0px||0px||false|false&#8221; custom_margin_tablet=&#8221;0px||0px||false|false&#8221; custom_margin_phone=&#8221;0px||0px||false|false&#8221; custom_margin_last_edited=&#8221;on|tablet&#8221; custom_padding=&#8221;0px||0px||true|false&#8221; hover_enabled=&#8221;0&#8243; header_font_size_tablet=&#8221;50px&#8221; header_font_size_phone=&#8221;40px&#8221; global_colors_info=&#8221;{}&#8221; header_text_align=&#8221;center&#8221; sticky_enabled=&#8221;0&#8243;]<\/p>\n<h1>Opakuj\u00edc\u00ed se platebn\u00ed podm\u00ednky<\/h1>\n<p>&nbsp;<\/p>\n<p><!-- \/divi:paragraph --><\/p>\n<p>[\/et_pb_text][\/et_pb_column][\/et_pb_row][\/et_pb_section][et_pb_section fb_built=&#8221;1&#8243; _builder_version=&#8221;4.27.0&#8243; _module_preset=&#8221;default&#8221; global_colors_info=&#8221;{}&#8221;][et_pb_row _builder_version=&#8221;4.27.0&#8243; _module_preset=&#8221;default&#8221; global_colors_info=&#8221;{}&#8221;][et_pb_column type=&#8221;4_4&#8243; _builder_version=&#8221;4.27.0&#8243; _module_preset=&#8221;default&#8221; global_colors_info=&#8221;{}&#8221;][et_pb_text _builder_version=&#8221;4.27.0&#8243; _module_preset=&#8221;default&#8221; header_2_text_align=&#8221;center&#8221; global_colors_info=&#8221;{}&#8221;]<\/p>\n<h2>Podm\u00ednky p\u0159edplatn\u00e9ho<\/h2>\n<p>Vstup v platnost: 30. b\u0159ezna 2023<\/p>\n<p><strong>CLICKBUSTER LTD<\/strong><br \/><strong>63-66 Hatton Garden<\/strong><br \/><strong>Lond\u00fdn EC1N 8LE<\/strong><br \/><strong>\u010c\u00edslo spole\u010dnosti 13014667<\/strong><br \/><strong>\u010c\u00edslo DPH GB 363 9346 71<\/strong><\/p>\n<p>P\u0159edplatn\u00e9 slu\u017eeb PSNA1 v\u00e1m poskytuje p\u0159\u00edstup k n\u00e1sleduj\u00edc\u00edm v\u00fdhod\u00e1m:<\/p>\n<ul>\n<li>Neomezen\u00fd po\u010det test\u016f<\/li>\n<li>Uchov\u00e1v\u00e1n\u00ed v\u0161ech v\u00fdsledk\u016f test\u016f<\/li>\n<li>Srovn\u00e1n\u00ed mezi testy<\/li>\n<li>V\u00fdsledky odeslan\u00e9 e-mailem<\/li>\n<\/ul>\n<p>P\u0159edplatn\u00e9 v\u00e1m umo\u017en\u00ed p\u0159\u00edstup do \u010dlensk\u00e9 z\u00f3ny na 24 hodin za propaga\u010dn\u00ed cenu 0,5 EUR s DPH. Po uplynut\u00ed t\u00e9to zku\u0161ebn\u00ed doby bude platit m\u011bs\u00ed\u010dn\u00ed p\u0159edplatn\u00e9 za 47,5 \u20ac (v\u010detn\u011b DPH) m\u011bs\u00ed\u010dn\u011b. Platba bude automaticky str\u017eena z va\u0161\u00ed kreditn\u00ed karty ka\u017ed\u00fd m\u011bs\u00edc v den v\u00fdro\u010d\u00ed.<\/p>\n<p>P\u0159edplatn\u00e9 m\u016f\u017eete kdykoli a bezpodm\u00edne\u010dn\u011b zru\u0161it p\u0159\u00edmo na t\u00e9to str\u00e1nce: <a rel=\"noopener\" target=\"_new\" href=\"https:\/\/psna1.com\/cs\/se-desabonner\/\">https:\/\/psna1.com\/se-desabonner<\/a><\/p>\n<p>Chcete-li zru\u0161it p\u0159edplatn\u00e9, kontaktujte n\u00e1\u0161 z\u00e1kaznick\u00fd servis e-mailem na adrese <a rel=\"noopener\">contact.psona@gmail.com<\/a>nebo prost\u0159ednictv\u00edm kontaktn\u00edho formul\u00e1\u0159e na tomto odkazu: <a rel=\"noopener\" target=\"_new\" href=\"https:\/\/psna1.com\/cs\/contact-en\/\">https:\/\/psna1.com\/contact-en\/<\/a><\/p>\n<p>Spole\u010dnost PSNA1 informace o z\u00e1kazn\u00edc\u00edch d\u00e1le neprod\u00e1v\u00e1; osobn\u00ed \u00fadaje se pou\u017e\u00edvaj\u00ed v\u00fdhradn\u011b pro \u00fa\u010dely komunikace se z\u00e1kazn\u00edky a poskytov\u00e1n\u00ed po\u017eadovan\u00e9 \u00farovn\u011b slu\u017eeb.<\/p>\n<p>PSNA1 vyu\u017e\u00edv\u00e1 poskytovatele platebn\u00edch slu\u017eeb, kte\u0159\u00ed spl\u0148uj\u00ed bezpe\u010dnostn\u00ed standardy PCI DSS.<\/p>\n<p>[\/et_pb_text][\/et_pb_column][\/et_pb_row][\/et_pb_section]<\/p>","protected":false},"excerpt":{"rendered":"<p>Conditions de paiement r\u00e9current &nbsp; Termes d&#8217;abonnement Entry into force: March 30th, 2023 CLICKBUSTER LTD63-66 Hatton GardenLondon EC1N 8LECompany number 13014667VAT number GB 363 9346 71 Souscrire aux services de PSNA1 vous donne acc\u00e8s aux avantages suivants : Tests illimit\u00e9s Stockage de tous les r\u00e9sultats de test Comparaisons entre tests R\u00e9sultats envoy\u00e9s par email L&#8217;abonnement [&hellip;]<\/p>","protected":false},"author":1,"featured_media":0,"parent":0,"menu_order":0,"comment_status":"closed","ping_status":"closed","template":"","meta":{"_et_pb_use_builder":"on","_et_pb_old_content":"<!-- wp:divi\/placeholder \/-->","_et_gb_content_width":"","inline_featured_image":false,"footnotes":""},"class_list":["post-151","page","type-page","status-publish","hentry"],"_links":{"self":[{"href":"https:\/\/psna1.com\/cs\/wp-json\/wp\/v2\/pages\/151","targetHints":{"allow":["GET"]}}],"collection":[{"href":"https:\/\/psna1.com\/cs\/wp-json\/wp\/v2\/pages"}],"about":[{"href":"https:\/\/psna1.com\/cs\/wp-json\/wp\/v2\/types\/page"}],"author":[{"embeddable":true,"href":"https:\/\/psna1.com\/cs\/wp-json\/wp\/v2\/users\/1"}],"replies":[{"embeddable":true,"href":"https:\/\/psna1.com\/cs\/wp-json\/wp\/v2\/comments?post=151"}],"version-history":[{"count":6,"href":"https:\/\/psna1.com\/cs\/wp-json\/wp\/v2\/pages\/151\/revisions"}],"predecessor-version":[{"id":869,"href":"https:\/\/psna1.com\/cs\/wp-json\/wp\/v2\/pages\/151\/revisions\/869"}],"wp:attachment":[{"href":"https:\/\/psna1.com\/cs\/wp-json\/wp\/v2\/media?parent=151"}],"curies":[{"name":"wp","href":"https:\/\/api.w.org\/{rel}","templated":true}]}}