{"id":149,"date":"2024-09-05T10:24:38","date_gmt":"2024-09-05T10:24:38","guid":{"rendered":"https:\/\/psona.io\/?page_id=149"},"modified":"2024-10-02T10:18:01","modified_gmt":"2024-10-02T10:18:01","slug":"mentions-legales","status":"publish","type":"page","link":"https:\/\/psna1.com\/cs\/mentions-legales\/","title":{"rendered":"Pr\u00e1vn\u00ed informace"},"content":{"rendered":"<p>[et_pb_section fb_built=&#8221;1&#8243; custom_padding_last_edited=&#8221;on|tablet&#8221; admin_label=&#8221;Header&#8221; _builder_version=&#8221;4.27.0&#8243; custom_margin=&#8221;0px||0px||true|false&#8221; custom_padding=&#8221;0px||0px||true|false&#8221; custom_padding_tablet=&#8221;||||true|false&#8221; custom_padding_phone=&#8221;||||true|false&#8221; locked=&#8221;off&#8221; global_colors_info=&#8221;{}&#8221;][et_pb_row use_custom_gutter=&#8221;on&#8221; gutter_width=&#8221;1&#8243; custom_padding_last_edited=&#8221;on|phone&#8221; _builder_version=&#8221;4.27.0&#8243; width=&#8221;95%&#8221; custom_margin=&#8221;||||true|false&#8221; custom_padding=&#8221;150px||150px||true|true&#8221; custom_padding_tablet=&#8221;80px||80px||true|false&#8221; custom_padding_phone=&#8221;60px||60px||true|false&#8221; border_radii=&#8221;on|50px|50px|50px|50px&#8221; global_colors_info=&#8221;{}&#8221; background_color=&#8221;RGBA(255,255,255,0)&#8221; background_size=&#8221;initial&#8221; background_position=&#8221;top_left&#8221; background_repeat=&#8221;repeat&#8221;][et_pb_column type=&#8221;4_4&#8243; _builder_version=&#8221;4.27.0&#8243; custom_padding=&#8221;|||&#8221; global_colors_info=&#8221;{}&#8221; custom_padding__hover=&#8221;|||&#8221; custom_css_main_element_last_edited=&#8221;on|phone&#8221;][et_pb_text module_class=&#8221;title-header&#8221; _builder_version=&#8221;4.27.0&#8243; background_size=&#8221;initial&#8221; background_position=&#8221;top_left&#8221; background_repeat=&#8221;repeat&#8221; width=&#8221;72%&#8221; width_tablet=&#8221;70%&#8221; width_phone=&#8221;68.5%&#8221; width_last_edited=&#8221;on|tablet&#8221; module_alignment=&#8221;center&#8221; custom_margin=&#8221;0px||0px||false|false&#8221; custom_margin_tablet=&#8221;0px||0px||false|false&#8221; custom_margin_phone=&#8221;0px||0px||false|false&#8221; custom_margin_last_edited=&#8221;on|tablet&#8221; custom_padding=&#8221;0px||0px||true|false&#8221; hover_enabled=&#8221;0&#8243; header_font_size_tablet=&#8221;50px&#8221; header_font_size_phone=&#8221;40px&#8221; global_colors_info=&#8221;{}&#8221; text_orientation=&#8221;center&#8221; sticky_enabled=&#8221;0&#8243;]<\/p>\n<h1>Pr\u00e1vn\u00ed informace<\/h1>\n<p><!-- \/divi:paragraph --><\/p>\n<p>[\/et_pb_text][\/et_pb_column][\/et_pb_row][\/et_pb_section][et_pb_section fb_built=&#8221;1&#8243; _builder_version=&#8221;4.27.0&#8243; _module_preset=&#8221;default&#8221; global_colors_info=&#8221;{}&#8221;][et_pb_row _builder_version=&#8221;4.27.0&#8243; _module_preset=&#8221;default&#8221; global_colors_info=&#8221;{}&#8221;][et_pb_column type=&#8221;4_4&#8243; _builder_version=&#8221;4.27.0&#8243; _module_preset=&#8221;default&#8221; global_colors_info=&#8221;{}&#8221;][et_pb_text _builder_version=&#8221;4.27.0&#8243; _module_preset=&#8221;default&#8221; header_2_text_align=&#8221;center&#8221; global_colors_info=&#8221;{}&#8221;]<\/p>\n<h2>Preambule<\/h2>\n<p>Vstup v platnost: 30. b\u0159ezna 2023<\/p>\n<p><strong>CLICKBUSTER LTD<\/strong><br \/><strong>63-66 Hatton Garden<\/strong><br \/><strong>Lond\u00fdn EC1N 8LE<\/strong><br \/><strong>\u010c\u00edslo spole\u010dnosti 13014667<\/strong><br \/><strong>\u010c\u00edslo DPH GB 363 9346 71<\/strong><\/p>\n<p>Pokra\u010dov\u00e1n\u00ed prohl\u00ed\u017een\u00ed na\u0161ich str\u00e1nek <a rel=\"noopener\" target=\"_new\" href=\"https:\/\/psna1.com\/cs\/\">https:\/\/psna1.com\/<\/a> (d\u00e1le jen \"str\u00e1nky\") p\u0159edpokl\u00e1d\u00e1, \u017ee n\u00e1v\u0161t\u011bvn\u00edci str\u00e1nek (d\u00e1le jen \"u\u017eivatel\u00e9\") bez v\u00fdhrad p\u0159ij\u00edmaj\u00ed n\u00e1sleduj\u00edc\u00ed ustanoven\u00ed a v\u0161eobecn\u00e9 podm\u00ednky pou\u017e\u00edv\u00e1n\u00ed (d\u00e1le jen \"VOP\"). P\u0159ed jak\u00fdmkoli pou\u017eit\u00edm funkc\u00ed na\u0161ich Str\u00e1nek U\u017eivatel potvrzuje, \u017ee se sezn\u00e1mil s t\u011bmito V\u0161eobecn\u00fdmi podm\u00ednkami a \u017ee s nimi souhlas\u00ed.<\/p>\n<p>Aktu\u00e1ln\u00ed online verze na\u0161ich VOP je jedinou verz\u00ed platnou po dobu pou\u017e\u00edv\u00e1n\u00ed Str\u00e1nek, dokud ji nenahrad\u00edme novou verz\u00ed.<\/p>\n<p>Str\u00e1nky spravuje spole\u010dnost CLICKBUSTER LTD (d\u00e1le jen \"prod\u00e1vaj\u00edc\u00ed\"), kter\u00e1 si vyhrazuje pr\u00e1vo tyto podm\u00ednky kdykoli zm\u011bnit. Jak\u00e9koli pou\u017e\u00edv\u00e1n\u00ed na\u0161ich str\u00e1nek po \u00faprav\u011b VOP znamen\u00e1 neodvolateln\u00fd souhlas u\u017eivatele s novou verz\u00ed. V p\u0159\u00edpad\u011b nesouhlasu s na\u0161imi VOP je U\u017eivatel vyzv\u00e1n, aby p\u0159estal na\u0161e Str\u00e1nky pou\u017e\u00edvat.<\/p>\n<p>[\/et_pb_text][et_pb_text _builder_version=&#8221;4.27.0&#8243; _module_preset=&#8221;default&#8221; header_2_text_align=&#8221;center&#8221; global_colors_info=&#8221;{}&#8221;]<\/p>\n<h2>\u010cL\u00c1NEK 1 - DEFINICE<\/h2>\n<p>N\u00ed\u017ee uveden\u00e9 podm\u00ednky maj\u00ed na na\u0161ich str\u00e1nk\u00e1ch n\u00e1sleduj\u00edc\u00ed v\u00fdznam:<\/p>\n<p>\"Obsah\": ozna\u010duje v\u0161echny prvky, kter\u00e9 tvo\u0159\u00ed informace na na\u0161ich str\u00e1nk\u00e1ch (text, obr\u00e1zky, videa, algoritmy, software, widgety atd.) a umo\u017e\u0148uj\u00ed jejich fungov\u00e1n\u00ed, informov\u00e1n\u00ed u\u017eivatel\u016f a prezentaci na\u0161ich slu\u017eeb;<\/p>\n<p>\"Pr\u00e1va du\u0161evn\u00edho vlastnictv\u00ed\": znamenaj\u00ed ve\u0161ker\u00e1 pr\u00e1va du\u0161evn\u00edho vlastnictv\u00ed a pr\u00e1va s nimi souvisej\u00edc\u00ed (autorsk\u00e1 pr\u00e1va, pr\u00e1va k ochrann\u00fdm zn\u00e1mk\u00e1m, patentov\u00e1 pr\u00e1va, obchodn\u00ed n\u00e1zvy, datab\u00e1ze atd.), jak jsou chr\u00e1n\u011bna z\u00e1konem o autorsk\u00fdch a souvisej\u00edc\u00edch pr\u00e1vech z roku 2000, platn\u00fdm v dob\u011b, kdy U\u017eivatel nav\u0161t\u00edv\u00ed Str\u00e1nky;<\/p>\n<p>\"Funkce\": ozna\u010duje v\u0161echny funkce, kter\u00e9 jsou na\u0161im u\u017eivatel\u016fm k dispozici prost\u0159ednictv\u00edm na\u0161ich str\u00e1nek;<\/p>\n<p>\"Str\u00e1nka\": odkazuje na Str\u00e1nku <a rel=\"noopener\" target=\"_new\" href=\"https:\/\/psna1.com\/cs\/\">https:\/\/psna1.com\/<\/a> provozovan\u00e9 prod\u00e1vaj\u00edc\u00edm a zp\u0159\u00edstupn\u011bn\u00e9 u\u017eivatel\u016fm;<\/p>\n<p>\"U\u017eivatel\": ozna\u010duje jakoukoli osobu, kter\u00e1 pou\u017e\u00edv\u00e1 na\u0161e str\u00e1nky a m\u00e1 p\u0159\u00edstup k jejich obsahu.<\/p>\n<p>[\/et_pb_text][et_pb_text _builder_version=&#8221;4.27.0&#8243; _module_preset=&#8221;default&#8221; header_2_text_align=&#8221;center&#8221; global_colors_info=&#8221;{}&#8221;]<\/p>\n<h2>\u010cL\u00c1NEK 2 - Pr\u00e1vn\u00ed informace<\/h2>\n<p>V souladu s na\u0159\u00edzen\u00edm Evropsk\u00e9ho parlamentu a Rady [EU] 2018\/679 ze dne 27. dubna 2016 o ochran\u011b fyzick\u00fdch osob v souvislosti se zpracov\u00e1n\u00edm osobn\u00edch \u00fadaj\u016f a o voln\u00e9m pohybu t\u011bchto \u00fadaj\u016f je u\u017eivatel na\u0161ich str\u00e1nek informov\u00e1n o toto\u017enosti stran pod\u00edlej\u00edc\u00edch se na jejich vytv\u00e1\u0159en\u00ed a monitorov\u00e1n\u00ed:<\/p>\n<p>Vedouc\u00ed redakce: Carlo Ela <a rel=\"noopener\">contact.psona@gmail.com<\/a> .<\/p>\n<p>Hostitel: Scaleway, 8 rue de la Ville l'\u00c9v\u00eaque, 75008 Pa\u0159\u00ed\u017e ; <a rel=\"noopener\" target=\"_new\" href=\"https:\/\/www.scaleway.com\/\">https:\/\/www.scaleway.com\/<\/a><\/p>\n<p>V\u00fdvoj\u00e1\u0159: CLICKBUSTER LTD<\/p>\n<p>Pov\u011b\u0159enec pro ochranu osobn\u00edch \u00fadaj\u016f: Carlo Ela <a rel=\"noopener\">contact.psona@gmail.com<\/a>.<\/p>\n<p>[\/et_pb_text][et_pb_text _builder_version=&#8221;4.27.0&#8243; _module_preset=&#8221;default&#8221; header_2_text_align=&#8221;center&#8221; global_colors_info=&#8221;{}&#8221;]<\/p>\n<h2>\u010cL\u00c1NEK 3 - Ochrana osobn\u00edch \u00fadaj\u016f<\/h2>\n<p>Abyste mohli pou\u017e\u00edvat na\u0161e str\u00e1nky, budeme zpracov\u00e1vat ur\u010dit\u00e9 osobn\u00ed \u00fadaje t\u00fdkaj\u00edc\u00ed se u\u017eivatele. Toto zpracov\u00e1n\u00ed prob\u00edh\u00e1 v souladu se z\u00e1konem o ochran\u011b osobn\u00edch \u00fadaj\u016f z roku 2018 a z\u00e1sadami ochrany osobn\u00edch \u00fadaj\u016f, kter\u00e9 jsou k dispozici na n\u00e1sleduj\u00edc\u00edm odkazu:<\/p>\n<p><a rel=\"noopener\" target=\"_new\" href=\"https:\/\/psna1.com\/cs\/privacy-police\/\">https:\/\/psna1.com\/privacy-police\/<\/a><\/p>\n<p>[\/et_pb_text][et_pb_text _builder_version=&#8221;4.27.0&#8243; _module_preset=&#8221;default&#8221; header_2_text_align=&#8221;center&#8221; global_colors_info=&#8221;{}&#8221;]<\/p>\n<h2>\u010cL\u00c1NEK 4 - P\u0159\u00edstup na staveni\u0161t\u011b<\/h2>\n<div class=\"group\/conversation-turn relative flex w-full min-w-0 flex-col agent-turn\">\n<div class=\"flex-col gap-1 md:gap-3\">\n<div class=\"flex max-w-full flex-col flex-grow\">\n<div data-message-author-role=\"assistant\" data-message-id=\"1921b6bd-7e01-40ec-81aa-bce2a7802030\" dir=\"auto\" class=\"min-h-[20px] text-message flex w-full flex-col items-end gap-2 whitespace-normal break-words [.text-message+&amp;]:mt-5\">\n<div class=\"flex w-full flex-col gap-1 empty:hidden first:pt-[3px]\">\n<div class=\"markdown prose w-full break-words dark:prose-invert dark\">\n<p>P\u0159\u00edstup na Str\u00e1nky a jejich pou\u017e\u00edv\u00e1n\u00ed jsou vyhrazeny v\u00fdhradn\u011b pro osobn\u00ed pot\u0159ebu. U\u017eivatel se zavazuje nepou\u017e\u00edvat Str\u00e1nky ani informace \u010di data na nich obsa\u017een\u00e1 ke komer\u010dn\u00edm, politick\u00fdm \u010di reklamn\u00edm \u00fa\u010del\u016fm nebo k jak\u00e9koli form\u011b komer\u010dn\u00edho oslovov\u00e1n\u00ed, zejm\u00e9na k zas\u00edl\u00e1n\u00ed nevy\u017e\u00e1dan\u00fdch e-mail\u016f.<\/p>\n<p>P\u0159\u00edstup na str\u00e1nky je vyhrazen dosp\u011bl\u00fdm. Prod\u00e1vaj\u00edc\u00ed si vyhrazuje pr\u00e1vo po\u017eadovat doklad o v\u011bku, zejm\u00e9na pokud vyu\u017e\u00edv\u00e1te slu\u017eby online objedn\u00e1vek. Prod\u00e1vaj\u00edc\u00ed nenese odpov\u011bdnost v p\u0159\u00edpad\u011b p\u0159\u00edstupu nezletil\u00fdch osob na Str\u00e1nky ani v p\u0159\u00edpad\u011b chybn\u00fdch nebo zav\u00e1d\u011bj\u00edc\u00edch informac\u00ed poskytnut\u00fdch U\u017eivateli na Str\u00e1nk\u00e1ch.<\/p>\n<p>U\u017eivatel\u00e9 jsou osobn\u011b zodpov\u011bdn\u00ed za nastaven\u00ed IT a telekomunika\u010dn\u00edch prost\u0159edk\u016f pot\u0159ebn\u00fdch k p\u0159\u00edstupu na Str\u00e1nky. U\u017eivatel\u00e9 nesou telekomunika\u010dn\u00ed n\u00e1klady spojen\u00e9 s p\u0159\u00edstupem na Internet prost\u0159ednictv\u00edm Str\u00e1nek.<\/p>\n<\/div>\n<\/div>\n<\/div>\n<\/div>\n<\/div>\n<\/div>\n<p>[\/et_pb_text][et_pb_text _builder_version=&#8221;4.27.0&#8243; _module_preset=&#8221;default&#8221; header_2_text_align=&#8221;center&#8221; global_colors_info=&#8221;{}&#8221;]<\/p>\n<h2>\u010cL\u00c1NEK 5 - Popis poskytovan\u00fdch slu\u017eeb<\/h2>\n<p>Sna\u017e\u00edme se poskytovat co nejp\u0159esn\u011bj\u0161\u00ed informace, ale nem\u016f\u017eeme n\u00e9st odpov\u011bdnost za p\u0159\u00edpadn\u00e1 opomenut\u00ed, nep\u0159esnosti nebo neaktualizaci informac\u00ed. Ve\u0161ker\u00e9 informace uveden\u00e9 na t\u011bchto str\u00e1nk\u00e1ch maj\u00ed pouze informativn\u00ed charakter a nejsou vy\u010derp\u00e1vaj\u00edc\u00ed. Jsou poskytov\u00e1ny s v\u00fdhradou p\u0159\u00edpadn\u00fdch zm\u011bn, kter\u00e9 mohly b\u00fdt provedeny od doby jejich zve\u0159ejn\u011bn\u00ed na internetu.<\/p>\n<p>[\/et_pb_text][et_pb_text _builder_version=&#8221;4.27.0&#8243; _module_preset=&#8221;default&#8221; header_2_text_align=&#8221;center&#8221; global_colors_info=&#8221;{}&#8221;]<\/p>\n<h2>\u010cL\u00c1NEK 6 - Du\u0161evn\u00ed vlastnictv\u00ed<\/h2>\n<p><strong>6.1 Na\u0161e webov\u00e9 str\u00e1nky<\/strong><\/p>\n<p>Ve\u0161ker\u00e9 ochrann\u00e9 zn\u00e1mky, fotografie, texty, koment\u00e1\u0159e, ilustrace, animovan\u00e9 nebo statick\u00e9 obr\u00e1zky, videosekvence, zvuky, jako\u017e i v\u0161echny po\u010d\u00edta\u010dov\u00e9 aplikace, kter\u00e9 mohou b\u00fdt pou\u017eity k provozu Str\u00e1nek, a obecn\u011bji v\u0161echny prvky reprodukovan\u00e9 nebo pou\u017eit\u00e9 na Str\u00e1nk\u00e1ch, jsou chr\u00e1n\u011bny platn\u00fdmi z\u00e1kony t\u00fdkaj\u00edc\u00edmi se du\u0161evn\u00edho vlastnictv\u00ed.<\/p>\n<p>Jsou v pln\u00e9m rozsahu vlastnictv\u00edm prod\u00e1vaj\u00edc\u00edho nebo jeho obchodn\u00edch partner\u016f. Jak\u00e1koli reprodukce, zobrazen\u00ed, pou\u017eit\u00ed nebo \u00faprava v\u0161ech t\u011bchto prvk\u016f nebo jejich \u010d\u00e1st\u00ed, v\u010detn\u011b po\u010d\u00edta\u010dov\u00fdch aplikac\u00ed, v jak\u00e9koli form\u011b bez p\u0159edchoz\u00edho p\u00edsemn\u00e9ho souhlasu vydavatele je p\u0159\u00edsn\u011b zak\u00e1z\u00e1na. Skute\u010dnost, \u017ee vydavatel nepodnikne pr\u00e1vn\u00ed kroky, jakmile se o takov\u00e9m neopr\u00e1vn\u011bn\u00e9m pou\u017eit\u00ed u\u017eivatelem dozv\u00ed, neznamen\u00e1 souhlas s takov\u00fdm pou\u017eit\u00edm ani vzd\u00e1n\u00ed se pr\u00e1va na pr\u00e1vn\u00ed kroky. U\u017eivateli je p\u0159\u00edsn\u011b zak\u00e1z\u00e1no :<\/p>\n<p>- kop\u00edrovat, reprodukovat, zastupovat, vys\u00edlat, distribuovat nebo zve\u0159ej\u0148ovat, trvale nebo do\u010dasn\u011b, ve\u0161ker\u00fd obsah a\/nebo Str\u00e1nky nebo jejich \u010d\u00e1sti jak\u00fdmkoli zp\u016fsobem; - vytv\u00e1\u0159et d\u00edla odvozen\u00e1 z obsahu a\/nebo Str\u00e1nek; - upravovat, p\u0159ekl\u00e1dat, p\u0159izp\u016fsobovat nebo aran\u017eovat ve\u0161ker\u00fd obsah a\/nebo Str\u00e1nky nebo jejich \u010d\u00e1sti; - rozeb\u00edrat, dekompilovat nebo zp\u011btn\u011b analyzovat Str\u00e1nky.<\/p>\n<p>V ka\u017ed\u00e9m p\u0159\u00edpad\u011b jsou za pou\u017e\u00edv\u00e1n\u00ed Str\u00e1nek odpov\u011bdn\u00ed v\u00fdhradn\u011b U\u017eivatel\u00e9. Jak\u00e9koli neopr\u00e1vn\u011bn\u00e9 pou\u017eit\u00ed Str\u00e1nek nebo jak\u00fdchkoli prvk\u016f, kter\u00e9 obsahuj\u00ed, bude pova\u017eov\u00e1no za poru\u0161en\u00ed z\u00e1kona o ochran\u011b osobn\u00edch \u00fadaj\u016f z roku 2000.<\/p>\n<p><strong>6.2 Na\u0161e zna\u010dka<\/strong><\/p>\n<p>Slovn\u00ed a vizu\u00e1ln\u00ed ochrann\u00e9 zn\u00e1mky (logo) prod\u00e1vaj\u00edc\u00edho a spole\u010dnosti CLICKBUSTER LTD jsou chr\u00e1n\u011bny. Jejich pou\u017eit\u00ed bez p\u00edsemn\u00e9ho souhlasu Prod\u00e1vaj\u00edc\u00edho nebo jeho partner\u016f na jak\u00e9mkoli m\u00e9diu za \u00fa\u010delem propagace v\u00fdrobk\u016f nebo slu\u017eeb nebo pro komer\u010dn\u00ed \u00fa\u010dely je zak\u00e1z\u00e1no pod hrozbou trestn\u00edho a ob\u010danskopr\u00e1vn\u00edho \u0159\u00edzen\u00ed ze strany Prod\u00e1vaj\u00edc\u00edho proti U\u017eivateli a\/nebo odpov\u011bdn\u00fdm t\u0159et\u00edm osob\u00e1m.<\/p>\n<p><strong>6.3 Obsah<\/strong><\/p>\n<p>Obsah je voln\u011b p\u0159\u00edstupn\u00fd na Str\u00e1nk\u00e1ch. Um\u00edst\u011bn\u00edm obsahu online nedoch\u00e1z\u00ed k p\u0159evodu autorsk\u00fdch pr\u00e1v ani vlastnictv\u00ed obsahu, kter\u00fd z\u016fst\u00e1v\u00e1 v pln\u00e9m a \u00fapln\u00e9m vlastnictv\u00ed prod\u00e1vaj\u00edc\u00edho a p\u0159isp\u011bvatel\u016f.<\/p>\n<p>\u017d\u00e1dn\u00fd u\u017eivatel nesm\u00ed podnikat \u017e\u00e1dn\u00e9 kroky, kter\u00e9 by byly v rozporu s prosazov\u00e1n\u00edm autorsk\u00fdch pr\u00e1v a pr\u00e1v du\u0161evn\u00edho vlastnictv\u00ed nebo v rozporu s jak\u00fdmkoli jin\u00fdm britsk\u00fdm nebo mezin\u00e1rodn\u00edm pr\u00e1vem t\u00fdkaj\u00edc\u00edm se pr\u00e1v du\u0161evn\u00edho vlastnictv\u00ed. Prod\u00e1vaj\u00edc\u00ed a jeho p\u0159isp\u011bvatel\u00e9 si vyhrazuj\u00ed pr\u00e1vo st\u00edhat jak\u00e9hokoli u\u017eivatele za jak\u00e9koli poru\u0161en\u00ed t\u011bchto VOP.<\/p>\n<p>[\/et_pb_text][et_pb_text _builder_version=&#8221;4.27.0&#8243; _module_preset=&#8221;default&#8221; header_2_text_align=&#8221;center&#8221; global_colors_info=&#8221;{}&#8221;]<\/p>\n<h2>\u010cL\u00c1NEK 7 - Spr\u00e1va lokality<\/h2>\n<p>Na\u0161e str\u00e1nky jsou u\u017eivatel\u016fm b\u011b\u017en\u011b p\u0159\u00edstupn\u00e9 po celou dobu. Pro zaji\u0161t\u011bn\u00ed \u0159\u00e1dn\u00e9 spr\u00e1vy Str\u00e1nek si Prod\u00e1vaj\u00edc\u00ed vyhrazuje pr\u00e1vo kdykoli :<\/p>\n<p>- pozastavit, p\u0159eru\u0161it nebo omezit p\u0159\u00edstup k cel\u00fdm Str\u00e1nk\u00e1m nebo jejich \u010d\u00e1sti, a to z jak\u00e9hokoli d\u016fvodu, s p\u0159edchoz\u00edm ozn\u00e1men\u00edm nebo bez n\u011bj a podle vlastn\u00edho uv\u00e1\u017een\u00ed; - odstranit jak\u00e9koli informace, kter\u00e9 by mohly naru\u0161it jejich provoz, a to z jak\u00e9hokoli d\u016fvodu, s p\u0159edchoz\u00edm ozn\u00e1men\u00edm nebo bez n\u011bj a podle vlastn\u00edho uv\u00e1\u017een\u00ed; - pozastavit Str\u00e1nky za \u00fa\u010delem proveden\u00ed aktualizac\u00ed.<\/p>\n<p>Prodejce se bude sna\u017eit informovat u\u017eivatele o term\u00ednech a \u010dasech z\u00e1sah\u016f p\u0159edem, ale v p\u0159\u00edpad\u011b, \u017ee tak neu\u010din\u00ed, nenese za to odpov\u011bdnost.<\/p>\n<p>[\/et_pb_text][et_pb_text _builder_version=&#8221;4.27.0&#8243; _module_preset=&#8221;default&#8221; header_2_text_align=&#8221;center&#8221; global_colors_info=&#8221;{}&#8221;]<\/p>\n<h2>\u010cL\u00c1NEK 8 - Odpov\u011bdnosti<\/h2>\n<p><strong>8.1 P\u0159\u00edstup na str\u00e1nky<\/strong><\/p>\n<p>Prod\u00e1vaj\u00edc\u00ed se zavazuje u\u010dinit v\u0161e pro to, aby byly Str\u00e1nky p\u0159\u00edstupn\u00e9 24 hodin denn\u011b, 7 dn\u00ed v t\u00fddnu. Prod\u00e1vaj\u00edc\u00ed se v\u0161ak nezavazuje k trval\u00e9 dostupnosti a p\u0159\u00edstupnosti Str\u00e1nek a nezaru\u010duje, \u017ee Str\u00e1nky budou bez chyb. Prod\u00e1vaj\u00edc\u00ed nem\u016f\u017ee n\u00e9st odpov\u011bdnost v p\u0159\u00edpad\u011b poruchy, z\u00e1vady, obt\u00ed\u017e\u00ed nebo p\u0159eru\u0161en\u00ed provozu, kter\u00e9 znemo\u017en\u00ed p\u0159\u00edstup na Str\u00e1nky nebo k n\u011bkter\u00e9 z jejich funkc\u00ed.<\/p>\n<p>Prodejce ani hostitel nenesou odpov\u011bdnost v p\u0159\u00edpad\u011b poruchy internetov\u00e9 s\u00edt\u011b, telefonn\u00edch linek nebo po\u010d\u00edta\u010dov\u00e9ho a telefonn\u00edho vybaven\u00ed, zejm\u00e9na z d\u016fvodu p\u0159et\u00ed\u017een\u00ed s\u00edt\u011b, kter\u00e9 znemo\u017en\u00ed p\u0159\u00edstup k serveru.<\/p>\n<p>Prod\u00e1vaj\u00edc\u00ed nenese odpov\u011bdnost v p\u0159\u00edpad\u011b soudn\u00edho \u0159\u00edzen\u00ed proti u\u017eivatel\u016fm:<\/p>\n<p>- v d\u016fsledku pou\u017e\u00edv\u00e1n\u00ed Str\u00e1nek nebo jak\u00e9koli jin\u00e9 slu\u017eby dostupn\u00e9 prost\u0159ednictv\u00edm internetu; - v d\u016fsledku nedodr\u017een\u00ed t\u011bchto VOP ze strany U\u017eivatele.<\/p>\n<p><strong>8.2 Pou\u017eit\u00e9 vybaven\u00ed<\/strong><\/p>\n<p>U\u017eivatel nese plnou a plnou odpov\u011bdnost za za\u0159\u00edzen\u00ed, kter\u00e9 pou\u017e\u00edv\u00e1 k p\u0159\u00edstupu na Str\u00e1nky. U\u017eivatel je povinen p\u0159ijmout ve\u0161ker\u00e1 vhodn\u00e1 opat\u0159en\u00ed k ochran\u011b sv\u00e9ho za\u0159\u00edzen\u00ed a sv\u00fdch dat. U\u017eivatel se zavazuje, \u017ee bude na Str\u00e1nky p\u0159istupovat pomoc\u00ed nejnov\u011bj\u0161\u00edch za\u0159\u00edzen\u00ed bez vir\u016f a s ned\u00e1vno aktualizovan\u00fdm prohl\u00ed\u017ee\u010dem.<\/p>\n<p>Prodejce neodpov\u00edd\u00e1 za \u017e\u00e1dn\u00e9 \u0161kody zp\u016fsoben\u00e9 u\u017eivatel\u016fm, t\u0159et\u00edm stran\u00e1m a\/nebo jejich za\u0159\u00edzen\u00edm v d\u016fsledku jejich p\u0159ipojen\u00ed ke Str\u00e1nk\u00e1m nebo jejich pou\u017e\u00edv\u00e1n\u00ed a u\u017eivatel\u00e9 se v tomto ohledu vzd\u00e1vaj\u00ed jak\u00fdchkoli \u017ealob v\u016f\u010di prodejci.<\/p>\n<p>Prod\u00e1vaj\u00edc\u00ed nem\u016f\u017ee b\u00fdt \u010din\u011bn odpov\u011bdn\u00fdm za nep\u0159\u00edm\u00e9 \u0161kody (jako je ztr\u00e1ta podnik\u00e1n\u00ed nebo ztr\u00e1ta p\u0159\u00edle\u017eitost\u00ed), kter\u00e9 vzniknou v d\u016fsledku pou\u017e\u00edv\u00e1n\u00ed t\u011bchto str\u00e1nek.<\/p>\n<p>[\/et_pb_text][et_pb_text _builder_version=&#8221;4.27.0&#8243; _module_preset=&#8221;default&#8221; header_2_text_align=&#8221;center&#8221; global_colors_info=&#8221;{}&#8221;]<\/p>\n<h2>\u010cL\u00c1NEK 9 - FOTOGRAFIE A VYOBRAZEN\u00cd V\u00ddROBK\u016e A SLU\u017dEB<\/h2>\n<p>Fotografie na Str\u00e1nk\u00e1ch a jejich popis nemaj\u00ed smluvn\u00ed charakter a nejsou pro Prod\u00e1vaj\u00edc\u00edho z\u00e1vazn\u00e9.<\/p>\n<p>[\/et_pb_text][et_pb_text _builder_version=&#8221;4.27.0&#8243; _module_preset=&#8221;default&#8221; header_2_text_align=&#8221;center&#8221; global_colors_info=&#8221;{}&#8221;]<\/p>\n<h2>\u010cL\u00c1NEK 10 - Hypertextov\u00e9 odkazy<\/h2>\n<p>Z\u0159\u00edzen\u00ed jak\u00e9hokoli hypertextov\u00e9ho odkazu na celou webovou str\u00e1nku nebo jej\u00ed \u010d\u00e1st u\u017eivatelem je povoleno na z\u00e1klad\u011b p\u0159edchoz\u00edho p\u00edsemn\u00e9ho souhlasu spole\u010dnosti CLICKBUSTER LTD, o kter\u00fd je t\u0159eba po\u017e\u00e1dat e-mailem na n\u00e1sleduj\u00edc\u00ed adrese: <a rel=\"noopener\">contact.psona@gmail.com<\/a>.<\/p>\n<p>Prod\u00e1vaj\u00edc\u00ed m\u016f\u017ee toto povolen\u00ed odm\u00edtnout, ani\u017e by musel sv\u00e9 rozhodnut\u00ed jakkoli zd\u016fvod\u0148ovat. V p\u0159\u00edpad\u011b, \u017ee prod\u00e1vaj\u00edc\u00ed sv\u00e9 opr\u00e1vn\u011bn\u00ed ud\u011bl\u00ed, je toto opr\u00e1vn\u011bn\u00ed v ka\u017ed\u00e9m p\u0159\u00edpad\u011b do\u010dasn\u00e9 a m\u016f\u017ee b\u00fdt kdykoli odvol\u00e1no, ani\u017e by musel sv\u00e9 rozhodnut\u00ed jakkoli od\u016fvod\u0148ovat. V ka\u017ed\u00e9m p\u0159\u00edpad\u011b mus\u00ed b\u00fdt jak\u00fdkoli odkaz na \u017e\u00e1dost zna\u010dky odstran\u011bn.<\/p>\n<p>Str\u00e1nky obsahuj\u00ed \u0159adu hypertextov\u00fdch odkaz\u016f na jin\u00e9 str\u00e1nky, kter\u00e9 byly vytvo\u0159eny se souhlasem prodejce. Na\u0161e spole\u010dnost v\u0161ak nen\u00ed schopna kontrolovat obsah takto nav\u0161t\u00edven\u00fdch str\u00e1nek, a proto v tomto ohledu nenese \u017e\u00e1dnou odpov\u011bdnost.<\/p>\n<p>[\/et_pb_text][et_pb_text _builder_version=&#8221;4.27.0&#8243; _module_preset=&#8221;default&#8221; header_2_text_align=&#8221;center&#8221; global_colors_info=&#8221;{}&#8221;]<\/p>\n<h2>\u010cL\u00c1NEK 11 - \u010c\u00e1ste\u010dn\u00e1 neplatnost<\/h2>\n<p>Do\u010dasn\u00e9 neuplatn\u011bn\u00ed jednoho nebo v\u00edce ustanoven\u00ed t\u011bchto v\u0161eobecn\u00fdch podm\u00ednek nelze v \u017e\u00e1dn\u00e9m p\u0159\u00edpad\u011b vykl\u00e1dat jako z\u0159eknut\u00ed se pr\u00e1va spole\u010dnosti CLICKBUSTER LTD na vyu\u017eit\u00ed n\u011bkter\u00e9ho z uveden\u00fdch ustanoven\u00ed.<\/p>\n<p>Pokud je jedno nebo v\u00edce ustanoven\u00ed t\u011bchto podm\u00ednek prohl\u00e1\u0161eno za neplatn\u00e9 nebo nepou\u017eiteln\u00e9 na z\u00e1klad\u011b z\u00e1kona, na\u0159\u00edzen\u00ed nebo pravomocn\u00e9ho rozhodnut\u00ed soudu, ostatn\u00ed ustanoven\u00ed z\u016fst\u00e1vaj\u00ed v pln\u00e9 platnosti a rozsahu a nad\u00e1le se v pln\u00e9m rozsahu uplat\u0148uj\u00ed.<\/p>\n<p>[\/et_pb_text][et_pb_text _builder_version=&#8221;4.27.0&#8243; _module_preset=&#8221;default&#8221; header_2_text_align=&#8221;center&#8221; global_colors_info=&#8221;{}&#8221;]<\/p>\n<h2>\u010cL\u00c1NEK 12 - Jazyk<\/h2>\n<p>Pokud jsou tyto GCU p\u0159elo\u017eeny do jednoho nebo v\u00edce jazyk\u016f, bude jazykem tlumo\u010den\u00ed angli\u010dtina.<\/p>\n<p>[\/et_pb_text][et_pb_text _builder_version=&#8221;4.27.0&#8243; _module_preset=&#8221;default&#8221; header_2_text_align=&#8221;center&#8221; custom_css_free_form=&#8221;selector table, selector td, selector tr, selector th {||  border:1px solid;||  border-color:#034833 !important;||}&#8221; global_colors_info=&#8221;{}&#8221;]<\/p>\n<h2>\u010cL\u00c1NEK 13 - Rozhodn\u00e9 pr\u00e1vo<\/h2>\n<p>Tyto Podm\u00ednky pou\u017e\u00edv\u00e1n\u00ed str\u00e1nek se \u0159\u00edd\u00ed britsk\u00fdm pr\u00e1vem a v p\u0159\u00edpad\u011b sporu podl\u00e9haj\u00ed v\u00fdlu\u010dn\u00e9 jurisdikci obecn\u00fdch soud\u016f, s v\u00fdhradou zvl\u00e1\u0161tn\u00edho ur\u010den\u00ed jurisdikce vypl\u00fdvaj\u00edc\u00edho z textu z\u00e1kona nebo zvl\u00e1\u0161tn\u00edho p\u0159edpisu.<\/p>\n<p>[\/et_pb_text][et_pb_text _builder_version=&#8221;4.27.0&#8243; _module_preset=&#8221;default&#8221; header_2_text_align=&#8221;center&#8221; custom_css_free_form=&#8221;selector table, selector td, selector tr, selector th {||  border:1px solid;||  border-color:#034833 !important;||}&#8221; global_colors_info=&#8221;{}&#8221;]<\/p>\n<h2>\u010cL\u00c1NEK 14 - Kontaktujte n\u00e1s<\/h2>\n<p>V p\u0159\u00edpad\u011b jak\u00fdchkoli dotaz\u016f nebo informac\u00ed t\u00fdkaj\u00edc\u00edch se slu\u017eeb prezentovan\u00fdch na Str\u00e1nk\u00e1ch nebo souvisej\u00edc\u00edch se Str\u00e1nkami samotn\u00fdmi m\u016f\u017ee U\u017eivatel zanechat zpr\u00e1vu na n\u00e1sleduj\u00edc\u00ed adrese: contact.psona@gmail.com.<\/p>\n<p>[\/et_pb_text][\/et_pb_column][\/et_pb_row][\/et_pb_section]<\/p>","protected":false},"excerpt":{"rendered":"<p>Mentions l\u00e9gales Preamble Entry into force: March 30th, 2023 CLICKBUSTER LTD63-66 Hatton GardenLondon EC1N 8LECompany number 13014667VAT number GB 363 9346 71 La navigation continue sur notre Site https:\/\/psna1.com\/ (ci-apr\u00e8s le \u00ab Site \u00bb) implique que les visiteurs du Site (ci-apr\u00e8s l&#8217;\u00ab Utilisateur(s) \u00bb) acceptent sans r\u00e9serve les dispositions et Conditions G\u00e9n\u00e9rales d&#8217;Utilisation qui suivent [&hellip;]<\/p>","protected":false},"author":1,"featured_media":0,"parent":0,"menu_order":0,"comment_status":"closed","ping_status":"closed","template":"","meta":{"_et_pb_use_builder":"on","_et_pb_old_content":"<!-- wp:divi\/placeholder \/-->","_et_gb_content_width":"","inline_featured_image":false,"footnotes":""},"class_list":["post-149","page","type-page","status-publish","hentry"],"_links":{"self":[{"href":"https:\/\/psna1.com\/cs\/wp-json\/wp\/v2\/pages\/149","targetHints":{"allow":["GET"]}}],"collection":[{"href":"https:\/\/psna1.com\/cs\/wp-json\/wp\/v2\/pages"}],"about":[{"href":"https:\/\/psna1.com\/cs\/wp-json\/wp\/v2\/types\/page"}],"author":[{"embeddable":true,"href":"https:\/\/psna1.com\/cs\/wp-json\/wp\/v2\/users\/1"}],"replies":[{"embeddable":true,"href":"https:\/\/psna1.com\/cs\/wp-json\/wp\/v2\/comments?post=149"}],"version-history":[{"count":6,"href":"https:\/\/psna1.com\/cs\/wp-json\/wp\/v2\/pages\/149\/revisions"}],"predecessor-version":[{"id":870,"href":"https:\/\/psna1.com\/cs\/wp-json\/wp\/v2\/pages\/149\/revisions\/870"}],"wp:attachment":[{"href":"https:\/\/psna1.com\/cs\/wp-json\/wp\/v2\/media?parent=149"}],"curies":[{"name":"wp","href":"https:\/\/api.w.org\/{rel}","templated":true}]}}