{"id":151,"date":"2024-09-05T10:24:54","date_gmt":"2024-09-05T10:24:54","guid":{"rendered":"https:\/\/psona.io\/?page_id=151"},"modified":"2024-10-02T10:16:41","modified_gmt":"2024-10-02T10:16:41","slug":"conditions-de-paiement-recurrent","status":"publish","type":"page","link":"https:\/\/psna1.com\/bg\/conditions-de-paiement-recurrent\/","title":{"rendered":"\u0423\u0441\u043b\u043e\u0432\u0438\u044f \u0437\u0430 \u043f\u0435\u0440\u0438\u043e\u0434\u0438\u0447\u043d\u043e \u043f\u043b\u0430\u0449\u0430\u043d\u0435"},"content":{"rendered":"<p>[et_pb_section fb_built=&#8221;1&#8243; custom_padding_last_edited=&#8221;on|tablet&#8221; admin_label=&#8221;Header&#8221; _builder_version=&#8221;4.27.0&#8243; custom_margin=&#8221;0px||0px||true|false&#8221; custom_padding=&#8221;0px||0px||true|false&#8221; custom_padding_tablet=&#8221;||||true|false&#8221; custom_padding_phone=&#8221;||||true|false&#8221; locked=&#8221;off&#8221; global_colors_info=&#8221;{}&#8221;][et_pb_row use_custom_gutter=&#8221;on&#8221; gutter_width=&#8221;1&#8243; custom_padding_last_edited=&#8221;on|phone&#8221; _builder_version=&#8221;4.27.0&#8243; width=&#8221;95%&#8221; custom_margin=&#8221;||||true|false&#8221; custom_padding=&#8221;150px||150px||true|true&#8221; custom_padding_tablet=&#8221;80px||80px||true|false&#8221; custom_padding_phone=&#8221;60px||60px||true|false&#8221; border_radii=&#8221;on|50px|50px|50px|50px&#8221; global_colors_info=&#8221;{}&#8221; background_color=&#8221;RGBA(255,255,255,0)&#8221; background_size=&#8221;initial&#8221; background_position=&#8221;top_left&#8221; background_repeat=&#8221;repeat&#8221;][et_pb_column type=&#8221;4_4&#8243; _builder_version=&#8221;4.27.0&#8243; custom_padding=&#8221;|||&#8221; global_colors_info=&#8221;{}&#8221; custom_padding__hover=&#8221;|||&#8221; custom_css_main_element_last_edited=&#8221;on|phone&#8221;][et_pb_text module_class=&#8221;title-header&#8221; _builder_version=&#8221;4.27.0&#8243; background_size=&#8221;initial&#8221; background_position=&#8221;top_left&#8221; background_repeat=&#8221;repeat&#8221; width=&#8221;72%&#8221; width_tablet=&#8221;70%&#8221; width_phone=&#8221;68.5%&#8221; width_last_edited=&#8221;on|tablet&#8221; module_alignment=&#8221;center&#8221; custom_margin=&#8221;0px||0px||false|false&#8221; custom_margin_tablet=&#8221;0px||0px||false|false&#8221; custom_margin_phone=&#8221;0px||0px||false|false&#8221; custom_margin_last_edited=&#8221;on|tablet&#8221; custom_padding=&#8221;0px||0px||true|false&#8221; hover_enabled=&#8221;0&#8243; header_font_size_tablet=&#8221;50px&#8221; header_font_size_phone=&#8221;40px&#8221; global_colors_info=&#8221;{}&#8221; header_text_align=&#8221;center&#8221; sticky_enabled=&#8221;0&#8243;]<\/p>\n<h1>\u0423\u0441\u043b\u043e\u0432\u0438\u044f \u0437\u0430 \u043f\u0435\u0440\u0438\u043e\u0434\u0438\u0447\u043d\u043e \u043f\u043b\u0430\u0449\u0430\u043d\u0435<\/h1>\n<p>&nbsp;<\/p>\n<p><!-- \/divi:paragraph --><\/p>\n<p>[\/et_pb_text][\/et_pb_column][\/et_pb_row][\/et_pb_section][et_pb_section fb_built=&#8221;1&#8243; _builder_version=&#8221;4.27.0&#8243; _module_preset=&#8221;default&#8221; global_colors_info=&#8221;{}&#8221;][et_pb_row _builder_version=&#8221;4.27.0&#8243; _module_preset=&#8221;default&#8221; global_colors_info=&#8221;{}&#8221;][et_pb_column type=&#8221;4_4&#8243; _builder_version=&#8221;4.27.0&#8243; _module_preset=&#8221;default&#8221; global_colors_info=&#8221;{}&#8221;][et_pb_text _builder_version=&#8221;4.27.0&#8243; _module_preset=&#8221;default&#8221; header_2_text_align=&#8221;center&#8221; global_colors_info=&#8221;{}&#8221;]<\/p>\n<h2>\u0423\u0441\u043b\u043e\u0432\u0438\u044f \u0437\u0430 \u0430\u0431\u043e\u043d\u0430\u043c\u0435\u043d\u0442<\/h2>\n<p>\u0412\u043b\u0438\u0437\u0430\u043d\u0435 \u0432 \u0441\u0438\u043b\u0430: 30 \u043c\u0430\u0440\u0442 2023 \u0433.<\/p>\n<p><strong>CLICKBUSTER LTD<\/strong><br \/><strong>63-66 Hatton Garden<\/strong><br \/><strong>\u041b\u043e\u043d\u0434\u043e\u043d EC1N 8LE<\/strong><br \/><strong>\u0424\u0438\u0440\u043c\u0435\u043d \u043d\u043e\u043c\u0435\u0440 13014667<\/strong><br \/><strong>\u041d\u043e\u043c\u0435\u0440 \u043d\u0430 \u0414\u0414\u0421 GB 363 9346 71<\/strong><\/p>\n<p>\u0410\u0431\u043e\u043d\u0438\u0440\u0430\u043d\u0435\u0442\u043e \u0437\u0430 \u0443\u0441\u043b\u0443\u0433\u0438\u0442\u0435 \u043d\u0430 PSNA1 \u0432\u0438 \u0434\u0430\u0432\u0430 \u0434\u043e\u0441\u0442\u044a\u043f \u0434\u043e \u0441\u043b\u0435\u0434\u043d\u0438\u0442\u0435 \u043f\u0440\u0435\u0434\u0438\u043c\u0441\u0442\u0432\u0430:<\/p>\n<ul>\n<li>\u041d\u0435\u043e\u0433\u0440\u0430\u043d\u0438\u0447\u0435\u043d\u0438 \u0442\u0435\u0441\u0442\u043e\u0432\u0435<\/li>\n<li>\u0421\u044a\u0445\u0440\u0430\u043d\u044f\u0432\u0430\u043d\u0435 \u043d\u0430 \u0432\u0441\u0438\u0447\u043a\u0438 \u0440\u0435\u0437\u0443\u043b\u0442\u0430\u0442\u0438 \u043e\u0442 \u0442\u0435\u0441\u0442\u043e\u0432\u0435\u0442\u0435<\/li>\n<li>\u0421\u0440\u0430\u0432\u043d\u0435\u043d\u0438\u044f \u043c\u0435\u0436\u0434\u0443 \u0442\u0435\u0441\u0442\u043e\u0432\u0435\u0442\u0435<\/li>\n<li>\u0420\u0435\u0437\u0443\u043b\u0442\u0430\u0442\u0438, \u0438\u0437\u043f\u0440\u0430\u0442\u0435\u043d\u0438 \u043f\u043e \u0438\u043c\u0435\u0439\u043b<\/li>\n<\/ul>\n<p>\u0410\u0431\u043e\u043d\u0430\u043c\u0435\u043d\u0442\u044a\u0442 \u0432\u0438 \u0434\u0430\u0432\u0430 \u0434\u043e\u0441\u0442\u044a\u043f \u0434\u043e \u0437\u043e\u043d\u0430\u0442\u0430 \u0437\u0430 \u0447\u043b\u0435\u043d\u043e\u0432\u0435 \u0437\u0430 24 \u0447\u0430\u0441\u0430 \u043d\u0430 \u043f\u0440\u043e\u043c\u043e\u0446\u0438\u043e\u043d\u0430\u043b\u043d\u0430 \u0446\u0435\u043d\u0430 \u043e\u0442 0,5 \u0435\u0432\u0440\u043e \u0441 \u0414\u0414\u0421. \u0412 \u043a\u0440\u0430\u044f \u043d\u0430 \u0442\u043e\u0437\u0438 \u043f\u0440\u043e\u0431\u0435\u043d \u043f\u0435\u0440\u0438\u043e\u0434 \u0441\u0435 \u043f\u0440\u0438\u043b\u0430\u0433\u0430 \u043c\u0435\u0441\u0435\u0447\u043d\u0438\u044f\u0442 \u0430\u0431\u043e\u043d\u0430\u043c\u0435\u043d\u0442 \u043d\u0430 \u0446\u0435\u043d\u0430 47,5 \u0435\u0432\u0440\u043e (\u0441 \u0414\u0414\u0421) \u043d\u0430 \u043c\u0435\u0441\u0435\u0446. \u041f\u043b\u0430\u0449\u0430\u043d\u0435\u0442\u043e \u0449\u0435 \u0431\u044a\u0434\u0435 \u0430\u0432\u0442\u043e\u043c\u0430\u0442\u0438\u0447\u043d\u043e \u0434\u0435\u0431\u0438\u0442\u0438\u0440\u0430\u043d\u043e \u043e\u0442 \u043a\u0440\u0435\u0434\u0438\u0442\u043d\u0430\u0442\u0430 \u0432\u0438 \u043a\u0430\u0440\u0442\u0430 \u0432\u0441\u0435\u043a\u0438 \u043c\u0435\u0441\u0435\u0446 \u043d\u0430 \u0434\u0430\u0442\u0430\u0442\u0430 \u043d\u0430 \u0433\u043e\u0434\u0438\u0448\u043d\u0438\u043d\u0430\u0442\u0430.<\/p>\n<p>\u041c\u043e\u0436\u0435\u0442\u0435 \u0434\u0430 \u043f\u0440\u0435\u043a\u0440\u0430\u0442\u0438\u0442\u0435 \u0430\u0431\u043e\u043d\u0430\u043c\u0435\u043d\u0442\u0430 \u0441\u0438 \u043f\u043e \u0432\u0441\u044f\u043a\u043e \u0432\u0440\u0435\u043c\u0435 \u0438 \u0431\u0435\u0437\u0443\u0441\u043b\u043e\u0432\u043d\u043e \u0434\u0438\u0440\u0435\u043a\u0442\u043d\u043e \u043d\u0430 \u0442\u0430\u0437\u0438 \u0441\u0442\u0440\u0430\u043d\u0438\u0446\u0430: <a rel=\"noopener\" target=\"_new\" href=\"https:\/\/psna1.com\/bg\/se-desabonner\/\">https:\/\/psna1.com\/se-desabonner<\/a><\/p>\n<p>\u0417\u0430 \u0434\u0430 \u043f\u0440\u0435\u043a\u0440\u0430\u0442\u0438\u0442\u0435 \u0430\u0431\u043e\u043d\u0430\u043c\u0435\u043d\u0442\u0430 \u0441\u0438, \u043c\u043e\u043b\u044f, \u0441\u0432\u044a\u0440\u0436\u0435\u0442\u0435 \u0441\u0435 \u0441 \u043d\u0430\u0448\u0430\u0442\u0430 \u0441\u043b\u0443\u0436\u0431\u0430 \u0437\u0430 \u043e\u0431\u0441\u043b\u0443\u0436\u0432\u0430\u043d\u0435 \u043d\u0430 \u043a\u043b\u0438\u0435\u043d\u0442\u0438 \u043f\u043e \u0438\u043c\u0435\u0439\u043b \u043d\u0430 \u0430\u0434\u0440\u0435\u0441 <a rel=\"noopener\">contact.psona@gmail.com<\/a>\u0438\u043b\u0438 \u0447\u0440\u0435\u0437 \u043d\u0430\u0448\u0438\u044f \u0444\u043e\u0440\u043c\u0443\u043b\u044f\u0440 \u0437\u0430 \u043a\u043e\u043d\u0442\u0430\u043a\u0442, \u043a\u0430\u0442\u043e \u043f\u043e\u0441\u043b\u0435\u0434\u0432\u0430\u0442\u0435 \u0442\u0430\u0437\u0438 \u0432\u0440\u044a\u0437\u043a\u0430: <a rel=\"noopener\" target=\"_new\" href=\"https:\/\/psna1.com\/bg\/contact-en\/\">https:\/\/psna1.com\/contact-en\/<\/a><\/p>\n<p>PSNA1 \u043d\u0435 \u043f\u0440\u0435\u043f\u0440\u043e\u0434\u0430\u0432\u0430 \u0438\u043d\u0444\u043e\u0440\u043c\u0430\u0446\u0438\u044f \u0437\u0430 \u043a\u043b\u0438\u0435\u043d\u0442\u0438\u0442\u0435; \u043b\u0438\u0447\u043d\u0438\u0442\u0435 \u0434\u0430\u043d\u043d\u0438 \u0441\u0435 \u0438\u0437\u043f\u043e\u043b\u0437\u0432\u0430\u0442 \u0435\u0434\u0438\u043d\u0441\u0442\u0432\u0435\u043d\u043e \u0441 \u0446\u0435\u043b \u043a\u043e\u043c\u0443\u043d\u0438\u043a\u0430\u0446\u0438\u044f \u0441 \u043a\u043b\u0438\u0435\u043d\u0442\u0438\u0442\u0435 \u0438 \u043f\u0440\u0435\u0434\u043e\u0441\u0442\u0430\u0432\u044f\u043d\u0435 \u043d\u0430 \u0436\u0435\u043b\u0430\u043d\u043e\u0442\u043e \u043d\u0438\u0432\u043e \u043d\u0430 \u043e\u0431\u0441\u043b\u0443\u0436\u0432\u0430\u043d\u0435.<\/p>\n<p>PSNA1 \u0438\u0437\u043f\u043e\u043b\u0437\u0432\u0430 \u0434\u043e\u0441\u0442\u0430\u0432\u0447\u0438\u0446\u0438 \u043d\u0430 \u043f\u043b\u0430\u0442\u0435\u0436\u043d\u0438 \u0443\u0441\u043b\u0443\u0433\u0438, \u043a\u043e\u0438\u0442\u043e \u043e\u0442\u0433\u043e\u0432\u0430\u0440\u044f\u0442 \u043d\u0430 \u0441\u0442\u0430\u043d\u0434\u0430\u0440\u0442\u0438\u0442\u0435 \u0437\u0430 \u0441\u0438\u0433\u0443\u0440\u043d\u043e\u0441\u0442 PCI DSS.<\/p>\n<p>[\/et_pb_text][\/et_pb_column][\/et_pb_row][\/et_pb_section]<\/p>","protected":false},"excerpt":{"rendered":"<p>Conditions de paiement r\u00e9current &nbsp; Termes d&#8217;abonnement Entry into force: March 30th, 2023 CLICKBUSTER LTD63-66 Hatton GardenLondon EC1N 8LECompany number 13014667VAT number GB 363 9346 71 Souscrire aux services de PSNA1 vous donne acc\u00e8s aux avantages suivants : Tests illimit\u00e9s Stockage de tous les r\u00e9sultats de test Comparaisons entre tests R\u00e9sultats envoy\u00e9s par email L&#8217;abonnement [&hellip;]<\/p>","protected":false},"author":1,"featured_media":0,"parent":0,"menu_order":0,"comment_status":"closed","ping_status":"closed","template":"","meta":{"_et_pb_use_builder":"on","_et_pb_old_content":"<!-- wp:divi\/placeholder \/-->","_et_gb_content_width":"","inline_featured_image":false,"footnotes":""},"class_list":["post-151","page","type-page","status-publish","hentry"],"_links":{"self":[{"href":"https:\/\/psna1.com\/bg\/wp-json\/wp\/v2\/pages\/151","targetHints":{"allow":["GET"]}}],"collection":[{"href":"https:\/\/psna1.com\/bg\/wp-json\/wp\/v2\/pages"}],"about":[{"href":"https:\/\/psna1.com\/bg\/wp-json\/wp\/v2\/types\/page"}],"author":[{"embeddable":true,"href":"https:\/\/psna1.com\/bg\/wp-json\/wp\/v2\/users\/1"}],"replies":[{"embeddable":true,"href":"https:\/\/psna1.com\/bg\/wp-json\/wp\/v2\/comments?post=151"}],"version-history":[{"count":6,"href":"https:\/\/psna1.com\/bg\/wp-json\/wp\/v2\/pages\/151\/revisions"}],"predecessor-version":[{"id":869,"href":"https:\/\/psna1.com\/bg\/wp-json\/wp\/v2\/pages\/151\/revisions\/869"}],"wp:attachment":[{"href":"https:\/\/psna1.com\/bg\/wp-json\/wp\/v2\/media?parent=151"}],"curies":[{"name":"wp","href":"https:\/\/api.w.org\/{rel}","templated":true}]}}