{"id":149,"date":"2024-09-05T10:24:38","date_gmt":"2024-09-05T10:24:38","guid":{"rendered":"https:\/\/psona.io\/?page_id=149"},"modified":"2024-10-02T10:18:01","modified_gmt":"2024-10-02T10:18:01","slug":"mentions-legales","status":"publish","type":"page","link":"https:\/\/psna1.com\/at\/mentions-legales\/","title":{"rendered":"Rechtliche Hinweise"},"content":{"rendered":"<p>[et_pb_section fb_built=&#8221;1&#8243; custom_padding_last_edited=&#8221;on|tablet&#8221; admin_label=&#8221;Header&#8221; _builder_version=&#8221;4.27.0&#8243; custom_margin=&#8221;0px||0px||true|false&#8221; custom_padding=&#8221;0px||0px||true|false&#8221; custom_padding_tablet=&#8221;||||true|false&#8221; custom_padding_phone=&#8221;||||true|false&#8221; locked=&#8221;off&#8221; global_colors_info=&#8221;{}&#8221;][et_pb_row use_custom_gutter=&#8221;on&#8221; gutter_width=&#8221;1&#8243; custom_padding_last_edited=&#8221;on|phone&#8221; _builder_version=&#8221;4.27.0&#8243; width=&#8221;95%&#8221; custom_margin=&#8221;||||true|false&#8221; custom_padding=&#8221;150px||150px||true|true&#8221; custom_padding_tablet=&#8221;80px||80px||true|false&#8221; custom_padding_phone=&#8221;60px||60px||true|false&#8221; border_radii=&#8221;on|50px|50px|50px|50px&#8221; global_colors_info=&#8221;{}&#8221; background_color=&#8221;RGBA(255,255,255,0)&#8221; background_size=&#8221;initial&#8221; background_position=&#8221;top_left&#8221; background_repeat=&#8221;repeat&#8221;][et_pb_column type=&#8221;4_4&#8243; _builder_version=&#8221;4.27.0&#8243; custom_padding=&#8221;|||&#8221; global_colors_info=&#8221;{}&#8221; custom_padding__hover=&#8221;|||&#8221; custom_css_main_element_last_edited=&#8221;on|phone&#8221;][et_pb_text module_class=&#8221;title-header&#8221; _builder_version=&#8221;4.27.0&#8243; background_size=&#8221;initial&#8221; background_position=&#8221;top_left&#8221; background_repeat=&#8221;repeat&#8221; width=&#8221;72%&#8221; width_tablet=&#8221;70%&#8221; width_phone=&#8221;68.5%&#8221; width_last_edited=&#8221;on|tablet&#8221; module_alignment=&#8221;center&#8221; custom_margin=&#8221;0px||0px||false|false&#8221; custom_margin_tablet=&#8221;0px||0px||false|false&#8221; custom_margin_phone=&#8221;0px||0px||false|false&#8221; custom_margin_last_edited=&#8221;on|tablet&#8221; custom_padding=&#8221;0px||0px||true|false&#8221; hover_enabled=&#8221;0&#8243; header_font_size_tablet=&#8221;50px&#8221; header_font_size_phone=&#8221;40px&#8221; global_colors_info=&#8221;{}&#8221; text_orientation=&#8221;center&#8221; sticky_enabled=&#8221;0&#8243;]<\/p>\n<h1>Rechtliche Hinweise<\/h1>\n<p><!-- \/divi:paragraph --><\/p>\n<p>[\/et_pb_text][\/et_pb_column][\/et_pb_row][\/et_pb_section][et_pb_section fb_built=&#8221;1&#8243; _builder_version=&#8221;4.27.0&#8243; _module_preset=&#8221;default&#8221; global_colors_info=&#8221;{}&#8221;][et_pb_row _builder_version=&#8221;4.27.0&#8243; _module_preset=&#8221;default&#8221; global_colors_info=&#8221;{}&#8221;][et_pb_column type=&#8221;4_4&#8243; _builder_version=&#8221;4.27.0&#8243; _module_preset=&#8221;default&#8221; global_colors_info=&#8221;{}&#8221;][et_pb_text _builder_version=&#8221;4.27.0&#8243; _module_preset=&#8221;default&#8221; header_2_text_align=&#8221;center&#8221; global_colors_info=&#8221;{}&#8221;]<\/p>\n<h2>Preamble<\/h2>\n<p>Inkrafttreten: March 30th, 2023<\/p>\n<p><strong>CLICKBUSTER LTD<\/strong><br \/><strong>63-66 Hatton Garden<\/strong><br \/><strong>London EC1N 8LE<\/strong><br \/><strong>Company number 13014667<\/strong><br \/><strong>VAT number GB 363 9346 71<\/strong><\/p>\n<p>Weiteres Surfen auf unserer Seite <a rel=\"noopener\" target=\"_new\" href=\"https:\/\/psna1.com\/at\/\">https:\/\/psna1.com\/<\/a> (im Folgenden \"Website\") bedeutet, dass die Besucher der Website (im Folgenden \"Nutzer\") die folgenden Bestimmungen und Allgemeinen Nutzungsbedingungen (im Folgenden \"ANB\") vorbehaltlos akzeptieren. Vor der Nutzung der Funktionen unserer Website best\u00e4tigt der Nutzer, dass er diese Allgemeinen Gesch\u00e4ftsbedingungen gelesen hat und ihnen zustimmt.<\/p>\n<p>Die aktuelle Online-Version unserer AGB ist w\u00e4hrend der Dauer der Nutzung der Website die einzig wirksame, bis wir sie durch eine neue Version ersetzen.<\/p>\n<p>Die Website wird von CLICKBUSTER LTD (im Folgenden der \"Verk\u00e4ufer\") betrieben, der sich das Recht vorbeh\u00e4lt, diese Bedingungen jederzeit zu \u00e4ndern. Jede Nutzung unserer Website nach einer \u00c4nderung der AGB bedeutet, dass der Nutzer die neue Version unwiderruflich akzeptiert. Wenn der Nutzer mit unseren AGB nicht einverstanden ist, wird er aufgefordert, unsere Website nicht mehr zu nutzen.<\/p>\n<p>[\/et_pb_text][et_pb_text _builder_version=&#8221;4.27.0&#8243; _module_preset=&#8221;default&#8221; header_2_text_align=&#8221;center&#8221; global_colors_info=&#8221;{}&#8221;]<\/p>\n<h2>ARTIKEL 1 - BEGRIFFSBESTIMMUNGEN<\/h2>\n<p>Auf unserer Website haben die nachstehenden Begriffe folgende Bedeutung:<\/p>\n<p>\"Inhalt\": bezeichnet die Gesamtheit der Elemente, die die Informationen auf unserer Website bilden (Texte, Bilder, Videos, Algorithmen, Software, Widgets usw.) und deren Funktionsweise, die Information des Nutzers und die Pr\u00e4sentation unserer Dienstleistungen erm\u00f6glichen ;<\/p>\n<p>\"Rechte an geistigem Eigentum\": bezeichnet alle Rechte an geistigem Eigentum und damit verbundene Rechte (Urheberrechte, Markenrechte, Patentrechte, Handelsnamen, Datenbanken usw.), wie sie durch den Copyright and Related Rights Act 2000 gesch\u00fctzt sind, der zum Zeitpunkt des Besuchs der Website durch den Nutzer gilt ;<\/p>\n<p>\"Funktionen\": bezeichnet die Gesamtheit der Funktionen, die unseren Nutzern \u00fcber unsere Website zur Verf\u00fcgung gestellt werden;<\/p>\n<p>\"Website\": bezeichnet die Website <a rel=\"noopener\" target=\"_new\" href=\"https:\/\/psna1.com\/at\/\">https:\/\/psna1.com\/<\/a> vom Verk\u00e4ufer betrieben und den Nutzern zur Verf\u00fcgung gestellt ;<\/p>\n<p>\"Nutzer\": bezeichnet jede Person, die unsere Website nutzt und Zugang zu ihren Inhalten hat.<\/p>\n<p>[\/et_pb_text][et_pb_text _builder_version=&#8221;4.27.0&#8243; _module_preset=&#8221;default&#8221; header_2_text_align=&#8221;center&#8221; global_colors_info=&#8221;{}&#8221;]<\/p>\n<h2>ARTIKEL 2 - Rechtliche Hinweise<\/h2>\n<p>In Anwendung der Verordnung [EU] 2018\/679 des Europ\u00e4ischen Parlaments und des Rates vom 27. April 2016 zum Schutz nat\u00fcrlicher Personen bei der Verarbeitung personenbezogener Daten und zum freien Datenverkehr wird dem Nutzer unserer Website die Identit\u00e4t der an ihrer Erstellung und Betreuung Beteiligten mitgeteilt:<\/p>\n<p>Redaktioneller Verantwortlicher: Carlo Ela <a rel=\"noopener\">contact.psona@gmail.com<\/a> .<\/p>\n<p>Hosting: Scaleway, 8 rue de la Ville l'\u00c9v\u00eaque, 75008 Paris ; <a rel=\"noopener\" target=\"_new\" href=\"https:\/\/www.scaleway.com\/\">https:\/\/www.scaleway.com\/<\/a><\/p>\n<p>Entwickler: CLICKBUSTER LTD<\/p>\n<p>Datenschutzbeauftragter: Carlo Ela <a rel=\"noopener\">contact.psona@gmail.com<\/a>.<\/p>\n<p>[\/et_pb_text][et_pb_text _builder_version=&#8221;4.27.0&#8243; _module_preset=&#8221;default&#8221; header_2_text_align=&#8221;center&#8221; global_colors_info=&#8221;{}&#8221;]<\/p>\n<h2>ARTIKEL 3 - Schutz pers\u00f6nlicher Daten<\/h2>\n<p>F\u00fcr die Nutzung unserer Website werden wir bestimmte personenbezogene Daten des Nutzers verarbeiten. Diese Verarbeitung erfolgt in \u00dcbereinstimmung mit dem Data Protection Act 2018 und der Datenschutzrichtlinie, die unter folgendem Link abrufbar ist:<\/p>\n<p><a rel=\"noopener\" target=\"_new\" href=\"https:\/\/psna1.com\/at\/privacy-police\/\">https:\/\/psna1.com\/privacy-police\/<\/a><\/p>\n<p>[\/et_pb_text][et_pb_text _builder_version=&#8221;4.27.0&#8243; _module_preset=&#8221;default&#8221; header_2_text_align=&#8221;center&#8221; global_colors_info=&#8221;{}&#8221;]<\/p>\n<h2>ARTIKEL 4 - Zugang zur Website<\/h2>\n<div class=\"group\/conversation-turn relative flex w-full min-w-0 flex-col agent-turn\">\n<div class=\"flex-col gap-1 md:gap-3\">\n<div class=\"flex max-w-full flex-col flex-grow\">\n<div data-message-author-role=\"assistant\" data-message-id=\"1921b6bd-7e01-40ec-81aa-bce2a7802030\" dir=\"auto\" class=\"min-h-[20px] text-message flex w-full flex-col items-end gap-2 whitespace-normal break-words [.text-message+&amp;]:mt-5\">\n<div class=\"flex w-full flex-col gap-1 empty:hidden first:pt-[3px]\">\n<div class=\"markdown prose w-full break-words dark:prose-invert dark\">\n<p>Der Zugang zur Website und ihre Nutzung sind ausschlie\u00dflich f\u00fcr den pers\u00f6nlichen Gebrauch bestimmt. Der Nutzer verpflichtet sich, die Website und die darin enthaltenen Informationen oder Daten nicht zu kommerziellen, politischen oder Werbezwecken oder f\u00fcr jegliche Form von kommerzieller Werbung, insbesondere f\u00fcr das Versenden von unerw\u00fcnschten E-Mails, zu nutzen.<\/p>\n<p>Der Zugang zur Website ist Erwachsenen vorbehalten. Der Verk\u00e4ufer beh\u00e4lt sich das Recht vor, einen Altersnachweis zu verlangen, insbesondere wenn Sie die Online-Bestelldienste nutzen. Der Verk\u00e4ufer haftet nicht f\u00fcr den Zugriff von Minderj\u00e4hrigen auf die Website oder f\u00fcr falsche oder irref\u00fchrende Informationen, die von Nutzern auf der Website angegeben werden.<\/p>\n<p>Die Nutzerinnen und Nutzer sind pers\u00f6nlich f\u00fcr die Bereitstellung der Computer- und Telekommunikationsressourcen verantwortlich, die den Zugang zur Website erm\u00f6glichen. Sie tragen die Telekommunikationskosten, die mit dem Zugang zum Internet \u00fcber die Website verbunden sind.<\/p>\n<\/div>\n<\/div>\n<\/div>\n<\/div>\n<\/div>\n<\/div>\n<p>[\/et_pb_text][et_pb_text _builder_version=&#8221;4.27.0&#8243; _module_preset=&#8221;default&#8221; header_2_text_align=&#8221;center&#8221; global_colors_info=&#8221;{}&#8221;]<\/p>\n<h2>ARTIKEL 5 - Beschreibung der erbrachten Leistungen<\/h2>\n<p>Wir bem\u00fchen uns, m\u00f6glichst genaue Informationen bereitzustellen, haften jedoch nicht f\u00fcr Auslassungen, Ungenauigkeiten oder M\u00e4ngel bei der Aktualisierung der Informationen. Alle auf der Website bereitgestellten Informationen dienen der Information und sind nicht ersch\u00f6pfend. Sie werden unter dem Vorbehalt von \u00c4nderungen bereitgestellt, die seit ihrer Online-Ver\u00f6ffentlichung vorgenommen wurden.<\/p>\n<p>[\/et_pb_text][et_pb_text _builder_version=&#8221;4.27.0&#8243; _module_preset=&#8221;default&#8221; header_2_text_align=&#8221;center&#8221; global_colors_info=&#8221;{}&#8221;]<\/p>\n<h2>ARTIKEL 6 - Geistiges Eigentum<\/h2>\n<p><strong>6.1 Unsere Seite<\/strong><\/p>\n<p>Alle Marken, Fotografien, Texte, Kommentare, Illustrationen, bewegte oder unbewegte Bilder, Videosequenzen, T\u00f6ne sowie alle Computeranwendungen, die zum Betrieb der Website verwendet werden k\u00f6nnen, und ganz allgemein alle Elemente, die auf der Website reproduziert oder verwendet werden, sind durch die geltenden Gesetze zum geistigen Eigentum gesch\u00fctzt.<\/p>\n<p>Sie sind das vollst\u00e4ndige und uneingeschr\u00e4nkte Eigentum des Verk\u00e4ufers oder seiner Gesch\u00e4ftspartner. Jede Vervielf\u00e4ltigung, Darstellung, Nutzung oder Anpassung, in welcher Form auch immer, aller oder eines Teils dieser Elemente, einschlie\u00dflich der Computeranwendungen, ohne die vorherige schriftliche Zustimmung des Herausgebers ist strengstens untersagt. Die Tatsache, dass der Herausgeber keine rechtlichen Schritte einleitet, sobald er von diesen nicht genehmigten Nutzungen durch den Nutzer Kenntnis erlangt, stellt weder eine Akzeptanz dieser Nutzungen noch einen Verzicht auf die Einleitung rechtlicher Schritte dar. Es ist dem Nutzer strengstens untersagt, :<\/p>\n<p>- Kopieren, Reproduzieren, Darstellen, Verbreiten, Verteilen, Ver\u00f6ffentlichen, dauerhaft oder vor\u00fcbergehend, des Inhalts und\/oder der Website oder eines Teils davon mit beliebigen Mitteln; - Erstellen abgeleiteter Werke aus dem Inhalt und\/oder der Website; - Modifizieren, \u00dcbersetzen, Anpassen, Arrangieren des Inhalts und\/oder der Website oder eines Teils davon; - Disassemblieren, Dekompilieren oder Zur\u00fcckentwickeln der Website.<\/p>\n<p>In jedem Fall ist der Nutzer allein f\u00fcr seine Nutzung der Website verantwortlich. Jede nicht genehmigte Nutzung der Website oder eines ihrer Bestandteile wird als Versto\u00df gegen den Data Protection Act 2000 angesehen.<\/p>\n<p><strong>6.2 Unsere Marke<\/strong><\/p>\n<p>Die Wort- und Bildmarken (Logo) des Verk\u00e4ufers sowie von CLICKBUSTER LTD sind gesch\u00fctzt. Ihre Verwendung ohne die schriftliche Genehmigung des Verk\u00e4ufers oder seiner Partner, auf welchem Medium auch immer, zu Zwecken der Werbung f\u00fcr Produkte oder Dienstleistungen oder zu kommerziellen Zwecken ist untersagt und wird vom Verk\u00e4ufer straf- und zivilrechtlich gegen den Nutzer und\/oder die verantwortlichen Dritten geahndet.<\/p>\n<p><strong>6.3 Inhalte<\/strong><\/p>\n<p>Die Inhalte sind auf der Website frei zug\u00e4nglich. Durch ihre Bereitstellung werden keine Urheber- oder Eigentumsrechte an den Inhalten \u00fcbertragen, die das uneingeschr\u00e4nkte Eigentum des Verk\u00e4ufers und der Beitragenden bleiben.<\/p>\n<p>Kein Nutzer darf oder soll Ma\u00dfnahmen ergreifen, die gegen die Einhaltung von Urheberrechten und geistigen Eigentumsrechten versto\u00dfen oder gegen andere britische oder internationale Gesetze zum Schutz geistigen Eigentums versto\u00dfen. Der Verk\u00e4ufer und seine Mitwirkenden behalten sich das Recht vor, jeden Nutzer wegen eines Versto\u00dfes gegen diese AGB strafrechtlich zu verfolgen.<\/p>\n<p>[\/et_pb_text][et_pb_text _builder_version=&#8221;4.27.0&#8243; _module_preset=&#8221;default&#8221; header_2_text_align=&#8221;center&#8221; global_colors_info=&#8221;{}&#8221;]<\/p>\n<h2>ARTIKEL 7 - Verwaltung der Website<\/h2>\n<p>Unsere Website ist f\u00fcr die Nutzer normalerweise jederzeit zug\u00e4nglich. Um die ordnungsgem\u00e4\u00dfe Verwaltung der Website zu gew\u00e4hrleisten, beh\u00e4lt sich der Verk\u00e4ufer jederzeit das Recht vor, :<\/p>\n<p>- den Zugang zur gesamten oder zu Teilen der Website aus irgendeinem Grund mit oder ohne Vorank\u00fcndigung und nach eigenem Ermessen auszusetzen, zu unterbrechen oder zu beschr\u00e4nken; - Informationen zu entfernen, die den Betrieb der Website aus irgendeinem Grund mit oder ohne Vorank\u00fcndigung und nach eigenem Ermessen st\u00f6ren k\u00f6nnten; - die Website zur Durchf\u00fchrung von Aktualisierungen zu unterbrechen.<\/p>\n<p>Der Verk\u00e4ufer wird sein Bestes tun, um den Nutzern die Daten und Uhrzeiten der Interventionen im Voraus mitzuteilen, haftet jedoch nicht, wenn dies nicht im Voraus geschieht.<\/p>\n<p>[\/et_pb_text][et_pb_text _builder_version=&#8221;4.27.0&#8243; _module_preset=&#8221;default&#8221; header_2_text_align=&#8221;center&#8221; global_colors_info=&#8221;{}&#8221;]<\/p>\n<h2>ARTIKEL 8 - Verantwortlichkeiten<\/h2>\n<p><strong>8.1 Zugang zur Website<\/strong><\/p>\n<p>Der Verk\u00e4ufer wird sich nach besten Kr\u00e4ften bem\u00fchen, die Website 24 Stunden am Tag und 7 Tage die Woche zug\u00e4nglich zu machen. Der Verk\u00e4ufer \u00fcbernimmt jedoch keine Verpflichtung hinsichtlich der st\u00e4ndigen Verf\u00fcgbarkeit und Zug\u00e4nglichkeit der Website und garantiert nicht, dass die Website fehlerfrei ist. Der Verk\u00e4ufer haftet nicht f\u00fcr Pannen, Fehlfunktionen, Schwierigkeiten oder Betriebsunterbrechungen, die den Zugang zur Website oder zu einer ihrer Funktionen verhindern.<\/p>\n<p>Der Verk\u00e4ufer und der Hoster k\u00f6nnen nicht haftbar gemacht werden, wenn das Internet, die Telefonleitungen oder die Computer- und Telefonausr\u00fcstung nicht funktionieren, insbesondere aufgrund einer \u00dcberlastung des Netzes, wodurch der Zugang zum Server verhindert wird.<\/p>\n<p>Der Verk\u00e4ufer kann nicht haftbar gemacht werden, wenn Nutzer strafrechtlich verfolgt werden:<\/p>\n<p>- Aufgrund der Nutzung der Website oder eines anderen \u00fcber das Internet zug\u00e4nglichen Dienstes; - Aufgrund der Nichteinhaltung der vorliegenden AGB durch den Nutzer.<\/p>\n<p><strong>8.2 Verwendete Ausr\u00fcstung<\/strong><\/p>\n<p>Die Verbindungshardware, die der Nutzer f\u00fcr den Zugriff auf die Website verwendet, unterliegt seiner vollen und uneingeschr\u00e4nkten Verantwortung. Es obliegt dem Nutzer, alle geeigneten Ma\u00dfnahmen zum Schutz seiner Hardware und seiner eigenen Daten zu ergreifen. Der Nutzer verpflichtet sich, auf die Website mit neuer Hardware, die keine Viren enth\u00e4lt, und mit einem k\u00fcrzlich aktualisierten Browser zuzugreifen.<\/p>\n<p>Der Verk\u00e4ufer haftet nicht f\u00fcr Sch\u00e4den, die den Nutzern, Dritten und\/oder ihrer Ausr\u00fcstung aufgrund ihrer Verbindung oder Nutzung der Website entstehen, und die Nutzer verzichten auf jegliche Klage aus diesem Grund gegen den Verk\u00e4ufer.<\/p>\n<p>Der Verk\u00e4ufer haftet auch nicht f\u00fcr indirekte Sch\u00e4den (wie z. B. Markt- oder Chancenverlust), die sich aus der Nutzung der Website ergeben.<\/p>\n<p>[\/et_pb_text][et_pb_text _builder_version=&#8221;4.27.0&#8243; _module_preset=&#8221;default&#8221; header_2_text_align=&#8221;center&#8221; global_colors_info=&#8221;{}&#8221;]<\/p>\n<h2>ARTIKEL 9 - FOTOS UND DARSTELLUNG VON PRODUKTEN UND DIENSTLEISTUNGEN<\/h2>\n<p>Die auf der Website vorhandenen Fotos, die ihre Beschreibung begleiten, sind nicht vertraglich bindend und verpflichten den Verk\u00e4ufer nicht.<\/p>\n<p>[\/et_pb_text][et_pb_text _builder_version=&#8221;4.27.0&#8243; _module_preset=&#8221;default&#8221; header_2_text_align=&#8221;center&#8221; global_colors_info=&#8221;{}&#8221;]<\/p>\n<h2>ARTIKEL 10 - Hypertext-Links<\/h2>\n<p>Die Einrichtung eines Hypertext-Links durch den Benutzer zu einem Teil oder der gesamten Website ist vorbehaltlich der vorherigen schriftlichen Genehmigung von CLICKBUSTER LTD gestattet, die per E-Mail an folgende Adresse angefordert werden kann: <a rel=\"noopener\">contact.psona@gmail.com<\/a>.<\/p>\n<p>Dem Verk\u00e4ufer steht es frei, diese Genehmigung zu verweigern, ohne seine Entscheidung in irgendeiner Weise begr\u00fcnden zu m\u00fcssen. Falls der Verk\u00e4ufer seine Genehmigung erteilt, ist diese in jedem Fall zeitlich begrenzt und kann jederzeit ohne Begr\u00fcndungspflicht zur\u00fcckgezogen werden. In jedem Fall muss jeder Link auf Verlangen der Marke entfernt werden.<\/p>\n<p>Die Website enth\u00e4lt eine Reihe von Hypertext-Links zu anderen Websites, die mit der Genehmigung des Verk\u00e4ufers eingerichtet wurden. Unser Unternehmen hat jedoch nicht die M\u00f6glichkeit, den Inhalt der so besuchten Seiten zu \u00fcberpr\u00fcfen und \u00fcbernimmt daher keine Verantwortung daf\u00fcr.<\/p>\n<p>[\/et_pb_text][et_pb_text _builder_version=&#8221;4.27.0&#8243; _module_preset=&#8221;default&#8221; header_2_text_align=&#8221;center&#8221; global_colors_info=&#8221;{}&#8221;]<\/p>\n<h2>ARTIKEL 11 - Teilweise Ung\u00fcltigkeit<\/h2>\n<p>Die vor\u00fcbergehende Nichtanwendung einer oder mehrerer Klauseln dieser Allgemeinen Gesch\u00e4ftsbedingungen kann in keinem Fall als Verzicht von CLICKBUSTER LTD auf die Geltendmachung einer dieser Klauseln ausgelegt werden.<\/p>\n<p>Sollten eine oder mehrere Bestimmungen dieser Vereinbarung per Gesetz, Verordnung oder infolge eines rechtskr\u00e4ftigen Gerichtsurteils f\u00fcr ung\u00fcltig oder nicht durchsetzbar erkl\u00e4rt werden, so behalten die \u00fcbrigen Bestimmungen ihre volle Kraft und Tragweite und bleiben weiterhin voll g\u00fcltig.<\/p>\n<p>[\/et_pb_text][et_pb_text _builder_version=&#8221;4.27.0&#8243; _module_preset=&#8221;default&#8221; header_2_text_align=&#8221;center&#8221; global_colors_info=&#8221;{}&#8221;]<\/p>\n<h2>ARTIKEL 12 - Sprache<\/h2>\n<p>Falls die vorliegenden ANB in eine oder mehrere Sprachen \u00fcbersetzt werden, gilt die englische Sprache als Auslegungssprache.<\/p>\n<p>[\/et_pb_text][et_pb_text _builder_version=&#8221;4.27.0&#8243; _module_preset=&#8221;default&#8221; header_2_text_align=&#8221;center&#8221; custom_css_free_form=&#8221;selector table, selector td, selector tr, selector th {||  border:1px solid;||  border-color:#034833 !important;||}&#8221; global_colors_info=&#8221;{}&#8221;]<\/p>\n<h2>ARTIKEL 13 - Anwendbares Recht<\/h2>\n<p>Diese Website-AGB unterliegen dem britischen Recht und unterliegen im Falle eines Rechtsstreits der ausschlie\u00dflichen Zust\u00e4ndigkeit der ordentlichen Gerichte, vorbehaltlich einer besonderen Zust\u00e4ndigkeitszuweisung, die sich aus einem Gesetzestext oder einer besonderen Regelung ergibt.<\/p>\n<p>[\/et_pb_text][et_pb_text _builder_version=&#8221;4.27.0&#8243; _module_preset=&#8221;default&#8221; header_2_text_align=&#8221;center&#8221; custom_css_free_form=&#8221;selector table, selector td, selector tr, selector th {||  border:1px solid;||  border-color:#034833 !important;||}&#8221; global_colors_info=&#8221;{}&#8221;]<\/p>\n<h2>ARTIKEL 14 - Kontaktieren Sie uns<\/h2>\n<p>Bei Fragen, Informationen zu den auf der Website dargestellten Diensten oder in Bezug auf die Website selbst kann der Nutzer eine Nachricht unter folgender Adresse hinterlassen: contact.psona@gmail.com.<\/p>\n<p>[\/et_pb_text][\/et_pb_column][\/et_pb_row][\/et_pb_section]<\/p>","protected":false},"excerpt":{"rendered":"<p>Mentions l\u00e9gales Preamble Entry into force: March 30th, 2023 CLICKBUSTER LTD63-66 Hatton GardenLondon EC1N 8LECompany number 13014667VAT number GB 363 9346 71 La navigation continue sur notre Site https:\/\/psna1.com\/ (ci-apr\u00e8s le \u00ab Site \u00bb) implique que les visiteurs du Site (ci-apr\u00e8s l&#8217;\u00ab Utilisateur(s) \u00bb) acceptent sans r\u00e9serve les dispositions et Conditions G\u00e9n\u00e9rales d&#8217;Utilisation qui suivent [&hellip;]<\/p>","protected":false},"author":1,"featured_media":0,"parent":0,"menu_order":0,"comment_status":"closed","ping_status":"closed","template":"","meta":{"_et_pb_use_builder":"on","_et_pb_old_content":"<!-- wp:divi\/placeholder \/-->","_et_gb_content_width":"","inline_featured_image":false,"footnotes":""},"class_list":["post-149","page","type-page","status-publish","hentry"],"_links":{"self":[{"href":"https:\/\/psna1.com\/at\/wp-json\/wp\/v2\/pages\/149","targetHints":{"allow":["GET"]}}],"collection":[{"href":"https:\/\/psna1.com\/at\/wp-json\/wp\/v2\/pages"}],"about":[{"href":"https:\/\/psna1.com\/at\/wp-json\/wp\/v2\/types\/page"}],"author":[{"embeddable":true,"href":"https:\/\/psna1.com\/at\/wp-json\/wp\/v2\/users\/1"}],"replies":[{"embeddable":true,"href":"https:\/\/psna1.com\/at\/wp-json\/wp\/v2\/comments?post=149"}],"version-history":[{"count":6,"href":"https:\/\/psna1.com\/at\/wp-json\/wp\/v2\/pages\/149\/revisions"}],"predecessor-version":[{"id":870,"href":"https:\/\/psna1.com\/at\/wp-json\/wp\/v2\/pages\/149\/revisions\/870"}],"wp:attachment":[{"href":"https:\/\/psna1.com\/at\/wp-json\/wp\/v2\/media?parent=149"}],"curies":[{"name":"wp","href":"https:\/\/api.w.org\/{rel}","templated":true}]}}